{"id":9147,"date":"2020-01-24T17:30:10","date_gmt":"2020-01-24T16:30:10","guid":{"rendered":"https:\/\/www.lesjoforsab.com\/product\/tradformular\/"},"modified":"2021-03-29T15:27:33","modified_gmt":"2021-03-29T13:27:33","slug":"traddetaljer","status":"publish","type":"product","link":"https:\/\/www.lesjoforsab.com\/sv\/produkt\/traddetaljer\/","title":{"rendered":"Tr\u00e5ddetaljer"},"featured_media":0,"template":"","product-category":[88],"class_list":["post-9147","product","type-product","status-publish","hentry","product-category-fjadrar"],"yoast_head":"<!-- This site is optimized with the Yoast SEO plugin v25.6 - https:\/\/yoast.com\/wordpress\/plugins\/seo\/ -->\n<title>Flexibla tr\u00e5ddetaljer f\u00f6r olika applikationer- Lesj\u00f6fors<\/title>\n<meta name=\"description\" content=\"De flesta tr\u00e5ddetaljer har n\u00e5gon form av fj\u00e4derfunktion, till exempel applikationer f\u00f6r snabbf\u00e4sten. Kontakta oss p\u00e5 Lesj\u00f6fors idag.\" \/>\n<meta name=\"robots\" content=\"index, follow, max-snippet:-1, max-image-preview:large, max-video-preview:-1\" \/>\n<link rel=\"canonical\" href=\"https:\/\/www.lesjoforsab.com\/sv\/produkt\/traddetaljer\/\" \/>\n<meta property=\"og:locale\" content=\"sv_SE\" \/>\n<meta property=\"og:type\" content=\"article\" \/>\n<meta property=\"og:title\" content=\"Flexibla tr\u00e5ddetaljer f\u00f6r olika applikationer- Lesj\u00f6fors\" \/>\n<meta property=\"og:description\" content=\"De flesta tr\u00e5ddetaljer har n\u00e5gon form av fj\u00e4derfunktion, till exempel applikationer f\u00f6r snabbf\u00e4sten. Kontakta oss p\u00e5 Lesj\u00f6fors idag.\" \/>\n<meta property=\"og:url\" content=\"https:\/\/www.lesjoforsab.com\/sv\/produkt\/traddetaljer\/\" \/>\n<meta property=\"og:site_name\" content=\"Lesj\u00f6fors - Industrial Springs and Pressings\" \/>\n<meta property=\"article:modified_time\" content=\"2021-03-29T13:27:33+00:00\" \/>\n<meta property=\"og:image\" content=\"https:\/\/www.lesjoforsab.com\/wp-content\/uploads\/User-Uploads\/General-Content\/All-Stage-Images\/Stagebild-CustomSprings-Spring.jpg\" \/>\n\t<meta property=\"og:image:width\" content=\"1920\" \/>\n\t<meta property=\"og:image:height\" content=\"840\" \/>\n\t<meta property=\"og:image:type\" content=\"image\/jpeg\" \/>\n<script type=\"application\/ld+json\" class=\"yoast-schema-graph\">{\"@context\":\"https:\/\/schema.org\",\"@graph\":[{\"@type\":\"WebPage\",\"@id\":\"https:\/\/www.lesjoforsab.com\/sv\/produkt\/traddetaljer\/\",\"url\":\"https:\/\/www.lesjoforsab.com\/sv\/produkt\/traddetaljer\/\",\"name\":\"Flexibla tr\u00e5ddetaljer f\u00f6r olika applikationer- Lesj\u00f6fors\",\"isPartOf\":{\"@id\":\"https:\/\/www.lesjoforsab.com\/sv\/#website\"},\"datePublished\":\"2020-01-24T16:30:10+00:00\",\"dateModified\":\"2021-03-29T13:27:33+00:00\",\"description\":\"De flesta tr\u00e5ddetaljer har n\u00e5gon form av fj\u00e4derfunktion, till exempel applikationer f\u00f6r snabbf\u00e4sten. Kontakta oss p\u00e5 Lesj\u00f6fors idag.\",\"breadcrumb\":{\"@id\":\"https:\/\/www.lesjoforsab.com\/sv\/produkt\/traddetaljer\/#breadcrumb\"},\"inLanguage\":\"sv-SE\",\"potentialAction\":[{\"@type\":\"ReadAction\",\"target\":[\"https:\/\/www.lesjoforsab.com\/sv\/produkt\/traddetaljer\/\"]}]},{\"@type\":\"BreadcrumbList\",\"@id\":\"https:\/\/www.lesjoforsab.com\/sv\/produkt\/traddetaljer\/#breadcrumb\",\"itemListElement\":[{\"@type\":\"ListItem\",\"position\":1,\"name\":\"Startsida\",\"item\":\"https:\/\/www.lesjoforsab.com\/sv\/\"},{\"@type\":\"ListItem\",\"position\":2,\"name\":\"Tr\u00e5ddetaljer\"}]},{\"@type\":\"WebSite\",\"@id\":\"https:\/\/www.lesjoforsab.com\/sv\/#website\",\"url\":\"https:\/\/www.lesjoforsab.com\/sv\/\",\"name\":\"Lesj\u00f6fors - Industrial Springs and Pressings\",\"description\":\"\",\"publisher\":{\"@id\":\"https:\/\/www.lesjoforsab.com\/sv\/#organization\"},\"potentialAction\":[{\"@type\":\"SearchAction\",\"target\":{\"@type\":\"EntryPoint\",\"urlTemplate\":\"https:\/\/www.lesjoforsab.com\/sv\/?s={search_term_string}\"},\"query-input\":{\"@type\":\"PropertyValueSpecification\",\"valueRequired\":true,\"valueName\":\"search_term_string\"}}],\"inLanguage\":\"sv-SE\"},{\"@type\":\"Organization\",\"@id\":\"https:\/\/www.lesjoforsab.com\/sv\/#organization\",\"name\":\"Lesj\u00f6fors AB\",\"url\":\"https:\/\/www.lesjoforsab.com\/sv\/\",\"logo\":{\"@type\":\"ImageObject\",\"inLanguage\":\"sv-SE\",\"@id\":\"https:\/\/www.lesjoforsab.com\/sv\/#\/schema\/logo\/image\/\",\"url\":\"https:\/\/www.lesjoforsab.com\/wp-content\/uploads\/User-Uploads\/Lesjoefors-Brand\/Logotypes\/lesjofors-logo-without-payoff.jpg\",\"contentUrl\":\"https:\/\/www.lesjoforsab.com\/wp-content\/uploads\/User-Uploads\/Lesjoefors-Brand\/Logotypes\/lesjofors-logo-without-payoff.jpg\",\"width\":1347,\"height\":378,\"caption\":\"Lesj\u00f6fors AB\"},\"image\":{\"@id\":\"https:\/\/www.lesjoforsab.com\/sv\/#\/schema\/logo\/image\/\"},\"sameAs\":[\"https:\/\/x.com\/lesjoforsgroup\",\"https:\/\/www.linkedin.com\/company\/lesjoforsab\/\",\"https:\/\/www.youtube.com\/user\/lesjoforsab\"]}]}<\/script>\n<!-- \/ Yoast SEO plugin. -->","yoast_head_json":{"title":"Flexibla tr\u00e5ddetaljer f\u00f6r olika applikationer- Lesj\u00f6fors","description":"De flesta tr\u00e5ddetaljer har n\u00e5gon form av fj\u00e4derfunktion, till exempel applikationer f\u00f6r snabbf\u00e4sten. Kontakta oss p\u00e5 Lesj\u00f6fors idag.","robots":{"index":"index","follow":"follow","max-snippet":"max-snippet:-1","max-image-preview":"max-image-preview:large","max-video-preview":"max-video-preview:-1"},"canonical":"https:\/\/www.lesjoforsab.com\/sv\/produkt\/traddetaljer\/","og_locale":"sv_SE","og_type":"article","og_title":"Flexibla tr\u00e5ddetaljer f\u00f6r olika applikationer- Lesj\u00f6fors","og_description":"De flesta tr\u00e5ddetaljer har n\u00e5gon form av fj\u00e4derfunktion, till exempel applikationer f\u00f6r snabbf\u00e4sten. Kontakta oss p\u00e5 Lesj\u00f6fors idag.","og_url":"https:\/\/www.lesjoforsab.com\/sv\/produkt\/traddetaljer\/","og_site_name":"Lesj\u00f6fors - Industrial Springs and Pressings","article_modified_time":"2021-03-29T13:27:33+00:00","og_image":[{"width":1920,"height":840,"url":"https:\/\/www.lesjoforsab.com\/wp-content\/uploads\/User-Uploads\/General-Content\/All-Stage-Images\/Stagebild-CustomSprings-Spring.jpg","type":"image\/jpeg"}],"schema":{"@context":"https:\/\/schema.org","@graph":[{"@type":"WebPage","@id":"https:\/\/www.lesjoforsab.com\/sv\/produkt\/traddetaljer\/","url":"https:\/\/www.lesjoforsab.com\/sv\/produkt\/traddetaljer\/","name":"Flexibla tr\u00e5ddetaljer f\u00f6r olika applikationer- Lesj\u00f6fors","isPartOf":{"@id":"https:\/\/www.lesjoforsab.com\/sv\/#website"},"datePublished":"2020-01-24T16:30:10+00:00","dateModified":"2021-03-29T13:27:33+00:00","description":"De flesta tr\u00e5ddetaljer har n\u00e5gon form av fj\u00e4derfunktion, till exempel applikationer f\u00f6r snabbf\u00e4sten. Kontakta oss p\u00e5 Lesj\u00f6fors idag.","breadcrumb":{"@id":"https:\/\/www.lesjoforsab.com\/sv\/produkt\/traddetaljer\/#breadcrumb"},"inLanguage":"sv-SE","potentialAction":[{"@type":"ReadAction","target":["https:\/\/www.lesjoforsab.com\/sv\/produkt\/traddetaljer\/"]}]},{"@type":"BreadcrumbList","@id":"https:\/\/www.lesjoforsab.com\/sv\/produkt\/traddetaljer\/#breadcrumb","itemListElement":[{"@type":"ListItem","position":1,"name":"Startsida","item":"https:\/\/www.lesjoforsab.com\/sv\/"},{"@type":"ListItem","position":2,"name":"Tr\u00e5ddetaljer"}]},{"@type":"WebSite","@id":"https:\/\/www.lesjoforsab.com\/sv\/#website","url":"https:\/\/www.lesjoforsab.com\/sv\/","name":"Lesj\u00f6fors - Industrial Springs and Pressings","description":"","publisher":{"@id":"https:\/\/www.lesjoforsab.com\/sv\/#organization"},"potentialAction":[{"@type":"SearchAction","target":{"@type":"EntryPoint","urlTemplate":"https:\/\/www.lesjoforsab.com\/sv\/?s={search_term_string}"},"query-input":{"@type":"PropertyValueSpecification","valueRequired":true,"valueName":"search_term_string"}}],"inLanguage":"sv-SE"},{"@type":"Organization","@id":"https:\/\/www.lesjoforsab.com\/sv\/#organization","name":"Lesj\u00f6fors AB","url":"https:\/\/www.lesjoforsab.com\/sv\/","logo":{"@type":"ImageObject","inLanguage":"sv-SE","@id":"https:\/\/www.lesjoforsab.com\/sv\/#\/schema\/logo\/image\/","url":"https:\/\/www.lesjoforsab.com\/wp-content\/uploads\/User-Uploads\/Lesjoefors-Brand\/Logotypes\/lesjofors-logo-without-payoff.jpg","contentUrl":"https:\/\/www.lesjoforsab.com\/wp-content\/uploads\/User-Uploads\/Lesjoefors-Brand\/Logotypes\/lesjofors-logo-without-payoff.jpg","width":1347,"height":378,"caption":"Lesj\u00f6fors AB"},"image":{"@id":"https:\/\/www.lesjoforsab.com\/sv\/#\/schema\/logo\/image\/"},"sameAs":["https:\/\/x.com\/lesjoforsgroup","https:\/\/www.linkedin.com\/company\/lesjoforsab\/","https:\/\/www.youtube.com\/user\/lesjoforsab"]}]}},"_links":{"self":[{"href":"https:\/\/www.lesjoforsab.com\/sv\/wp-json\/wp\/v2\/product\/9147","targetHints":{"allow":["GET"]}}],"collection":[{"href":"https:\/\/www.lesjoforsab.com\/sv\/wp-json\/wp\/v2\/product"}],"about":[{"href":"https:\/\/www.lesjoforsab.com\/sv\/wp-json\/wp\/v2\/types\/product"}],"wp:attachment":[{"href":"https:\/\/www.lesjoforsab.com\/sv\/wp-json\/wp\/v2\/media?parent=9147"}],"wp:term":[{"taxonomy":"product-category","embeddable":true,"href":"https:\/\/www.lesjoforsab.com\/sv\/wp-json\/wp\/v2\/product-category?post=9147"}],"curies":[{"name":"wp","href":"https:\/\/api.w.org\/{rel}","templated":true}]}}