{"id":10278,"date":"2019-08-16T16:15:48","date_gmt":"2019-08-16T14:15:48","guid":{"rendered":"https:\/\/www.lesjoforsab.com\/tjanster\/forpackning-och-lagerhallning\/"},"modified":"2021-02-05T17:13:36","modified_gmt":"2021-02-05T16:13:36","slug":"forpackning-och-lagerhallning","status":"publish","type":"page","link":"https:\/\/www.lesjoforsab.com\/sv\/tjanster\/forpackning-och-lagerhallning\/","title":{"rendered":"F\u00f6rpackning och lagerh\u00e5llning"},"content":{"rendered":"\t\t<div data-elementor-type=\"wp-page\" data-elementor-id=\"10278\" class=\"elementor elementor-10278 elementor-127\" data-elementor-post-type=\"page\">\n\t\t\t\t\t\t<section class=\"elementor-section elementor-top-section elementor-element elementor-element-b068f2b elementor-section-boxed elementor-section-height-default elementor-section-height-default\" data-id=\"b068f2b\" data-element_type=\"section\" data-settings=\"{&quot;jet_parallax_layout_list&quot;:[{&quot;jet_parallax_layout_image&quot;:{&quot;url&quot;:&quot;&quot;,&quot;id&quot;:&quot;&quot;,&quot;size&quot;:&quot;&quot;},&quot;_id&quot;:&quot;d775061&quot;,&quot;jet_parallax_layout_image_tablet&quot;:{&quot;url&quot;:&quot;&quot;,&quot;id&quot;:&quot;&quot;,&quot;size&quot;:&quot;&quot;},&quot;jet_parallax_layout_image_mobile&quot;:{&quot;url&quot;:&quot;&quot;,&quot;id&quot;:&quot;&quot;,&quot;size&quot;:&quot;&quot;},&quot;jet_parallax_layout_speed&quot;:{&quot;unit&quot;:&quot;%&quot;,&quot;size&quot;:50,&quot;sizes&quot;:[]},&quot;jet_parallax_layout_type&quot;:&quot;scroll&quot;,&quot;jet_parallax_layout_z_index&quot;:&quot;&quot;,&quot;jet_parallax_layout_bg_x&quot;:50,&quot;jet_parallax_layout_bg_y&quot;:50,&quot;jet_parallax_layout_bg_size&quot;:&quot;auto&quot;,&quot;jet_parallax_layout_animation_prop&quot;:&quot;transform&quot;,&quot;jet_parallax_layout_on&quot;:[&quot;desktop&quot;,&quot;tablet&quot;],&quot;jet_parallax_layout_direction&quot;:&quot;1&quot;,&quot;jet_parallax_layout_fx_direction&quot;:null,&quot;jet_parallax_layout_bg_x_tablet&quot;:&quot;&quot;,&quot;jet_parallax_layout_bg_x_mobile&quot;:&quot;&quot;,&quot;jet_parallax_layout_bg_y_tablet&quot;:&quot;&quot;,&quot;jet_parallax_layout_bg_y_mobile&quot;:&quot;&quot;,&quot;jet_parallax_layout_bg_size_tablet&quot;:&quot;&quot;,&quot;jet_parallax_layout_bg_size_mobile&quot;:&quot;&quot;}],&quot;background_background&quot;:&quot;classic&quot;}\">\n\t\t\t\t\t\t<div class=\"elementor-container elementor-column-gap-default\">\n\t\t\t\t\t<div class=\"elementor-column elementor-col-100 elementor-top-column elementor-element elementor-element-639ba4b\" data-id=\"639ba4b\" data-element_type=\"column\">\n\t\t\t<div class=\"elementor-widget-wrap elementor-element-populated\">\n\t\t\t\t\t\t<div class=\"elementor-element elementor-element-f6270ee p white margin-bottom-big subtitle elementor-widget elementor-widget-text-editor\" data-id=\"f6270ee\" data-element_type=\"widget\" data-widget_type=\"text-editor.default\">\n\t\t\t\t<div class=\"elementor-widget-container\">\n\t\t\t\t\t\t\t\t\t<p>Modern lagerteknik och kundanpassade f\u00f6rpackningar.<\/p>\n\t\t\t\t\t\t\t\t<\/div>\n\t\t\t\t<\/div>\n\t\t\t\t\t<\/div>\n\t\t<\/div>\n\t\t\t\t\t<\/div>\n\t\t<\/section>\n\t\t\t\t<section class=\"elementor-section elementor-top-section elementor-element elementor-element-c4a39e1 elementor-section-boxed elementor-section-height-default elementor-section-height-default\" data-id=\"c4a39e1\" data-element_type=\"section\" data-settings=\"{&quot;jet_parallax_layout_list&quot;:[{&quot;jet_parallax_layout_image&quot;:{&quot;url&quot;:&quot;&quot;,&quot;id&quot;:&quot;&quot;,&quot;size&quot;:&quot;&quot;},&quot;_id&quot;:&quot;1ae3376&quot;,&quot;jet_parallax_layout_image_tablet&quot;:{&quot;url&quot;:&quot;&quot;,&quot;id&quot;:&quot;&quot;,&quot;size&quot;:&quot;&quot;},&quot;jet_parallax_layout_image_mobile&quot;:{&quot;url&quot;:&quot;&quot;,&quot;id&quot;:&quot;&quot;,&quot;size&quot;:&quot;&quot;},&quot;jet_parallax_layout_speed&quot;:{&quot;unit&quot;:&quot;%&quot;,&quot;size&quot;:50,&quot;sizes&quot;:[]},&quot;jet_parallax_layout_type&quot;:&quot;scroll&quot;,&quot;jet_parallax_layout_z_index&quot;:&quot;&quot;,&quot;jet_parallax_layout_bg_x&quot;:50,&quot;jet_parallax_layout_bg_y&quot;:50,&quot;jet_parallax_layout_bg_size&quot;:&quot;auto&quot;,&quot;jet_parallax_layout_animation_prop&quot;:&quot;transform&quot;,&quot;jet_parallax_layout_on&quot;:[&quot;desktop&quot;,&quot;tablet&quot;],&quot;jet_parallax_layout_direction&quot;:&quot;1&quot;,&quot;jet_parallax_layout_fx_direction&quot;:null,&quot;jet_parallax_layout_bg_x_tablet&quot;:&quot;&quot;,&quot;jet_parallax_layout_bg_x_mobile&quot;:&quot;&quot;,&quot;jet_parallax_layout_bg_y_tablet&quot;:&quot;&quot;,&quot;jet_parallax_layout_bg_y_mobile&quot;:&quot;&quot;,&quot;jet_parallax_layout_bg_size_tablet&quot;:&quot;&quot;,&quot;jet_parallax_layout_bg_size_mobile&quot;:&quot;&quot;}]}\">\n\t\t\t\t\t\t<div class=\"elementor-container elementor-column-gap-default\">\n\t\t\t\t\t<div class=\"elementor-column elementor-col-100 elementor-top-column elementor-element elementor-element-53ae115\" data-id=\"53ae115\" data-element_type=\"column\">\n\t\t\t<div class=\"elementor-widget-wrap elementor-element-populated\">\n\t\t\t\t\t\t<div class=\"elementor-element elementor-element-a808b67 monocrumbs elementor-widget elementor-widget-breadcrumbs\" data-id=\"a808b67\" data-element_type=\"widget\" data-widget_type=\"breadcrumbs.default\">\n\t\t\t\t<div class=\"elementor-widget-container\">\n\t\t\t\t\t<p id=\"breadcrumbs\"><span><span><a href=\"https:\/\/www.lesjoforsab.com\/sv\/\">Startsida<\/a><\/span><\/span><\/p>\t\t\t\t<\/div>\n\t\t\t\t<\/div>\n\t\t\t\t\t<\/div>\n\t\t<\/div>\n\t\t\t\t\t<\/div>\n\t\t<\/section>\n\t\t\t\t<section class=\"elementor-section elementor-top-section elementor-element elementor-element-86cdac1 elementor-section-full_width flex-column margin-top-big elementor-section-height-default elementor-section-height-default\" data-id=\"86cdac1\" data-element_type=\"section\" data-settings=\"{&quot;jet_parallax_layout_list&quot;:[{&quot;jet_parallax_layout_image&quot;:{&quot;url&quot;:&quot;&quot;,&quot;id&quot;:&quot;&quot;,&quot;size&quot;:&quot;&quot;},&quot;_id&quot;:&quot;55ff6ac&quot;,&quot;jet_parallax_layout_image_tablet&quot;:{&quot;url&quot;:&quot;&quot;,&quot;id&quot;:&quot;&quot;,&quot;size&quot;:&quot;&quot;},&quot;jet_parallax_layout_image_mobile&quot;:{&quot;url&quot;:&quot;&quot;,&quot;id&quot;:&quot;&quot;,&quot;size&quot;:&quot;&quot;},&quot;jet_parallax_layout_speed&quot;:{&quot;unit&quot;:&quot;%&quot;,&quot;size&quot;:50,&quot;sizes&quot;:[]},&quot;jet_parallax_layout_type&quot;:&quot;scroll&quot;,&quot;jet_parallax_layout_z_index&quot;:&quot;&quot;,&quot;jet_parallax_layout_bg_x&quot;:50,&quot;jet_parallax_layout_bg_y&quot;:50,&quot;jet_parallax_layout_bg_size&quot;:&quot;auto&quot;,&quot;jet_parallax_layout_animation_prop&quot;:&quot;transform&quot;,&quot;jet_parallax_layout_on&quot;:[&quot;desktop&quot;,&quot;tablet&quot;],&quot;jet_parallax_layout_direction&quot;:&quot;1&quot;,&quot;jet_parallax_layout_fx_direction&quot;:null,&quot;jet_parallax_layout_bg_x_tablet&quot;:&quot;&quot;,&quot;jet_parallax_layout_bg_x_mobile&quot;:&quot;&quot;,&quot;jet_parallax_layout_bg_y_tablet&quot;:&quot;&quot;,&quot;jet_parallax_layout_bg_y_mobile&quot;:&quot;&quot;,&quot;jet_parallax_layout_bg_size_tablet&quot;:&quot;&quot;,&quot;jet_parallax_layout_bg_size_mobile&quot;:&quot;&quot;}]}\">\n\t\t\t\t\t\t<div class=\"elementor-container elementor-column-gap-default\">\n\t\t\t\t\t<div class=\"elementor-column elementor-col-50 elementor-top-column elementor-element elementor-element-83b4d3c column-left-33-boxed\" data-id=\"83b4d3c\" data-element_type=\"column\">\n\t\t\t<div class=\"elementor-widget-wrap elementor-element-populated\">\n\t\t\t\t\t\t<div class=\"elementor-element elementor-element-dc1c39b decorated margin-top-big elementor-widget elementor-widget-heading\" data-id=\"dc1c39b\" data-element_type=\"widget\" data-widget_type=\"heading.default\">\n\t\t\t\t<div class=\"elementor-widget-container\">\n\t\t\t\t\t<h2 class=\"elementor-heading-title elementor-size-default\">F\u00f6rpackning - Lager<\/h2>\t\t\t\t<\/div>\n\t\t\t\t<\/div>\n\t\t\t\t<div class=\"elementor-element elementor-element-cfc88b2 margin-top-small elementor-widget elementor-widget-text-editor\" data-id=\"cfc88b2\" data-element_type=\"widget\" data-widget_type=\"text-editor.default\">\n\t\t\t\t<div class=\"elementor-widget-container\">\n\t\t\t\t\t\t\t\t\t<p>Inom Lesj\u00f6fors paketerar vi alla produkter individuellt enligt dina specifikationer. Vid behov skyddar vi \u00e4ven varorna med l\u00e4mpliga innerf\u00f6rpackningar i plast eller VCI-p\u00e5sar.<\/p>\n<p>Tack vare v\u00e5r moderna lagerteknik och streckkodsm\u00e4rkning kan vi garantera &#8221;f\u00f6rst in &#8211; f\u00f6rst ut&#8221; och sp\u00e5rbarhet f\u00f6r v\u00e5ra produkter.<\/p>\n\t\t\t\t\t\t\t\t<\/div>\n\t\t\t\t<\/div>\n\t\t\t\t\t<\/div>\n\t\t<\/div>\n\t\t\t\t<div class=\"elementor-column elementor-col-50 elementor-top-column elementor-element elementor-element-a720b47 column-right-66\" data-id=\"a720b47\" data-element_type=\"column\" data-settings=\"{&quot;background_background&quot;:&quot;classic&quot;}\">\n\t\t\t<div class=\"elementor-widget-wrap elementor-element-populated\">\n\t\t\t\t\t<div class=\"elementor-background-overlay\"><\/div>\n\t\t\t\t\t\t<div class=\"elementor-element elementor-element-4367d56 image-max-height elementor-widget elementor-widget-spacer\" data-id=\"4367d56\" data-element_type=\"widget\" data-widget_type=\"spacer.default\">\n\t\t\t\t<div class=\"elementor-widget-container\">\n\t\t\t\t\t\t\t<div class=\"elementor-spacer\">\n\t\t\t<div class=\"elementor-spacer-inner\"><\/div>\n\t\t<\/div>\n\t\t\t\t\t\t<\/div>\n\t\t\t\t<\/div>\n\t\t\t\t<div class=\"elementor-element elementor-element-61ea090 image-max-height elementor-widget elementor-widget-spacer\" data-id=\"61ea090\" data-element_type=\"widget\" data-widget_type=\"spacer.default\">\n\t\t\t\t<div class=\"elementor-widget-container\">\n\t\t\t\t\t\t\t<div class=\"elementor-spacer\">\n\t\t\t<div class=\"elementor-spacer-inner\"><\/div>\n\t\t<\/div>\n\t\t\t\t\t\t<\/div>\n\t\t\t\t<\/div>\n\t\t\t\t\t<\/div>\n\t\t<\/div>\n\t\t\t\t\t<\/div>\n\t\t<\/section>\n\t\t\t\t<section class=\"elementor-section elementor-top-section elementor-element elementor-element-772885f margin-bottom-big margin-top-big elementor-section-boxed elementor-section-height-default elementor-section-height-default\" data-id=\"772885f\" data-element_type=\"section\" data-settings=\"{&quot;jet_parallax_layout_list&quot;:[{&quot;jet_parallax_layout_image&quot;:{&quot;url&quot;:&quot;&quot;,&quot;id&quot;:&quot;&quot;,&quot;size&quot;:&quot;&quot;},&quot;_id&quot;:&quot;e405048&quot;,&quot;jet_parallax_layout_image_tablet&quot;:{&quot;url&quot;:&quot;&quot;,&quot;id&quot;:&quot;&quot;,&quot;size&quot;:&quot;&quot;},&quot;jet_parallax_layout_image_mobile&quot;:{&quot;url&quot;:&quot;&quot;,&quot;id&quot;:&quot;&quot;,&quot;size&quot;:&quot;&quot;},&quot;jet_parallax_layout_speed&quot;:{&quot;unit&quot;:&quot;%&quot;,&quot;size&quot;:50,&quot;sizes&quot;:[]},&quot;jet_parallax_layout_type&quot;:&quot;scroll&quot;,&quot;jet_parallax_layout_z_index&quot;:&quot;&quot;,&quot;jet_parallax_layout_bg_x&quot;:50,&quot;jet_parallax_layout_bg_y&quot;:50,&quot;jet_parallax_layout_bg_size&quot;:&quot;auto&quot;,&quot;jet_parallax_layout_animation_prop&quot;:&quot;transform&quot;,&quot;jet_parallax_layout_on&quot;:[&quot;desktop&quot;,&quot;tablet&quot;],&quot;jet_parallax_layout_direction&quot;:&quot;1&quot;,&quot;jet_parallax_layout_fx_direction&quot;:null,&quot;jet_parallax_layout_bg_x_tablet&quot;:&quot;&quot;,&quot;jet_parallax_layout_bg_x_mobile&quot;:&quot;&quot;,&quot;jet_parallax_layout_bg_y_tablet&quot;:&quot;&quot;,&quot;jet_parallax_layout_bg_y_mobile&quot;:&quot;&quot;,&quot;jet_parallax_layout_bg_size_tablet&quot;:&quot;&quot;,&quot;jet_parallax_layout_bg_size_mobile&quot;:&quot;&quot;}]}\">\n\t\t\t\t\t\t<div class=\"elementor-container elementor-column-gap-default\">\n\t\t\t\t\t<div class=\"elementor-column elementor-col-100 elementor-top-column elementor-element elementor-element-c7f68d3\" data-id=\"c7f68d3\" data-element_type=\"column\">\n\t\t\t<div class=\"elementor-widget-wrap elementor-element-populated\">\n\t\t\t\t\t\t<div class=\"elementor-element elementor-element-487483f special-color elementor-widget elementor-widget-heading\" data-id=\"487483f\" data-element_type=\"widget\" data-widget_type=\"heading.default\">\n\t\t\t\t<div class=\"elementor-widget-container\">\n\t\t\t\t\t<h3 class=\"elementor-heading-title elementor-size-default\">KONTAKTA N\u00c4RMASTE LESJ\u00d6FORSF\u00d6RETAG<\/h3>\t\t\t\t<\/div>\n\t\t\t\t<\/div>\n\t\t\t\t<div class=\"elementor-element elementor-element-033d8b1 subtitle elementor-widget elementor-widget-text-editor\" data-id=\"033d8b1\" data-element_type=\"widget\" data-widget_type=\"text-editor.default\">\n\t\t\t\t<div class=\"elementor-widget-container\">\n\t\t\t\t\t\t\t\t\t<p><span class=\"s1\">I vissa fall kan vi ocks\u00e5 erbjuda lokal lagerh\u00e5llning av produkter. Om du vill veta mer om v\u00e5ra tj\u00e4nster f\u00f6r f\u00f6rpackning och lagerh\u00e5llning, <\/span><span class=\"s1\">kontakta n\u00e4rmaste Lesj\u00f6forsf\u00f6retag.<\/span><\/p>\n\t\t\t\t\t\t\t\t<\/div>\n\t\t\t\t<\/div>\n\t\t\t\t<div class=\"elementor-element elementor-element-61e59e5 elementor-widget elementor-widget-button\" data-id=\"61e59e5\" data-element_type=\"widget\" data-widget_type=\"button.default\">\n\t\t\t\t<div class=\"elementor-widget-container\">\n\t\t\t\t\t\t\t\t\t<div class=\"elementor-button-wrapper\">\n\t\t\t\t\t<a class=\"elementor-button elementor-button-link elementor-size-sm\" href=\"https:\/\/www.lesjoforsab.com\/sv\/kontakt\/\">\n\t\t\t\t\t\t<span class=\"elementor-button-content-wrapper\">\n\t\t\t\t\t\t\t\t\t<span class=\"elementor-button-text\">Hitta din f\u00f6rs\u00e4ljningskontakt<\/span>\n\t\t\t\t\t<\/span>\n\t\t\t\t\t<\/a>\n\t\t\t\t<\/div>\n\t\t\t\t\t\t\t\t<\/div>\n\t\t\t\t<\/div>\n\t\t\t\t\t<\/div>\n\t\t<\/div>\n\t\t\t\t\t<\/div>\n\t\t<\/section>\n\t\t\t\t<\/div>\n\t\t","protected":false},"excerpt":{"rendered":"<p>Modern lagerteknik och kundanpassade f\u00f6rpackningar. F\u00f6rpackning &#8211; Lager Inom Lesj\u00f6fors paketerar vi alla produkter individuellt enligt dina specifikationer. Vid behov skyddar vi \u00e4ven varorna med l\u00e4mpliga innerf\u00f6rpackningar i plast eller VCI-p\u00e5sar. Tack vare v\u00e5r moderna lagerteknik och streckkodsm\u00e4rkning kan vi garantera &#8221;f\u00f6rst in &#8211; f\u00f6rst ut&#8221; och sp\u00e5rbarhet f\u00f6r v\u00e5ra produkter. KONTAKTA N\u00c4RMASTE LESJ\u00d6FORSF\u00d6RETAG I [&hellip;]<\/p>\n","protected":false},"author":3,"featured_media":0,"parent":10245,"menu_order":0,"comment_status":"closed","ping_status":"closed","template":"","meta":{"footnotes":""},"class_list":["post-10278","page","type-page","status-publish","hentry"],"yoast_head":"<!-- This site is optimized with the Yoast SEO plugin v25.6 - https:\/\/yoast.com\/wordpress\/plugins\/seo\/ -->\n<title>Vi garanterar &quot;f\u00f6rst in - f\u00f6rst ut&quot; och sp\u00e5rbarhet f\u00f6r alla v\u00e5ra produkter.<\/title>\n<meta name=\"description\" content=\"Inom Lesj\u00f6fors paketerar vi alla produkter individuellt enligt dina specifikationer. Vi garanterar &quot;f\u00f6rst in - f\u00f6rst ut&quot; och sp\u00e5rbarhet av v\u00e5ra produkter.\" \/>\n<meta name=\"robots\" content=\"index, follow, max-snippet:-1, max-image-preview:large, max-video-preview:-1\" \/>\n<link rel=\"canonical\" href=\"https:\/\/www.lesjoforsab.com\/sv\/tjanster\/forpackning-och-lagerhallning\/\" \/>\n<meta property=\"og:locale\" content=\"sv_SE\" \/>\n<meta property=\"og:type\" content=\"article\" \/>\n<meta property=\"og:title\" content=\"Vi garanterar &quot;f\u00f6rst in - f\u00f6rst ut&quot; och sp\u00e5rbarhet f\u00f6r alla v\u00e5ra produkter.\" \/>\n<meta property=\"og:description\" content=\"Inom Lesj\u00f6fors paketerar vi alla produkter individuellt enligt dina specifikationer. Vi garanterar &quot;f\u00f6rst in - f\u00f6rst ut&quot; och sp\u00e5rbarhet av v\u00e5ra produkter.\" \/>\n<meta property=\"og:url\" content=\"https:\/\/www.lesjoforsab.com\/sv\/tjanster\/forpackning-och-lagerhallning\/\" \/>\n<meta property=\"og:site_name\" content=\"Lesj\u00f6fors - Industrial Springs and Pressings\" \/>\n<meta property=\"article:modified_time\" content=\"2021-02-05T16:13:36+00:00\" \/>\n<meta property=\"og:image\" content=\"https:\/\/www.lesjoforsab.com\/wp-content\/uploads\/User-Uploads\/General-Content\/All-Stage-Images\/Stagebild-CustomSprings-Spring.jpg\" \/>\n\t<meta property=\"og:image:width\" content=\"1920\" \/>\n\t<meta property=\"og:image:height\" content=\"840\" \/>\n\t<meta property=\"og:image:type\" content=\"image\/jpeg\" \/>\n<script type=\"application\/ld+json\" class=\"yoast-schema-graph\">{\"@context\":\"https:\/\/schema.org\",\"@graph\":[{\"@type\":\"WebPage\",\"@id\":\"https:\/\/www.lesjoforsab.com\/sv\/tjanster\/forpackning-och-lagerhallning\/\",\"url\":\"https:\/\/www.lesjoforsab.com\/sv\/tjanster\/forpackning-och-lagerhallning\/\",\"name\":\"Vi garanterar \\\"f\u00f6rst in - f\u00f6rst ut\\\" och sp\u00e5rbarhet f\u00f6r alla v\u00e5ra produkter.\",\"isPartOf\":{\"@id\":\"https:\/\/www.lesjoforsab.com\/sv\/#website\"},\"datePublished\":\"2019-08-16T14:15:48+00:00\",\"dateModified\":\"2021-02-05T16:13:36+00:00\",\"description\":\"Inom Lesj\u00f6fors paketerar vi alla produkter individuellt enligt dina specifikationer. Vi garanterar \\\"f\u00f6rst in - f\u00f6rst ut\\\" och sp\u00e5rbarhet av v\u00e5ra produkter.\",\"breadcrumb\":{\"@id\":\"https:\/\/www.lesjoforsab.com\/sv\/tjanster\/forpackning-och-lagerhallning\/#breadcrumb\"},\"inLanguage\":\"sv-SE\",\"potentialAction\":[{\"@type\":\"ReadAction\",\"target\":[\"https:\/\/www.lesjoforsab.com\/sv\/tjanster\/forpackning-och-lagerhallning\/\"]}]},{\"@type\":\"BreadcrumbList\",\"@id\":\"https:\/\/www.lesjoforsab.com\/sv\/tjanster\/forpackning-och-lagerhallning\/#breadcrumb\",\"itemListElement\":[{\"@type\":\"ListItem\",\"position\":1,\"name\":\"Startsida\",\"item\":\"https:\/\/www.lesjoforsab.com\/sv\/\"},{\"@type\":\"ListItem\",\"position\":2,\"name\":\"Tj\u00e4nster\",\"item\":\"https:\/\/www.lesjoforsab.com\/sv\/tjanster\/\"},{\"@type\":\"ListItem\",\"position\":3,\"name\":\"F\u00f6rpackning och lagerh\u00e5llning\"}]},{\"@type\":\"WebSite\",\"@id\":\"https:\/\/www.lesjoforsab.com\/sv\/#website\",\"url\":\"https:\/\/www.lesjoforsab.com\/sv\/\",\"name\":\"Lesj\u00f6fors - Industrial Springs and Pressings\",\"description\":\"\",\"publisher\":{\"@id\":\"https:\/\/www.lesjoforsab.com\/sv\/#organization\"},\"potentialAction\":[{\"@type\":\"SearchAction\",\"target\":{\"@type\":\"EntryPoint\",\"urlTemplate\":\"https:\/\/www.lesjoforsab.com\/sv\/?s={search_term_string}\"},\"query-input\":{\"@type\":\"PropertyValueSpecification\",\"valueRequired\":true,\"valueName\":\"search_term_string\"}}],\"inLanguage\":\"sv-SE\"},{\"@type\":\"Organization\",\"@id\":\"https:\/\/www.lesjoforsab.com\/sv\/#organization\",\"name\":\"Lesj\u00f6fors AB\",\"url\":\"https:\/\/www.lesjoforsab.com\/sv\/\",\"logo\":{\"@type\":\"ImageObject\",\"inLanguage\":\"sv-SE\",\"@id\":\"https:\/\/www.lesjoforsab.com\/sv\/#\/schema\/logo\/image\/\",\"url\":\"https:\/\/www.lesjoforsab.com\/wp-content\/uploads\/User-Uploads\/Lesjoefors-Brand\/Logotypes\/lesjofors-logo-without-payoff.jpg\",\"contentUrl\":\"https:\/\/www.lesjoforsab.com\/wp-content\/uploads\/User-Uploads\/Lesjoefors-Brand\/Logotypes\/lesjofors-logo-without-payoff.jpg\",\"width\":1347,\"height\":378,\"caption\":\"Lesj\u00f6fors AB\"},\"image\":{\"@id\":\"https:\/\/www.lesjoforsab.com\/sv\/#\/schema\/logo\/image\/\"},\"sameAs\":[\"https:\/\/x.com\/lesjoforsgroup\",\"https:\/\/www.linkedin.com\/company\/lesjoforsab\/\",\"https:\/\/www.youtube.com\/user\/lesjoforsab\"]}]}<\/script>\n<!-- \/ Yoast SEO plugin. -->","yoast_head_json":{"title":"Vi garanterar \"f\u00f6rst in - f\u00f6rst ut\" och sp\u00e5rbarhet f\u00f6r alla v\u00e5ra produkter.","description":"Inom Lesj\u00f6fors paketerar vi alla produkter individuellt enligt dina specifikationer. Vi garanterar \"f\u00f6rst in - f\u00f6rst ut\" och sp\u00e5rbarhet av v\u00e5ra produkter.","robots":{"index":"index","follow":"follow","max-snippet":"max-snippet:-1","max-image-preview":"max-image-preview:large","max-video-preview":"max-video-preview:-1"},"canonical":"https:\/\/www.lesjoforsab.com\/sv\/tjanster\/forpackning-och-lagerhallning\/","og_locale":"sv_SE","og_type":"article","og_title":"Vi garanterar \"f\u00f6rst in - f\u00f6rst ut\" och sp\u00e5rbarhet f\u00f6r alla v\u00e5ra produkter.","og_description":"Inom Lesj\u00f6fors paketerar vi alla produkter individuellt enligt dina specifikationer. Vi garanterar \"f\u00f6rst in - f\u00f6rst ut\" och sp\u00e5rbarhet av v\u00e5ra produkter.","og_url":"https:\/\/www.lesjoforsab.com\/sv\/tjanster\/forpackning-och-lagerhallning\/","og_site_name":"Lesj\u00f6fors - Industrial Springs and Pressings","article_modified_time":"2021-02-05T16:13:36+00:00","og_image":[{"width":1920,"height":840,"url":"https:\/\/www.lesjoforsab.com\/wp-content\/uploads\/User-Uploads\/General-Content\/All-Stage-Images\/Stagebild-CustomSprings-Spring.jpg","type":"image\/jpeg"}],"schema":{"@context":"https:\/\/schema.org","@graph":[{"@type":"WebPage","@id":"https:\/\/www.lesjoforsab.com\/sv\/tjanster\/forpackning-och-lagerhallning\/","url":"https:\/\/www.lesjoforsab.com\/sv\/tjanster\/forpackning-och-lagerhallning\/","name":"Vi garanterar \"f\u00f6rst in - f\u00f6rst ut\" och sp\u00e5rbarhet f\u00f6r alla v\u00e5ra produkter.","isPartOf":{"@id":"https:\/\/www.lesjoforsab.com\/sv\/#website"},"datePublished":"2019-08-16T14:15:48+00:00","dateModified":"2021-02-05T16:13:36+00:00","description":"Inom Lesj\u00f6fors paketerar vi alla produkter individuellt enligt dina specifikationer. Vi garanterar \"f\u00f6rst in - f\u00f6rst ut\" och sp\u00e5rbarhet av v\u00e5ra produkter.","breadcrumb":{"@id":"https:\/\/www.lesjoforsab.com\/sv\/tjanster\/forpackning-och-lagerhallning\/#breadcrumb"},"inLanguage":"sv-SE","potentialAction":[{"@type":"ReadAction","target":["https:\/\/www.lesjoforsab.com\/sv\/tjanster\/forpackning-och-lagerhallning\/"]}]},{"@type":"BreadcrumbList","@id":"https:\/\/www.lesjoforsab.com\/sv\/tjanster\/forpackning-och-lagerhallning\/#breadcrumb","itemListElement":[{"@type":"ListItem","position":1,"name":"Startsida","item":"https:\/\/www.lesjoforsab.com\/sv\/"},{"@type":"ListItem","position":2,"name":"Tj\u00e4nster","item":"https:\/\/www.lesjoforsab.com\/sv\/tjanster\/"},{"@type":"ListItem","position":3,"name":"F\u00f6rpackning och lagerh\u00e5llning"}]},{"@type":"WebSite","@id":"https:\/\/www.lesjoforsab.com\/sv\/#website","url":"https:\/\/www.lesjoforsab.com\/sv\/","name":"Lesj\u00f6fors - Industrial Springs and Pressings","description":"","publisher":{"@id":"https:\/\/www.lesjoforsab.com\/sv\/#organization"},"potentialAction":[{"@type":"SearchAction","target":{"@type":"EntryPoint","urlTemplate":"https:\/\/www.lesjoforsab.com\/sv\/?s={search_term_string}"},"query-input":{"@type":"PropertyValueSpecification","valueRequired":true,"valueName":"search_term_string"}}],"inLanguage":"sv-SE"},{"@type":"Organization","@id":"https:\/\/www.lesjoforsab.com\/sv\/#organization","name":"Lesj\u00f6fors AB","url":"https:\/\/www.lesjoforsab.com\/sv\/","logo":{"@type":"ImageObject","inLanguage":"sv-SE","@id":"https:\/\/www.lesjoforsab.com\/sv\/#\/schema\/logo\/image\/","url":"https:\/\/www.lesjoforsab.com\/wp-content\/uploads\/User-Uploads\/Lesjoefors-Brand\/Logotypes\/lesjofors-logo-without-payoff.jpg","contentUrl":"https:\/\/www.lesjoforsab.com\/wp-content\/uploads\/User-Uploads\/Lesjoefors-Brand\/Logotypes\/lesjofors-logo-without-payoff.jpg","width":1347,"height":378,"caption":"Lesj\u00f6fors AB"},"image":{"@id":"https:\/\/www.lesjoforsab.com\/sv\/#\/schema\/logo\/image\/"},"sameAs":["https:\/\/x.com\/lesjoforsgroup","https:\/\/www.linkedin.com\/company\/lesjoforsab\/","https:\/\/www.youtube.com\/user\/lesjoforsab"]}]}},"_links":{"self":[{"href":"https:\/\/www.lesjoforsab.com\/sv\/wp-json\/wp\/v2\/pages\/10278","targetHints":{"allow":["GET"]}}],"collection":[{"href":"https:\/\/www.lesjoforsab.com\/sv\/wp-json\/wp\/v2\/pages"}],"about":[{"href":"https:\/\/www.lesjoforsab.com\/sv\/wp-json\/wp\/v2\/types\/page"}],"author":[{"embeddable":true,"href":"https:\/\/www.lesjoforsab.com\/sv\/wp-json\/wp\/v2\/users\/3"}],"replies":[{"embeddable":true,"href":"https:\/\/www.lesjoforsab.com\/sv\/wp-json\/wp\/v2\/comments?post=10278"}],"version-history":[{"count":0,"href":"https:\/\/www.lesjoforsab.com\/sv\/wp-json\/wp\/v2\/pages\/10278\/revisions"}],"up":[{"embeddable":true,"href":"https:\/\/www.lesjoforsab.com\/sv\/wp-json\/wp\/v2\/pages\/10245"}],"wp:attachment":[{"href":"https:\/\/www.lesjoforsab.com\/sv\/wp-json\/wp\/v2\/media?parent=10278"}],"curies":[{"name":"wp","href":"https:\/\/api.w.org\/{rel}","templated":true}]}}