{"id":10189,"date":"2019-08-16T16:35:02","date_gmt":"2019-08-16T14:35:02","guid":{"rendered":"https:\/\/www.lesjoforsab.com\/industrier\/ovriga-branscher\/"},"modified":"2024-05-30T11:38:34","modified_gmt":"2024-05-30T09:38:34","slug":"ovriga-branscher","status":"publish","type":"page","link":"https:\/\/www.lesjoforsab.com\/sv\/branscher\/ovriga-branscher\/","title":{"rendered":"\u00d6vriga branscher"},"content":{"rendered":"\t\t<div data-elementor-type=\"wp-page\" data-elementor-id=\"10189\" class=\"elementor elementor-10189 elementor-160\" data-elementor-post-type=\"page\">\n\t\t\t\t\t\t<section class=\"elementor-section elementor-top-section elementor-element elementor-element-208e756 elementor-section-boxed elementor-section-height-default elementor-section-height-default\" data-id=\"208e756\" data-element_type=\"section\" data-settings=\"{&quot;jet_parallax_layout_list&quot;:[{&quot;jet_parallax_layout_image&quot;:{&quot;url&quot;:&quot;&quot;,&quot;id&quot;:&quot;&quot;,&quot;size&quot;:&quot;&quot;},&quot;_id&quot;:&quot;d775061&quot;,&quot;jet_parallax_layout_image_tablet&quot;:{&quot;url&quot;:&quot;&quot;,&quot;id&quot;:&quot;&quot;,&quot;size&quot;:&quot;&quot;},&quot;jet_parallax_layout_image_mobile&quot;:{&quot;url&quot;:&quot;&quot;,&quot;id&quot;:&quot;&quot;,&quot;size&quot;:&quot;&quot;},&quot;jet_parallax_layout_speed&quot;:{&quot;unit&quot;:&quot;%&quot;,&quot;size&quot;:50,&quot;sizes&quot;:[]},&quot;jet_parallax_layout_type&quot;:&quot;scroll&quot;,&quot;jet_parallax_layout_direction&quot;:&quot;1&quot;,&quot;jet_parallax_layout_fx_direction&quot;:null,&quot;jet_parallax_layout_z_index&quot;:&quot;&quot;,&quot;jet_parallax_layout_bg_x&quot;:50,&quot;jet_parallax_layout_bg_x_tablet&quot;:&quot;&quot;,&quot;jet_parallax_layout_bg_x_mobile&quot;:&quot;&quot;,&quot;jet_parallax_layout_bg_y&quot;:50,&quot;jet_parallax_layout_bg_y_tablet&quot;:&quot;&quot;,&quot;jet_parallax_layout_bg_y_mobile&quot;:&quot;&quot;,&quot;jet_parallax_layout_bg_size&quot;:&quot;auto&quot;,&quot;jet_parallax_layout_bg_size_tablet&quot;:&quot;&quot;,&quot;jet_parallax_layout_bg_size_mobile&quot;:&quot;&quot;,&quot;jet_parallax_layout_animation_prop&quot;:&quot;transform&quot;,&quot;jet_parallax_layout_on&quot;:[&quot;desktop&quot;,&quot;tablet&quot;]}],&quot;background_background&quot;:&quot;classic&quot;}\">\n\t\t\t\t\t\t<div class=\"elementor-container elementor-column-gap-default\">\n\t\t\t\t\t<div class=\"elementor-column elementor-col-100 elementor-top-column elementor-element elementor-element-11b0ee8\" data-id=\"11b0ee8\" data-element_type=\"column\">\n\t\t\t<div class=\"elementor-widget-wrap elementor-element-populated\">\n\t\t\t\t\t\t<div class=\"elementor-element elementor-element-c84be51 p white margin-bottom-big subtitle elementor-widget elementor-widget-text-editor\" data-id=\"c84be51\" data-element_type=\"widget\" data-widget_type=\"text-editor.default\">\n\t\t\t\t<div class=\"elementor-widget-container\">\n\t\t\t\t\t\t\t\t\t<p>Vi producerar till alla typer av industrisektorer.<\/p>\n\t\t\t\t\t\t\t\t<\/div>\n\t\t\t\t<\/div>\n\t\t\t\t\t<\/div>\n\t\t<\/div>\n\t\t\t\t\t<\/div>\n\t\t<\/section>\n\t\t\t\t<section class=\"elementor-section elementor-top-section elementor-element elementor-element-514d7c8 elementor-section-boxed elementor-section-height-default elementor-section-height-default\" data-id=\"514d7c8\" data-element_type=\"section\" data-settings=\"{&quot;jet_parallax_layout_list&quot;:[{&quot;jet_parallax_layout_image&quot;:{&quot;url&quot;:&quot;&quot;,&quot;id&quot;:&quot;&quot;,&quot;size&quot;:&quot;&quot;},&quot;_id&quot;:&quot;1ae3376&quot;,&quot;jet_parallax_layout_image_tablet&quot;:{&quot;url&quot;:&quot;&quot;,&quot;id&quot;:&quot;&quot;,&quot;size&quot;:&quot;&quot;},&quot;jet_parallax_layout_image_mobile&quot;:{&quot;url&quot;:&quot;&quot;,&quot;id&quot;:&quot;&quot;,&quot;size&quot;:&quot;&quot;},&quot;jet_parallax_layout_speed&quot;:{&quot;unit&quot;:&quot;%&quot;,&quot;size&quot;:50,&quot;sizes&quot;:[]},&quot;jet_parallax_layout_type&quot;:&quot;scroll&quot;,&quot;jet_parallax_layout_direction&quot;:&quot;1&quot;,&quot;jet_parallax_layout_fx_direction&quot;:null,&quot;jet_parallax_layout_z_index&quot;:&quot;&quot;,&quot;jet_parallax_layout_bg_x&quot;:50,&quot;jet_parallax_layout_bg_x_tablet&quot;:&quot;&quot;,&quot;jet_parallax_layout_bg_x_mobile&quot;:&quot;&quot;,&quot;jet_parallax_layout_bg_y&quot;:50,&quot;jet_parallax_layout_bg_y_tablet&quot;:&quot;&quot;,&quot;jet_parallax_layout_bg_y_mobile&quot;:&quot;&quot;,&quot;jet_parallax_layout_bg_size&quot;:&quot;auto&quot;,&quot;jet_parallax_layout_bg_size_tablet&quot;:&quot;&quot;,&quot;jet_parallax_layout_bg_size_mobile&quot;:&quot;&quot;,&quot;jet_parallax_layout_animation_prop&quot;:&quot;transform&quot;,&quot;jet_parallax_layout_on&quot;:[&quot;desktop&quot;,&quot;tablet&quot;]}]}\">\n\t\t\t\t\t\t<div class=\"elementor-container elementor-column-gap-default\">\n\t\t\t\t\t<div class=\"elementor-column elementor-col-100 elementor-top-column elementor-element elementor-element-7b7069e\" data-id=\"7b7069e\" data-element_type=\"column\">\n\t\t\t<div class=\"elementor-widget-wrap elementor-element-populated\">\n\t\t\t\t\t\t<div class=\"elementor-element elementor-element-6876948 monocrumbs elementor-widget elementor-widget-breadcrumbs\" data-id=\"6876948\" data-element_type=\"widget\" data-widget_type=\"breadcrumbs.default\">\n\t\t\t\t<div class=\"elementor-widget-container\">\n\t\t\t\t\t<p id=\"breadcrumbs\"><span><span><a href=\"https:\/\/www.lesjoforsab.com\/sv\/\">Startsida<\/a><\/span><\/span><\/p>\t\t\t\t<\/div>\n\t\t\t\t<\/div>\n\t\t\t\t\t<\/div>\n\t\t<\/div>\n\t\t\t\t\t<\/div>\n\t\t<\/section>\n\t\t\t\t<section class=\"elementor-section elementor-top-section elementor-element elementor-element-1b71e03 margin-top-medium elementor-section-boxed elementor-section-height-default elementor-section-height-default\" data-id=\"1b71e03\" data-element_type=\"section\" data-settings=\"{&quot;jet_parallax_layout_list&quot;:[{&quot;jet_parallax_layout_image&quot;:{&quot;url&quot;:&quot;&quot;,&quot;id&quot;:&quot;&quot;,&quot;size&quot;:&quot;&quot;},&quot;_id&quot;:&quot;10a5b20&quot;,&quot;jet_parallax_layout_image_tablet&quot;:{&quot;url&quot;:&quot;&quot;,&quot;id&quot;:&quot;&quot;,&quot;size&quot;:&quot;&quot;},&quot;jet_parallax_layout_image_mobile&quot;:{&quot;url&quot;:&quot;&quot;,&quot;id&quot;:&quot;&quot;,&quot;size&quot;:&quot;&quot;},&quot;jet_parallax_layout_speed&quot;:{&quot;unit&quot;:&quot;%&quot;,&quot;size&quot;:50,&quot;sizes&quot;:[]},&quot;jet_parallax_layout_type&quot;:&quot;scroll&quot;,&quot;jet_parallax_layout_direction&quot;:&quot;1&quot;,&quot;jet_parallax_layout_fx_direction&quot;:null,&quot;jet_parallax_layout_z_index&quot;:&quot;&quot;,&quot;jet_parallax_layout_bg_x&quot;:50,&quot;jet_parallax_layout_bg_x_tablet&quot;:&quot;&quot;,&quot;jet_parallax_layout_bg_x_mobile&quot;:&quot;&quot;,&quot;jet_parallax_layout_bg_y&quot;:50,&quot;jet_parallax_layout_bg_y_tablet&quot;:&quot;&quot;,&quot;jet_parallax_layout_bg_y_mobile&quot;:&quot;&quot;,&quot;jet_parallax_layout_bg_size&quot;:&quot;auto&quot;,&quot;jet_parallax_layout_bg_size_tablet&quot;:&quot;&quot;,&quot;jet_parallax_layout_bg_size_mobile&quot;:&quot;&quot;,&quot;jet_parallax_layout_animation_prop&quot;:&quot;transform&quot;,&quot;jet_parallax_layout_on&quot;:[&quot;desktop&quot;,&quot;tablet&quot;]}]}\">\n\t\t\t\t\t\t<div class=\"elementor-container elementor-column-gap-default\">\n\t\t\t\t\t<div class=\"elementor-column elementor-col-33 elementor-top-column elementor-element elementor-element-3ff0b1a\" data-id=\"3ff0b1a\" data-element_type=\"column\">\n\t\t\t<div class=\"elementor-widget-wrap elementor-element-populated\">\n\t\t\t\t\t\t<div class=\"elementor-element elementor-element-3eea083 decorated  elementor-widget elementor-widget-heading\" data-id=\"3eea083\" data-element_type=\"widget\" data-widget_type=\"heading.default\">\n\t\t\t\t<div class=\"elementor-widget-container\">\n\t\t\t\t\t<h2 class=\"elementor-heading-title elementor-size-default\">\u00d6vriga branscher<\/h2>\t\t\t\t<\/div>\n\t\t\t\t<\/div>\n\t\t\t\t<div class=\"elementor-element elementor-element-0b72381 margin-top-small elementor-widget elementor-widget-text-editor\" data-id=\"0b72381\" data-element_type=\"widget\" data-widget_type=\"text-editor.default\">\n\t\t\t\t<div class=\"elementor-widget-container\">\n\t\t\t\t\t\t\t\t\t<p>V\u00e5ra produkter \u00e4r m\u00e5ngsidiga, vilket g\u00f6r att de till\u00e5ter ett n\u00e4stintill obegr\u00e4nsat spektrum av anv\u00e4ndningsomr\u00e5den.<\/p>\n<p>V\u00e5r kundbas \u00e4r spridd \u00f6ver m\u00e5nga olika industrisektorer utanf\u00f6r de som n\u00e4mns p\u00e5 v\u00e5r hemsida.<\/p>\n<p>Exempel p\u00e5 andra branscher vi arbetar mot \u00e4r <strong>Flyg,<\/strong> <strong>J\u00e4rnv\u00e4g,<\/strong> <strong>Vitvaror,<\/strong> <strong>Frakt<\/strong> samt <strong>Papper och massa.<\/strong><\/p>\n\t\t\t\t\t\t\t\t<\/div>\n\t\t\t\t<\/div>\n\t\t\t\t\t<\/div>\n\t\t<\/div>\n\t\t\t\t<div class=\"elementor-column elementor-col-66 elementor-top-column elementor-element elementor-element-6ccc5cb\" data-id=\"6ccc5cb\" data-element_type=\"column\">\n\t\t\t<div class=\"elementor-widget-wrap elementor-element-populated\">\n\t\t\t\t\t\t<div class=\"elementor-element elementor-element-fd45333 elementor-widget elementor-widget-image\" data-id=\"fd45333\" data-element_type=\"widget\" data-widget_type=\"image.default\">\n\t\t\t\t<div class=\"elementor-widget-container\">\n\t\t\t\t\t\t\t\t\t\t\t\t\t\t\t<img fetchpriority=\"high\" decoding=\"async\" width=\"721\" height=\"421\" src=\"https:\/\/www.lesjoforsab.com\/wp-content\/uploads\/User-Uploads\/General-Content\/Industry\/Otherindustries-2.jpg\" class=\"attachment-large size-large wp-image-7865\" alt=\"\" srcset=\"https:\/\/www.lesjoforsab.com\/wp-content\/uploads\/User-Uploads\/General-Content\/Industry\/Otherindustries-2.jpg 721w, https:\/\/www.lesjoforsab.com\/wp-content\/uploads\/User-Uploads\/General-Content\/Industry\/Otherindustries-2-300x175.jpg 300w, https:\/\/www.lesjoforsab.com\/wp-content\/uploads\/User-Uploads\/General-Content\/Industry\/Otherindustries-2-400x234.jpg 400w\" sizes=\"(max-width: 721px) 100vw, 721px\" \/>\t\t\t\t\t\t\t\t\t\t\t\t\t\t\t<\/div>\n\t\t\t\t<\/div>\n\t\t\t\t\t<\/div>\n\t\t<\/div>\n\t\t\t\t\t<\/div>\n\t\t<\/section>\n\t\t\t\t<section class=\"elementor-section elementor-top-section elementor-element elementor-element-84bffde elementor-section-boxed elementor-section-height-default elementor-section-height-default\" data-id=\"84bffde\" data-element_type=\"section\" data-settings=\"{&quot;jet_parallax_layout_list&quot;:[{&quot;jet_parallax_layout_image&quot;:{&quot;url&quot;:&quot;&quot;,&quot;id&quot;:&quot;&quot;,&quot;size&quot;:&quot;&quot;},&quot;_id&quot;:&quot;11c56fd&quot;,&quot;jet_parallax_layout_image_tablet&quot;:{&quot;url&quot;:&quot;&quot;,&quot;id&quot;:&quot;&quot;,&quot;size&quot;:&quot;&quot;},&quot;jet_parallax_layout_image_mobile&quot;:{&quot;url&quot;:&quot;&quot;,&quot;id&quot;:&quot;&quot;,&quot;size&quot;:&quot;&quot;},&quot;jet_parallax_layout_speed&quot;:{&quot;unit&quot;:&quot;%&quot;,&quot;size&quot;:50,&quot;sizes&quot;:[]},&quot;jet_parallax_layout_type&quot;:&quot;scroll&quot;,&quot;jet_parallax_layout_direction&quot;:&quot;1&quot;,&quot;jet_parallax_layout_fx_direction&quot;:null,&quot;jet_parallax_layout_z_index&quot;:&quot;&quot;,&quot;jet_parallax_layout_bg_x&quot;:50,&quot;jet_parallax_layout_bg_x_tablet&quot;:&quot;&quot;,&quot;jet_parallax_layout_bg_x_mobile&quot;:&quot;&quot;,&quot;jet_parallax_layout_bg_y&quot;:50,&quot;jet_parallax_layout_bg_y_tablet&quot;:&quot;&quot;,&quot;jet_parallax_layout_bg_y_mobile&quot;:&quot;&quot;,&quot;jet_parallax_layout_bg_size&quot;:&quot;auto&quot;,&quot;jet_parallax_layout_bg_size_tablet&quot;:&quot;&quot;,&quot;jet_parallax_layout_bg_size_mobile&quot;:&quot;&quot;,&quot;jet_parallax_layout_animation_prop&quot;:&quot;transform&quot;,&quot;jet_parallax_layout_on&quot;:[&quot;desktop&quot;,&quot;tablet&quot;]}]}\">\n\t\t\t\t\t\t<div class=\"elementor-container elementor-column-gap-default\">\n\t\t\t\t\t<div class=\"elementor-column elementor-col-50 elementor-top-column elementor-element elementor-element-f2f1aff\" data-id=\"f2f1aff\" data-element_type=\"column\">\n\t\t\t<div class=\"elementor-widget-wrap elementor-element-populated\">\n\t\t\t\t\t\t<div class=\"elementor-element elementor-element-8ea67df h3 margin-top-big special-color elementor-widget elementor-widget-heading\" data-id=\"8ea67df\" data-element_type=\"widget\" data-widget_type=\"heading.default\">\n\t\t\t\t<div class=\"elementor-widget-container\">\n\t\t\t\t\t<h2 class=\"elementor-heading-title elementor-size-default\">L\u00e4r k\u00e4nna oss<\/h2>\t\t\t\t<\/div>\n\t\t\t\t<\/div>\n\t\t\t\t<div class=\"elementor-element elementor-element-506cee5 font-weight-medium elementor-widget elementor-widget-text-editor\" data-id=\"506cee5\" data-element_type=\"widget\" data-widget_type=\"text-editor.default\">\n\t\t\t\t<div class=\"elementor-widget-container\">\n\t\t\t\t\t\t\t\t\t<p>Kontakta oss f\u00f6r att l\u00e4sa mer om hur Lesj\u00f6fors kan hj\u00e4lpa dig.<\/p>\n\t\t\t\t\t\t\t\t<\/div>\n\t\t\t\t<\/div>\n\t\t\t\t<div class=\"elementor-element elementor-element-1993418 elementor-widget elementor-widget-text-editor\" data-id=\"1993418\" data-element_type=\"widget\" data-widget_type=\"text-editor.default\">\n\t\t\t\t<div class=\"elementor-widget-container\">\n\t\t\t\t\t\t\t\t\t<p>Lesj\u00f6forskoncernen har varit fj\u00e4dertillverkare i mer \u00e4n 150 \u00e5r. Vi erbjuder det bredaste utbudet av fj\u00e4drar och banddetaljer i v\u00e4rlden f\u00f6r ett brett spektrum av branscher.<\/p><p>Om ditt f\u00f6retag letar efter h\u00f6gkvalitativa komponenter att integrera i dina produkter, <a href=\"https:\/\/www.lesjoforsab.com\/sv\/kontakt\/\">kontakta ditt n\u00e4rmaste Lesj\u00f6forsf\u00f6retag.<\/a> Eller ta en titt p\u00e5 v\u00e5r <a href=\"https:\/\/shop.lesjofors.com\" target=\"_blank\" rel=\"noopener\">digitala fj\u00e4derkatalog och webbshop<\/a>, d\u00e4r du hittar ett stort utbud av fj\u00e4drar och tr\u00e5ddetaljer som alltid \u00e4r tillg\u00e4ngliga f\u00f6r omg\u00e5ende leverans.<\/p>\t\t\t\t\t\t\t\t<\/div>\n\t\t\t\t<\/div>\n\t\t\t\t<div class=\"elementor-element elementor-element-ad5157c margin-bottom-big elementor-widget elementor-widget-button\" data-id=\"ad5157c\" data-element_type=\"widget\" data-widget_type=\"button.default\">\n\t\t\t\t<div class=\"elementor-widget-container\">\n\t\t\t\t\t\t\t\t\t<div class=\"elementor-button-wrapper\">\n\t\t\t\t\t<a class=\"elementor-button elementor-button-link elementor-size-sm\" href=\"https:\/\/www.lesjoforsab.com\/sv\/kontakt\/\">\n\t\t\t\t\t\t<span class=\"elementor-button-content-wrapper\">\n\t\t\t\t\t\t\t\t\t<span class=\"elementor-button-text\">Hitta din f\u00f6rs\u00e4ljningskontakt<\/span>\n\t\t\t\t\t<\/span>\n\t\t\t\t\t<\/a>\n\t\t\t\t<\/div>\n\t\t\t\t\t\t\t\t<\/div>\n\t\t\t\t<\/div>\n\t\t\t\t\t<\/div>\n\t\t<\/div>\n\t\t\t\t<div class=\"elementor-column elementor-col-50 elementor-top-column elementor-element elementor-element-a52f042\" data-id=\"a52f042\" data-element_type=\"column\">\n\t\t\t<div class=\"elementor-widget-wrap\">\n\t\t\t\t\t\t\t<\/div>\n\t\t<\/div>\n\t\t\t\t\t<\/div>\n\t\t<\/section>\n\t\t\t\t<\/div>\n\t\t","protected":false},"excerpt":{"rendered":"<p>Vi producerar till alla typer av industrisektorer. \u00d6vriga branscher V\u00e5ra produkter \u00e4r m\u00e5ngsidiga, vilket g\u00f6r att de till\u00e5ter ett n\u00e4stintill obegr\u00e4nsat spektrum av anv\u00e4ndningsomr\u00e5den. V\u00e5r kundbas \u00e4r spridd \u00f6ver m\u00e5nga olika industrisektorer utanf\u00f6r de som n\u00e4mns p\u00e5 v\u00e5r hemsida. Exempel p\u00e5 andra branscher vi arbetar mot \u00e4r Flyg, J\u00e4rnv\u00e4g, Vitvaror, Frakt samt Papper och massa. [&hellip;]<\/p>\n","protected":false},"author":3,"featured_media":0,"parent":10148,"menu_order":0,"comment_status":"closed","ping_status":"closed","template":"","meta":{"footnotes":""},"class_list":["post-10189","page","type-page","status-publish","hentry"],"yoast_head":"<!-- This site is optimized with the Yoast SEO plugin v25.6 - https:\/\/yoast.com\/wordpress\/plugins\/seo\/ -->\n<title>Lesj\u00f6fors - Fj\u00e4drar och banddetaljer f\u00f6r andra branscher<\/title>\n<meta name=\"description\" content=\"M\u00e5ngfalden i v\u00e5rt produktsortiment m\u00f6jligg\u00f6r ocks\u00e5 ett n\u00e4stan obegr\u00e4nsat spektrum av anv\u00e4ndning. Lesj\u00f6fors fj\u00e4drar och banddetaljer finns i n\u00e4stan alla branscher.\" \/>\n<meta name=\"robots\" content=\"index, follow, max-snippet:-1, max-image-preview:large, max-video-preview:-1\" \/>\n<link rel=\"canonical\" href=\"https:\/\/www.lesjoforsab.com\/sv\/branscher\/ovriga-branscher\/\" \/>\n<meta property=\"og:locale\" content=\"sv_SE\" \/>\n<meta property=\"og:type\" content=\"article\" \/>\n<meta property=\"og:title\" content=\"Lesj\u00f6fors - Fj\u00e4drar och banddetaljer f\u00f6r andra branscher\" \/>\n<meta property=\"og:description\" content=\"M\u00e5ngfalden i v\u00e5rt produktsortiment m\u00f6jligg\u00f6r ocks\u00e5 ett n\u00e4stan obegr\u00e4nsat spektrum av anv\u00e4ndning. Lesj\u00f6fors fj\u00e4drar och banddetaljer finns i n\u00e4stan alla branscher.\" \/>\n<meta property=\"og:url\" content=\"https:\/\/www.lesjoforsab.com\/sv\/branscher\/ovriga-branscher\/\" \/>\n<meta property=\"og:site_name\" content=\"Lesj\u00f6fors - Industrial Springs and Pressings\" \/>\n<meta property=\"article:modified_time\" content=\"2024-05-30T09:38:34+00:00\" \/>\n<meta property=\"og:image\" content=\"https:\/\/www.lesjoforsab.com\/wp-content\/uploads\/User-Uploads\/General-Content\/Industry\/Otherindustries-2.jpg\" \/>\n<script type=\"application\/ld+json\" class=\"yoast-schema-graph\">{\"@context\":\"https:\/\/schema.org\",\"@graph\":[{\"@type\":\"WebPage\",\"@id\":\"https:\/\/www.lesjoforsab.com\/sv\/branscher\/ovriga-branscher\/\",\"url\":\"https:\/\/www.lesjoforsab.com\/sv\/branscher\/ovriga-branscher\/\",\"name\":\"Lesj\u00f6fors - Fj\u00e4drar och banddetaljer f\u00f6r andra branscher\",\"isPartOf\":{\"@id\":\"https:\/\/www.lesjoforsab.com\/sv\/#website\"},\"primaryImageOfPage\":{\"@id\":\"https:\/\/www.lesjoforsab.com\/sv\/branscher\/ovriga-branscher\/#primaryimage\"},\"image\":{\"@id\":\"https:\/\/www.lesjoforsab.com\/sv\/branscher\/ovriga-branscher\/#primaryimage\"},\"thumbnailUrl\":\"https:\/\/www.lesjoforsab.com\/wp-content\/uploads\/User-Uploads\/General-Content\/Industry\/Otherindustries-2.jpg\",\"datePublished\":\"2019-08-16T14:35:02+00:00\",\"dateModified\":\"2024-05-30T09:38:34+00:00\",\"description\":\"M\u00e5ngfalden i v\u00e5rt produktsortiment m\u00f6jligg\u00f6r ocks\u00e5 ett n\u00e4stan obegr\u00e4nsat spektrum av anv\u00e4ndning. Lesj\u00f6fors fj\u00e4drar och banddetaljer finns i n\u00e4stan alla branscher.\",\"breadcrumb\":{\"@id\":\"https:\/\/www.lesjoforsab.com\/sv\/branscher\/ovriga-branscher\/#breadcrumb\"},\"inLanguage\":\"sv-SE\",\"potentialAction\":[{\"@type\":\"ReadAction\",\"target\":[\"https:\/\/www.lesjoforsab.com\/sv\/branscher\/ovriga-branscher\/\"]}]},{\"@type\":\"ImageObject\",\"inLanguage\":\"sv-SE\",\"@id\":\"https:\/\/www.lesjoforsab.com\/sv\/branscher\/ovriga-branscher\/#primaryimage\",\"url\":\"https:\/\/www.lesjoforsab.com\/wp-content\/uploads\/User-Uploads\/General-Content\/Industry\/Otherindustries-2.jpg\",\"contentUrl\":\"https:\/\/www.lesjoforsab.com\/wp-content\/uploads\/User-Uploads\/General-Content\/Industry\/Otherindustries-2.jpg\"},{\"@type\":\"BreadcrumbList\",\"@id\":\"https:\/\/www.lesjoforsab.com\/sv\/branscher\/ovriga-branscher\/#breadcrumb\",\"itemListElement\":[{\"@type\":\"ListItem\",\"position\":1,\"name\":\"Startsida\",\"item\":\"https:\/\/www.lesjoforsab.com\/sv\/\"},{\"@type\":\"ListItem\",\"position\":2,\"name\":\"Branscher\",\"item\":\"https:\/\/www.lesjoforsab.com\/sv\/bransjer\/\"},{\"@type\":\"ListItem\",\"position\":3,\"name\":\"\u00d6vriga branscher\"}]},{\"@type\":\"WebSite\",\"@id\":\"https:\/\/www.lesjoforsab.com\/sv\/#website\",\"url\":\"https:\/\/www.lesjoforsab.com\/sv\/\",\"name\":\"Lesj\u00f6fors - Industrial Springs and Pressings\",\"description\":\"\",\"publisher\":{\"@id\":\"https:\/\/www.lesjoforsab.com\/sv\/#organization\"},\"potentialAction\":[{\"@type\":\"SearchAction\",\"target\":{\"@type\":\"EntryPoint\",\"urlTemplate\":\"https:\/\/www.lesjoforsab.com\/sv\/?s={search_term_string}\"},\"query-input\":{\"@type\":\"PropertyValueSpecification\",\"valueRequired\":true,\"valueName\":\"search_term_string\"}}],\"inLanguage\":\"sv-SE\"},{\"@type\":\"Organization\",\"@id\":\"https:\/\/www.lesjoforsab.com\/sv\/#organization\",\"name\":\"Lesj\u00f6fors AB\",\"url\":\"https:\/\/www.lesjoforsab.com\/sv\/\",\"logo\":{\"@type\":\"ImageObject\",\"inLanguage\":\"sv-SE\",\"@id\":\"https:\/\/www.lesjoforsab.com\/sv\/#\/schema\/logo\/image\/\",\"url\":\"https:\/\/www.lesjoforsab.com\/wp-content\/uploads\/User-Uploads\/Lesjoefors-Brand\/Logotypes\/lesjofors-logo-without-payoff.jpg\",\"contentUrl\":\"https:\/\/www.lesjoforsab.com\/wp-content\/uploads\/User-Uploads\/Lesjoefors-Brand\/Logotypes\/lesjofors-logo-without-payoff.jpg\",\"width\":1347,\"height\":378,\"caption\":\"Lesj\u00f6fors AB\"},\"image\":{\"@id\":\"https:\/\/www.lesjoforsab.com\/sv\/#\/schema\/logo\/image\/\"},\"sameAs\":[\"https:\/\/x.com\/lesjoforsgroup\",\"https:\/\/www.linkedin.com\/company\/lesjoforsab\/\",\"https:\/\/www.youtube.com\/user\/lesjoforsab\"]}]}<\/script>\n<!-- \/ Yoast SEO plugin. -->","yoast_head_json":{"title":"Lesj\u00f6fors - Fj\u00e4drar och banddetaljer f\u00f6r andra branscher","description":"M\u00e5ngfalden i v\u00e5rt produktsortiment m\u00f6jligg\u00f6r ocks\u00e5 ett n\u00e4stan obegr\u00e4nsat spektrum av anv\u00e4ndning. Lesj\u00f6fors fj\u00e4drar och banddetaljer finns i n\u00e4stan alla branscher.","robots":{"index":"index","follow":"follow","max-snippet":"max-snippet:-1","max-image-preview":"max-image-preview:large","max-video-preview":"max-video-preview:-1"},"canonical":"https:\/\/www.lesjoforsab.com\/sv\/branscher\/ovriga-branscher\/","og_locale":"sv_SE","og_type":"article","og_title":"Lesj\u00f6fors - Fj\u00e4drar och banddetaljer f\u00f6r andra branscher","og_description":"M\u00e5ngfalden i v\u00e5rt produktsortiment m\u00f6jligg\u00f6r ocks\u00e5 ett n\u00e4stan obegr\u00e4nsat spektrum av anv\u00e4ndning. Lesj\u00f6fors fj\u00e4drar och banddetaljer finns i n\u00e4stan alla branscher.","og_url":"https:\/\/www.lesjoforsab.com\/sv\/branscher\/ovriga-branscher\/","og_site_name":"Lesj\u00f6fors - Industrial Springs and Pressings","article_modified_time":"2024-05-30T09:38:34+00:00","og_image":[{"url":"https:\/\/www.lesjoforsab.com\/wp-content\/uploads\/User-Uploads\/General-Content\/Industry\/Otherindustries-2.jpg","type":"","width":"","height":""}],"schema":{"@context":"https:\/\/schema.org","@graph":[{"@type":"WebPage","@id":"https:\/\/www.lesjoforsab.com\/sv\/branscher\/ovriga-branscher\/","url":"https:\/\/www.lesjoforsab.com\/sv\/branscher\/ovriga-branscher\/","name":"Lesj\u00f6fors - Fj\u00e4drar och banddetaljer f\u00f6r andra branscher","isPartOf":{"@id":"https:\/\/www.lesjoforsab.com\/sv\/#website"},"primaryImageOfPage":{"@id":"https:\/\/www.lesjoforsab.com\/sv\/branscher\/ovriga-branscher\/#primaryimage"},"image":{"@id":"https:\/\/www.lesjoforsab.com\/sv\/branscher\/ovriga-branscher\/#primaryimage"},"thumbnailUrl":"https:\/\/www.lesjoforsab.com\/wp-content\/uploads\/User-Uploads\/General-Content\/Industry\/Otherindustries-2.jpg","datePublished":"2019-08-16T14:35:02+00:00","dateModified":"2024-05-30T09:38:34+00:00","description":"M\u00e5ngfalden i v\u00e5rt produktsortiment m\u00f6jligg\u00f6r ocks\u00e5 ett n\u00e4stan obegr\u00e4nsat spektrum av anv\u00e4ndning. Lesj\u00f6fors fj\u00e4drar och banddetaljer finns i n\u00e4stan alla branscher.","breadcrumb":{"@id":"https:\/\/www.lesjoforsab.com\/sv\/branscher\/ovriga-branscher\/#breadcrumb"},"inLanguage":"sv-SE","potentialAction":[{"@type":"ReadAction","target":["https:\/\/www.lesjoforsab.com\/sv\/branscher\/ovriga-branscher\/"]}]},{"@type":"ImageObject","inLanguage":"sv-SE","@id":"https:\/\/www.lesjoforsab.com\/sv\/branscher\/ovriga-branscher\/#primaryimage","url":"https:\/\/www.lesjoforsab.com\/wp-content\/uploads\/User-Uploads\/General-Content\/Industry\/Otherindustries-2.jpg","contentUrl":"https:\/\/www.lesjoforsab.com\/wp-content\/uploads\/User-Uploads\/General-Content\/Industry\/Otherindustries-2.jpg"},{"@type":"BreadcrumbList","@id":"https:\/\/www.lesjoforsab.com\/sv\/branscher\/ovriga-branscher\/#breadcrumb","itemListElement":[{"@type":"ListItem","position":1,"name":"Startsida","item":"https:\/\/www.lesjoforsab.com\/sv\/"},{"@type":"ListItem","position":2,"name":"Branscher","item":"https:\/\/www.lesjoforsab.com\/sv\/bransjer\/"},{"@type":"ListItem","position":3,"name":"\u00d6vriga branscher"}]},{"@type":"WebSite","@id":"https:\/\/www.lesjoforsab.com\/sv\/#website","url":"https:\/\/www.lesjoforsab.com\/sv\/","name":"Lesj\u00f6fors - Industrial Springs and Pressings","description":"","publisher":{"@id":"https:\/\/www.lesjoforsab.com\/sv\/#organization"},"potentialAction":[{"@type":"SearchAction","target":{"@type":"EntryPoint","urlTemplate":"https:\/\/www.lesjoforsab.com\/sv\/?s={search_term_string}"},"query-input":{"@type":"PropertyValueSpecification","valueRequired":true,"valueName":"search_term_string"}}],"inLanguage":"sv-SE"},{"@type":"Organization","@id":"https:\/\/www.lesjoforsab.com\/sv\/#organization","name":"Lesj\u00f6fors AB","url":"https:\/\/www.lesjoforsab.com\/sv\/","logo":{"@type":"ImageObject","inLanguage":"sv-SE","@id":"https:\/\/www.lesjoforsab.com\/sv\/#\/schema\/logo\/image\/","url":"https:\/\/www.lesjoforsab.com\/wp-content\/uploads\/User-Uploads\/Lesjoefors-Brand\/Logotypes\/lesjofors-logo-without-payoff.jpg","contentUrl":"https:\/\/www.lesjoforsab.com\/wp-content\/uploads\/User-Uploads\/Lesjoefors-Brand\/Logotypes\/lesjofors-logo-without-payoff.jpg","width":1347,"height":378,"caption":"Lesj\u00f6fors AB"},"image":{"@id":"https:\/\/www.lesjoforsab.com\/sv\/#\/schema\/logo\/image\/"},"sameAs":["https:\/\/x.com\/lesjoforsgroup","https:\/\/www.linkedin.com\/company\/lesjoforsab\/","https:\/\/www.youtube.com\/user\/lesjoforsab"]}]}},"_links":{"self":[{"href":"https:\/\/www.lesjoforsab.com\/sv\/wp-json\/wp\/v2\/pages\/10189","targetHints":{"allow":["GET"]}}],"collection":[{"href":"https:\/\/www.lesjoforsab.com\/sv\/wp-json\/wp\/v2\/pages"}],"about":[{"href":"https:\/\/www.lesjoforsab.com\/sv\/wp-json\/wp\/v2\/types\/page"}],"author":[{"embeddable":true,"href":"https:\/\/www.lesjoforsab.com\/sv\/wp-json\/wp\/v2\/users\/3"}],"replies":[{"embeddable":true,"href":"https:\/\/www.lesjoforsab.com\/sv\/wp-json\/wp\/v2\/comments?post=10189"}],"version-history":[{"count":6,"href":"https:\/\/www.lesjoforsab.com\/sv\/wp-json\/wp\/v2\/pages\/10189\/revisions"}],"predecessor-version":[{"id":84307,"href":"https:\/\/www.lesjoforsab.com\/sv\/wp-json\/wp\/v2\/pages\/10189\/revisions\/84307"}],"up":[{"embeddable":true,"href":"https:\/\/www.lesjoforsab.com\/sv\/wp-json\/wp\/v2\/pages\/10148"}],"wp:attachment":[{"href":"https:\/\/www.lesjoforsab.com\/sv\/wp-json\/wp\/v2\/media?parent=10189"}],"curies":[{"name":"wp","href":"https:\/\/api.w.org\/{rel}","templated":true}]}}