{"id":10165,"date":"2019-08-16T16:31:41","date_gmt":"2019-08-16T14:31:41","guid":{"rendered":"https:\/\/www.lesjoforsab.com\/industrier\/bygg-och-infrastruktur\/"},"modified":"2024-07-25T16:36:40","modified_gmt":"2024-07-25T14:36:40","slug":"bygg-och-infrastruktur","status":"publish","type":"page","link":"https:\/\/www.lesjoforsab.com\/sv\/branscher\/bygg-och-infrastruktur\/","title":{"rendered":"Bygg och infrastruktur"},"content":{"rendered":"\t\t<div data-elementor-type=\"wp-page\" data-elementor-id=\"10165\" class=\"elementor elementor-10165 elementor-148\" data-elementor-post-type=\"page\">\n\t\t\t\t\t\t<section class=\"elementor-section elementor-top-section elementor-element elementor-element-048f5fb elementor-section-boxed elementor-section-height-default elementor-section-height-default\" data-id=\"048f5fb\" data-element_type=\"section\" data-settings=\"{&quot;jet_parallax_layout_list&quot;:[{&quot;jet_parallax_layout_image&quot;:{&quot;url&quot;:&quot;&quot;,&quot;id&quot;:&quot;&quot;,&quot;size&quot;:&quot;&quot;},&quot;_id&quot;:&quot;d775061&quot;,&quot;jet_parallax_layout_image_tablet&quot;:{&quot;url&quot;:&quot;&quot;,&quot;id&quot;:&quot;&quot;,&quot;size&quot;:&quot;&quot;},&quot;jet_parallax_layout_image_mobile&quot;:{&quot;url&quot;:&quot;&quot;,&quot;id&quot;:&quot;&quot;,&quot;size&quot;:&quot;&quot;},&quot;jet_parallax_layout_speed&quot;:{&quot;unit&quot;:&quot;%&quot;,&quot;size&quot;:50,&quot;sizes&quot;:[]},&quot;jet_parallax_layout_type&quot;:&quot;scroll&quot;,&quot;jet_parallax_layout_direction&quot;:&quot;1&quot;,&quot;jet_parallax_layout_fx_direction&quot;:null,&quot;jet_parallax_layout_z_index&quot;:&quot;&quot;,&quot;jet_parallax_layout_bg_x&quot;:50,&quot;jet_parallax_layout_bg_x_tablet&quot;:&quot;&quot;,&quot;jet_parallax_layout_bg_x_mobile&quot;:&quot;&quot;,&quot;jet_parallax_layout_bg_y&quot;:50,&quot;jet_parallax_layout_bg_y_tablet&quot;:&quot;&quot;,&quot;jet_parallax_layout_bg_y_mobile&quot;:&quot;&quot;,&quot;jet_parallax_layout_bg_size&quot;:&quot;auto&quot;,&quot;jet_parallax_layout_bg_size_tablet&quot;:&quot;&quot;,&quot;jet_parallax_layout_bg_size_mobile&quot;:&quot;&quot;,&quot;jet_parallax_layout_animation_prop&quot;:&quot;transform&quot;,&quot;jet_parallax_layout_on&quot;:[&quot;desktop&quot;,&quot;tablet&quot;]}],&quot;background_background&quot;:&quot;classic&quot;}\">\n\t\t\t\t\t\t<div class=\"elementor-container elementor-column-gap-default\">\n\t\t\t\t\t<div class=\"elementor-column elementor-col-100 elementor-top-column elementor-element elementor-element-c857b93\" data-id=\"c857b93\" data-element_type=\"column\">\n\t\t\t<div class=\"elementor-widget-wrap elementor-element-populated\">\n\t\t\t\t\t\t<div class=\"elementor-element elementor-element-ff6ed5f p white margin-bottom-big subtitle elementor-widget elementor-widget-text-editor\" data-id=\"ff6ed5f\" data-element_type=\"widget\" data-widget_type=\"text-editor.default\">\n\t\t\t\t<div class=\"elementor-widget-container\">\n\t\t\t\t\t\t\t\t\t<p>Fr\u00e5n gruvorna till j\u00e4rnv\u00e4garna. Tunnlar och broar. Vi skapar l\u00f6sningar f\u00f6r alla byggbranscher.<\/p>\n\t\t\t\t\t\t\t\t<\/div>\n\t\t\t\t<\/div>\n\t\t\t\t\t<\/div>\n\t\t<\/div>\n\t\t\t\t\t<\/div>\n\t\t<\/section>\n\t\t\t\t<section class=\"elementor-section elementor-top-section elementor-element elementor-element-13d1ab0 elementor-section-boxed elementor-section-height-default elementor-section-height-default\" data-id=\"13d1ab0\" data-element_type=\"section\" data-settings=\"{&quot;jet_parallax_layout_list&quot;:[{&quot;jet_parallax_layout_image&quot;:{&quot;url&quot;:&quot;&quot;,&quot;id&quot;:&quot;&quot;,&quot;size&quot;:&quot;&quot;},&quot;_id&quot;:&quot;1ae3376&quot;,&quot;jet_parallax_layout_image_tablet&quot;:{&quot;url&quot;:&quot;&quot;,&quot;id&quot;:&quot;&quot;,&quot;size&quot;:&quot;&quot;},&quot;jet_parallax_layout_image_mobile&quot;:{&quot;url&quot;:&quot;&quot;,&quot;id&quot;:&quot;&quot;,&quot;size&quot;:&quot;&quot;},&quot;jet_parallax_layout_speed&quot;:{&quot;unit&quot;:&quot;%&quot;,&quot;size&quot;:50,&quot;sizes&quot;:[]},&quot;jet_parallax_layout_type&quot;:&quot;scroll&quot;,&quot;jet_parallax_layout_direction&quot;:&quot;1&quot;,&quot;jet_parallax_layout_fx_direction&quot;:null,&quot;jet_parallax_layout_z_index&quot;:&quot;&quot;,&quot;jet_parallax_layout_bg_x&quot;:50,&quot;jet_parallax_layout_bg_x_tablet&quot;:&quot;&quot;,&quot;jet_parallax_layout_bg_x_mobile&quot;:&quot;&quot;,&quot;jet_parallax_layout_bg_y&quot;:50,&quot;jet_parallax_layout_bg_y_tablet&quot;:&quot;&quot;,&quot;jet_parallax_layout_bg_y_mobile&quot;:&quot;&quot;,&quot;jet_parallax_layout_bg_size&quot;:&quot;auto&quot;,&quot;jet_parallax_layout_bg_size_tablet&quot;:&quot;&quot;,&quot;jet_parallax_layout_bg_size_mobile&quot;:&quot;&quot;,&quot;jet_parallax_layout_animation_prop&quot;:&quot;transform&quot;,&quot;jet_parallax_layout_on&quot;:[&quot;desktop&quot;,&quot;tablet&quot;]}]}\">\n\t\t\t\t\t\t<div class=\"elementor-container elementor-column-gap-default\">\n\t\t\t\t\t<div class=\"elementor-column elementor-col-100 elementor-top-column elementor-element elementor-element-ff372d0\" data-id=\"ff372d0\" data-element_type=\"column\">\n\t\t\t<div class=\"elementor-widget-wrap elementor-element-populated\">\n\t\t\t\t\t\t<div class=\"elementor-element elementor-element-c1e2485 monocrumbs elementor-widget elementor-widget-breadcrumbs\" data-id=\"c1e2485\" data-element_type=\"widget\" data-widget_type=\"breadcrumbs.default\">\n\t\t\t\t<div class=\"elementor-widget-container\">\n\t\t\t\t\t<p id=\"breadcrumbs\"><span><span><a href=\"https:\/\/www.lesjoforsab.com\/sv\/\">Startsida<\/a><\/span><\/span><\/p>\t\t\t\t<\/div>\n\t\t\t\t<\/div>\n\t\t\t\t\t<\/div>\n\t\t<\/div>\n\t\t\t\t\t<\/div>\n\t\t<\/section>\n\t\t\t\t<section class=\"elementor-section elementor-top-section elementor-element elementor-element-422a751 margin-top-medium elementor-section-boxed elementor-section-height-default elementor-section-height-default\" data-id=\"422a751\" data-element_type=\"section\" data-settings=\"{&quot;jet_parallax_layout_list&quot;:[{&quot;jet_parallax_layout_image&quot;:{&quot;url&quot;:&quot;&quot;,&quot;id&quot;:&quot;&quot;,&quot;size&quot;:&quot;&quot;},&quot;_id&quot;:&quot;10a5b20&quot;,&quot;jet_parallax_layout_image_tablet&quot;:{&quot;url&quot;:&quot;&quot;,&quot;id&quot;:&quot;&quot;,&quot;size&quot;:&quot;&quot;},&quot;jet_parallax_layout_image_mobile&quot;:{&quot;url&quot;:&quot;&quot;,&quot;id&quot;:&quot;&quot;,&quot;size&quot;:&quot;&quot;},&quot;jet_parallax_layout_speed&quot;:{&quot;unit&quot;:&quot;%&quot;,&quot;size&quot;:50,&quot;sizes&quot;:[]},&quot;jet_parallax_layout_type&quot;:&quot;scroll&quot;,&quot;jet_parallax_layout_direction&quot;:&quot;1&quot;,&quot;jet_parallax_layout_fx_direction&quot;:null,&quot;jet_parallax_layout_z_index&quot;:&quot;&quot;,&quot;jet_parallax_layout_bg_x&quot;:50,&quot;jet_parallax_layout_bg_x_tablet&quot;:&quot;&quot;,&quot;jet_parallax_layout_bg_x_mobile&quot;:&quot;&quot;,&quot;jet_parallax_layout_bg_y&quot;:50,&quot;jet_parallax_layout_bg_y_tablet&quot;:&quot;&quot;,&quot;jet_parallax_layout_bg_y_mobile&quot;:&quot;&quot;,&quot;jet_parallax_layout_bg_size&quot;:&quot;auto&quot;,&quot;jet_parallax_layout_bg_size_tablet&quot;:&quot;&quot;,&quot;jet_parallax_layout_bg_size_mobile&quot;:&quot;&quot;,&quot;jet_parallax_layout_animation_prop&quot;:&quot;transform&quot;,&quot;jet_parallax_layout_on&quot;:[&quot;desktop&quot;,&quot;tablet&quot;]}]}\">\n\t\t\t\t\t\t<div class=\"elementor-container elementor-column-gap-default\">\n\t\t\t\t\t<div class=\"elementor-column elementor-col-33 elementor-top-column elementor-element elementor-element-8ced9fa\" data-id=\"8ced9fa\" data-element_type=\"column\">\n\t\t\t<div class=\"elementor-widget-wrap elementor-element-populated\">\n\t\t\t\t\t\t<div class=\"elementor-element elementor-element-5850ab2 decorated  elementor-widget elementor-widget-heading\" data-id=\"5850ab2\" data-element_type=\"widget\" data-widget_type=\"heading.default\">\n\t\t\t\t<div class=\"elementor-widget-container\">\n\t\t\t\t\t<h2 class=\"elementor-heading-title elementor-size-default\">Byggbranscher<\/h2>\t\t\t\t<\/div>\n\t\t\t\t<\/div>\n\t\t\t\t<div class=\"elementor-element elementor-element-614a7d6 margin-top-small elementor-widget elementor-widget-text-editor\" data-id=\"614a7d6\" data-element_type=\"widget\" data-widget_type=\"text-editor.default\">\n\t\t\t\t<div class=\"elementor-widget-container\">\n\t\t\t\t\t\t\t\t\t<p><span lang=\"EN-US\" style=\"mso-ansi-language: EN-US;\">Lesj\u00f6fors tillverkar <\/span> <span lang=\"EN-US\" style=\"mso-ansi-language: EN-US;\">fj\u00e4drar till n\u00e4stan alla typer av mekanisk utrustning och industrier som till exempel:<\/span><\/p>\n<ul>\n<li>infrastruktur \u2013 tunga fj\u00e4drar i j\u00e4rnv\u00e4gssboggies<\/li>\n<li><a href=\"https:\/\/www.lesjoforsab.com\/sv\/produkt\/drivfjadrar-2\/\">drivfj\u00e4drar<\/a> i hissar<\/li>\n<li><a href=\"https:\/\/www.lesjoforsab.com\/sv\/produkt\/tryckfjadrar\/\">tryckfj\u00e4drar<\/a> i utrustning till stenbrott och gruvindustrin<\/li>\n<li><a href=\"https:\/\/www.lesjoforsab.com\/sv\/produkter\/gasfjadrar\/\">gasfj\u00e4der<\/a> i d\u00f6rrar och luckor i entreprenadmaskiner<\/li>\n<\/ul>\n\t\t\t\t\t\t\t\t<\/div>\n\t\t\t\t<\/div>\n\t\t\t\t\t<\/div>\n\t\t<\/div>\n\t\t\t\t<div class=\"elementor-column elementor-col-66 elementor-top-column elementor-element elementor-element-416d74f\" data-id=\"416d74f\" data-element_type=\"column\">\n\t\t\t<div class=\"elementor-widget-wrap elementor-element-populated\">\n\t\t\t\t\t\t<div class=\"elementor-element elementor-element-7baa0cb elementor-widget elementor-widget-image\" data-id=\"7baa0cb\" data-element_type=\"widget\" data-widget_type=\"image.default\">\n\t\t\t\t<div class=\"elementor-widget-container\">\n\t\t\t\t\t\t\t\t\t\t\t\t\t\t\t<img fetchpriority=\"high\" decoding=\"async\" width=\"721\" height=\"421\" src=\"https:\/\/www.lesjoforsab.com\/wp-content\/uploads\/User-Uploads\/General-Content\/Industry\/Construction-2.jpg\" class=\"attachment-large size-large wp-image-7860\" alt=\"Oeresundsbron_illustration\" srcset=\"https:\/\/www.lesjoforsab.com\/wp-content\/uploads\/User-Uploads\/General-Content\/Industry\/Construction-2.jpg 721w, https:\/\/www.lesjoforsab.com\/wp-content\/uploads\/User-Uploads\/General-Content\/Industry\/Construction-2-300x175.jpg 300w, https:\/\/www.lesjoforsab.com\/wp-content\/uploads\/User-Uploads\/General-Content\/Industry\/Construction-2-400x234.jpg 400w\" sizes=\"(max-width: 721px) 100vw, 721px\" \/>\t\t\t\t\t\t\t\t\t\t\t\t\t\t\t<\/div>\n\t\t\t\t<\/div>\n\t\t\t\t\t<\/div>\n\t\t<\/div>\n\t\t\t\t\t<\/div>\n\t\t<\/section>\n\t\t\t\t<section class=\"elementor-section elementor-top-section elementor-element elementor-element-410cc30 elementor-section-boxed elementor-section-height-default elementor-section-height-default\" data-id=\"410cc30\" data-element_type=\"section\" data-settings=\"{&quot;jet_parallax_layout_list&quot;:[{&quot;jet_parallax_layout_image&quot;:{&quot;url&quot;:&quot;&quot;,&quot;id&quot;:&quot;&quot;,&quot;size&quot;:&quot;&quot;},&quot;_id&quot;:&quot;11c56fd&quot;,&quot;jet_parallax_layout_image_tablet&quot;:{&quot;url&quot;:&quot;&quot;,&quot;id&quot;:&quot;&quot;,&quot;size&quot;:&quot;&quot;},&quot;jet_parallax_layout_image_mobile&quot;:{&quot;url&quot;:&quot;&quot;,&quot;id&quot;:&quot;&quot;,&quot;size&quot;:&quot;&quot;},&quot;jet_parallax_layout_speed&quot;:{&quot;unit&quot;:&quot;%&quot;,&quot;size&quot;:50,&quot;sizes&quot;:[]},&quot;jet_parallax_layout_type&quot;:&quot;scroll&quot;,&quot;jet_parallax_layout_direction&quot;:&quot;1&quot;,&quot;jet_parallax_layout_fx_direction&quot;:null,&quot;jet_parallax_layout_z_index&quot;:&quot;&quot;,&quot;jet_parallax_layout_bg_x&quot;:50,&quot;jet_parallax_layout_bg_x_tablet&quot;:&quot;&quot;,&quot;jet_parallax_layout_bg_x_mobile&quot;:&quot;&quot;,&quot;jet_parallax_layout_bg_y&quot;:50,&quot;jet_parallax_layout_bg_y_tablet&quot;:&quot;&quot;,&quot;jet_parallax_layout_bg_y_mobile&quot;:&quot;&quot;,&quot;jet_parallax_layout_bg_size&quot;:&quot;auto&quot;,&quot;jet_parallax_layout_bg_size_tablet&quot;:&quot;&quot;,&quot;jet_parallax_layout_bg_size_mobile&quot;:&quot;&quot;,&quot;jet_parallax_layout_animation_prop&quot;:&quot;transform&quot;,&quot;jet_parallax_layout_on&quot;:[&quot;desktop&quot;,&quot;tablet&quot;]}]}\">\n\t\t\t\t\t\t<div class=\"elementor-container elementor-column-gap-default\">\n\t\t\t\t\t<div class=\"elementor-column elementor-col-50 elementor-top-column elementor-element elementor-element-d415ec5\" data-id=\"d415ec5\" data-element_type=\"column\">\n\t\t\t<div class=\"elementor-widget-wrap elementor-element-populated\">\n\t\t\t\t\t\t<div class=\"elementor-element elementor-element-bdf21c5 h3 margin-top-big special-color elementor-widget elementor-widget-heading\" data-id=\"bdf21c5\" data-element_type=\"widget\" data-widget_type=\"heading.default\">\n\t\t\t\t<div class=\"elementor-widget-container\">\n\t\t\t\t\t<h2 class=\"elementor-heading-title elementor-size-default\">L\u00e4r k\u00e4nna oss<\/h2>\t\t\t\t<\/div>\n\t\t\t\t<\/div>\n\t\t\t\t<div class=\"elementor-element elementor-element-95e999f font-weight-medium elementor-widget elementor-widget-text-editor\" data-id=\"95e999f\" data-element_type=\"widget\" data-widget_type=\"text-editor.default\">\n\t\t\t\t<div class=\"elementor-widget-container\">\n\t\t\t\t\t\t\t\t\t<p>Kontakta oss f\u00f6r att l\u00e4sa mer om v\u00e5ra produkter f\u00f6r byggbranschen.<\/p>\n\t\t\t\t\t\t\t\t<\/div>\n\t\t\t\t<\/div>\n\t\t\t\t<div class=\"elementor-element elementor-element-1324e67 elementor-widget elementor-widget-text-editor\" data-id=\"1324e67\" data-element_type=\"widget\" data-widget_type=\"text-editor.default\">\n\t\t\t\t<div class=\"elementor-widget-container\">\n\t\t\t\t\t\t\t\t\t<p>Lesj\u00f6fors har mer \u00e4n 150 \u00e5rs kunskap och erfarenhet att producera fj\u00e4drar. Idag \u00e4r vi stolta \u00f6ver att kunna erbjuda det v\u00e4rldens bredaste utbud av fj\u00e4drar och banddtaljer till ett brett spektrum av branscher.<\/p><p>Om ditt f\u00f6retag \u00e4r verksamt inom byggbranschen och letar efter h\u00f6gkvalitativa komponenter att integrera i dina produkter, <a href=\"https:\/\/www.lesjoforsab.com\/sv\/kontakt\/\/\">v\u00e4nligen kontakta ditt n\u00e4rmaste Lesj\u00f6fors f\u00f6retag.<\/a> Eller ta en titt p\u00e5 v\u00e5r <a href=\"https:\/\/shop.lesjofors.com\" target=\"_blank\" rel=\"noopener\">digitala fj\u00e4derkatalog och webbshop<\/a>, d\u00e4r du hittar ett gediget utbud av fj\u00e4drar och tr\u00e5ddetaljer som alltid \u00e4r tillg\u00e4ngliga f\u00f6r omg\u00e5ende leverans.<\/p>\t\t\t\t\t\t\t\t<\/div>\n\t\t\t\t<\/div>\n\t\t\t\t<div class=\"elementor-element elementor-element-7a0071f margin-bottom-big elementor-widget elementor-widget-button\" data-id=\"7a0071f\" data-element_type=\"widget\" data-widget_type=\"button.default\">\n\t\t\t\t<div class=\"elementor-widget-container\">\n\t\t\t\t\t\t\t\t\t<div class=\"elementor-button-wrapper\">\n\t\t\t\t\t<a class=\"elementor-button elementor-button-link elementor-size-sm\" href=\"https:\/\/www.lesjoforsab.com\/sv\/kontakt\/\">\n\t\t\t\t\t\t<span class=\"elementor-button-content-wrapper\">\n\t\t\t\t\t\t\t\t\t<span class=\"elementor-button-text\">Hitta din f\u00f6rs\u00e4ljningskontakt<\/span>\n\t\t\t\t\t<\/span>\n\t\t\t\t\t<\/a>\n\t\t\t\t<\/div>\n\t\t\t\t\t\t\t\t<\/div>\n\t\t\t\t<\/div>\n\t\t\t\t\t<\/div>\n\t\t<\/div>\n\t\t\t\t<div class=\"elementor-column elementor-col-50 elementor-top-column elementor-element elementor-element-e0ce171\" data-id=\"e0ce171\" data-element_type=\"column\">\n\t\t\t<div class=\"elementor-widget-wrap\">\n\t\t\t\t\t\t\t<\/div>\n\t\t<\/div>\n\t\t\t\t\t<\/div>\n\t\t<\/section>\n\t\t\t\t<\/div>\n\t\t","protected":false},"excerpt":{"rendered":"<p>Fr\u00e5n gruvorna till j\u00e4rnv\u00e4garna. Tunnlar och broar. Vi skapar l\u00f6sningar f\u00f6r alla byggbranscher. Byggbranscher Lesj\u00f6fors tillverkar fj\u00e4drar till n\u00e4stan alla typer av mekanisk utrustning och industrier som till exempel: infrastruktur \u2013 tunga fj\u00e4drar i j\u00e4rnv\u00e4gssboggies drivfj\u00e4drar i hissar tryckfj\u00e4drar i utrustning till stenbrott och gruvindustrin gasfj\u00e4der i d\u00f6rrar och luckor i entreprenadmaskiner L\u00e4r k\u00e4nna oss [&hellip;]<\/p>\n","protected":false},"author":3,"featured_media":0,"parent":10148,"menu_order":0,"comment_status":"closed","ping_status":"closed","template":"","meta":{"footnotes":""},"class_list":["post-10165","page","type-page","status-publish","hentry"],"yoast_head":"<!-- This site is optimized with the Yoast SEO plugin v25.6 - https:\/\/yoast.com\/wordpress\/plugins\/seo\/ -->\n<title>Lesj\u00f6fors - Fj\u00e4drar och banddetaljer f\u00f6r byggbranschen<\/title>\n<meta name=\"description\" content=\"Lesj\u00f6fors producerar fj\u00e4drar och banddetaljer till v\u00e4rldens ledande bygg- och byggf\u00f6retag. Med v\u00e5r erfarenhet l\u00f6ser vi de mest komplicerade uppgifterna.\" \/>\n<meta name=\"robots\" content=\"index, follow, max-snippet:-1, max-image-preview:large, max-video-preview:-1\" \/>\n<link rel=\"canonical\" href=\"https:\/\/www.lesjoforsab.com\/sv\/branscher\/bygg-och-infrastruktur\/\" \/>\n<meta property=\"og:locale\" content=\"sv_SE\" \/>\n<meta property=\"og:type\" content=\"article\" \/>\n<meta property=\"og:title\" content=\"Lesj\u00f6fors - Fj\u00e4drar och banddetaljer f\u00f6r byggbranschen\" \/>\n<meta property=\"og:description\" content=\"Lesj\u00f6fors producerar fj\u00e4drar och banddetaljer till v\u00e4rldens ledande bygg- och byggf\u00f6retag. Med v\u00e5r erfarenhet l\u00f6ser vi de mest komplicerade uppgifterna.\" \/>\n<meta property=\"og:url\" content=\"https:\/\/www.lesjoforsab.com\/sv\/branscher\/bygg-och-infrastruktur\/\" \/>\n<meta property=\"og:site_name\" content=\"Lesj\u00f6fors - Industrial Springs and Pressings\" \/>\n<meta property=\"article:modified_time\" content=\"2024-07-25T14:36:40+00:00\" \/>\n<meta property=\"og:image\" content=\"https:\/\/www.lesjoforsab.com\/wp-content\/uploads\/User-Uploads\/General-Content\/Industry\/Construction-2.jpg\" \/>\n<script type=\"application\/ld+json\" class=\"yoast-schema-graph\">{\"@context\":\"https:\/\/schema.org\",\"@graph\":[{\"@type\":\"WebPage\",\"@id\":\"https:\/\/www.lesjoforsab.com\/sv\/branscher\/bygg-och-infrastruktur\/\",\"url\":\"https:\/\/www.lesjoforsab.com\/sv\/branscher\/bygg-och-infrastruktur\/\",\"name\":\"Lesj\u00f6fors - Fj\u00e4drar och banddetaljer f\u00f6r byggbranschen\",\"isPartOf\":{\"@id\":\"https:\/\/www.lesjoforsab.com\/sv\/#website\"},\"primaryImageOfPage\":{\"@id\":\"https:\/\/www.lesjoforsab.com\/sv\/branscher\/bygg-och-infrastruktur\/#primaryimage\"},\"image\":{\"@id\":\"https:\/\/www.lesjoforsab.com\/sv\/branscher\/bygg-och-infrastruktur\/#primaryimage\"},\"thumbnailUrl\":\"https:\/\/www.lesjoforsab.com\/wp-content\/uploads\/User-Uploads\/General-Content\/Industry\/Construction-2.jpg\",\"datePublished\":\"2019-08-16T14:31:41+00:00\",\"dateModified\":\"2024-07-25T14:36:40+00:00\",\"description\":\"Lesj\u00f6fors producerar fj\u00e4drar och banddetaljer till v\u00e4rldens ledande bygg- och byggf\u00f6retag. Med v\u00e5r erfarenhet l\u00f6ser vi de mest komplicerade uppgifterna.\",\"breadcrumb\":{\"@id\":\"https:\/\/www.lesjoforsab.com\/sv\/branscher\/bygg-och-infrastruktur\/#breadcrumb\"},\"inLanguage\":\"sv-SE\",\"potentialAction\":[{\"@type\":\"ReadAction\",\"target\":[\"https:\/\/www.lesjoforsab.com\/sv\/branscher\/bygg-och-infrastruktur\/\"]}]},{\"@type\":\"ImageObject\",\"inLanguage\":\"sv-SE\",\"@id\":\"https:\/\/www.lesjoforsab.com\/sv\/branscher\/bygg-och-infrastruktur\/#primaryimage\",\"url\":\"https:\/\/www.lesjoforsab.com\/wp-content\/uploads\/User-Uploads\/General-Content\/Industry\/Construction-2.jpg\",\"contentUrl\":\"https:\/\/www.lesjoforsab.com\/wp-content\/uploads\/User-Uploads\/General-Content\/Industry\/Construction-2.jpg\"},{\"@type\":\"BreadcrumbList\",\"@id\":\"https:\/\/www.lesjoforsab.com\/sv\/branscher\/bygg-och-infrastruktur\/#breadcrumb\",\"itemListElement\":[{\"@type\":\"ListItem\",\"position\":1,\"name\":\"Startsida\",\"item\":\"https:\/\/www.lesjoforsab.com\/sv\/\"},{\"@type\":\"ListItem\",\"position\":2,\"name\":\"Branscher\",\"item\":\"https:\/\/www.lesjoforsab.com\/sv\/bransjer\/\"},{\"@type\":\"ListItem\",\"position\":3,\"name\":\"Bygg och infrastruktur\"}]},{\"@type\":\"WebSite\",\"@id\":\"https:\/\/www.lesjoforsab.com\/sv\/#website\",\"url\":\"https:\/\/www.lesjoforsab.com\/sv\/\",\"name\":\"Lesj\u00f6fors - Industrial Springs and Pressings\",\"description\":\"\",\"publisher\":{\"@id\":\"https:\/\/www.lesjoforsab.com\/sv\/#organization\"},\"potentialAction\":[{\"@type\":\"SearchAction\",\"target\":{\"@type\":\"EntryPoint\",\"urlTemplate\":\"https:\/\/www.lesjoforsab.com\/sv\/?s={search_term_string}\"},\"query-input\":{\"@type\":\"PropertyValueSpecification\",\"valueRequired\":true,\"valueName\":\"search_term_string\"}}],\"inLanguage\":\"sv-SE\"},{\"@type\":\"Organization\",\"@id\":\"https:\/\/www.lesjoforsab.com\/sv\/#organization\",\"name\":\"Lesj\u00f6fors AB\",\"url\":\"https:\/\/www.lesjoforsab.com\/sv\/\",\"logo\":{\"@type\":\"ImageObject\",\"inLanguage\":\"sv-SE\",\"@id\":\"https:\/\/www.lesjoforsab.com\/sv\/#\/schema\/logo\/image\/\",\"url\":\"https:\/\/www.lesjoforsab.com\/wp-content\/uploads\/User-Uploads\/Lesjoefors-Brand\/Logotypes\/lesjofors-logo-without-payoff.jpg\",\"contentUrl\":\"https:\/\/www.lesjoforsab.com\/wp-content\/uploads\/User-Uploads\/Lesjoefors-Brand\/Logotypes\/lesjofors-logo-without-payoff.jpg\",\"width\":1347,\"height\":378,\"caption\":\"Lesj\u00f6fors AB\"},\"image\":{\"@id\":\"https:\/\/www.lesjoforsab.com\/sv\/#\/schema\/logo\/image\/\"},\"sameAs\":[\"https:\/\/x.com\/lesjoforsgroup\",\"https:\/\/www.linkedin.com\/company\/lesjoforsab\/\",\"https:\/\/www.youtube.com\/user\/lesjoforsab\"]}]}<\/script>\n<!-- \/ Yoast SEO plugin. -->","yoast_head_json":{"title":"Lesj\u00f6fors - Fj\u00e4drar och banddetaljer f\u00f6r byggbranschen","description":"Lesj\u00f6fors producerar fj\u00e4drar och banddetaljer till v\u00e4rldens ledande bygg- och byggf\u00f6retag. Med v\u00e5r erfarenhet l\u00f6ser vi de mest komplicerade uppgifterna.","robots":{"index":"index","follow":"follow","max-snippet":"max-snippet:-1","max-image-preview":"max-image-preview:large","max-video-preview":"max-video-preview:-1"},"canonical":"https:\/\/www.lesjoforsab.com\/sv\/branscher\/bygg-och-infrastruktur\/","og_locale":"sv_SE","og_type":"article","og_title":"Lesj\u00f6fors - Fj\u00e4drar och banddetaljer f\u00f6r byggbranschen","og_description":"Lesj\u00f6fors producerar fj\u00e4drar och banddetaljer till v\u00e4rldens ledande bygg- och byggf\u00f6retag. Med v\u00e5r erfarenhet l\u00f6ser vi de mest komplicerade uppgifterna.","og_url":"https:\/\/www.lesjoforsab.com\/sv\/branscher\/bygg-och-infrastruktur\/","og_site_name":"Lesj\u00f6fors - Industrial Springs and Pressings","article_modified_time":"2024-07-25T14:36:40+00:00","og_image":[{"url":"https:\/\/www.lesjoforsab.com\/wp-content\/uploads\/User-Uploads\/General-Content\/Industry\/Construction-2.jpg","type":"","width":"","height":""}],"schema":{"@context":"https:\/\/schema.org","@graph":[{"@type":"WebPage","@id":"https:\/\/www.lesjoforsab.com\/sv\/branscher\/bygg-och-infrastruktur\/","url":"https:\/\/www.lesjoforsab.com\/sv\/branscher\/bygg-och-infrastruktur\/","name":"Lesj\u00f6fors - Fj\u00e4drar och banddetaljer f\u00f6r byggbranschen","isPartOf":{"@id":"https:\/\/www.lesjoforsab.com\/sv\/#website"},"primaryImageOfPage":{"@id":"https:\/\/www.lesjoforsab.com\/sv\/branscher\/bygg-och-infrastruktur\/#primaryimage"},"image":{"@id":"https:\/\/www.lesjoforsab.com\/sv\/branscher\/bygg-och-infrastruktur\/#primaryimage"},"thumbnailUrl":"https:\/\/www.lesjoforsab.com\/wp-content\/uploads\/User-Uploads\/General-Content\/Industry\/Construction-2.jpg","datePublished":"2019-08-16T14:31:41+00:00","dateModified":"2024-07-25T14:36:40+00:00","description":"Lesj\u00f6fors producerar fj\u00e4drar och banddetaljer till v\u00e4rldens ledande bygg- och byggf\u00f6retag. Med v\u00e5r erfarenhet l\u00f6ser vi de mest komplicerade uppgifterna.","breadcrumb":{"@id":"https:\/\/www.lesjoforsab.com\/sv\/branscher\/bygg-och-infrastruktur\/#breadcrumb"},"inLanguage":"sv-SE","potentialAction":[{"@type":"ReadAction","target":["https:\/\/www.lesjoforsab.com\/sv\/branscher\/bygg-och-infrastruktur\/"]}]},{"@type":"ImageObject","inLanguage":"sv-SE","@id":"https:\/\/www.lesjoforsab.com\/sv\/branscher\/bygg-och-infrastruktur\/#primaryimage","url":"https:\/\/www.lesjoforsab.com\/wp-content\/uploads\/User-Uploads\/General-Content\/Industry\/Construction-2.jpg","contentUrl":"https:\/\/www.lesjoforsab.com\/wp-content\/uploads\/User-Uploads\/General-Content\/Industry\/Construction-2.jpg"},{"@type":"BreadcrumbList","@id":"https:\/\/www.lesjoforsab.com\/sv\/branscher\/bygg-och-infrastruktur\/#breadcrumb","itemListElement":[{"@type":"ListItem","position":1,"name":"Startsida","item":"https:\/\/www.lesjoforsab.com\/sv\/"},{"@type":"ListItem","position":2,"name":"Branscher","item":"https:\/\/www.lesjoforsab.com\/sv\/bransjer\/"},{"@type":"ListItem","position":3,"name":"Bygg och infrastruktur"}]},{"@type":"WebSite","@id":"https:\/\/www.lesjoforsab.com\/sv\/#website","url":"https:\/\/www.lesjoforsab.com\/sv\/","name":"Lesj\u00f6fors - Industrial Springs and Pressings","description":"","publisher":{"@id":"https:\/\/www.lesjoforsab.com\/sv\/#organization"},"potentialAction":[{"@type":"SearchAction","target":{"@type":"EntryPoint","urlTemplate":"https:\/\/www.lesjoforsab.com\/sv\/?s={search_term_string}"},"query-input":{"@type":"PropertyValueSpecification","valueRequired":true,"valueName":"search_term_string"}}],"inLanguage":"sv-SE"},{"@type":"Organization","@id":"https:\/\/www.lesjoforsab.com\/sv\/#organization","name":"Lesj\u00f6fors AB","url":"https:\/\/www.lesjoforsab.com\/sv\/","logo":{"@type":"ImageObject","inLanguage":"sv-SE","@id":"https:\/\/www.lesjoforsab.com\/sv\/#\/schema\/logo\/image\/","url":"https:\/\/www.lesjoforsab.com\/wp-content\/uploads\/User-Uploads\/Lesjoefors-Brand\/Logotypes\/lesjofors-logo-without-payoff.jpg","contentUrl":"https:\/\/www.lesjoforsab.com\/wp-content\/uploads\/User-Uploads\/Lesjoefors-Brand\/Logotypes\/lesjofors-logo-without-payoff.jpg","width":1347,"height":378,"caption":"Lesj\u00f6fors AB"},"image":{"@id":"https:\/\/www.lesjoforsab.com\/sv\/#\/schema\/logo\/image\/"},"sameAs":["https:\/\/x.com\/lesjoforsgroup","https:\/\/www.linkedin.com\/company\/lesjoforsab\/","https:\/\/www.youtube.com\/user\/lesjoforsab"]}]}},"_links":{"self":[{"href":"https:\/\/www.lesjoforsab.com\/sv\/wp-json\/wp\/v2\/pages\/10165","targetHints":{"allow":["GET"]}}],"collection":[{"href":"https:\/\/www.lesjoforsab.com\/sv\/wp-json\/wp\/v2\/pages"}],"about":[{"href":"https:\/\/www.lesjoforsab.com\/sv\/wp-json\/wp\/v2\/types\/page"}],"author":[{"embeddable":true,"href":"https:\/\/www.lesjoforsab.com\/sv\/wp-json\/wp\/v2\/users\/3"}],"replies":[{"embeddable":true,"href":"https:\/\/www.lesjoforsab.com\/sv\/wp-json\/wp\/v2\/comments?post=10165"}],"version-history":[{"count":6,"href":"https:\/\/www.lesjoforsab.com\/sv\/wp-json\/wp\/v2\/pages\/10165\/revisions"}],"predecessor-version":[{"id":87361,"href":"https:\/\/www.lesjoforsab.com\/sv\/wp-json\/wp\/v2\/pages\/10165\/revisions\/87361"}],"up":[{"embeddable":true,"href":"https:\/\/www.lesjoforsab.com\/sv\/wp-json\/wp\/v2\/pages\/10148"}],"wp:attachment":[{"href":"https:\/\/www.lesjoforsab.com\/sv\/wp-json\/wp\/v2\/media?parent=10165"}],"curies":[{"name":"wp","href":"https:\/\/api.w.org\/{rel}","templated":true}]}}