{"id":18445,"date":"2020-01-24T16:33:03","date_gmt":"2020-01-24T15:33:03","guid":{"rendered":"https:\/\/www.lesjoforsab.com\/product\/vlna-pruziny\/"},"modified":"2024-06-24T10:09:53","modified_gmt":"2024-06-24T08:09:53","slug":"vlna-pruziny","status":"publish","type":"product","link":"https:\/\/www.lesjoforsab.com\/sk\/vyrobok\/vlna-pruziny\/","title":{"rendered":"Vlnov\u00e9 pru\u017einy"},"featured_media":0,"template":"","product-category":[1048,1049],"class_list":["post-18445","product","type-product","status-publish","hentry","product-category-ostatne-produkty","product-category-skladove-pruziny"],"yoast_head":"<!-- This site is optimized with the Yoast SEO plugin v25.6 - https:\/\/yoast.com\/wordpress\/plugins\/seo\/ -->\n<title>Vlnov\u00e9 pru\u017einy - Lesj\u00f6fors - Industrial Springs and Pressings<\/title>\n<meta name=\"description\" content=\"Vlnit\u00e9 pru\u017einy s\u00fa vyroben\u00e9 z ploch\u00e9ho valcovan\u00e9ho pru\u017einov\u00e9ho dr\u00f4tu, ktor\u00fd je sto\u010den\u00fd do skrutkovit\u00e9ho tvaru a z\u00e1vity maj\u00fa tvar vlny\" \/>\n<meta name=\"robots\" content=\"index, follow, max-snippet:-1, max-image-preview:large, max-video-preview:-1\" \/>\n<link rel=\"canonical\" href=\"https:\/\/www.lesjoforsab.com\/sk\/vyrobok\/vlna-pruziny\/\" \/>\n<meta property=\"og:locale\" content=\"sk_SK\" \/>\n<meta property=\"og:type\" content=\"article\" \/>\n<meta property=\"og:title\" content=\"Vlnov\u00e9 pru\u017einy - Lesj\u00f6fors - Industrial Springs and Pressings\" \/>\n<meta property=\"og:description\" content=\"Vlnit\u00e9 pru\u017einy s\u00fa vyroben\u00e9 z ploch\u00e9ho valcovan\u00e9ho pru\u017einov\u00e9ho dr\u00f4tu, ktor\u00fd je sto\u010den\u00fd do skrutkovit\u00e9ho tvaru a z\u00e1vity maj\u00fa tvar vlny\" \/>\n<meta property=\"og:url\" content=\"https:\/\/www.lesjoforsab.com\/sk\/vyrobok\/vlna-pruziny\/\" \/>\n<meta property=\"og:site_name\" content=\"Lesj\u00f6fors - Industrial Springs and Pressings\" \/>\n<meta property=\"article:modified_time\" content=\"2024-06-24T08:09:53+00:00\" \/>\n<meta property=\"og:image\" content=\"https:\/\/www.lesjoforsab.com\/wp-content\/uploads\/User-Uploads\/General-Content\/All-Stage-Images\/Stagebild-CustomSprings-Spring.jpg\" \/>\n\t<meta property=\"og:image:width\" content=\"1920\" \/>\n\t<meta property=\"og:image:height\" content=\"840\" \/>\n\t<meta property=\"og:image:type\" content=\"image\/jpeg\" \/>\n<script type=\"application\/ld+json\" class=\"yoast-schema-graph\">{\"@context\":\"https:\/\/schema.org\",\"@graph\":[{\"@type\":\"WebPage\",\"@id\":\"https:\/\/www.lesjoforsab.com\/sk\/vyrobok\/vlna-pruziny\/\",\"url\":\"https:\/\/www.lesjoforsab.com\/sk\/vyrobok\/vlna-pruziny\/\",\"name\":\"Vlnov\u00e9 pru\u017einy - Lesj\u00f6fors - Industrial Springs and Pressings\",\"isPartOf\":{\"@id\":\"https:\/\/www.lesjoforsab.com\/sk\/#website\"},\"datePublished\":\"2020-01-24T15:33:03+00:00\",\"dateModified\":\"2024-06-24T08:09:53+00:00\",\"description\":\"Vlnit\u00e9 pru\u017einy s\u00fa vyroben\u00e9 z ploch\u00e9ho valcovan\u00e9ho pru\u017einov\u00e9ho dr\u00f4tu, ktor\u00fd je sto\u010den\u00fd do skrutkovit\u00e9ho tvaru a z\u00e1vity maj\u00fa tvar vlny\",\"breadcrumb\":{\"@id\":\"https:\/\/www.lesjoforsab.com\/sk\/vyrobok\/vlna-pruziny\/#breadcrumb\"},\"inLanguage\":\"sk-SK\",\"potentialAction\":[{\"@type\":\"ReadAction\",\"target\":[\"https:\/\/www.lesjoforsab.com\/sk\/vyrobok\/vlna-pruziny\/\"]}]},{\"@type\":\"BreadcrumbList\",\"@id\":\"https:\/\/www.lesjoforsab.com\/sk\/vyrobok\/vlna-pruziny\/#breadcrumb\",\"itemListElement\":[{\"@type\":\"ListItem\",\"position\":1,\"name\":\"Domov\",\"item\":\"https:\/\/www.lesjoforsab.com\/sk\/\"},{\"@type\":\"ListItem\",\"position\":2,\"name\":\"Vlnov\u00e9 pru\u017einy\"}]},{\"@type\":\"WebSite\",\"@id\":\"https:\/\/www.lesjoforsab.com\/sk\/#website\",\"url\":\"https:\/\/www.lesjoforsab.com\/sk\/\",\"name\":\"Lesj\u00f6fors - Industrial Springs and Pressings\",\"description\":\"\",\"publisher\":{\"@id\":\"https:\/\/www.lesjoforsab.com\/sk\/#organization\"},\"potentialAction\":[{\"@type\":\"SearchAction\",\"target\":{\"@type\":\"EntryPoint\",\"urlTemplate\":\"https:\/\/www.lesjoforsab.com\/sk\/?s={search_term_string}\"},\"query-input\":{\"@type\":\"PropertyValueSpecification\",\"valueRequired\":true,\"valueName\":\"search_term_string\"}}],\"inLanguage\":\"sk-SK\"},{\"@type\":\"Organization\",\"@id\":\"https:\/\/www.lesjoforsab.com\/sk\/#organization\",\"name\":\"Lesj\u00f6fors AB\",\"url\":\"https:\/\/www.lesjoforsab.com\/sk\/\",\"logo\":{\"@type\":\"ImageObject\",\"inLanguage\":\"sk-SK\",\"@id\":\"https:\/\/www.lesjoforsab.com\/sk\/#\/schema\/logo\/image\/\",\"url\":\"https:\/\/www.lesjoforsab.com\/wp-content\/uploads\/User-Uploads\/Lesjoefors-Brand\/Logotypes\/lesjofors-logo-without-payoff.jpg\",\"contentUrl\":\"https:\/\/www.lesjoforsab.com\/wp-content\/uploads\/User-Uploads\/Lesjoefors-Brand\/Logotypes\/lesjofors-logo-without-payoff.jpg\",\"width\":1347,\"height\":378,\"caption\":\"Lesj\u00f6fors AB\"},\"image\":{\"@id\":\"https:\/\/www.lesjoforsab.com\/sk\/#\/schema\/logo\/image\/\"},\"sameAs\":[\"https:\/\/x.com\/lesjoforsgroup\",\"https:\/\/www.linkedin.com\/company\/lesjoforsab\/\",\"https:\/\/www.youtube.com\/user\/lesjoforsab\"]}]}<\/script>\n<!-- \/ Yoast SEO plugin. -->","yoast_head_json":{"title":"Vlnov\u00e9 pru\u017einy - Lesj\u00f6fors - Industrial Springs and Pressings","description":"Vlnit\u00e9 pru\u017einy s\u00fa vyroben\u00e9 z ploch\u00e9ho valcovan\u00e9ho pru\u017einov\u00e9ho dr\u00f4tu, ktor\u00fd je sto\u010den\u00fd do skrutkovit\u00e9ho tvaru a z\u00e1vity maj\u00fa tvar vlny","robots":{"index":"index","follow":"follow","max-snippet":"max-snippet:-1","max-image-preview":"max-image-preview:large","max-video-preview":"max-video-preview:-1"},"canonical":"https:\/\/www.lesjoforsab.com\/sk\/vyrobok\/vlna-pruziny\/","og_locale":"sk_SK","og_type":"article","og_title":"Vlnov\u00e9 pru\u017einy - Lesj\u00f6fors - Industrial Springs and Pressings","og_description":"Vlnit\u00e9 pru\u017einy s\u00fa vyroben\u00e9 z ploch\u00e9ho valcovan\u00e9ho pru\u017einov\u00e9ho dr\u00f4tu, ktor\u00fd je sto\u010den\u00fd do skrutkovit\u00e9ho tvaru a z\u00e1vity maj\u00fa tvar vlny","og_url":"https:\/\/www.lesjoforsab.com\/sk\/vyrobok\/vlna-pruziny\/","og_site_name":"Lesj\u00f6fors - Industrial Springs and Pressings","article_modified_time":"2024-06-24T08:09:53+00:00","og_image":[{"width":1920,"height":840,"url":"https:\/\/www.lesjoforsab.com\/wp-content\/uploads\/User-Uploads\/General-Content\/All-Stage-Images\/Stagebild-CustomSprings-Spring.jpg","type":"image\/jpeg"}],"schema":{"@context":"https:\/\/schema.org","@graph":[{"@type":"WebPage","@id":"https:\/\/www.lesjoforsab.com\/sk\/vyrobok\/vlna-pruziny\/","url":"https:\/\/www.lesjoforsab.com\/sk\/vyrobok\/vlna-pruziny\/","name":"Vlnov\u00e9 pru\u017einy - Lesj\u00f6fors - Industrial Springs and Pressings","isPartOf":{"@id":"https:\/\/www.lesjoforsab.com\/sk\/#website"},"datePublished":"2020-01-24T15:33:03+00:00","dateModified":"2024-06-24T08:09:53+00:00","description":"Vlnit\u00e9 pru\u017einy s\u00fa vyroben\u00e9 z ploch\u00e9ho valcovan\u00e9ho pru\u017einov\u00e9ho dr\u00f4tu, ktor\u00fd je sto\u010den\u00fd do skrutkovit\u00e9ho tvaru a z\u00e1vity maj\u00fa tvar vlny","breadcrumb":{"@id":"https:\/\/www.lesjoforsab.com\/sk\/vyrobok\/vlna-pruziny\/#breadcrumb"},"inLanguage":"sk-SK","potentialAction":[{"@type":"ReadAction","target":["https:\/\/www.lesjoforsab.com\/sk\/vyrobok\/vlna-pruziny\/"]}]},{"@type":"BreadcrumbList","@id":"https:\/\/www.lesjoforsab.com\/sk\/vyrobok\/vlna-pruziny\/#breadcrumb","itemListElement":[{"@type":"ListItem","position":1,"name":"Domov","item":"https:\/\/www.lesjoforsab.com\/sk\/"},{"@type":"ListItem","position":2,"name":"Vlnov\u00e9 pru\u017einy"}]},{"@type":"WebSite","@id":"https:\/\/www.lesjoforsab.com\/sk\/#website","url":"https:\/\/www.lesjoforsab.com\/sk\/","name":"Lesj\u00f6fors - Industrial Springs and Pressings","description":"","publisher":{"@id":"https:\/\/www.lesjoforsab.com\/sk\/#organization"},"potentialAction":[{"@type":"SearchAction","target":{"@type":"EntryPoint","urlTemplate":"https:\/\/www.lesjoforsab.com\/sk\/?s={search_term_string}"},"query-input":{"@type":"PropertyValueSpecification","valueRequired":true,"valueName":"search_term_string"}}],"inLanguage":"sk-SK"},{"@type":"Organization","@id":"https:\/\/www.lesjoforsab.com\/sk\/#organization","name":"Lesj\u00f6fors AB","url":"https:\/\/www.lesjoforsab.com\/sk\/","logo":{"@type":"ImageObject","inLanguage":"sk-SK","@id":"https:\/\/www.lesjoforsab.com\/sk\/#\/schema\/logo\/image\/","url":"https:\/\/www.lesjoforsab.com\/wp-content\/uploads\/User-Uploads\/Lesjoefors-Brand\/Logotypes\/lesjofors-logo-without-payoff.jpg","contentUrl":"https:\/\/www.lesjoforsab.com\/wp-content\/uploads\/User-Uploads\/Lesjoefors-Brand\/Logotypes\/lesjofors-logo-without-payoff.jpg","width":1347,"height":378,"caption":"Lesj\u00f6fors AB"},"image":{"@id":"https:\/\/www.lesjoforsab.com\/sk\/#\/schema\/logo\/image\/"},"sameAs":["https:\/\/x.com\/lesjoforsgroup","https:\/\/www.linkedin.com\/company\/lesjoforsab\/","https:\/\/www.youtube.com\/user\/lesjoforsab"]}]}},"_links":{"self":[{"href":"https:\/\/www.lesjoforsab.com\/sk\/wp-json\/wp\/v2\/product\/18445","targetHints":{"allow":["GET"]}}],"collection":[{"href":"https:\/\/www.lesjoforsab.com\/sk\/wp-json\/wp\/v2\/product"}],"about":[{"href":"https:\/\/www.lesjoforsab.com\/sk\/wp-json\/wp\/v2\/types\/product"}],"wp:attachment":[{"href":"https:\/\/www.lesjoforsab.com\/sk\/wp-json\/wp\/v2\/media?parent=18445"}],"wp:term":[{"taxonomy":"product-category","embeddable":true,"href":"https:\/\/www.lesjoforsab.com\/sk\/wp-json\/wp\/v2\/product-category?post=18445"}],"curies":[{"name":"wp","href":"https:\/\/api.w.org\/{rel}","templated":true}]}}