{"id":27181,"date":"2019-08-16T16:14:33","date_gmt":"2019-08-16T14:14:33","guid":{"rendered":"https:\/\/www.lesjoforsab.com\/sluzby\/najlepsia-vyroba-nakladov\/"},"modified":"2022-10-20T12:54:45","modified_gmt":"2022-10-20T10:54:45","slug":"najlepsia-vyroba-nakladov","status":"publish","type":"page","link":"https:\/\/www.lesjoforsab.com\/sk\/sluzby\/najlepsie-vyrobne-naklady\/","title":{"rendered":"Najlep\u0161ie v\u00fdrobn\u00e9 n\u00e1klady"},"content":{"rendered":"\t\t<div data-elementor-type=\"wp-page\" data-elementor-id=\"27181\" class=\"elementor elementor-27181 elementor-118\" data-elementor-post-type=\"page\">\n\t\t\t\t\t\t<section class=\"elementor-section elementor-top-section elementor-element elementor-element-dbe20f8 elementor-section-boxed elementor-section-height-default elementor-section-height-default\" data-id=\"dbe20f8\" data-element_type=\"section\" data-settings=\"{&quot;jet_parallax_layout_list&quot;:[{&quot;jet_parallax_layout_image&quot;:{&quot;url&quot;:&quot;&quot;,&quot;id&quot;:&quot;&quot;,&quot;size&quot;:&quot;&quot;},&quot;_id&quot;:&quot;d775061&quot;,&quot;jet_parallax_layout_image_tablet&quot;:{&quot;url&quot;:&quot;&quot;,&quot;id&quot;:&quot;&quot;,&quot;size&quot;:&quot;&quot;},&quot;jet_parallax_layout_image_mobile&quot;:{&quot;url&quot;:&quot;&quot;,&quot;id&quot;:&quot;&quot;,&quot;size&quot;:&quot;&quot;},&quot;jet_parallax_layout_speed&quot;:{&quot;unit&quot;:&quot;%&quot;,&quot;size&quot;:50,&quot;sizes&quot;:[]},&quot;jet_parallax_layout_type&quot;:&quot;scroll&quot;,&quot;jet_parallax_layout_direction&quot;:&quot;1&quot;,&quot;jet_parallax_layout_fx_direction&quot;:null,&quot;jet_parallax_layout_z_index&quot;:&quot;&quot;,&quot;jet_parallax_layout_bg_x&quot;:50,&quot;jet_parallax_layout_bg_x_tablet&quot;:&quot;&quot;,&quot;jet_parallax_layout_bg_x_mobile&quot;:&quot;&quot;,&quot;jet_parallax_layout_bg_y&quot;:50,&quot;jet_parallax_layout_bg_y_tablet&quot;:&quot;&quot;,&quot;jet_parallax_layout_bg_y_mobile&quot;:&quot;&quot;,&quot;jet_parallax_layout_bg_size&quot;:&quot;auto&quot;,&quot;jet_parallax_layout_bg_size_tablet&quot;:&quot;&quot;,&quot;jet_parallax_layout_bg_size_mobile&quot;:&quot;&quot;,&quot;jet_parallax_layout_animation_prop&quot;:&quot;transform&quot;,&quot;jet_parallax_layout_on&quot;:[&quot;desktop&quot;,&quot;tablet&quot;]}],&quot;background_background&quot;:&quot;classic&quot;}\">\n\t\t\t\t\t\t<div class=\"elementor-container elementor-column-gap-default\">\n\t\t\t\t\t<div class=\"elementor-column elementor-col-100 elementor-top-column elementor-element elementor-element-e024611\" data-id=\"e024611\" data-element_type=\"column\">\n\t\t\t<div class=\"elementor-widget-wrap elementor-element-populated\">\n\t\t\t\t\t\t<div class=\"elementor-element elementor-element-2f7f15e p white margin-bottom-big subtitle elementor-widget elementor-widget-text-editor\" data-id=\"2f7f15e\" data-element_type=\"widget\" data-widget_type=\"text-editor.default\">\n\t\t\t\t<div class=\"elementor-widget-container\">\n\t\t\t\t\t\t\t\t\t<p>N\u00e1kladovo efekt\u00edvna v\u00fdroba pre spokojnos\u0165 v\u0161etk\u00fdch, z\u00e1kazn\u00edkov i prostredia.<\/p>\n\t\t\t\t\t\t\t\t<\/div>\n\t\t\t\t<\/div>\n\t\t\t\t\t<\/div>\n\t\t<\/div>\n\t\t\t\t\t<\/div>\n\t\t<\/section>\n\t\t\t\t<section class=\"elementor-section elementor-top-section elementor-element elementor-element-0397222 elementor-section-boxed elementor-section-height-default elementor-section-height-default\" data-id=\"0397222\" data-element_type=\"section\" data-settings=\"{&quot;jet_parallax_layout_list&quot;:[{&quot;jet_parallax_layout_image&quot;:{&quot;url&quot;:&quot;&quot;,&quot;id&quot;:&quot;&quot;,&quot;size&quot;:&quot;&quot;},&quot;_id&quot;:&quot;1ae3376&quot;,&quot;jet_parallax_layout_image_tablet&quot;:{&quot;url&quot;:&quot;&quot;,&quot;id&quot;:&quot;&quot;,&quot;size&quot;:&quot;&quot;},&quot;jet_parallax_layout_image_mobile&quot;:{&quot;url&quot;:&quot;&quot;,&quot;id&quot;:&quot;&quot;,&quot;size&quot;:&quot;&quot;},&quot;jet_parallax_layout_speed&quot;:{&quot;unit&quot;:&quot;%&quot;,&quot;size&quot;:50,&quot;sizes&quot;:[]},&quot;jet_parallax_layout_type&quot;:&quot;scroll&quot;,&quot;jet_parallax_layout_direction&quot;:&quot;1&quot;,&quot;jet_parallax_layout_fx_direction&quot;:null,&quot;jet_parallax_layout_z_index&quot;:&quot;&quot;,&quot;jet_parallax_layout_bg_x&quot;:50,&quot;jet_parallax_layout_bg_x_tablet&quot;:&quot;&quot;,&quot;jet_parallax_layout_bg_x_mobile&quot;:&quot;&quot;,&quot;jet_parallax_layout_bg_y&quot;:50,&quot;jet_parallax_layout_bg_y_tablet&quot;:&quot;&quot;,&quot;jet_parallax_layout_bg_y_mobile&quot;:&quot;&quot;,&quot;jet_parallax_layout_bg_size&quot;:&quot;auto&quot;,&quot;jet_parallax_layout_bg_size_tablet&quot;:&quot;&quot;,&quot;jet_parallax_layout_bg_size_mobile&quot;:&quot;&quot;,&quot;jet_parallax_layout_animation_prop&quot;:&quot;transform&quot;,&quot;jet_parallax_layout_on&quot;:[&quot;desktop&quot;,&quot;tablet&quot;]}]}\">\n\t\t\t\t\t\t<div class=\"elementor-container elementor-column-gap-default\">\n\t\t\t\t\t<div class=\"elementor-column elementor-col-100 elementor-top-column elementor-element elementor-element-066a767\" data-id=\"066a767\" data-element_type=\"column\">\n\t\t\t<div class=\"elementor-widget-wrap elementor-element-populated\">\n\t\t\t\t\t\t<div class=\"elementor-element elementor-element-617006c monocrumbs elementor-widget elementor-widget-breadcrumbs\" data-id=\"617006c\" data-element_type=\"widget\" data-widget_type=\"breadcrumbs.default\">\n\t\t\t\t<div class=\"elementor-widget-container\">\n\t\t\t\t\t<p id=\"breadcrumbs\"><span><span><a href=\"https:\/\/www.lesjoforsab.com\/sk\/\">Domov<\/a><\/span><\/span><\/p>\t\t\t\t<\/div>\n\t\t\t\t<\/div>\n\t\t\t\t\t<\/div>\n\t\t<\/div>\n\t\t\t\t\t<\/div>\n\t\t<\/section>\n\t\t\t\t<section class=\"elementor-section elementor-top-section elementor-element elementor-element-cf6ce0c elementor-section-full_width flex-column margin-top-medium elementor-section-height-default elementor-section-height-default\" data-id=\"cf6ce0c\" data-element_type=\"section\" data-settings=\"{&quot;jet_parallax_layout_list&quot;:[{&quot;jet_parallax_layout_image&quot;:{&quot;url&quot;:&quot;&quot;,&quot;id&quot;:&quot;&quot;,&quot;size&quot;:&quot;&quot;},&quot;_id&quot;:&quot;55ff6ac&quot;,&quot;jet_parallax_layout_image_tablet&quot;:{&quot;url&quot;:&quot;&quot;,&quot;id&quot;:&quot;&quot;,&quot;size&quot;:&quot;&quot;},&quot;jet_parallax_layout_image_mobile&quot;:{&quot;url&quot;:&quot;&quot;,&quot;id&quot;:&quot;&quot;,&quot;size&quot;:&quot;&quot;},&quot;jet_parallax_layout_speed&quot;:{&quot;unit&quot;:&quot;%&quot;,&quot;size&quot;:50,&quot;sizes&quot;:[]},&quot;jet_parallax_layout_type&quot;:&quot;scroll&quot;,&quot;jet_parallax_layout_direction&quot;:&quot;1&quot;,&quot;jet_parallax_layout_fx_direction&quot;:null,&quot;jet_parallax_layout_z_index&quot;:&quot;&quot;,&quot;jet_parallax_layout_bg_x&quot;:50,&quot;jet_parallax_layout_bg_x_tablet&quot;:&quot;&quot;,&quot;jet_parallax_layout_bg_x_mobile&quot;:&quot;&quot;,&quot;jet_parallax_layout_bg_y&quot;:50,&quot;jet_parallax_layout_bg_y_tablet&quot;:&quot;&quot;,&quot;jet_parallax_layout_bg_y_mobile&quot;:&quot;&quot;,&quot;jet_parallax_layout_bg_size&quot;:&quot;auto&quot;,&quot;jet_parallax_layout_bg_size_tablet&quot;:&quot;&quot;,&quot;jet_parallax_layout_bg_size_mobile&quot;:&quot;&quot;,&quot;jet_parallax_layout_animation_prop&quot;:&quot;transform&quot;,&quot;jet_parallax_layout_on&quot;:[&quot;desktop&quot;,&quot;tablet&quot;]}]}\">\n\t\t\t\t\t\t<div class=\"elementor-container elementor-column-gap-default\">\n\t\t\t\t\t<div class=\"elementor-column elementor-col-50 elementor-top-column elementor-element elementor-element-1008ce0 column-left-33-boxed\" data-id=\"1008ce0\" data-element_type=\"column\">\n\t\t\t<div class=\"elementor-widget-wrap elementor-element-populated\">\n\t\t\t\t\t\t<div class=\"elementor-element elementor-element-94ed2e9 decorated margin-top-big elementor-widget elementor-widget-heading\" data-id=\"94ed2e9\" data-element_type=\"widget\" data-widget_type=\"heading.default\">\n\t\t\t\t<div class=\"elementor-widget-container\">\n\t\t\t\t\t<h2 class=\"elementor-heading-title elementor-size-default\">Najlep\u0161ie v\u00fdrobn\u00e9 n\u00e1klady<\/h2>\t\t\t\t<\/div>\n\t\t\t\t<\/div>\n\t\t\t\t<div class=\"elementor-element elementor-element-4406ed8 margin-top-small elementor-widget elementor-widget-text-editor\" data-id=\"4406ed8\" data-element_type=\"widget\" data-widget_type=\"text-editor.default\">\n\t\t\t\t<div class=\"elementor-widget-container\">\n\t\t\t\t\t\t\t\t\t<p> Ver\u00edme v n\u00e1kladovo efekt\u00edvnu v\u00fdrobu, a to so zrete\u013eom na na\u0161ich z\u00e1kazn\u00edkov aj na \u017eivotn\u00e9 prostredie. Najlep\u0161ie v\u00fdrobn\u00e9 n\u00e1klady dosiahneme, ke\u010f dostaneme pr\u00edle\u017eitos\u0165 by\u0165 s\u00fa\u010das\u0165ou projektu od sam\u00e9ho za\u010diatku.<\/p>\n<p>Na\u0161e sk\u00fasenosti s technol\u00f3giou pru\u017e\u00edn zah\u0155\u0148aj\u00fa cel\u00fa \u0161k\u00e1lu v\u00fdrobn\u00fdch procesov. Neust\u00e1le investujeme do na\u0161ich strojov\u00fdch parkov, aby sme zabezpe\u010dili najvy\u0161\u0161iu kvalitu a n\u00e1kladovo efekt\u00edvnu v\u00fdrobu, ako aj do siete \u0161pi\u010dkov\u00fdch in\u017einierov a technick\u00fdch odborn\u00edkov. <\/p>\t\t\t\t\t\t\t\t<\/div>\n\t\t\t\t<\/div>\n\t\t\t\t\t<\/div>\n\t\t<\/div>\n\t\t\t\t<div class=\"elementor-column elementor-col-50 elementor-top-column elementor-element elementor-element-a7730ae column-right-66\" data-id=\"a7730ae\" data-element_type=\"column\" data-settings=\"{&quot;background_background&quot;:&quot;classic&quot;}\">\n\t\t\t<div class=\"elementor-widget-wrap elementor-element-populated\">\n\t\t\t\t\t<div class=\"elementor-background-overlay\"><\/div>\n\t\t\t\t\t\t<div class=\"elementor-element elementor-element-e480660 image-max-height elementor-widget elementor-widget-spacer\" data-id=\"e480660\" data-element_type=\"widget\" data-widget_type=\"spacer.default\">\n\t\t\t\t<div class=\"elementor-widget-container\">\n\t\t\t\t\t\t\t<div class=\"elementor-spacer\">\n\t\t\t<div class=\"elementor-spacer-inner\"><\/div>\n\t\t<\/div>\n\t\t\t\t\t\t<\/div>\n\t\t\t\t<\/div>\n\t\t\t\t<div class=\"elementor-element elementor-element-0f3bd89 image-max-height elementor-widget elementor-widget-spacer\" data-id=\"0f3bd89\" data-element_type=\"widget\" data-widget_type=\"spacer.default\">\n\t\t\t\t<div class=\"elementor-widget-container\">\n\t\t\t\t\t\t\t<div class=\"elementor-spacer\">\n\t\t\t<div class=\"elementor-spacer-inner\"><\/div>\n\t\t<\/div>\n\t\t\t\t\t\t<\/div>\n\t\t\t\t<\/div>\n\t\t\t\t\t<\/div>\n\t\t<\/div>\n\t\t\t\t\t<\/div>\n\t\t<\/section>\n\t\t\t\t<section class=\"elementor-section elementor-top-section elementor-element elementor-element-81ecd97 margin-bottom-big margin-top-big elementor-section-boxed elementor-section-height-default elementor-section-height-default\" data-id=\"81ecd97\" data-element_type=\"section\" data-settings=\"{&quot;jet_parallax_layout_list&quot;:[{&quot;jet_parallax_layout_image&quot;:{&quot;url&quot;:&quot;&quot;,&quot;id&quot;:&quot;&quot;,&quot;size&quot;:&quot;&quot;},&quot;_id&quot;:&quot;e405048&quot;,&quot;jet_parallax_layout_image_tablet&quot;:{&quot;url&quot;:&quot;&quot;,&quot;id&quot;:&quot;&quot;,&quot;size&quot;:&quot;&quot;},&quot;jet_parallax_layout_image_mobile&quot;:{&quot;url&quot;:&quot;&quot;,&quot;id&quot;:&quot;&quot;,&quot;size&quot;:&quot;&quot;},&quot;jet_parallax_layout_speed&quot;:{&quot;unit&quot;:&quot;%&quot;,&quot;size&quot;:50,&quot;sizes&quot;:[]},&quot;jet_parallax_layout_type&quot;:&quot;scroll&quot;,&quot;jet_parallax_layout_direction&quot;:&quot;1&quot;,&quot;jet_parallax_layout_fx_direction&quot;:null,&quot;jet_parallax_layout_z_index&quot;:&quot;&quot;,&quot;jet_parallax_layout_bg_x&quot;:50,&quot;jet_parallax_layout_bg_x_tablet&quot;:&quot;&quot;,&quot;jet_parallax_layout_bg_x_mobile&quot;:&quot;&quot;,&quot;jet_parallax_layout_bg_y&quot;:50,&quot;jet_parallax_layout_bg_y_tablet&quot;:&quot;&quot;,&quot;jet_parallax_layout_bg_y_mobile&quot;:&quot;&quot;,&quot;jet_parallax_layout_bg_size&quot;:&quot;auto&quot;,&quot;jet_parallax_layout_bg_size_tablet&quot;:&quot;&quot;,&quot;jet_parallax_layout_bg_size_mobile&quot;:&quot;&quot;,&quot;jet_parallax_layout_animation_prop&quot;:&quot;transform&quot;,&quot;jet_parallax_layout_on&quot;:[&quot;desktop&quot;,&quot;tablet&quot;]}]}\">\n\t\t\t\t\t\t<div class=\"elementor-container elementor-column-gap-default\">\n\t\t\t\t\t<div class=\"elementor-column elementor-col-100 elementor-top-column elementor-element elementor-element-b2b3299\" data-id=\"b2b3299\" data-element_type=\"column\">\n\t\t\t<div class=\"elementor-widget-wrap elementor-element-populated\">\n\t\t\t\t\t\t<div class=\"elementor-element elementor-element-e34e93a special-color elementor-widget elementor-widget-heading\" data-id=\"e34e93a\" data-element_type=\"widget\" data-widget_type=\"heading.default\">\n\t\t\t\t<div class=\"elementor-widget-container\">\n\t\t\t\t\t<h3 class=\"elementor-heading-title elementor-size-default\">OBR\u00c1\u0164TE SA NA NAJBLI\u017d\u0160IU SPOLO\u010cNOS\u0164 LESJ\u00d6FORS<\/h3>\t\t\t\t<\/div>\n\t\t\t\t<\/div>\n\t\t\t\t<div class=\"elementor-element elementor-element-37923ec subtitle elementor-widget elementor-widget-text-editor\" data-id=\"37923ec\" data-element_type=\"widget\" data-widget_type=\"text-editor.default\">\n\t\t\t\t<div class=\"elementor-widget-container\">\n\t\t\t\t\t\t\t\t\t<p>Ak sa chcete dozvedie\u0165 viac o na\u0161ej \u010dinnosti, kontaktujte svoju najbli\u017e\u0161iu spolo\u010dnos\u0165 Lesj\u00f6fors.<\/p>\n\t\t\t\t\t\t\t\t<\/div>\n\t\t\t\t<\/div>\n\t\t\t\t<div class=\"elementor-element elementor-element-2ba3d5f elementor-widget elementor-widget-button\" data-id=\"2ba3d5f\" data-element_type=\"widget\" data-widget_type=\"button.default\">\n\t\t\t\t<div class=\"elementor-widget-container\">\n\t\t\t\t\t\t\t\t\t<div class=\"elementor-button-wrapper\">\n\t\t\t\t\t<a class=\"elementor-button elementor-button-link elementor-size-sm\" href=\"https:\/\/www.lesjoforsab.com\/sk\/kontakt\/\">\n\t\t\t\t\t\t<span class=\"elementor-button-content-wrapper\">\n\t\t\t\t\t\t\t\t\t<span class=\"elementor-button-text\">Vyh\u013eadanie obchodn\u00e9ho kontaktu<\/span>\n\t\t\t\t\t<\/span>\n\t\t\t\t\t<\/a>\n\t\t\t\t<\/div>\n\t\t\t\t\t\t\t\t<\/div>\n\t\t\t\t<\/div>\n\t\t\t\t\t<\/div>\n\t\t<\/div>\n\t\t\t\t\t<\/div>\n\t\t<\/section>\n\t\t\t\t<\/div>\n\t\t","protected":false},"excerpt":{"rendered":"<p>N\u00e1kladovo efekt\u00edvna v\u00fdroba pre spokojnos\u0165 v\u0161etk\u00fdch, z\u00e1kazn\u00edkov i prostredia. Najlep\u0161ie v\u00fdrobn\u00e9 n\u00e1klady Ver\u00edme v n\u00e1kladovo efekt\u00edvnu v\u00fdrobu, a to so zrete\u013eom na na\u0161ich z\u00e1kazn\u00edkov aj na \u017eivotn\u00e9 prostredie. Najlep\u0161ie v\u00fdrobn\u00e9 n\u00e1klady dosiahneme, ke\u010f dostaneme pr\u00edle\u017eitos\u0165 by\u0165 s\u00fa\u010das\u0165ou projektu od sam\u00e9ho za\u010diatku. Na\u0161e sk\u00fasenosti s technol\u00f3giou pru\u017e\u00edn zah\u0155\u0148aj\u00fa cel\u00fa \u0161k\u00e1lu v\u00fdrobn\u00fdch procesov. Neust\u00e1le investujeme do na\u0161ich [&hellip;]<\/p>\n","protected":false},"author":3,"featured_media":0,"parent":26738,"menu_order":0,"comment_status":"closed","ping_status":"closed","template":"","meta":{"footnotes":""},"class_list":["post-27181","page","type-page","status-publish","hentry"],"yoast_head":"<!-- This site is optimized with the Yoast SEO plugin v25.6 - https:\/\/yoast.com\/wordpress\/plugins\/seo\/ -->\n<title>V\u00fdroba s najlep\u0161\u00edmi n\u00e1kladmi<\/title>\n<meta name=\"description\" content=\"Dosiahnu\u0165 najlep\u0161ie v\u00fdrobn\u00e9 n\u00e1klady dok\u00e1\u017eeme, ak dostaneme pr\u00edle\u017eitos\u0165 by\u0165 s\u00fa\u010das\u0165ou projektu od sam\u00e9ho za\u010diatku.\" \/>\n<meta name=\"robots\" content=\"index, follow, max-snippet:-1, max-image-preview:large, max-video-preview:-1\" \/>\n<link rel=\"canonical\" href=\"https:\/\/www.lesjoforsab.com\/sk\/sluzby\/najlepsie-vyrobne-naklady\/\" \/>\n<meta property=\"og:locale\" content=\"sk_SK\" \/>\n<meta property=\"og:type\" content=\"article\" \/>\n<meta property=\"og:title\" content=\"V\u00fdroba s najlep\u0161\u00edmi n\u00e1kladmi\" \/>\n<meta property=\"og:description\" content=\"Dosiahnu\u0165 najlep\u0161ie v\u00fdrobn\u00e9 n\u00e1klady dok\u00e1\u017eeme, ak dostaneme pr\u00edle\u017eitos\u0165 by\u0165 s\u00fa\u010das\u0165ou projektu od sam\u00e9ho za\u010diatku.\" \/>\n<meta property=\"og:url\" content=\"https:\/\/www.lesjoforsab.com\/sk\/sluzby\/najlepsie-vyrobne-naklady\/\" \/>\n<meta property=\"og:site_name\" content=\"Lesj\u00f6fors - Industrial Springs and Pressings\" \/>\n<meta property=\"article:modified_time\" content=\"2022-10-20T10:54:45+00:00\" \/>\n<meta property=\"og:image\" content=\"https:\/\/www.lesjoforsab.com\/wp-content\/uploads\/User-Uploads\/General-Content\/All-Stage-Images\/Stagebild-CustomSprings-Spring.jpg\" \/>\n\t<meta property=\"og:image:width\" content=\"1920\" \/>\n\t<meta property=\"og:image:height\" content=\"840\" \/>\n\t<meta property=\"og:image:type\" content=\"image\/jpeg\" \/>\n<script type=\"application\/ld+json\" class=\"yoast-schema-graph\">{\"@context\":\"https:\/\/schema.org\",\"@graph\":[{\"@type\":\"WebPage\",\"@id\":\"https:\/\/www.lesjoforsab.com\/sk\/sluzby\/najlepsie-vyrobne-naklady\/\",\"url\":\"https:\/\/www.lesjoforsab.com\/sk\/sluzby\/najlepsie-vyrobne-naklady\/\",\"name\":\"V\u00fdroba s najlep\u0161\u00edmi n\u00e1kladmi\",\"isPartOf\":{\"@id\":\"https:\/\/www.lesjoforsab.com\/sk\/#website\"},\"datePublished\":\"2019-08-16T14:14:33+00:00\",\"dateModified\":\"2022-10-20T10:54:45+00:00\",\"description\":\"Dosiahnu\u0165 najlep\u0161ie v\u00fdrobn\u00e9 n\u00e1klady dok\u00e1\u017eeme, ak dostaneme pr\u00edle\u017eitos\u0165 by\u0165 s\u00fa\u010das\u0165ou projektu od sam\u00e9ho za\u010diatku.\",\"breadcrumb\":{\"@id\":\"https:\/\/www.lesjoforsab.com\/sk\/sluzby\/najlepsie-vyrobne-naklady\/#breadcrumb\"},\"inLanguage\":\"sk-SK\",\"potentialAction\":[{\"@type\":\"ReadAction\",\"target\":[\"https:\/\/www.lesjoforsab.com\/sk\/sluzby\/najlepsie-vyrobne-naklady\/\"]}]},{\"@type\":\"BreadcrumbList\",\"@id\":\"https:\/\/www.lesjoforsab.com\/sk\/sluzby\/najlepsie-vyrobne-naklady\/#breadcrumb\",\"itemListElement\":[{\"@type\":\"ListItem\",\"position\":1,\"name\":\"Domov\",\"item\":\"https:\/\/www.lesjoforsab.com\/sk\/\"},{\"@type\":\"ListItem\",\"position\":2,\"name\":\"Slu\u017eby\",\"item\":\"https:\/\/www.lesjoforsab.com\/sk\/sluzby\/\"},{\"@type\":\"ListItem\",\"position\":3,\"name\":\"Najlep\u0161ie v\u00fdrobn\u00e9 n\u00e1klady\"}]},{\"@type\":\"WebSite\",\"@id\":\"https:\/\/www.lesjoforsab.com\/sk\/#website\",\"url\":\"https:\/\/www.lesjoforsab.com\/sk\/\",\"name\":\"Lesj\u00f6fors - Industrial Springs and Pressings\",\"description\":\"\",\"publisher\":{\"@id\":\"https:\/\/www.lesjoforsab.com\/sk\/#organization\"},\"potentialAction\":[{\"@type\":\"SearchAction\",\"target\":{\"@type\":\"EntryPoint\",\"urlTemplate\":\"https:\/\/www.lesjoforsab.com\/sk\/?s={search_term_string}\"},\"query-input\":{\"@type\":\"PropertyValueSpecification\",\"valueRequired\":true,\"valueName\":\"search_term_string\"}}],\"inLanguage\":\"sk-SK\"},{\"@type\":\"Organization\",\"@id\":\"https:\/\/www.lesjoforsab.com\/sk\/#organization\",\"name\":\"Lesj\u00f6fors AB\",\"url\":\"https:\/\/www.lesjoforsab.com\/sk\/\",\"logo\":{\"@type\":\"ImageObject\",\"inLanguage\":\"sk-SK\",\"@id\":\"https:\/\/www.lesjoforsab.com\/sk\/#\/schema\/logo\/image\/\",\"url\":\"https:\/\/www.lesjoforsab.com\/wp-content\/uploads\/User-Uploads\/Lesjoefors-Brand\/Logotypes\/lesjofors-logo-without-payoff.jpg\",\"contentUrl\":\"https:\/\/www.lesjoforsab.com\/wp-content\/uploads\/User-Uploads\/Lesjoefors-Brand\/Logotypes\/lesjofors-logo-without-payoff.jpg\",\"width\":1347,\"height\":378,\"caption\":\"Lesj\u00f6fors AB\"},\"image\":{\"@id\":\"https:\/\/www.lesjoforsab.com\/sk\/#\/schema\/logo\/image\/\"},\"sameAs\":[\"https:\/\/x.com\/lesjoforsgroup\",\"https:\/\/www.linkedin.com\/company\/lesjoforsab\/\",\"https:\/\/www.youtube.com\/user\/lesjoforsab\"]}]}<\/script>\n<!-- \/ Yoast SEO plugin. -->","yoast_head_json":{"title":"V\u00fdroba s najlep\u0161\u00edmi n\u00e1kladmi","description":"Dosiahnu\u0165 najlep\u0161ie v\u00fdrobn\u00e9 n\u00e1klady dok\u00e1\u017eeme, ak dostaneme pr\u00edle\u017eitos\u0165 by\u0165 s\u00fa\u010das\u0165ou projektu od sam\u00e9ho za\u010diatku.","robots":{"index":"index","follow":"follow","max-snippet":"max-snippet:-1","max-image-preview":"max-image-preview:large","max-video-preview":"max-video-preview:-1"},"canonical":"https:\/\/www.lesjoforsab.com\/sk\/sluzby\/najlepsie-vyrobne-naklady\/","og_locale":"sk_SK","og_type":"article","og_title":"V\u00fdroba s najlep\u0161\u00edmi n\u00e1kladmi","og_description":"Dosiahnu\u0165 najlep\u0161ie v\u00fdrobn\u00e9 n\u00e1klady dok\u00e1\u017eeme, ak dostaneme pr\u00edle\u017eitos\u0165 by\u0165 s\u00fa\u010das\u0165ou projektu od sam\u00e9ho za\u010diatku.","og_url":"https:\/\/www.lesjoforsab.com\/sk\/sluzby\/najlepsie-vyrobne-naklady\/","og_site_name":"Lesj\u00f6fors - Industrial Springs and Pressings","article_modified_time":"2022-10-20T10:54:45+00:00","og_image":[{"width":1920,"height":840,"url":"https:\/\/www.lesjoforsab.com\/wp-content\/uploads\/User-Uploads\/General-Content\/All-Stage-Images\/Stagebild-CustomSprings-Spring.jpg","type":"image\/jpeg"}],"schema":{"@context":"https:\/\/schema.org","@graph":[{"@type":"WebPage","@id":"https:\/\/www.lesjoforsab.com\/sk\/sluzby\/najlepsie-vyrobne-naklady\/","url":"https:\/\/www.lesjoforsab.com\/sk\/sluzby\/najlepsie-vyrobne-naklady\/","name":"V\u00fdroba s najlep\u0161\u00edmi n\u00e1kladmi","isPartOf":{"@id":"https:\/\/www.lesjoforsab.com\/sk\/#website"},"datePublished":"2019-08-16T14:14:33+00:00","dateModified":"2022-10-20T10:54:45+00:00","description":"Dosiahnu\u0165 najlep\u0161ie v\u00fdrobn\u00e9 n\u00e1klady dok\u00e1\u017eeme, ak dostaneme pr\u00edle\u017eitos\u0165 by\u0165 s\u00fa\u010das\u0165ou projektu od sam\u00e9ho za\u010diatku.","breadcrumb":{"@id":"https:\/\/www.lesjoforsab.com\/sk\/sluzby\/najlepsie-vyrobne-naklady\/#breadcrumb"},"inLanguage":"sk-SK","potentialAction":[{"@type":"ReadAction","target":["https:\/\/www.lesjoforsab.com\/sk\/sluzby\/najlepsie-vyrobne-naklady\/"]}]},{"@type":"BreadcrumbList","@id":"https:\/\/www.lesjoforsab.com\/sk\/sluzby\/najlepsie-vyrobne-naklady\/#breadcrumb","itemListElement":[{"@type":"ListItem","position":1,"name":"Domov","item":"https:\/\/www.lesjoforsab.com\/sk\/"},{"@type":"ListItem","position":2,"name":"Slu\u017eby","item":"https:\/\/www.lesjoforsab.com\/sk\/sluzby\/"},{"@type":"ListItem","position":3,"name":"Najlep\u0161ie v\u00fdrobn\u00e9 n\u00e1klady"}]},{"@type":"WebSite","@id":"https:\/\/www.lesjoforsab.com\/sk\/#website","url":"https:\/\/www.lesjoforsab.com\/sk\/","name":"Lesj\u00f6fors - Industrial Springs and Pressings","description":"","publisher":{"@id":"https:\/\/www.lesjoforsab.com\/sk\/#organization"},"potentialAction":[{"@type":"SearchAction","target":{"@type":"EntryPoint","urlTemplate":"https:\/\/www.lesjoforsab.com\/sk\/?s={search_term_string}"},"query-input":{"@type":"PropertyValueSpecification","valueRequired":true,"valueName":"search_term_string"}}],"inLanguage":"sk-SK"},{"@type":"Organization","@id":"https:\/\/www.lesjoforsab.com\/sk\/#organization","name":"Lesj\u00f6fors AB","url":"https:\/\/www.lesjoforsab.com\/sk\/","logo":{"@type":"ImageObject","inLanguage":"sk-SK","@id":"https:\/\/www.lesjoforsab.com\/sk\/#\/schema\/logo\/image\/","url":"https:\/\/www.lesjoforsab.com\/wp-content\/uploads\/User-Uploads\/Lesjoefors-Brand\/Logotypes\/lesjofors-logo-without-payoff.jpg","contentUrl":"https:\/\/www.lesjoforsab.com\/wp-content\/uploads\/User-Uploads\/Lesjoefors-Brand\/Logotypes\/lesjofors-logo-without-payoff.jpg","width":1347,"height":378,"caption":"Lesj\u00f6fors AB"},"image":{"@id":"https:\/\/www.lesjoforsab.com\/sk\/#\/schema\/logo\/image\/"},"sameAs":["https:\/\/x.com\/lesjoforsgroup","https:\/\/www.linkedin.com\/company\/lesjoforsab\/","https:\/\/www.youtube.com\/user\/lesjoforsab"]}]}},"_links":{"self":[{"href":"https:\/\/www.lesjoforsab.com\/sk\/wp-json\/wp\/v2\/pages\/27181","targetHints":{"allow":["GET"]}}],"collection":[{"href":"https:\/\/www.lesjoforsab.com\/sk\/wp-json\/wp\/v2\/pages"}],"about":[{"href":"https:\/\/www.lesjoforsab.com\/sk\/wp-json\/wp\/v2\/types\/page"}],"author":[{"embeddable":true,"href":"https:\/\/www.lesjoforsab.com\/sk\/wp-json\/wp\/v2\/users\/3"}],"replies":[{"embeddable":true,"href":"https:\/\/www.lesjoforsab.com\/sk\/wp-json\/wp\/v2\/comments?post=27181"}],"version-history":[{"count":8,"href":"https:\/\/www.lesjoforsab.com\/sk\/wp-json\/wp\/v2\/pages\/27181\/revisions"}],"predecessor-version":[{"id":60647,"href":"https:\/\/www.lesjoforsab.com\/sk\/wp-json\/wp\/v2\/pages\/27181\/revisions\/60647"}],"up":[{"embeddable":true,"href":"https:\/\/www.lesjoforsab.com\/sk\/wp-json\/wp\/v2\/pages\/26738"}],"wp:attachment":[{"href":"https:\/\/www.lesjoforsab.com\/sk\/wp-json\/wp\/v2\/media?parent=27181"}],"curies":[{"name":"wp","href":"https:\/\/api.w.org\/{rel}","templated":true}]}}