{"id":27178,"date":"2019-08-16T16:03:38","date_gmt":"2019-08-16T14:03:38","guid":{"rendered":"https:\/\/www.lesjoforsab.com\/sluzby\/lokalne-miestne\/"},"modified":"2024-09-04T12:18:59","modified_gmt":"2024-09-04T10:18:59","slug":"lokalne-miestne","status":"publish","type":"page","link":"https:\/\/www.lesjoforsab.com\/sk\/sluzby\/lokalna-spolupraca\/","title":{"rendered":"Lok\u00e1lna spolupr\u00e1ca"},"content":{"rendered":"\t\t<div data-elementor-type=\"wp-page\" data-elementor-id=\"27178\" class=\"elementor elementor-27178 elementor-103\" data-elementor-post-type=\"page\">\n\t\t\t\t\t\t<section class=\"elementor-section elementor-top-section elementor-element elementor-element-a94bf21 elementor-section-boxed elementor-section-height-default elementor-section-height-default\" data-id=\"a94bf21\" data-element_type=\"section\" data-settings=\"{&quot;jet_parallax_layout_list&quot;:[{&quot;jet_parallax_layout_image&quot;:{&quot;url&quot;:&quot;&quot;,&quot;id&quot;:&quot;&quot;,&quot;size&quot;:&quot;&quot;},&quot;_id&quot;:&quot;d775061&quot;,&quot;jet_parallax_layout_image_tablet&quot;:{&quot;url&quot;:&quot;&quot;,&quot;id&quot;:&quot;&quot;,&quot;size&quot;:&quot;&quot;},&quot;jet_parallax_layout_image_mobile&quot;:{&quot;url&quot;:&quot;&quot;,&quot;id&quot;:&quot;&quot;,&quot;size&quot;:&quot;&quot;},&quot;jet_parallax_layout_speed&quot;:{&quot;unit&quot;:&quot;%&quot;,&quot;size&quot;:50,&quot;sizes&quot;:[]},&quot;jet_parallax_layout_type&quot;:&quot;scroll&quot;,&quot;jet_parallax_layout_direction&quot;:&quot;1&quot;,&quot;jet_parallax_layout_fx_direction&quot;:null,&quot;jet_parallax_layout_z_index&quot;:&quot;&quot;,&quot;jet_parallax_layout_bg_x&quot;:50,&quot;jet_parallax_layout_bg_x_tablet&quot;:&quot;&quot;,&quot;jet_parallax_layout_bg_x_mobile&quot;:&quot;&quot;,&quot;jet_parallax_layout_bg_y&quot;:50,&quot;jet_parallax_layout_bg_y_tablet&quot;:&quot;&quot;,&quot;jet_parallax_layout_bg_y_mobile&quot;:&quot;&quot;,&quot;jet_parallax_layout_bg_size&quot;:&quot;auto&quot;,&quot;jet_parallax_layout_bg_size_tablet&quot;:&quot;&quot;,&quot;jet_parallax_layout_bg_size_mobile&quot;:&quot;&quot;,&quot;jet_parallax_layout_animation_prop&quot;:&quot;transform&quot;,&quot;jet_parallax_layout_on&quot;:[&quot;desktop&quot;,&quot;tablet&quot;]}],&quot;background_background&quot;:&quot;classic&quot;}\">\n\t\t\t\t\t\t<div class=\"elementor-container elementor-column-gap-default\">\n\t\t\t\t\t<div class=\"elementor-column elementor-col-100 elementor-top-column elementor-element elementor-element-3530ac6\" data-id=\"3530ac6\" data-element_type=\"column\">\n\t\t\t<div class=\"elementor-widget-wrap elementor-element-populated\">\n\t\t\t\t\t\t<div class=\"elementor-element elementor-element-a3e4b8d p white margin-bottom-big subtitle elementor-widget elementor-widget-text-editor\" data-id=\"a3e4b8d\" data-element_type=\"widget\" data-widget_type=\"text-editor.default\">\n\t\t\t\t<div class=\"elementor-widget-container\">\n\t\t\t\t\t\t\t\t\t<p>Miestna pr\u00edtomnos\u0165 je na\u0161a sila.<\/p>\n\t\t\t\t\t\t\t\t<\/div>\n\t\t\t\t<\/div>\n\t\t\t\t\t<\/div>\n\t\t<\/div>\n\t\t\t\t\t<\/div>\n\t\t<\/section>\n\t\t\t\t<section class=\"elementor-section elementor-top-section elementor-element elementor-element-b0e31f9 elementor-section-boxed elementor-section-height-default elementor-section-height-default\" data-id=\"b0e31f9\" data-element_type=\"section\" data-settings=\"{&quot;jet_parallax_layout_list&quot;:[{&quot;jet_parallax_layout_image&quot;:{&quot;url&quot;:&quot;&quot;,&quot;id&quot;:&quot;&quot;,&quot;size&quot;:&quot;&quot;},&quot;_id&quot;:&quot;1ae3376&quot;,&quot;jet_parallax_layout_image_tablet&quot;:{&quot;url&quot;:&quot;&quot;,&quot;id&quot;:&quot;&quot;,&quot;size&quot;:&quot;&quot;},&quot;jet_parallax_layout_image_mobile&quot;:{&quot;url&quot;:&quot;&quot;,&quot;id&quot;:&quot;&quot;,&quot;size&quot;:&quot;&quot;},&quot;jet_parallax_layout_speed&quot;:{&quot;unit&quot;:&quot;%&quot;,&quot;size&quot;:50,&quot;sizes&quot;:[]},&quot;jet_parallax_layout_type&quot;:&quot;scroll&quot;,&quot;jet_parallax_layout_direction&quot;:&quot;1&quot;,&quot;jet_parallax_layout_fx_direction&quot;:null,&quot;jet_parallax_layout_z_index&quot;:&quot;&quot;,&quot;jet_parallax_layout_bg_x&quot;:50,&quot;jet_parallax_layout_bg_x_tablet&quot;:&quot;&quot;,&quot;jet_parallax_layout_bg_x_mobile&quot;:&quot;&quot;,&quot;jet_parallax_layout_bg_y&quot;:50,&quot;jet_parallax_layout_bg_y_tablet&quot;:&quot;&quot;,&quot;jet_parallax_layout_bg_y_mobile&quot;:&quot;&quot;,&quot;jet_parallax_layout_bg_size&quot;:&quot;auto&quot;,&quot;jet_parallax_layout_bg_size_tablet&quot;:&quot;&quot;,&quot;jet_parallax_layout_bg_size_mobile&quot;:&quot;&quot;,&quot;jet_parallax_layout_animation_prop&quot;:&quot;transform&quot;,&quot;jet_parallax_layout_on&quot;:[&quot;desktop&quot;,&quot;tablet&quot;]}]}\">\n\t\t\t\t\t\t<div class=\"elementor-container elementor-column-gap-default\">\n\t\t\t\t\t<div class=\"elementor-column elementor-col-100 elementor-top-column elementor-element elementor-element-a6a5cd9\" data-id=\"a6a5cd9\" data-element_type=\"column\">\n\t\t\t<div class=\"elementor-widget-wrap elementor-element-populated\">\n\t\t\t\t\t\t<div class=\"elementor-element elementor-element-2c7d9c7 monocrumbs elementor-widget elementor-widget-breadcrumbs\" data-id=\"2c7d9c7\" data-element_type=\"widget\" data-widget_type=\"breadcrumbs.default\">\n\t\t\t\t<div class=\"elementor-widget-container\">\n\t\t\t\t\t<p id=\"breadcrumbs\"><span><span><a href=\"https:\/\/www.lesjoforsab.com\/sk\/\">Domov<\/a><\/span><\/span><\/p>\t\t\t\t<\/div>\n\t\t\t\t<\/div>\n\t\t\t\t\t<\/div>\n\t\t<\/div>\n\t\t\t\t\t<\/div>\n\t\t<\/section>\n\t\t\t\t<section class=\"elementor-section elementor-top-section elementor-element elementor-element-b90714c elementor-section-full_width flex-column margin-top-medium elementor-section-height-default elementor-section-height-default\" data-id=\"b90714c\" data-element_type=\"section\" data-settings=\"{&quot;jet_parallax_layout_list&quot;:[{&quot;jet_parallax_layout_image&quot;:{&quot;url&quot;:&quot;&quot;,&quot;id&quot;:&quot;&quot;,&quot;size&quot;:&quot;&quot;},&quot;_id&quot;:&quot;55ff6ac&quot;,&quot;jet_parallax_layout_image_tablet&quot;:{&quot;url&quot;:&quot;&quot;,&quot;id&quot;:&quot;&quot;,&quot;size&quot;:&quot;&quot;},&quot;jet_parallax_layout_image_mobile&quot;:{&quot;url&quot;:&quot;&quot;,&quot;id&quot;:&quot;&quot;,&quot;size&quot;:&quot;&quot;},&quot;jet_parallax_layout_speed&quot;:{&quot;unit&quot;:&quot;%&quot;,&quot;size&quot;:50,&quot;sizes&quot;:[]},&quot;jet_parallax_layout_type&quot;:&quot;scroll&quot;,&quot;jet_parallax_layout_direction&quot;:&quot;1&quot;,&quot;jet_parallax_layout_fx_direction&quot;:null,&quot;jet_parallax_layout_z_index&quot;:&quot;&quot;,&quot;jet_parallax_layout_bg_x&quot;:50,&quot;jet_parallax_layout_bg_x_tablet&quot;:&quot;&quot;,&quot;jet_parallax_layout_bg_x_mobile&quot;:&quot;&quot;,&quot;jet_parallax_layout_bg_y&quot;:50,&quot;jet_parallax_layout_bg_y_tablet&quot;:&quot;&quot;,&quot;jet_parallax_layout_bg_y_mobile&quot;:&quot;&quot;,&quot;jet_parallax_layout_bg_size&quot;:&quot;auto&quot;,&quot;jet_parallax_layout_bg_size_tablet&quot;:&quot;&quot;,&quot;jet_parallax_layout_bg_size_mobile&quot;:&quot;&quot;,&quot;jet_parallax_layout_animation_prop&quot;:&quot;transform&quot;,&quot;jet_parallax_layout_on&quot;:[&quot;desktop&quot;,&quot;tablet&quot;]}]}\">\n\t\t\t\t\t\t<div class=\"elementor-container elementor-column-gap-default\">\n\t\t\t\t\t<div class=\"elementor-column elementor-col-50 elementor-top-column elementor-element elementor-element-b3f7e47 column-left-33-boxed\" data-id=\"b3f7e47\" data-element_type=\"column\">\n\t\t\t<div class=\"elementor-widget-wrap elementor-element-populated\">\n\t\t\t\t\t\t<div class=\"elementor-element elementor-element-c45de59 decorated margin-top-big elementor-widget elementor-widget-heading\" data-id=\"c45de59\" data-element_type=\"widget\" data-widget_type=\"heading.default\">\n\t\t\t\t<div class=\"elementor-widget-container\">\n\t\t\t\t\t<h2 class=\"elementor-heading-title elementor-size-default\">Lok\u00e1lna spolupr\u00e1ca<\/h2>\t\t\t\t<\/div>\n\t\t\t\t<\/div>\n\t\t\t\t<div class=\"elementor-element elementor-element-d22ed74 margin-top-small elementor-widget elementor-widget-text-editor\" data-id=\"d22ed74\" data-element_type=\"widget\" data-widget_type=\"text-editor.default\">\n\t\t\t\t<div class=\"elementor-widget-container\">\n\t\t\t\t\t\t\t\t\t<p>Skupina Lesj\u00f6fors je jednou z popredn\u00fdch svetov\u00fdch spolo\u010dnost\u00ed v odvetv\u00ed pru\u017e\u00edn s vy\u0161e 2 500 zamestnancami a viac ako 50 v\u00fdrobn\u00fdmi a predajn\u00fdmi miestami v Eur\u00f3pe, \u00c1zii a USA. Skupina Lesj\u00f6fors m\u00e1 dnes naj\u0161ir\u0161\u00ed sortiment pru\u017e\u00edn a v\u00fdliskov na trhu.<\/p>\n<p>Na\u0161ou v\u00edziou je by\u0165 partnerom, ktor\u00fd je k dispoz\u00edcii, sl\u00fa\u017ei\u0165 na\u0161im z\u00e1kazn\u00edkom na mieste. V priebehu rokov sme videli, \u017ee na\u0161a miestna pr\u00edtomnos\u0165 je absol\u00fatnym faktorom \u00faspechu. M\u00e1me <a href=\"https:\/\/www.lesjoforsab.com\/sk\/o-skupine-lesjofors\/nase-znacky\/\">siln\u00fa sie\u0165 technikov<\/a> a v\u00fdrobn\u00fdch pracovn\u00edkov v celej skupine a spolu s miestnou zodpovednos\u0165ou sme schopn\u00ed poskytn\u00fa\u0165 na\u0161im z\u00e1kazn\u00edkom tie najlep\u0161ie slu\u017eby.<\/p>\t\t\t\t\t\t\t\t<\/div>\n\t\t\t\t<\/div>\n\t\t\t\t\t<\/div>\n\t\t<\/div>\n\t\t\t\t<div class=\"elementor-column elementor-col-50 elementor-top-column elementor-element elementor-element-7ba368d column-right-66\" data-id=\"7ba368d\" data-element_type=\"column\" data-settings=\"{&quot;background_background&quot;:&quot;classic&quot;}\">\n\t\t\t<div class=\"elementor-widget-wrap elementor-element-populated\">\n\t\t\t\t\t<div class=\"elementor-background-overlay\"><\/div>\n\t\t\t\t\t\t<div class=\"elementor-element elementor-element-b1a6a83 image-max-height elementor-widget elementor-widget-spacer\" data-id=\"b1a6a83\" data-element_type=\"widget\" data-widget_type=\"spacer.default\">\n\t\t\t\t<div class=\"elementor-widget-container\">\n\t\t\t\t\t\t\t<div class=\"elementor-spacer\">\n\t\t\t<div class=\"elementor-spacer-inner\"><\/div>\n\t\t<\/div>\n\t\t\t\t\t\t<\/div>\n\t\t\t\t<\/div>\n\t\t\t\t<div class=\"elementor-element elementor-element-3e0893e image-max-height elementor-widget elementor-widget-spacer\" data-id=\"3e0893e\" data-element_type=\"widget\" data-widget_type=\"spacer.default\">\n\t\t\t\t<div class=\"elementor-widget-container\">\n\t\t\t\t\t\t\t<div class=\"elementor-spacer\">\n\t\t\t<div class=\"elementor-spacer-inner\"><\/div>\n\t\t<\/div>\n\t\t\t\t\t\t<\/div>\n\t\t\t\t<\/div>\n\t\t\t\t\t<\/div>\n\t\t<\/div>\n\t\t\t\t\t<\/div>\n\t\t<\/section>\n\t\t\t\t<section class=\"elementor-section elementor-top-section elementor-element elementor-element-efb1dba margin-bottom-big margin-top-big elementor-section-boxed elementor-section-height-default elementor-section-height-default\" data-id=\"efb1dba\" data-element_type=\"section\" data-settings=\"{&quot;jet_parallax_layout_list&quot;:[{&quot;jet_parallax_layout_image&quot;:{&quot;url&quot;:&quot;&quot;,&quot;id&quot;:&quot;&quot;,&quot;size&quot;:&quot;&quot;},&quot;_id&quot;:&quot;e405048&quot;,&quot;jet_parallax_layout_image_tablet&quot;:{&quot;url&quot;:&quot;&quot;,&quot;id&quot;:&quot;&quot;,&quot;size&quot;:&quot;&quot;},&quot;jet_parallax_layout_image_mobile&quot;:{&quot;url&quot;:&quot;&quot;,&quot;id&quot;:&quot;&quot;,&quot;size&quot;:&quot;&quot;},&quot;jet_parallax_layout_speed&quot;:{&quot;unit&quot;:&quot;%&quot;,&quot;size&quot;:50,&quot;sizes&quot;:[]},&quot;jet_parallax_layout_type&quot;:&quot;scroll&quot;,&quot;jet_parallax_layout_direction&quot;:&quot;1&quot;,&quot;jet_parallax_layout_fx_direction&quot;:null,&quot;jet_parallax_layout_z_index&quot;:&quot;&quot;,&quot;jet_parallax_layout_bg_x&quot;:50,&quot;jet_parallax_layout_bg_x_tablet&quot;:&quot;&quot;,&quot;jet_parallax_layout_bg_x_mobile&quot;:&quot;&quot;,&quot;jet_parallax_layout_bg_y&quot;:50,&quot;jet_parallax_layout_bg_y_tablet&quot;:&quot;&quot;,&quot;jet_parallax_layout_bg_y_mobile&quot;:&quot;&quot;,&quot;jet_parallax_layout_bg_size&quot;:&quot;auto&quot;,&quot;jet_parallax_layout_bg_size_tablet&quot;:&quot;&quot;,&quot;jet_parallax_layout_bg_size_mobile&quot;:&quot;&quot;,&quot;jet_parallax_layout_animation_prop&quot;:&quot;transform&quot;,&quot;jet_parallax_layout_on&quot;:[&quot;desktop&quot;,&quot;tablet&quot;]}]}\">\n\t\t\t\t\t\t<div class=\"elementor-container elementor-column-gap-default\">\n\t\t\t\t\t<div class=\"elementor-column elementor-col-100 elementor-top-column elementor-element elementor-element-f6fe423\" data-id=\"f6fe423\" data-element_type=\"column\">\n\t\t\t<div class=\"elementor-widget-wrap elementor-element-populated\">\n\t\t\t\t\t\t<div class=\"elementor-element elementor-element-57cee69 special-color elementor-widget elementor-widget-heading\" data-id=\"57cee69\" data-element_type=\"widget\" data-widget_type=\"heading.default\">\n\t\t\t\t<div class=\"elementor-widget-container\">\n\t\t\t\t\t<h3 class=\"elementor-heading-title elementor-size-default\">Obr\u00e1\u0165e sa na najbli\u017e\u0161iu spolo\u010dnos\u0165 Lesj\u00f6fors   <\/h3>\t\t\t\t<\/div>\n\t\t\t\t<\/div>\n\t\t\t\t<div class=\"elementor-element elementor-element-e6f0e68 subtitle elementor-widget elementor-widget-text-editor\" data-id=\"e6f0e68\" data-element_type=\"widget\" data-widget_type=\"text-editor.default\">\n\t\t\t\t<div class=\"elementor-widget-container\">\n\t\t\t\t\t\t\t\t\t<p>Ak sa chcete dozvedie\u0165 viac o na\u0161ej \u010dinnosti, kontaktujte svoju najbli\u017e\u0161iu spolo\u010dnos\u0165 Lesj\u00f6fors.<\/p>\n\t\t\t\t\t\t\t\t<\/div>\n\t\t\t\t<\/div>\n\t\t\t\t<div class=\"elementor-element elementor-element-9988885 elementor-widget elementor-widget-button\" data-id=\"9988885\" data-element_type=\"widget\" data-widget_type=\"button.default\">\n\t\t\t\t<div class=\"elementor-widget-container\">\n\t\t\t\t\t\t\t\t\t<div class=\"elementor-button-wrapper\">\n\t\t\t\t\t<a class=\"elementor-button elementor-button-link elementor-size-sm\" href=\"https:\/\/www.lesjoforsab.com\/sk\/kontakt\/\">\n\t\t\t\t\t\t<span class=\"elementor-button-content-wrapper\">\n\t\t\t\t\t\t\t\t\t<span class=\"elementor-button-text\">Vyh\u013eadanie obchodn\u00e9ho kontaktu<\/span>\n\t\t\t\t\t<\/span>\n\t\t\t\t\t<\/a>\n\t\t\t\t<\/div>\n\t\t\t\t\t\t\t\t<\/div>\n\t\t\t\t<\/div>\n\t\t\t\t\t<\/div>\n\t\t<\/div>\n\t\t\t\t\t<\/div>\n\t\t<\/section>\n\t\t\t\t<\/div>\n\t\t","protected":false},"excerpt":{"rendered":"<p>Miestna pr\u00edtomnos\u0165 je na\u0161a sila. Lok\u00e1lna spolupr\u00e1ca Skupina Lesj\u00f6fors je jednou z popredn\u00fdch svetov\u00fdch spolo\u010dnost\u00ed v odvetv\u00ed pru\u017e\u00edn s vy\u0161e 2 500 zamestnancami a viac ako 50 v\u00fdrobn\u00fdmi a predajn\u00fdmi miestami v Eur\u00f3pe, \u00c1zii a USA. Skupina Lesj\u00f6fors m\u00e1 dnes naj\u0161ir\u0161\u00ed sortiment pru\u017e\u00edn a v\u00fdliskov na trhu. Na\u0161ou v\u00edziou je by\u0165 partnerom, ktor\u00fd je k [&hellip;]<\/p>\n","protected":false},"author":3,"featured_media":0,"parent":26738,"menu_order":0,"comment_status":"closed","ping_status":"closed","template":"","meta":{"footnotes":""},"class_list":["post-27178","page","type-page","status-publish","hentry"],"yoast_head":"<!-- This site is optimized with the Yoast SEO plugin v25.6 - https:\/\/yoast.com\/wordpress\/plugins\/seo\/ -->\n<title>Miestna zodpovednos\u0165 pon\u00faka na\u0161im z\u00e1kazn\u00edkom najlep\u0161ie slu\u017eby v triede<\/title>\n<meta name=\"description\" content=\"By\u0165 partnerom, ktor\u00fd je k dispoz\u00edcii, sl\u00fa\u017ei\u0165 na\u0161im z\u00e1kazn\u00edkom lok\u00e1lne, to je na\u0161a v\u00edzia. Na\u0161a miestna pr\u00edtomnos\u0165 je absol\u00fatnym faktorom \u00faspechu. Pozdravte Lesj\u00f6fors!\" \/>\n<meta name=\"robots\" content=\"index, follow, max-snippet:-1, max-image-preview:large, max-video-preview:-1\" \/>\n<link rel=\"canonical\" href=\"https:\/\/www.lesjoforsab.com\/sk\/sluzby\/lokalna-spolupraca\/\" \/>\n<meta property=\"og:locale\" content=\"sk_SK\" \/>\n<meta property=\"og:type\" content=\"article\" \/>\n<meta property=\"og:title\" content=\"Miestna zodpovednos\u0165 pon\u00faka na\u0161im z\u00e1kazn\u00edkom najlep\u0161ie slu\u017eby v triede\" \/>\n<meta property=\"og:description\" content=\"By\u0165 partnerom, ktor\u00fd je k dispoz\u00edcii, sl\u00fa\u017ei\u0165 na\u0161im z\u00e1kazn\u00edkom lok\u00e1lne, to je na\u0161a v\u00edzia. Na\u0161a miestna pr\u00edtomnos\u0165 je absol\u00fatnym faktorom \u00faspechu. Pozdravte Lesj\u00f6fors!\" \/>\n<meta property=\"og:url\" content=\"https:\/\/www.lesjoforsab.com\/sk\/sluzby\/lokalna-spolupraca\/\" \/>\n<meta property=\"og:site_name\" content=\"Lesj\u00f6fors - Industrial Springs and Pressings\" \/>\n<meta property=\"article:modified_time\" content=\"2024-09-04T10:18:59+00:00\" \/>\n<meta property=\"og:image\" content=\"https:\/\/www.lesjoforsab.com\/wp-content\/uploads\/User-Uploads\/General-Content\/All-Stage-Images\/Stagebild-CustomSprings-Spring.jpg\" \/>\n\t<meta property=\"og:image:width\" content=\"1920\" \/>\n\t<meta property=\"og:image:height\" content=\"840\" \/>\n\t<meta property=\"og:image:type\" content=\"image\/jpeg\" \/>\n<script type=\"application\/ld+json\" class=\"yoast-schema-graph\">{\"@context\":\"https:\/\/schema.org\",\"@graph\":[{\"@type\":\"WebPage\",\"@id\":\"https:\/\/www.lesjoforsab.com\/sk\/sluzby\/lokalna-spolupraca\/\",\"url\":\"https:\/\/www.lesjoforsab.com\/sk\/sluzby\/lokalna-spolupraca\/\",\"name\":\"Miestna zodpovednos\u0165 pon\u00faka na\u0161im z\u00e1kazn\u00edkom najlep\u0161ie slu\u017eby v triede\",\"isPartOf\":{\"@id\":\"https:\/\/www.lesjoforsab.com\/sk\/#website\"},\"datePublished\":\"2019-08-16T14:03:38+00:00\",\"dateModified\":\"2024-09-04T10:18:59+00:00\",\"description\":\"By\u0165 partnerom, ktor\u00fd je k dispoz\u00edcii, sl\u00fa\u017ei\u0165 na\u0161im z\u00e1kazn\u00edkom lok\u00e1lne, to je na\u0161a v\u00edzia. Na\u0161a miestna pr\u00edtomnos\u0165 je absol\u00fatnym faktorom \u00faspechu. Pozdravte Lesj\u00f6fors!\",\"breadcrumb\":{\"@id\":\"https:\/\/www.lesjoforsab.com\/sk\/sluzby\/lokalna-spolupraca\/#breadcrumb\"},\"inLanguage\":\"sk-SK\",\"potentialAction\":[{\"@type\":\"ReadAction\",\"target\":[\"https:\/\/www.lesjoforsab.com\/sk\/sluzby\/lokalna-spolupraca\/\"]}]},{\"@type\":\"BreadcrumbList\",\"@id\":\"https:\/\/www.lesjoforsab.com\/sk\/sluzby\/lokalna-spolupraca\/#breadcrumb\",\"itemListElement\":[{\"@type\":\"ListItem\",\"position\":1,\"name\":\"Domov\",\"item\":\"https:\/\/www.lesjoforsab.com\/sk\/\"},{\"@type\":\"ListItem\",\"position\":2,\"name\":\"Slu\u017eby\",\"item\":\"https:\/\/www.lesjoforsab.com\/sk\/sluzby\/\"},{\"@type\":\"ListItem\",\"position\":3,\"name\":\"Lok\u00e1lna spolupr\u00e1ca\"}]},{\"@type\":\"WebSite\",\"@id\":\"https:\/\/www.lesjoforsab.com\/sk\/#website\",\"url\":\"https:\/\/www.lesjoforsab.com\/sk\/\",\"name\":\"Lesj\u00f6fors - Industrial Springs and Pressings\",\"description\":\"\",\"publisher\":{\"@id\":\"https:\/\/www.lesjoforsab.com\/sk\/#organization\"},\"potentialAction\":[{\"@type\":\"SearchAction\",\"target\":{\"@type\":\"EntryPoint\",\"urlTemplate\":\"https:\/\/www.lesjoforsab.com\/sk\/?s={search_term_string}\"},\"query-input\":{\"@type\":\"PropertyValueSpecification\",\"valueRequired\":true,\"valueName\":\"search_term_string\"}}],\"inLanguage\":\"sk-SK\"},{\"@type\":\"Organization\",\"@id\":\"https:\/\/www.lesjoforsab.com\/sk\/#organization\",\"name\":\"Lesj\u00f6fors AB\",\"url\":\"https:\/\/www.lesjoforsab.com\/sk\/\",\"logo\":{\"@type\":\"ImageObject\",\"inLanguage\":\"sk-SK\",\"@id\":\"https:\/\/www.lesjoforsab.com\/sk\/#\/schema\/logo\/image\/\",\"url\":\"https:\/\/www.lesjoforsab.com\/wp-content\/uploads\/User-Uploads\/Lesjoefors-Brand\/Logotypes\/lesjofors-logo-without-payoff.jpg\",\"contentUrl\":\"https:\/\/www.lesjoforsab.com\/wp-content\/uploads\/User-Uploads\/Lesjoefors-Brand\/Logotypes\/lesjofors-logo-without-payoff.jpg\",\"width\":1347,\"height\":378,\"caption\":\"Lesj\u00f6fors AB\"},\"image\":{\"@id\":\"https:\/\/www.lesjoforsab.com\/sk\/#\/schema\/logo\/image\/\"},\"sameAs\":[\"https:\/\/x.com\/lesjoforsgroup\",\"https:\/\/www.linkedin.com\/company\/lesjoforsab\/\",\"https:\/\/www.youtube.com\/user\/lesjoforsab\"]}]}<\/script>\n<!-- \/ Yoast SEO plugin. -->","yoast_head_json":{"title":"Miestna zodpovednos\u0165 pon\u00faka na\u0161im z\u00e1kazn\u00edkom najlep\u0161ie slu\u017eby v triede","description":"By\u0165 partnerom, ktor\u00fd je k dispoz\u00edcii, sl\u00fa\u017ei\u0165 na\u0161im z\u00e1kazn\u00edkom lok\u00e1lne, to je na\u0161a v\u00edzia. Na\u0161a miestna pr\u00edtomnos\u0165 je absol\u00fatnym faktorom \u00faspechu. Pozdravte Lesj\u00f6fors!","robots":{"index":"index","follow":"follow","max-snippet":"max-snippet:-1","max-image-preview":"max-image-preview:large","max-video-preview":"max-video-preview:-1"},"canonical":"https:\/\/www.lesjoforsab.com\/sk\/sluzby\/lokalna-spolupraca\/","og_locale":"sk_SK","og_type":"article","og_title":"Miestna zodpovednos\u0165 pon\u00faka na\u0161im z\u00e1kazn\u00edkom najlep\u0161ie slu\u017eby v triede","og_description":"By\u0165 partnerom, ktor\u00fd je k dispoz\u00edcii, sl\u00fa\u017ei\u0165 na\u0161im z\u00e1kazn\u00edkom lok\u00e1lne, to je na\u0161a v\u00edzia. Na\u0161a miestna pr\u00edtomnos\u0165 je absol\u00fatnym faktorom \u00faspechu. Pozdravte Lesj\u00f6fors!","og_url":"https:\/\/www.lesjoforsab.com\/sk\/sluzby\/lokalna-spolupraca\/","og_site_name":"Lesj\u00f6fors - Industrial Springs and Pressings","article_modified_time":"2024-09-04T10:18:59+00:00","og_image":[{"width":1920,"height":840,"url":"https:\/\/www.lesjoforsab.com\/wp-content\/uploads\/User-Uploads\/General-Content\/All-Stage-Images\/Stagebild-CustomSprings-Spring.jpg","type":"image\/jpeg"}],"schema":{"@context":"https:\/\/schema.org","@graph":[{"@type":"WebPage","@id":"https:\/\/www.lesjoforsab.com\/sk\/sluzby\/lokalna-spolupraca\/","url":"https:\/\/www.lesjoforsab.com\/sk\/sluzby\/lokalna-spolupraca\/","name":"Miestna zodpovednos\u0165 pon\u00faka na\u0161im z\u00e1kazn\u00edkom najlep\u0161ie slu\u017eby v triede","isPartOf":{"@id":"https:\/\/www.lesjoforsab.com\/sk\/#website"},"datePublished":"2019-08-16T14:03:38+00:00","dateModified":"2024-09-04T10:18:59+00:00","description":"By\u0165 partnerom, ktor\u00fd je k dispoz\u00edcii, sl\u00fa\u017ei\u0165 na\u0161im z\u00e1kazn\u00edkom lok\u00e1lne, to je na\u0161a v\u00edzia. Na\u0161a miestna pr\u00edtomnos\u0165 je absol\u00fatnym faktorom \u00faspechu. Pozdravte Lesj\u00f6fors!","breadcrumb":{"@id":"https:\/\/www.lesjoforsab.com\/sk\/sluzby\/lokalna-spolupraca\/#breadcrumb"},"inLanguage":"sk-SK","potentialAction":[{"@type":"ReadAction","target":["https:\/\/www.lesjoforsab.com\/sk\/sluzby\/lokalna-spolupraca\/"]}]},{"@type":"BreadcrumbList","@id":"https:\/\/www.lesjoforsab.com\/sk\/sluzby\/lokalna-spolupraca\/#breadcrumb","itemListElement":[{"@type":"ListItem","position":1,"name":"Domov","item":"https:\/\/www.lesjoforsab.com\/sk\/"},{"@type":"ListItem","position":2,"name":"Slu\u017eby","item":"https:\/\/www.lesjoforsab.com\/sk\/sluzby\/"},{"@type":"ListItem","position":3,"name":"Lok\u00e1lna spolupr\u00e1ca"}]},{"@type":"WebSite","@id":"https:\/\/www.lesjoforsab.com\/sk\/#website","url":"https:\/\/www.lesjoforsab.com\/sk\/","name":"Lesj\u00f6fors - Industrial Springs and Pressings","description":"","publisher":{"@id":"https:\/\/www.lesjoforsab.com\/sk\/#organization"},"potentialAction":[{"@type":"SearchAction","target":{"@type":"EntryPoint","urlTemplate":"https:\/\/www.lesjoforsab.com\/sk\/?s={search_term_string}"},"query-input":{"@type":"PropertyValueSpecification","valueRequired":true,"valueName":"search_term_string"}}],"inLanguage":"sk-SK"},{"@type":"Organization","@id":"https:\/\/www.lesjoforsab.com\/sk\/#organization","name":"Lesj\u00f6fors AB","url":"https:\/\/www.lesjoforsab.com\/sk\/","logo":{"@type":"ImageObject","inLanguage":"sk-SK","@id":"https:\/\/www.lesjoforsab.com\/sk\/#\/schema\/logo\/image\/","url":"https:\/\/www.lesjoforsab.com\/wp-content\/uploads\/User-Uploads\/Lesjoefors-Brand\/Logotypes\/lesjofors-logo-without-payoff.jpg","contentUrl":"https:\/\/www.lesjoforsab.com\/wp-content\/uploads\/User-Uploads\/Lesjoefors-Brand\/Logotypes\/lesjofors-logo-without-payoff.jpg","width":1347,"height":378,"caption":"Lesj\u00f6fors AB"},"image":{"@id":"https:\/\/www.lesjoforsab.com\/sk\/#\/schema\/logo\/image\/"},"sameAs":["https:\/\/x.com\/lesjoforsgroup","https:\/\/www.linkedin.com\/company\/lesjoforsab\/","https:\/\/www.youtube.com\/user\/lesjoforsab"]}]}},"_links":{"self":[{"href":"https:\/\/www.lesjoforsab.com\/sk\/wp-json\/wp\/v2\/pages\/27178","targetHints":{"allow":["GET"]}}],"collection":[{"href":"https:\/\/www.lesjoforsab.com\/sk\/wp-json\/wp\/v2\/pages"}],"about":[{"href":"https:\/\/www.lesjoforsab.com\/sk\/wp-json\/wp\/v2\/types\/page"}],"author":[{"embeddable":true,"href":"https:\/\/www.lesjoforsab.com\/sk\/wp-json\/wp\/v2\/users\/3"}],"replies":[{"embeddable":true,"href":"https:\/\/www.lesjoforsab.com\/sk\/wp-json\/wp\/v2\/comments?post=27178"}],"version-history":[{"count":22,"href":"https:\/\/www.lesjoforsab.com\/sk\/wp-json\/wp\/v2\/pages\/27178\/revisions"}],"predecessor-version":[{"id":88116,"href":"https:\/\/www.lesjoforsab.com\/sk\/wp-json\/wp\/v2\/pages\/27178\/revisions\/88116"}],"up":[{"embeddable":true,"href":"https:\/\/www.lesjoforsab.com\/sk\/wp-json\/wp\/v2\/pages\/26738"}],"wp:attachment":[{"href":"https:\/\/www.lesjoforsab.com\/sk\/wp-json\/wp\/v2\/media?parent=27178"}],"curies":[{"name":"wp","href":"https:\/\/api.w.org\/{rel}","templated":true}]}}