{"id":26975,"date":"2019-11-25T13:39:24","date_gmt":"2019-11-25T12:39:24","guid":{"rendered":"https:\/\/www.lesjoforsab.com\/dodacie-podmienky\/"},"modified":"2022-10-20T12:49:15","modified_gmt":"2022-10-20T10:49:15","slug":"dodacie-podmienky","status":"publish","type":"page","link":"https:\/\/www.lesjoforsab.com\/sk\/dodacie-podmienky\/","title":{"rendered":"Dodacie podmienky"},"content":{"rendered":"\t\t<div data-elementor-type=\"wp-page\" data-elementor-id=\"26975\" class=\"elementor elementor-26975 elementor-3071\" data-elementor-post-type=\"page\">\n\t\t\t\t\t\t<section class=\"elementor-section elementor-top-section elementor-element elementor-element-18660af elementor-section-boxed elementor-section-height-default elementor-section-height-default\" data-id=\"18660af\" data-element_type=\"section\" data-settings=\"{&quot;jet_parallax_layout_list&quot;:[{&quot;jet_parallax_layout_image&quot;:{&quot;url&quot;:&quot;&quot;,&quot;id&quot;:&quot;&quot;,&quot;size&quot;:&quot;&quot;},&quot;_id&quot;:&quot;b3b3420&quot;,&quot;jet_parallax_layout_image_tablet&quot;:{&quot;url&quot;:&quot;&quot;,&quot;id&quot;:&quot;&quot;,&quot;size&quot;:&quot;&quot;},&quot;jet_parallax_layout_image_mobile&quot;:{&quot;url&quot;:&quot;&quot;,&quot;id&quot;:&quot;&quot;,&quot;size&quot;:&quot;&quot;},&quot;jet_parallax_layout_speed&quot;:{&quot;unit&quot;:&quot;%&quot;,&quot;size&quot;:50,&quot;sizes&quot;:[]},&quot;jet_parallax_layout_type&quot;:&quot;scroll&quot;,&quot;jet_parallax_layout_direction&quot;:&quot;1&quot;,&quot;jet_parallax_layout_fx_direction&quot;:null,&quot;jet_parallax_layout_z_index&quot;:&quot;&quot;,&quot;jet_parallax_layout_bg_x&quot;:50,&quot;jet_parallax_layout_bg_x_tablet&quot;:&quot;&quot;,&quot;jet_parallax_layout_bg_x_mobile&quot;:&quot;&quot;,&quot;jet_parallax_layout_bg_y&quot;:50,&quot;jet_parallax_layout_bg_y_tablet&quot;:&quot;&quot;,&quot;jet_parallax_layout_bg_y_mobile&quot;:&quot;&quot;,&quot;jet_parallax_layout_bg_size&quot;:&quot;auto&quot;,&quot;jet_parallax_layout_bg_size_tablet&quot;:&quot;&quot;,&quot;jet_parallax_layout_bg_size_mobile&quot;:&quot;&quot;,&quot;jet_parallax_layout_animation_prop&quot;:&quot;transform&quot;,&quot;jet_parallax_layout_on&quot;:[&quot;desktop&quot;,&quot;tablet&quot;]}]}\">\n\t\t\t\t\t\t<div class=\"elementor-container elementor-column-gap-default\">\n\t\t\t\t\t<div class=\"elementor-column elementor-col-100 elementor-top-column elementor-element elementor-element-16d1345\" data-id=\"16d1345\" data-element_type=\"column\">\n\t\t\t<div class=\"elementor-widget-wrap elementor-element-populated\">\n\t\t\t\t\t\t<div class=\"elementor-element elementor-element-6df73ef elementor-widget elementor-widget-heading\" data-id=\"6df73ef\" data-element_type=\"widget\" data-widget_type=\"heading.default\">\n\t\t\t\t<div class=\"elementor-widget-container\">\n\t\t\t\t\t<h2 class=\"elementor-heading-title elementor-size-default\">Dodacie podmienky<\/h2>\t\t\t\t<\/div>\n\t\t\t\t<\/div>\n\t\t\t\t\t<\/div>\n\t\t<\/div>\n\t\t\t\t\t<\/div>\n\t\t<\/section>\n\t\t\t\t<section class=\"elementor-section elementor-top-section elementor-element elementor-element-d726a4f elementor-section-boxed elementor-section-height-default elementor-section-height-default\" data-id=\"d726a4f\" data-element_type=\"section\" data-settings=\"{&quot;jet_parallax_layout_list&quot;:[{&quot;jet_parallax_layout_image&quot;:{&quot;url&quot;:&quot;&quot;,&quot;id&quot;:&quot;&quot;,&quot;size&quot;:&quot;&quot;},&quot;_id&quot;:&quot;7abe9f8&quot;,&quot;jet_parallax_layout_image_tablet&quot;:{&quot;url&quot;:&quot;&quot;,&quot;id&quot;:&quot;&quot;,&quot;size&quot;:&quot;&quot;},&quot;jet_parallax_layout_image_mobile&quot;:{&quot;url&quot;:&quot;&quot;,&quot;id&quot;:&quot;&quot;,&quot;size&quot;:&quot;&quot;},&quot;jet_parallax_layout_speed&quot;:{&quot;unit&quot;:&quot;%&quot;,&quot;size&quot;:50,&quot;sizes&quot;:[]},&quot;jet_parallax_layout_type&quot;:&quot;scroll&quot;,&quot;jet_parallax_layout_direction&quot;:&quot;1&quot;,&quot;jet_parallax_layout_fx_direction&quot;:null,&quot;jet_parallax_layout_z_index&quot;:&quot;&quot;,&quot;jet_parallax_layout_bg_x&quot;:50,&quot;jet_parallax_layout_bg_x_tablet&quot;:&quot;&quot;,&quot;jet_parallax_layout_bg_x_mobile&quot;:&quot;&quot;,&quot;jet_parallax_layout_bg_y&quot;:50,&quot;jet_parallax_layout_bg_y_tablet&quot;:&quot;&quot;,&quot;jet_parallax_layout_bg_y_mobile&quot;:&quot;&quot;,&quot;jet_parallax_layout_bg_size&quot;:&quot;auto&quot;,&quot;jet_parallax_layout_bg_size_tablet&quot;:&quot;&quot;,&quot;jet_parallax_layout_bg_size_mobile&quot;:&quot;&quot;,&quot;jet_parallax_layout_animation_prop&quot;:&quot;transform&quot;,&quot;jet_parallax_layout_on&quot;:[&quot;desktop&quot;,&quot;tablet&quot;]}]}\">\n\t\t\t\t\t\t<div class=\"elementor-container elementor-column-gap-default\">\n\t\t\t\t\t<div class=\"elementor-column elementor-col-100 elementor-top-column elementor-element elementor-element-3f1aa26\" data-id=\"3f1aa26\" data-element_type=\"column\">\n\t\t\t<div class=\"elementor-widget-wrap elementor-element-populated\">\n\t\t\t\t\t\t<div class=\"elementor-element elementor-element-7ef4dcb elementor-widget elementor-widget-text-editor\" data-id=\"7ef4dcb\" data-element_type=\"widget\" data-widget_type=\"text-editor.default\">\n\t\t\t\t<div class=\"elementor-widget-container\">\n\t\t\t\t\t\t\t\t\t<p><strong>V seversk\u00fdch krajin\u00e1ch:<\/strong><br \/> Dod\u00e1vame pod\u013ea NL 17, na stiahnutie z <a href=\"http:\/\/www.teknikforetagen.se\/en\/about-us1\/\" target=\"_blank\" rel=\"noopener\"> webovej str\u00e1nky Teknikf\u00f6retagens<\/a> .<\/p>\n<p> <strong>Mimo seversk\u00fdch kraj\u00edn:<\/strong><br \/> Dod\u00e1vame pod\u013ea ORGALIME S 2012. Tie v\u00e1m m\u00f4\u017eu by\u0165 zaslan\u00e9 na po\u017eiadanie.<\/p>\n<p> <strong>Z\u00e1kazn\u00edk, ktor\u00e9mu dod\u00e1vaj\u00fa britsk\u00e9 spolo\u010dnosti:<\/strong><br \/> Dod\u00e1vame pod\u013ea nasleduj\u00facich <a class=\"external external\" href=\"https:\/\/www.lesjoforsab.com\/wp-content\/uploads\/Downloads\/pdfs\/terms_and_conditions_id1138.pdf\" target=\"_blank\" rel=\"noopener\">Podmienok<\/a> .<\/p>\n<p> <strong>Zna\u010dky:<\/strong><br \/> Upozor\u0148ujeme na osobitn\u00e9 podmienky dod\u00e1vok pre v\u0161etky na\u0161e zna\u010dky. Tieto osobitn\u00e9 podmienky dod\u00e1vok m\u00f4\u017eete dosta\u0165 od ka\u017edej spolo\u010dnosti.<\/p>\n<p> <strong>Dod\u00e1vky:<\/strong><br \/> Pokia\u013e bola dodacia dolo\u017eka dohodnut\u00e1, mus\u00ed sa vyklada\u0165 v s\u00falade s \u00faplnou dohodou v s\u00favislosti s INCOTERMS\u00ae. Ak nebola v\u00fdslovne dohodnut\u00e1 \u017eiadna dodacia klauzula, mus\u00ed by\u0165 dod\u00e1vka vykonan\u00e1 FCA v mieste ur\u010denom predajcom.<\/p>\n\t\t\t\t\t\t\t\t<\/div>\n\t\t\t\t<\/div>\n\t\t\t\t\t<\/div>\n\t\t<\/div>\n\t\t\t\t\t<\/div>\n\t\t<\/section>\n\t\t\t\t<\/div>\n\t\t","protected":false},"excerpt":{"rendered":"<p>Dodacie podmienky V seversk\u00fdch krajin\u00e1ch: Dod\u00e1vame pod\u013ea NL 17, na stiahnutie z webovej str\u00e1nky Teknikf\u00f6retagens . Mimo seversk\u00fdch kraj\u00edn: Dod\u00e1vame pod\u013ea ORGALIME S 2012. Tie v\u00e1m m\u00f4\u017eu by\u0165 zaslan\u00e9 na po\u017eiadanie. Z\u00e1kazn\u00edk, ktor\u00e9mu dod\u00e1vaj\u00fa britsk\u00e9 spolo\u010dnosti: Dod\u00e1vame pod\u013ea nasleduj\u00facich Podmienok . Zna\u010dky: Upozor\u0148ujeme na osobitn\u00e9 podmienky dod\u00e1vok pre v\u0161etky na\u0161e zna\u010dky. Tieto osobitn\u00e9 podmienky dod\u00e1vok [&hellip;]<\/p>\n","protected":false},"author":3,"featured_media":0,"parent":0,"menu_order":0,"comment_status":"closed","ping_status":"closed","template":"","meta":{"footnotes":""},"class_list":["post-26975","page","type-page","status-publish","hentry"],"yoast_head":"<!-- This site is optimized with the Yoast SEO plugin v25.6 - https:\/\/yoast.com\/wordpress\/plugins\/seo\/ -->\n<title>Dodacie podmienky - Lesj\u00f6fors - Industrial Springs and Pressings<\/title>\n<meta name=\"description\" content=\"V seversk\u00fdch krajin\u00e1ch dod\u00e1vame pod\u013ea NL 17. Mimo seversk\u00fdch kraj\u00edn dod\u00e1vame pod\u013ea ORGALIME S 2012. Tie v\u00e1m m\u00f4\u017eu by\u0165 zaslan\u00e9 na po\u017eiadanie.\" \/>\n<meta name=\"robots\" content=\"index, follow, max-snippet:-1, max-image-preview:large, max-video-preview:-1\" \/>\n<link rel=\"canonical\" href=\"https:\/\/www.lesjoforsab.com\/sk\/dodacie-podmienky\/\" \/>\n<meta property=\"og:locale\" content=\"sk_SK\" \/>\n<meta property=\"og:type\" content=\"article\" \/>\n<meta property=\"og:title\" content=\"Dodacie podmienky - Lesj\u00f6fors - Industrial Springs and Pressings\" \/>\n<meta property=\"og:description\" content=\"V seversk\u00fdch krajin\u00e1ch dod\u00e1vame pod\u013ea NL 17. Mimo seversk\u00fdch kraj\u00edn dod\u00e1vame pod\u013ea ORGALIME S 2012. Tie v\u00e1m m\u00f4\u017eu by\u0165 zaslan\u00e9 na po\u017eiadanie.\" \/>\n<meta property=\"og:url\" content=\"https:\/\/www.lesjoforsab.com\/sk\/dodacie-podmienky\/\" \/>\n<meta property=\"og:site_name\" content=\"Lesj\u00f6fors - Industrial Springs and Pressings\" \/>\n<meta property=\"article:modified_time\" content=\"2022-10-20T10:49:15+00:00\" \/>\n<meta property=\"og:image\" content=\"https:\/\/www.lesjoforsab.com\/wp-content\/uploads\/User-Uploads\/General-Content\/All-Stage-Images\/Stagebild-CustomSprings-Spring.jpg\" \/>\n\t<meta property=\"og:image:width\" content=\"1920\" \/>\n\t<meta property=\"og:image:height\" content=\"840\" \/>\n\t<meta property=\"og:image:type\" content=\"image\/jpeg\" \/>\n<script type=\"application\/ld+json\" class=\"yoast-schema-graph\">{\"@context\":\"https:\/\/schema.org\",\"@graph\":[{\"@type\":\"WebPage\",\"@id\":\"https:\/\/www.lesjoforsab.com\/sk\/dodacie-podmienky\/\",\"url\":\"https:\/\/www.lesjoforsab.com\/sk\/dodacie-podmienky\/\",\"name\":\"Dodacie podmienky - Lesj\u00f6fors - Industrial Springs and Pressings\",\"isPartOf\":{\"@id\":\"https:\/\/www.lesjoforsab.com\/sk\/#website\"},\"datePublished\":\"2019-11-25T12:39:24+00:00\",\"dateModified\":\"2022-10-20T10:49:15+00:00\",\"description\":\"V seversk\u00fdch krajin\u00e1ch dod\u00e1vame pod\u013ea NL 17. Mimo seversk\u00fdch kraj\u00edn dod\u00e1vame pod\u013ea ORGALIME S 2012. Tie v\u00e1m m\u00f4\u017eu by\u0165 zaslan\u00e9 na po\u017eiadanie.\",\"breadcrumb\":{\"@id\":\"https:\/\/www.lesjoforsab.com\/sk\/dodacie-podmienky\/#breadcrumb\"},\"inLanguage\":\"sk-SK\",\"potentialAction\":[{\"@type\":\"ReadAction\",\"target\":[\"https:\/\/www.lesjoforsab.com\/sk\/dodacie-podmienky\/\"]}]},{\"@type\":\"BreadcrumbList\",\"@id\":\"https:\/\/www.lesjoforsab.com\/sk\/dodacie-podmienky\/#breadcrumb\",\"itemListElement\":[{\"@type\":\"ListItem\",\"position\":1,\"name\":\"Domov\",\"item\":\"https:\/\/www.lesjoforsab.com\/sk\/\"},{\"@type\":\"ListItem\",\"position\":2,\"name\":\"Dodacie podmienky\"}]},{\"@type\":\"WebSite\",\"@id\":\"https:\/\/www.lesjoforsab.com\/sk\/#website\",\"url\":\"https:\/\/www.lesjoforsab.com\/sk\/\",\"name\":\"Lesj\u00f6fors - Industrial Springs and Pressings\",\"description\":\"\",\"publisher\":{\"@id\":\"https:\/\/www.lesjoforsab.com\/sk\/#organization\"},\"potentialAction\":[{\"@type\":\"SearchAction\",\"target\":{\"@type\":\"EntryPoint\",\"urlTemplate\":\"https:\/\/www.lesjoforsab.com\/sk\/?s={search_term_string}\"},\"query-input\":{\"@type\":\"PropertyValueSpecification\",\"valueRequired\":true,\"valueName\":\"search_term_string\"}}],\"inLanguage\":\"sk-SK\"},{\"@type\":\"Organization\",\"@id\":\"https:\/\/www.lesjoforsab.com\/sk\/#organization\",\"name\":\"Lesj\u00f6fors AB\",\"url\":\"https:\/\/www.lesjoforsab.com\/sk\/\",\"logo\":{\"@type\":\"ImageObject\",\"inLanguage\":\"sk-SK\",\"@id\":\"https:\/\/www.lesjoforsab.com\/sk\/#\/schema\/logo\/image\/\",\"url\":\"https:\/\/www.lesjoforsab.com\/wp-content\/uploads\/User-Uploads\/Lesjoefors-Brand\/Logotypes\/lesjofors-logo-without-payoff.jpg\",\"contentUrl\":\"https:\/\/www.lesjoforsab.com\/wp-content\/uploads\/User-Uploads\/Lesjoefors-Brand\/Logotypes\/lesjofors-logo-without-payoff.jpg\",\"width\":1347,\"height\":378,\"caption\":\"Lesj\u00f6fors AB\"},\"image\":{\"@id\":\"https:\/\/www.lesjoforsab.com\/sk\/#\/schema\/logo\/image\/\"},\"sameAs\":[\"https:\/\/x.com\/lesjoforsgroup\",\"https:\/\/www.linkedin.com\/company\/lesjoforsab\/\",\"https:\/\/www.youtube.com\/user\/lesjoforsab\"]}]}<\/script>\n<!-- \/ Yoast SEO plugin. -->","yoast_head_json":{"title":"Dodacie podmienky - Lesj\u00f6fors - Industrial Springs and Pressings","description":"V seversk\u00fdch krajin\u00e1ch dod\u00e1vame pod\u013ea NL 17. Mimo seversk\u00fdch kraj\u00edn dod\u00e1vame pod\u013ea ORGALIME S 2012. Tie v\u00e1m m\u00f4\u017eu by\u0165 zaslan\u00e9 na po\u017eiadanie.","robots":{"index":"index","follow":"follow","max-snippet":"max-snippet:-1","max-image-preview":"max-image-preview:large","max-video-preview":"max-video-preview:-1"},"canonical":"https:\/\/www.lesjoforsab.com\/sk\/dodacie-podmienky\/","og_locale":"sk_SK","og_type":"article","og_title":"Dodacie podmienky - Lesj\u00f6fors - Industrial Springs and Pressings","og_description":"V seversk\u00fdch krajin\u00e1ch dod\u00e1vame pod\u013ea NL 17. Mimo seversk\u00fdch kraj\u00edn dod\u00e1vame pod\u013ea ORGALIME S 2012. Tie v\u00e1m m\u00f4\u017eu by\u0165 zaslan\u00e9 na po\u017eiadanie.","og_url":"https:\/\/www.lesjoforsab.com\/sk\/dodacie-podmienky\/","og_site_name":"Lesj\u00f6fors - Industrial Springs and Pressings","article_modified_time":"2022-10-20T10:49:15+00:00","og_image":[{"width":1920,"height":840,"url":"https:\/\/www.lesjoforsab.com\/wp-content\/uploads\/User-Uploads\/General-Content\/All-Stage-Images\/Stagebild-CustomSprings-Spring.jpg","type":"image\/jpeg"}],"schema":{"@context":"https:\/\/schema.org","@graph":[{"@type":"WebPage","@id":"https:\/\/www.lesjoforsab.com\/sk\/dodacie-podmienky\/","url":"https:\/\/www.lesjoforsab.com\/sk\/dodacie-podmienky\/","name":"Dodacie podmienky - Lesj\u00f6fors - Industrial Springs and Pressings","isPartOf":{"@id":"https:\/\/www.lesjoforsab.com\/sk\/#website"},"datePublished":"2019-11-25T12:39:24+00:00","dateModified":"2022-10-20T10:49:15+00:00","description":"V seversk\u00fdch krajin\u00e1ch dod\u00e1vame pod\u013ea NL 17. Mimo seversk\u00fdch kraj\u00edn dod\u00e1vame pod\u013ea ORGALIME S 2012. Tie v\u00e1m m\u00f4\u017eu by\u0165 zaslan\u00e9 na po\u017eiadanie.","breadcrumb":{"@id":"https:\/\/www.lesjoforsab.com\/sk\/dodacie-podmienky\/#breadcrumb"},"inLanguage":"sk-SK","potentialAction":[{"@type":"ReadAction","target":["https:\/\/www.lesjoforsab.com\/sk\/dodacie-podmienky\/"]}]},{"@type":"BreadcrumbList","@id":"https:\/\/www.lesjoforsab.com\/sk\/dodacie-podmienky\/#breadcrumb","itemListElement":[{"@type":"ListItem","position":1,"name":"Domov","item":"https:\/\/www.lesjoforsab.com\/sk\/"},{"@type":"ListItem","position":2,"name":"Dodacie podmienky"}]},{"@type":"WebSite","@id":"https:\/\/www.lesjoforsab.com\/sk\/#website","url":"https:\/\/www.lesjoforsab.com\/sk\/","name":"Lesj\u00f6fors - Industrial Springs and Pressings","description":"","publisher":{"@id":"https:\/\/www.lesjoforsab.com\/sk\/#organization"},"potentialAction":[{"@type":"SearchAction","target":{"@type":"EntryPoint","urlTemplate":"https:\/\/www.lesjoforsab.com\/sk\/?s={search_term_string}"},"query-input":{"@type":"PropertyValueSpecification","valueRequired":true,"valueName":"search_term_string"}}],"inLanguage":"sk-SK"},{"@type":"Organization","@id":"https:\/\/www.lesjoforsab.com\/sk\/#organization","name":"Lesj\u00f6fors AB","url":"https:\/\/www.lesjoforsab.com\/sk\/","logo":{"@type":"ImageObject","inLanguage":"sk-SK","@id":"https:\/\/www.lesjoforsab.com\/sk\/#\/schema\/logo\/image\/","url":"https:\/\/www.lesjoforsab.com\/wp-content\/uploads\/User-Uploads\/Lesjoefors-Brand\/Logotypes\/lesjofors-logo-without-payoff.jpg","contentUrl":"https:\/\/www.lesjoforsab.com\/wp-content\/uploads\/User-Uploads\/Lesjoefors-Brand\/Logotypes\/lesjofors-logo-without-payoff.jpg","width":1347,"height":378,"caption":"Lesj\u00f6fors AB"},"image":{"@id":"https:\/\/www.lesjoforsab.com\/sk\/#\/schema\/logo\/image\/"},"sameAs":["https:\/\/x.com\/lesjoforsgroup","https:\/\/www.linkedin.com\/company\/lesjoforsab\/","https:\/\/www.youtube.com\/user\/lesjoforsab"]}]}},"_links":{"self":[{"href":"https:\/\/www.lesjoforsab.com\/sk\/wp-json\/wp\/v2\/pages\/26975","targetHints":{"allow":["GET"]}}],"collection":[{"href":"https:\/\/www.lesjoforsab.com\/sk\/wp-json\/wp\/v2\/pages"}],"about":[{"href":"https:\/\/www.lesjoforsab.com\/sk\/wp-json\/wp\/v2\/types\/page"}],"author":[{"embeddable":true,"href":"https:\/\/www.lesjoforsab.com\/sk\/wp-json\/wp\/v2\/users\/3"}],"replies":[{"embeddable":true,"href":"https:\/\/www.lesjoforsab.com\/sk\/wp-json\/wp\/v2\/comments?post=26975"}],"version-history":[{"count":1,"href":"https:\/\/www.lesjoforsab.com\/sk\/wp-json\/wp\/v2\/pages\/26975\/revisions"}],"predecessor-version":[{"id":59668,"href":"https:\/\/www.lesjoforsab.com\/sk\/wp-json\/wp\/v2\/pages\/26975\/revisions\/59668"}],"wp:attachment":[{"href":"https:\/\/www.lesjoforsab.com\/sk\/wp-json\/wp\/v2\/media?parent=26975"}],"curies":[{"name":"wp","href":"https:\/\/api.w.org\/{rel}","templated":true}]}}