{"id":26815,"date":"2020-01-24T14:39:28","date_gmt":"2020-01-24T13:39:28","guid":{"rendered":"https:\/\/www.lesjoforsab.com\/priemyslu\/energeticky-priemysel\/"},"modified":"2024-07-25T11:28:09","modified_gmt":"2024-07-25T09:28:09","slug":"obnovitelne-energia","status":"publish","type":"page","link":"https:\/\/www.lesjoforsab.com\/sk\/priemysel\/obnovitelne-energia\/","title":{"rendered":"Obnovite\u013en\u00e9 Energia"},"content":{"rendered":"\t\t<div data-elementor-type=\"wp-page\" data-elementor-id=\"26815\" class=\"elementor elementor-26815 elementor-4810\" data-elementor-post-type=\"page\">\n\t\t\t\t\t\t<section class=\"elementor-section elementor-top-section elementor-element elementor-element-85a918b elementor-section-boxed elementor-section-height-default elementor-section-height-default\" data-id=\"85a918b\" data-element_type=\"section\" data-settings=\"{&quot;jet_parallax_layout_list&quot;:[{&quot;jet_parallax_layout_image&quot;:{&quot;url&quot;:&quot;&quot;,&quot;id&quot;:&quot;&quot;,&quot;size&quot;:&quot;&quot;},&quot;_id&quot;:&quot;d775061&quot;,&quot;jet_parallax_layout_image_tablet&quot;:{&quot;url&quot;:&quot;&quot;,&quot;id&quot;:&quot;&quot;,&quot;size&quot;:&quot;&quot;},&quot;jet_parallax_layout_image_mobile&quot;:{&quot;url&quot;:&quot;&quot;,&quot;id&quot;:&quot;&quot;,&quot;size&quot;:&quot;&quot;},&quot;jet_parallax_layout_speed&quot;:{&quot;unit&quot;:&quot;%&quot;,&quot;size&quot;:50,&quot;sizes&quot;:[]},&quot;jet_parallax_layout_type&quot;:&quot;scroll&quot;,&quot;jet_parallax_layout_direction&quot;:&quot;1&quot;,&quot;jet_parallax_layout_fx_direction&quot;:null,&quot;jet_parallax_layout_z_index&quot;:&quot;&quot;,&quot;jet_parallax_layout_bg_x&quot;:50,&quot;jet_parallax_layout_bg_x_tablet&quot;:&quot;&quot;,&quot;jet_parallax_layout_bg_x_mobile&quot;:&quot;&quot;,&quot;jet_parallax_layout_bg_y&quot;:50,&quot;jet_parallax_layout_bg_y_tablet&quot;:&quot;&quot;,&quot;jet_parallax_layout_bg_y_mobile&quot;:&quot;&quot;,&quot;jet_parallax_layout_bg_size&quot;:&quot;auto&quot;,&quot;jet_parallax_layout_bg_size_tablet&quot;:&quot;&quot;,&quot;jet_parallax_layout_bg_size_mobile&quot;:&quot;&quot;,&quot;jet_parallax_layout_animation_prop&quot;:&quot;transform&quot;,&quot;jet_parallax_layout_on&quot;:[&quot;desktop&quot;,&quot;tablet&quot;]}],&quot;background_background&quot;:&quot;classic&quot;}\">\n\t\t\t\t\t\t<div class=\"elementor-container elementor-column-gap-default\">\n\t\t\t\t\t<div class=\"elementor-column elementor-col-100 elementor-top-column elementor-element elementor-element-0fe044c\" data-id=\"0fe044c\" data-element_type=\"column\">\n\t\t\t<div class=\"elementor-widget-wrap elementor-element-populated\">\n\t\t\t\t\t\t<div class=\"elementor-element elementor-element-1564f33 white no-margin-bottom margin-top-biggest white elementor-widget elementor-widget-heading\" data-id=\"1564f33\" data-element_type=\"widget\" data-widget_type=\"heading.default\">\n\t\t\t\t<div class=\"elementor-widget-container\">\n\t\t\t\t\t<h1 class=\"elementor-heading-title elementor-size-default\">Obnovite\u013en\u00e9 Energia<\/h1>\t\t\t\t<\/div>\n\t\t\t\t<\/div>\n\t\t\t\t<div class=\"elementor-element elementor-element-e1a963f p white margin-bottom-big subtitle elementor-widget elementor-widget-text-editor\" data-id=\"e1a963f\" data-element_type=\"widget\" data-widget_type=\"text-editor.default\">\n\t\t\t\t<div class=\"elementor-widget-container\">\n\t\t\t\t\t\t\t\t\t<p>Podporujeme v\u00e1s s inovat\u00edvnymi rie\u0161eniami pre energetiku.<\/p>\n\t\t\t\t\t\t\t\t<\/div>\n\t\t\t\t<\/div>\n\t\t\t\t\t<\/div>\n\t\t<\/div>\n\t\t\t\t\t<\/div>\n\t\t<\/section>\n\t\t\t\t<section class=\"elementor-section elementor-top-section elementor-element elementor-element-c84774a elementor-section-boxed elementor-section-height-default elementor-section-height-default\" data-id=\"c84774a\" data-element_type=\"section\" data-settings=\"{&quot;jet_parallax_layout_list&quot;:[{&quot;jet_parallax_layout_image&quot;:{&quot;url&quot;:&quot;&quot;,&quot;id&quot;:&quot;&quot;,&quot;size&quot;:&quot;&quot;},&quot;_id&quot;:&quot;1ae3376&quot;,&quot;jet_parallax_layout_image_tablet&quot;:{&quot;url&quot;:&quot;&quot;,&quot;id&quot;:&quot;&quot;,&quot;size&quot;:&quot;&quot;},&quot;jet_parallax_layout_image_mobile&quot;:{&quot;url&quot;:&quot;&quot;,&quot;id&quot;:&quot;&quot;,&quot;size&quot;:&quot;&quot;},&quot;jet_parallax_layout_speed&quot;:{&quot;unit&quot;:&quot;%&quot;,&quot;size&quot;:50,&quot;sizes&quot;:[]},&quot;jet_parallax_layout_type&quot;:&quot;scroll&quot;,&quot;jet_parallax_layout_direction&quot;:&quot;1&quot;,&quot;jet_parallax_layout_fx_direction&quot;:null,&quot;jet_parallax_layout_z_index&quot;:&quot;&quot;,&quot;jet_parallax_layout_bg_x&quot;:50,&quot;jet_parallax_layout_bg_x_tablet&quot;:&quot;&quot;,&quot;jet_parallax_layout_bg_x_mobile&quot;:&quot;&quot;,&quot;jet_parallax_layout_bg_y&quot;:50,&quot;jet_parallax_layout_bg_y_tablet&quot;:&quot;&quot;,&quot;jet_parallax_layout_bg_y_mobile&quot;:&quot;&quot;,&quot;jet_parallax_layout_bg_size&quot;:&quot;auto&quot;,&quot;jet_parallax_layout_bg_size_tablet&quot;:&quot;&quot;,&quot;jet_parallax_layout_bg_size_mobile&quot;:&quot;&quot;,&quot;jet_parallax_layout_animation_prop&quot;:&quot;transform&quot;,&quot;jet_parallax_layout_on&quot;:[&quot;desktop&quot;,&quot;tablet&quot;]}]}\">\n\t\t\t\t\t\t<div class=\"elementor-container elementor-column-gap-default\">\n\t\t\t\t\t<div class=\"elementor-column elementor-col-100 elementor-top-column elementor-element elementor-element-8be7c7a\" data-id=\"8be7c7a\" data-element_type=\"column\">\n\t\t\t<div class=\"elementor-widget-wrap elementor-element-populated\">\n\t\t\t\t\t\t<div class=\"elementor-element elementor-element-bdd845f monocrumbs elementor-widget elementor-widget-breadcrumbs\" data-id=\"bdd845f\" data-element_type=\"widget\" data-widget_type=\"breadcrumbs.default\">\n\t\t\t\t<div class=\"elementor-widget-container\">\n\t\t\t\t\t<p id=\"breadcrumbs\"><span><span><a href=\"https:\/\/www.lesjoforsab.com\/sk\/\">Domov<\/a><\/span><\/span><\/p>\t\t\t\t<\/div>\n\t\t\t\t<\/div>\n\t\t\t\t\t<\/div>\n\t\t<\/div>\n\t\t\t\t\t<\/div>\n\t\t<\/section>\n\t\t\t\t<section class=\"elementor-section elementor-top-section elementor-element elementor-element-192b7e9 margin-top-medium elementor-section-boxed elementor-section-height-default elementor-section-height-default\" data-id=\"192b7e9\" data-element_type=\"section\" data-settings=\"{&quot;jet_parallax_layout_list&quot;:[{&quot;jet_parallax_layout_image&quot;:{&quot;url&quot;:&quot;&quot;,&quot;id&quot;:&quot;&quot;,&quot;size&quot;:&quot;&quot;},&quot;_id&quot;:&quot;10a5b20&quot;,&quot;jet_parallax_layout_image_tablet&quot;:{&quot;url&quot;:&quot;&quot;,&quot;id&quot;:&quot;&quot;,&quot;size&quot;:&quot;&quot;},&quot;jet_parallax_layout_image_mobile&quot;:{&quot;url&quot;:&quot;&quot;,&quot;id&quot;:&quot;&quot;,&quot;size&quot;:&quot;&quot;},&quot;jet_parallax_layout_speed&quot;:{&quot;unit&quot;:&quot;%&quot;,&quot;size&quot;:50,&quot;sizes&quot;:[]},&quot;jet_parallax_layout_type&quot;:&quot;scroll&quot;,&quot;jet_parallax_layout_direction&quot;:&quot;1&quot;,&quot;jet_parallax_layout_fx_direction&quot;:null,&quot;jet_parallax_layout_z_index&quot;:&quot;&quot;,&quot;jet_parallax_layout_bg_x&quot;:50,&quot;jet_parallax_layout_bg_x_tablet&quot;:&quot;&quot;,&quot;jet_parallax_layout_bg_x_mobile&quot;:&quot;&quot;,&quot;jet_parallax_layout_bg_y&quot;:50,&quot;jet_parallax_layout_bg_y_tablet&quot;:&quot;&quot;,&quot;jet_parallax_layout_bg_y_mobile&quot;:&quot;&quot;,&quot;jet_parallax_layout_bg_size&quot;:&quot;auto&quot;,&quot;jet_parallax_layout_bg_size_tablet&quot;:&quot;&quot;,&quot;jet_parallax_layout_bg_size_mobile&quot;:&quot;&quot;,&quot;jet_parallax_layout_animation_prop&quot;:&quot;transform&quot;,&quot;jet_parallax_layout_on&quot;:[&quot;desktop&quot;,&quot;tablet&quot;]}]}\">\n\t\t\t\t\t\t<div class=\"elementor-container elementor-column-gap-default\">\n\t\t\t\t\t<div class=\"elementor-column elementor-col-33 elementor-top-column elementor-element elementor-element-4b11acf\" data-id=\"4b11acf\" data-element_type=\"column\">\n\t\t\t<div class=\"elementor-widget-wrap elementor-element-populated\">\n\t\t\t\t\t\t<div class=\"elementor-element elementor-element-223796e decorated  elementor-widget elementor-widget-heading\" data-id=\"223796e\" data-element_type=\"widget\" data-widget_type=\"heading.default\">\n\t\t\t\t<div class=\"elementor-widget-container\">\n\t\t\t\t\t<h2 class=\"elementor-heading-title elementor-size-default\">Obnovite\u013en\u00e9 Energia<\/h2>\t\t\t\t<\/div>\n\t\t\t\t<\/div>\n\t\t\t\t<div class=\"elementor-element elementor-element-fd95512 margin-top-small elementor-widget elementor-widget-text-editor\" data-id=\"fd95512\" data-element_type=\"widget\" data-widget_type=\"text-editor.default\">\n\t\t\t\t<div class=\"elementor-widget-container\">\n\t\t\t\t\t\t\t\t\t<p>Lesj\u00f6fors m\u00e1 dlhoro\u010dn\u00e9 sk\u00fasenosti s pr\u00e1cou s energetick\u00fdmi spolo\u010dnos\u0165ami na celom svete. Naj\u010dastej\u0161ie vyr\u00e1ban\u00e9 v\u00fdrobky na elektrick\u00e9 \u00fa\u010dely s\u00fa\u00a0<a href=\"https:\/\/www.lesjoforsab.com\/sk\/vyrobok\/tlacne-pruziny\/\">tla\u010dn\u00e9 pru\u017einy<\/a>, <a href=\"https:\/\/www.lesjoforsab.com\/sk\/vyrobok\/skrutne-pruziny\/\">skrutn\u00e9 pru\u017einy<\/a>, <a href=\"https:\/\/www.lesjoforsab.com\/sk\/vyrobok\/tazne-pruziny\/\">\u0165a\u017en\u00e9 pru\u017einy<\/a> a podzostavy.\u00a0Na\u0161e dc\u00e9rske spolo\u010dnosti na celom svete spolupracuj\u00fa na navrhovan\u00ed, v\u00fdrobe a dod\u00e1van\u00ed na\u0161ich cenn\u00fdch polo\u017eiek.<\/p>\n<p>V Lesj\u00f6fors sme hrd\u00ed, \u017ee m\u00f4\u017eeme pon\u00faknu\u0165 naj\u0161ir\u0161\u00ed sortiment pru\u017e\u00edn a kovov\u00fdch v\u00fdliskov na svete pre \u0161irok\u00fa \u0161k\u00e1lu odvetv\u00ed, vr\u00e1tane energetiky. Navrhujeme, vyr\u00e1bame a dod\u00e1vame na\u0161e v\u00fdrobky z\u00e1kazn\u00edkom po celom svete.<\/p>\t\t\t\t\t\t\t\t<\/div>\n\t\t\t\t<\/div>\n\t\t\t\t\t<\/div>\n\t\t<\/div>\n\t\t\t\t<div class=\"elementor-column elementor-col-66 elementor-top-column elementor-element elementor-element-270239f\" data-id=\"270239f\" data-element_type=\"column\">\n\t\t\t<div class=\"elementor-widget-wrap elementor-element-populated\">\n\t\t\t\t\t\t<div class=\"elementor-element elementor-element-fb202a4 elementor-widget elementor-widget-image\" data-id=\"fb202a4\" data-element_type=\"widget\" data-widget_type=\"image.default\">\n\t\t\t\t<div class=\"elementor-widget-container\">\n\t\t\t\t\t\t\t\t\t\t\t\t\t\t\t<img fetchpriority=\"high\" decoding=\"async\" width=\"721\" height=\"421\" src=\"https:\/\/www.lesjoforsab.com\/wp-content\/uploads\/User-Uploads\/General-Content\/Industry\/PowerIndustry-2.jpg\" class=\"attachment-large size-large wp-image-16849\" alt=\"ilustr\u00e1cia elektriny\" srcset=\"https:\/\/www.lesjoforsab.com\/wp-content\/uploads\/User-Uploads\/General-Content\/Industry\/PowerIndustry-2.jpg 721w, https:\/\/www.lesjoforsab.com\/wp-content\/uploads\/User-Uploads\/General-Content\/Industry\/PowerIndustry-2-300x175.jpg 300w, https:\/\/www.lesjoforsab.com\/wp-content\/uploads\/User-Uploads\/General-Content\/Industry\/PowerIndustry-2-400x234.jpg 400w\" sizes=\"(max-width: 721px) 100vw, 721px\" \/>\t\t\t\t\t\t\t\t\t\t\t\t\t\t\t<\/div>\n\t\t\t\t<\/div>\n\t\t\t\t\t<\/div>\n\t\t<\/div>\n\t\t\t\t\t<\/div>\n\t\t<\/section>\n\t\t\t\t<section class=\"elementor-section elementor-top-section elementor-element elementor-element-d926025 elementor-section-boxed elementor-section-height-default elementor-section-height-default\" data-id=\"d926025\" data-element_type=\"section\" data-settings=\"{&quot;jet_parallax_layout_list&quot;:[{&quot;jet_parallax_layout_image&quot;:{&quot;url&quot;:&quot;&quot;,&quot;id&quot;:&quot;&quot;,&quot;size&quot;:&quot;&quot;},&quot;_id&quot;:&quot;11c56fd&quot;,&quot;jet_parallax_layout_image_tablet&quot;:{&quot;url&quot;:&quot;&quot;,&quot;id&quot;:&quot;&quot;,&quot;size&quot;:&quot;&quot;},&quot;jet_parallax_layout_image_mobile&quot;:{&quot;url&quot;:&quot;&quot;,&quot;id&quot;:&quot;&quot;,&quot;size&quot;:&quot;&quot;},&quot;jet_parallax_layout_speed&quot;:{&quot;unit&quot;:&quot;%&quot;,&quot;size&quot;:50,&quot;sizes&quot;:[]},&quot;jet_parallax_layout_type&quot;:&quot;scroll&quot;,&quot;jet_parallax_layout_direction&quot;:&quot;1&quot;,&quot;jet_parallax_layout_fx_direction&quot;:null,&quot;jet_parallax_layout_z_index&quot;:&quot;&quot;,&quot;jet_parallax_layout_bg_x&quot;:50,&quot;jet_parallax_layout_bg_x_tablet&quot;:&quot;&quot;,&quot;jet_parallax_layout_bg_x_mobile&quot;:&quot;&quot;,&quot;jet_parallax_layout_bg_y&quot;:50,&quot;jet_parallax_layout_bg_y_tablet&quot;:&quot;&quot;,&quot;jet_parallax_layout_bg_y_mobile&quot;:&quot;&quot;,&quot;jet_parallax_layout_bg_size&quot;:&quot;auto&quot;,&quot;jet_parallax_layout_bg_size_tablet&quot;:&quot;&quot;,&quot;jet_parallax_layout_bg_size_mobile&quot;:&quot;&quot;,&quot;jet_parallax_layout_animation_prop&quot;:&quot;transform&quot;,&quot;jet_parallax_layout_on&quot;:[&quot;desktop&quot;,&quot;tablet&quot;]}]}\">\n\t\t\t\t\t\t<div class=\"elementor-container elementor-column-gap-default\">\n\t\t\t\t\t<div class=\"elementor-column elementor-col-50 elementor-top-column elementor-element elementor-element-b82938d\" data-id=\"b82938d\" data-element_type=\"column\">\n\t\t\t<div class=\"elementor-widget-wrap elementor-element-populated\">\n\t\t\t\t\t\t<div class=\"elementor-element elementor-element-d915e57 h3 margin-top-big special-color elementor-widget elementor-widget-heading\" data-id=\"d915e57\" data-element_type=\"widget\" data-widget_type=\"heading.default\">\n\t\t\t\t<div class=\"elementor-widget-container\">\n\t\t\t\t\t<h2 class=\"elementor-heading-title elementor-size-default\">Zozn\u00e1mte sa s nami<\/h2>\t\t\t\t<\/div>\n\t\t\t\t<\/div>\n\t\t\t\t<div class=\"elementor-element elementor-element-9a620ff font-weight-medium elementor-widget elementor-widget-text-editor\" data-id=\"9a620ff\" data-element_type=\"widget\" data-widget_type=\"text-editor.default\">\n\t\t\t\t<div class=\"elementor-widget-container\">\n\t\t\t\t\t\t\t\t\t<p>Kontaktujte n\u00e1s a dozviete sa viac o na\u0161ich v\u00fdrobkoch pre odvetvie energetiky.<\/p>\t\t\t\t\t\t\t\t<\/div>\n\t\t\t\t<\/div>\n\t\t\t\t<div class=\"elementor-element elementor-element-9c8e41b elementor-widget elementor-widget-text-editor\" data-id=\"9c8e41b\" data-element_type=\"widget\" data-widget_type=\"text-editor.default\">\n\t\t\t\t<div class=\"elementor-widget-container\">\n\t\t\t\t\t\t\t\t\t<p>Preto\u017ee m\u00e1me viac ako 150 rokov sk\u00fasenost\u00ed ako v\u00fdrobca pru\u017e\u00edn, m\u00f4\u017eete si by\u0165 ist\u00ed, \u017ee v\u00fdrobky od skupiny Lesj\u00f6fors s\u00fa vyroben\u00e9 pod\u013ea najvy\u0161\u0161\u00edch \u0161tandardov.<\/p>\n<p>Ak va\u0161a spolo\u010dnos\u0165 p\u00f4sob\u00ed v r\u00e1mci energetiky a h\u013ead\u00e1te vysoko kvalitn\u00e9 v\u00fdrobky, ktor\u00e9 by ste mohli za\u010dleni\u0165 do svojich v\u00fdrobkov, <a href=\"https:\/\/www.lesjoforsab.com\/sk\/kontakt\/\">kontaktujte najbli\u017e\u0161iu spolo\u010dnos\u0165 Lesj\u00f6fors<\/a>. Alebo si pozrite n\u00e1\u0161 <a href=\"https:\/\/catalog.lesjoforsab.com\/\" target=\"_blank\" rel=\"noopener\"> digit\u00e1lny katal\u00f3g skladov\u00fdch pru\u017e\u00edn<\/a>, kde n\u00e1jdete \u0161irok\u00fd sortiment pru\u017e\u00edn a dr\u00f4ten\u00e9 formy, ktor\u00e9 s\u00fa v\u017edy k dispoz\u00edcii na okam\u017eit\u00e9 dodanie.<\/p>\t\t\t\t\t\t\t\t<\/div>\n\t\t\t\t<\/div>\n\t\t\t\t<div class=\"elementor-element elementor-element-b6522b6 margin-bottom-big elementor-widget elementor-widget-button\" data-id=\"b6522b6\" data-element_type=\"widget\" data-widget_type=\"button.default\">\n\t\t\t\t<div class=\"elementor-widget-container\">\n\t\t\t\t\t\t\t\t\t<div class=\"elementor-button-wrapper\">\n\t\t\t\t\t<a class=\"elementor-button elementor-button-link elementor-size-sm\" href=\"https:\/\/www.lesjoforsab.com\/sk\/kontakt\/\">\n\t\t\t\t\t\t<span class=\"elementor-button-content-wrapper\">\n\t\t\t\t\t\t\t\t\t<span class=\"elementor-button-text\">Vyh\u013eadanie obchodn\u00e9ho kontaktu<\/span>\n\t\t\t\t\t<\/span>\n\t\t\t\t\t<\/a>\n\t\t\t\t<\/div>\n\t\t\t\t\t\t\t\t<\/div>\n\t\t\t\t<\/div>\n\t\t\t\t\t<\/div>\n\t\t<\/div>\n\t\t\t\t<div class=\"elementor-column elementor-col-50 elementor-top-column elementor-element elementor-element-9852f16\" data-id=\"9852f16\" data-element_type=\"column\">\n\t\t\t<div class=\"elementor-widget-wrap\">\n\t\t\t\t\t\t\t<\/div>\n\t\t<\/div>\n\t\t\t\t\t<\/div>\n\t\t<\/section>\n\t\t\t\t<\/div>\n\t\t","protected":false},"excerpt":{"rendered":"<p>Podporujeme v\u00e1s s inovat\u00edvnymi rie\u0161eniami pre energetiku. Lesj\u00f6fors m\u00e1 dlhoro\u010dn\u00e9 sk\u00fasenosti s pr\u00e1cou s energetick\u00fdmi spolo\u010dnos\u0165ami na celom svete. Naj\u010dastej\u0161ie vyr\u00e1ban\u00e9 v\u00fdrobky na elektrick\u00e9 \u00fa\u010dely s\u00fa\u00a0tla\u010dn\u00e9 pru\u017einy, skrutn\u00e9 pru\u017einy, \u0165a\u017en\u00e9 pru\u017einy a podzostavy.\u00a0Na\u0161e dc\u00e9rske spolo\u010dnosti na celom svete spolupracuj\u00fa na navrhovan\u00ed, v\u00fdrobe a dod\u00e1van\u00ed na\u0161ich cenn\u00fdch polo\u017eiek. V Lesj\u00f6fors sme hrd\u00ed, \u017ee m\u00f4\u017eeme pon\u00faknu\u0165 naj\u0161ir\u0161\u00ed [&hellip;]<\/p>\n","protected":false},"author":1,"featured_media":0,"parent":16071,"menu_order":0,"comment_status":"closed","ping_status":"closed","template":"","meta":{"footnotes":""},"class_list":["post-26815","page","type-page","status-publish","hentry"],"yoast_head":"<!-- This site is optimized with the Yoast SEO plugin v25.6 - https:\/\/yoast.com\/wordpress\/plugins\/seo\/ -->\n<title>Obnovite\u013en\u00e9 Energia<\/title>\n<meta name=\"description\" content=\"Lesj\u00f6fors - Pru\u017einy a v\u00fdlisky pre priemysel obnovite\u013en\u00fdch zdrojov\" \/>\n<meta name=\"robots\" content=\"index, follow, max-snippet:-1, max-image-preview:large, max-video-preview:-1\" \/>\n<link rel=\"canonical\" href=\"https:\/\/www.lesjoforsab.com\/sk\/priemysel\/obnovitelne-energia\/\" \/>\n<meta property=\"og:locale\" content=\"sk_SK\" \/>\n<meta property=\"og:type\" content=\"article\" \/>\n<meta property=\"og:title\" content=\"Obnovite\u013en\u00e9 Energia\" \/>\n<meta property=\"og:description\" content=\"Lesj\u00f6fors - Pru\u017einy a v\u00fdlisky pre priemysel obnovite\u013en\u00fdch zdrojov\" \/>\n<meta property=\"og:url\" content=\"https:\/\/www.lesjoforsab.com\/sk\/priemysel\/obnovitelne-energia\/\" \/>\n<meta property=\"og:site_name\" content=\"Lesj\u00f6fors - Industrial Springs and Pressings\" \/>\n<meta property=\"article:modified_time\" content=\"2024-07-25T09:28:09+00:00\" \/>\n<meta property=\"og:image\" content=\"https:\/\/www.lesjoforsab.com\/wp-content\/uploads\/User-Uploads\/General-Content\/Industry\/PowerIndustry-2.jpg\" \/>\n<script type=\"application\/ld+json\" class=\"yoast-schema-graph\">{\"@context\":\"https:\/\/schema.org\",\"@graph\":[{\"@type\":\"WebPage\",\"@id\":\"https:\/\/www.lesjoforsab.com\/sk\/priemysel\/obnovitelne-energia\/\",\"url\":\"https:\/\/www.lesjoforsab.com\/sk\/priemysel\/obnovitelne-energia\/\",\"name\":\"Obnovite\u013en\u00e9 Energia\",\"isPartOf\":{\"@id\":\"https:\/\/www.lesjoforsab.com\/sk\/#website\"},\"primaryImageOfPage\":{\"@id\":\"https:\/\/www.lesjoforsab.com\/sk\/priemysel\/obnovitelne-energia\/#primaryimage\"},\"image\":{\"@id\":\"https:\/\/www.lesjoforsab.com\/sk\/priemysel\/obnovitelne-energia\/#primaryimage\"},\"thumbnailUrl\":\"https:\/\/www.lesjoforsab.com\/wp-content\/uploads\/User-Uploads\/General-Content\/Industry\/PowerIndustry-2.jpg\",\"datePublished\":\"2020-01-24T13:39:28+00:00\",\"dateModified\":\"2024-07-25T09:28:09+00:00\",\"description\":\"Lesj\u00f6fors - Pru\u017einy a v\u00fdlisky pre priemysel obnovite\u013en\u00fdch zdrojov\",\"breadcrumb\":{\"@id\":\"https:\/\/www.lesjoforsab.com\/sk\/priemysel\/obnovitelne-energia\/#breadcrumb\"},\"inLanguage\":\"sk-SK\",\"potentialAction\":[{\"@type\":\"ReadAction\",\"target\":[\"https:\/\/www.lesjoforsab.com\/sk\/priemysel\/obnovitelne-energia\/\"]}]},{\"@type\":\"ImageObject\",\"inLanguage\":\"sk-SK\",\"@id\":\"https:\/\/www.lesjoforsab.com\/sk\/priemysel\/obnovitelne-energia\/#primaryimage\",\"url\":\"https:\/\/www.lesjoforsab.com\/wp-content\/uploads\/User-Uploads\/General-Content\/Industry\/PowerIndustry-2.jpg\",\"contentUrl\":\"https:\/\/www.lesjoforsab.com\/wp-content\/uploads\/User-Uploads\/General-Content\/Industry\/PowerIndustry-2.jpg\"},{\"@type\":\"BreadcrumbList\",\"@id\":\"https:\/\/www.lesjoforsab.com\/sk\/priemysel\/obnovitelne-energia\/#breadcrumb\",\"itemListElement\":[{\"@type\":\"ListItem\",\"position\":1,\"name\":\"Domov\",\"item\":\"https:\/\/www.lesjoforsab.com\/sk\/\"},{\"@type\":\"ListItem\",\"position\":2,\"name\":\"Priemyseln\u00e9 odvetvia\",\"item\":\"https:\/\/www.lesjoforsab.com\/sk\/bransjer\/\"},{\"@type\":\"ListItem\",\"position\":3,\"name\":\"Obnovite\u013en\u00e9 Energia\"}]},{\"@type\":\"WebSite\",\"@id\":\"https:\/\/www.lesjoforsab.com\/sk\/#website\",\"url\":\"https:\/\/www.lesjoforsab.com\/sk\/\",\"name\":\"Lesj\u00f6fors - Industrial Springs and Pressings\",\"description\":\"\",\"publisher\":{\"@id\":\"https:\/\/www.lesjoforsab.com\/sk\/#organization\"},\"potentialAction\":[{\"@type\":\"SearchAction\",\"target\":{\"@type\":\"EntryPoint\",\"urlTemplate\":\"https:\/\/www.lesjoforsab.com\/sk\/?s={search_term_string}\"},\"query-input\":{\"@type\":\"PropertyValueSpecification\",\"valueRequired\":true,\"valueName\":\"search_term_string\"}}],\"inLanguage\":\"sk-SK\"},{\"@type\":\"Organization\",\"@id\":\"https:\/\/www.lesjoforsab.com\/sk\/#organization\",\"name\":\"Lesj\u00f6fors AB\",\"url\":\"https:\/\/www.lesjoforsab.com\/sk\/\",\"logo\":{\"@type\":\"ImageObject\",\"inLanguage\":\"sk-SK\",\"@id\":\"https:\/\/www.lesjoforsab.com\/sk\/#\/schema\/logo\/image\/\",\"url\":\"https:\/\/www.lesjoforsab.com\/wp-content\/uploads\/User-Uploads\/Lesjoefors-Brand\/Logotypes\/lesjofors-logo-without-payoff.jpg\",\"contentUrl\":\"https:\/\/www.lesjoforsab.com\/wp-content\/uploads\/User-Uploads\/Lesjoefors-Brand\/Logotypes\/lesjofors-logo-without-payoff.jpg\",\"width\":1347,\"height\":378,\"caption\":\"Lesj\u00f6fors AB\"},\"image\":{\"@id\":\"https:\/\/www.lesjoforsab.com\/sk\/#\/schema\/logo\/image\/\"},\"sameAs\":[\"https:\/\/x.com\/lesjoforsgroup\",\"https:\/\/www.linkedin.com\/company\/lesjoforsab\/\",\"https:\/\/www.youtube.com\/user\/lesjoforsab\"]}]}<\/script>\n<!-- \/ Yoast SEO plugin. -->","yoast_head_json":{"title":"Obnovite\u013en\u00e9 Energia","description":"Lesj\u00f6fors - Pru\u017einy a v\u00fdlisky pre priemysel obnovite\u013en\u00fdch zdrojov","robots":{"index":"index","follow":"follow","max-snippet":"max-snippet:-1","max-image-preview":"max-image-preview:large","max-video-preview":"max-video-preview:-1"},"canonical":"https:\/\/www.lesjoforsab.com\/sk\/priemysel\/obnovitelne-energia\/","og_locale":"sk_SK","og_type":"article","og_title":"Obnovite\u013en\u00e9 Energia","og_description":"Lesj\u00f6fors - Pru\u017einy a v\u00fdlisky pre priemysel obnovite\u013en\u00fdch zdrojov","og_url":"https:\/\/www.lesjoforsab.com\/sk\/priemysel\/obnovitelne-energia\/","og_site_name":"Lesj\u00f6fors - Industrial Springs and Pressings","article_modified_time":"2024-07-25T09:28:09+00:00","og_image":[{"url":"https:\/\/www.lesjoforsab.com\/wp-content\/uploads\/User-Uploads\/General-Content\/Industry\/PowerIndustry-2.jpg","type":"","width":"","height":""}],"schema":{"@context":"https:\/\/schema.org","@graph":[{"@type":"WebPage","@id":"https:\/\/www.lesjoforsab.com\/sk\/priemysel\/obnovitelne-energia\/","url":"https:\/\/www.lesjoforsab.com\/sk\/priemysel\/obnovitelne-energia\/","name":"Obnovite\u013en\u00e9 Energia","isPartOf":{"@id":"https:\/\/www.lesjoforsab.com\/sk\/#website"},"primaryImageOfPage":{"@id":"https:\/\/www.lesjoforsab.com\/sk\/priemysel\/obnovitelne-energia\/#primaryimage"},"image":{"@id":"https:\/\/www.lesjoforsab.com\/sk\/priemysel\/obnovitelne-energia\/#primaryimage"},"thumbnailUrl":"https:\/\/www.lesjoforsab.com\/wp-content\/uploads\/User-Uploads\/General-Content\/Industry\/PowerIndustry-2.jpg","datePublished":"2020-01-24T13:39:28+00:00","dateModified":"2024-07-25T09:28:09+00:00","description":"Lesj\u00f6fors - Pru\u017einy a v\u00fdlisky pre priemysel obnovite\u013en\u00fdch zdrojov","breadcrumb":{"@id":"https:\/\/www.lesjoforsab.com\/sk\/priemysel\/obnovitelne-energia\/#breadcrumb"},"inLanguage":"sk-SK","potentialAction":[{"@type":"ReadAction","target":["https:\/\/www.lesjoforsab.com\/sk\/priemysel\/obnovitelne-energia\/"]}]},{"@type":"ImageObject","inLanguage":"sk-SK","@id":"https:\/\/www.lesjoforsab.com\/sk\/priemysel\/obnovitelne-energia\/#primaryimage","url":"https:\/\/www.lesjoforsab.com\/wp-content\/uploads\/User-Uploads\/General-Content\/Industry\/PowerIndustry-2.jpg","contentUrl":"https:\/\/www.lesjoforsab.com\/wp-content\/uploads\/User-Uploads\/General-Content\/Industry\/PowerIndustry-2.jpg"},{"@type":"BreadcrumbList","@id":"https:\/\/www.lesjoforsab.com\/sk\/priemysel\/obnovitelne-energia\/#breadcrumb","itemListElement":[{"@type":"ListItem","position":1,"name":"Domov","item":"https:\/\/www.lesjoforsab.com\/sk\/"},{"@type":"ListItem","position":2,"name":"Priemyseln\u00e9 odvetvia","item":"https:\/\/www.lesjoforsab.com\/sk\/bransjer\/"},{"@type":"ListItem","position":3,"name":"Obnovite\u013en\u00e9 Energia"}]},{"@type":"WebSite","@id":"https:\/\/www.lesjoforsab.com\/sk\/#website","url":"https:\/\/www.lesjoforsab.com\/sk\/","name":"Lesj\u00f6fors - Industrial Springs and Pressings","description":"","publisher":{"@id":"https:\/\/www.lesjoforsab.com\/sk\/#organization"},"potentialAction":[{"@type":"SearchAction","target":{"@type":"EntryPoint","urlTemplate":"https:\/\/www.lesjoforsab.com\/sk\/?s={search_term_string}"},"query-input":{"@type":"PropertyValueSpecification","valueRequired":true,"valueName":"search_term_string"}}],"inLanguage":"sk-SK"},{"@type":"Organization","@id":"https:\/\/www.lesjoforsab.com\/sk\/#organization","name":"Lesj\u00f6fors AB","url":"https:\/\/www.lesjoforsab.com\/sk\/","logo":{"@type":"ImageObject","inLanguage":"sk-SK","@id":"https:\/\/www.lesjoforsab.com\/sk\/#\/schema\/logo\/image\/","url":"https:\/\/www.lesjoforsab.com\/wp-content\/uploads\/User-Uploads\/Lesjoefors-Brand\/Logotypes\/lesjofors-logo-without-payoff.jpg","contentUrl":"https:\/\/www.lesjoforsab.com\/wp-content\/uploads\/User-Uploads\/Lesjoefors-Brand\/Logotypes\/lesjofors-logo-without-payoff.jpg","width":1347,"height":378,"caption":"Lesj\u00f6fors AB"},"image":{"@id":"https:\/\/www.lesjoforsab.com\/sk\/#\/schema\/logo\/image\/"},"sameAs":["https:\/\/x.com\/lesjoforsgroup","https:\/\/www.linkedin.com\/company\/lesjoforsab\/","https:\/\/www.youtube.com\/user\/lesjoforsab"]}]}},"_links":{"self":[{"href":"https:\/\/www.lesjoforsab.com\/sk\/wp-json\/wp\/v2\/pages\/26815","targetHints":{"allow":["GET"]}}],"collection":[{"href":"https:\/\/www.lesjoforsab.com\/sk\/wp-json\/wp\/v2\/pages"}],"about":[{"href":"https:\/\/www.lesjoforsab.com\/sk\/wp-json\/wp\/v2\/types\/page"}],"author":[{"embeddable":true,"href":"https:\/\/www.lesjoforsab.com\/sk\/wp-json\/wp\/v2\/users\/1"}],"replies":[{"embeddable":true,"href":"https:\/\/www.lesjoforsab.com\/sk\/wp-json\/wp\/v2\/comments?post=26815"}],"version-history":[{"count":30,"href":"https:\/\/www.lesjoforsab.com\/sk\/wp-json\/wp\/v2\/pages\/26815\/revisions"}],"predecessor-version":[{"id":86913,"href":"https:\/\/www.lesjoforsab.com\/sk\/wp-json\/wp\/v2\/pages\/26815\/revisions\/86913"}],"up":[{"embeddable":true,"href":"https:\/\/www.lesjoforsab.com\/sk\/wp-json\/wp\/v2\/pages\/16071"}],"wp:attachment":[{"href":"https:\/\/www.lesjoforsab.com\/sk\/wp-json\/wp\/v2\/media?parent=26815"}],"curies":[{"name":"wp","href":"https:\/\/api.w.org\/{rel}","templated":true}]}}