{"id":22371,"date":"2019-08-16T16:39:13","date_gmt":"2019-08-16T14:39:13","guid":{"rendered":"https:\/\/www.lesjoforsab.com\/priemyslu\/pripadove-studie\/most-oresund\/"},"modified":"2022-10-20T12:55:58","modified_gmt":"2022-10-20T10:55:58","slug":"most-oresund","status":"publish","type":"page","link":"https:\/\/www.lesjoforsab.com\/sk\/priemyselne-odvetvia\/pripadove-studie\/most-oresund\/","title":{"rendered":"Most \u00d6resund"},"content":{"rendered":"","protected":false},"excerpt":{"rendered":"","protected":false},"author":3,"featured_media":0,"parent":16932,"menu_order":0,"comment_status":"closed","ping_status":"closed","template":"","meta":{"footnotes":""},"class_list":["post-22371","page","type-page","status-publish","hentry"],"yoast_head":"<!-- This site is optimized with the Yoast SEO plugin v25.6 - https:\/\/yoast.com\/wordpress\/plugins\/seo\/ -->\n<title>Most \u00d6resund - Lesj\u00f6fors - Industrial Springs and Pressings<\/title>\n<meta name=\"description\" content=\"Lesj\u00f6fors vytvorila technick\u00e9 rie\u0161enie pre most \u00d6resund. Pod\u013ea zadania sme mali zastavi\u0165 vibr\u00e1cie, ktor\u00e9 znepokojovali pou\u017e\u00edvate\u013eov cesty\" \/>\n<meta name=\"robots\" content=\"index, follow, max-snippet:-1, max-image-preview:large, max-video-preview:-1\" \/>\n<link rel=\"canonical\" href=\"https:\/\/www.lesjoforsab.com\/sk\/priemyselne-odvetvia\/pripadove-studie\/most-oresund\/\" \/>\n<meta property=\"og:locale\" content=\"sk_SK\" \/>\n<meta property=\"og:type\" content=\"article\" \/>\n<meta property=\"og:title\" content=\"Most \u00d6resund - Lesj\u00f6fors - Industrial Springs and Pressings\" \/>\n<meta property=\"og:description\" content=\"Lesj\u00f6fors vytvorila technick\u00e9 rie\u0161enie pre most \u00d6resund. Pod\u013ea zadania sme mali zastavi\u0165 vibr\u00e1cie, ktor\u00e9 znepokojovali pou\u017e\u00edvate\u013eov cesty\" \/>\n<meta property=\"og:url\" content=\"https:\/\/www.lesjoforsab.com\/sk\/priemyselne-odvetvia\/pripadove-studie\/most-oresund\/\" \/>\n<meta property=\"og:site_name\" content=\"Lesj\u00f6fors - Industrial Springs and Pressings\" \/>\n<meta property=\"article:modified_time\" content=\"2022-10-20T10:55:58+00:00\" \/>\n<meta property=\"og:image\" content=\"https:\/\/www.lesjoforsab.com\/wp-content\/uploads\/User-Uploads\/General-Content\/All-Stage-Images\/Stagebild-CustomSprings-Spring.jpg\" \/>\n\t<meta property=\"og:image:width\" content=\"1920\" \/>\n\t<meta property=\"og:image:height\" content=\"840\" \/>\n\t<meta property=\"og:image:type\" content=\"image\/jpeg\" \/>\n<script type=\"application\/ld+json\" class=\"yoast-schema-graph\">{\"@context\":\"https:\/\/schema.org\",\"@graph\":[{\"@type\":\"WebPage\",\"@id\":\"https:\/\/www.lesjoforsab.com\/sk\/priemyselne-odvetvia\/pripadove-studie\/most-oresund\/\",\"url\":\"https:\/\/www.lesjoforsab.com\/sk\/priemyselne-odvetvia\/pripadove-studie\/most-oresund\/\",\"name\":\"Most \u00d6resund - Lesj\u00f6fors - Industrial Springs and Pressings\",\"isPartOf\":{\"@id\":\"https:\/\/www.lesjoforsab.com\/sk\/#website\"},\"datePublished\":\"2019-08-16T14:39:13+00:00\",\"dateModified\":\"2022-10-20T10:55:58+00:00\",\"description\":\"Lesj\u00f6fors vytvorila technick\u00e9 rie\u0161enie pre most \u00d6resund. Pod\u013ea zadania sme mali zastavi\u0165 vibr\u00e1cie, ktor\u00e9 znepokojovali pou\u017e\u00edvate\u013eov cesty\",\"breadcrumb\":{\"@id\":\"https:\/\/www.lesjoforsab.com\/sk\/priemyselne-odvetvia\/pripadove-studie\/most-oresund\/#breadcrumb\"},\"inLanguage\":\"sk-SK\",\"potentialAction\":[{\"@type\":\"ReadAction\",\"target\":[\"https:\/\/www.lesjoforsab.com\/sk\/priemyselne-odvetvia\/pripadove-studie\/most-oresund\/\"]}]},{\"@type\":\"BreadcrumbList\",\"@id\":\"https:\/\/www.lesjoforsab.com\/sk\/priemyselne-odvetvia\/pripadove-studie\/most-oresund\/#breadcrumb\",\"itemListElement\":[{\"@type\":\"ListItem\",\"position\":1,\"name\":\"Domov\",\"item\":\"https:\/\/www.lesjoforsab.com\/sk\/\"},{\"@type\":\"ListItem\",\"position\":2,\"name\":\"Priemyseln\u00e9 odvetvia\",\"item\":\"https:\/\/www.lesjoforsab.com\/sk\/bransjer\/\"},{\"@type\":\"ListItem\",\"position\":3,\"name\":\"Pr\u00edpadov\u00e9 \u0161t\u00fadie\",\"item\":\"https:\/\/www.lesjoforsab.com\/sk\/priemyselne-odvetvia-2\/pripadove-studie\/\"},{\"@type\":\"ListItem\",\"position\":4,\"name\":\"Most \u00d6resund\"}]},{\"@type\":\"WebSite\",\"@id\":\"https:\/\/www.lesjoforsab.com\/sk\/#website\",\"url\":\"https:\/\/www.lesjoforsab.com\/sk\/\",\"name\":\"Lesj\u00f6fors - Industrial Springs and Pressings\",\"description\":\"\",\"publisher\":{\"@id\":\"https:\/\/www.lesjoforsab.com\/sk\/#organization\"},\"potentialAction\":[{\"@type\":\"SearchAction\",\"target\":{\"@type\":\"EntryPoint\",\"urlTemplate\":\"https:\/\/www.lesjoforsab.com\/sk\/?s={search_term_string}\"},\"query-input\":{\"@type\":\"PropertyValueSpecification\",\"valueRequired\":true,\"valueName\":\"search_term_string\"}}],\"inLanguage\":\"sk-SK\"},{\"@type\":\"Organization\",\"@id\":\"https:\/\/www.lesjoforsab.com\/sk\/#organization\",\"name\":\"Lesj\u00f6fors AB\",\"url\":\"https:\/\/www.lesjoforsab.com\/sk\/\",\"logo\":{\"@type\":\"ImageObject\",\"inLanguage\":\"sk-SK\",\"@id\":\"https:\/\/www.lesjoforsab.com\/sk\/#\/schema\/logo\/image\/\",\"url\":\"https:\/\/www.lesjoforsab.com\/wp-content\/uploads\/User-Uploads\/Lesjoefors-Brand\/Logotypes\/lesjofors-logo-without-payoff.jpg\",\"contentUrl\":\"https:\/\/www.lesjoforsab.com\/wp-content\/uploads\/User-Uploads\/Lesjoefors-Brand\/Logotypes\/lesjofors-logo-without-payoff.jpg\",\"width\":1347,\"height\":378,\"caption\":\"Lesj\u00f6fors AB\"},\"image\":{\"@id\":\"https:\/\/www.lesjoforsab.com\/sk\/#\/schema\/logo\/image\/\"},\"sameAs\":[\"https:\/\/x.com\/lesjoforsgroup\",\"https:\/\/www.linkedin.com\/company\/lesjoforsab\/\",\"https:\/\/www.youtube.com\/user\/lesjoforsab\"]}]}<\/script>\n<!-- \/ Yoast SEO plugin. -->","yoast_head_json":{"title":"Most \u00d6resund - Lesj\u00f6fors - Industrial Springs and Pressings","description":"Lesj\u00f6fors vytvorila technick\u00e9 rie\u0161enie pre most \u00d6resund. Pod\u013ea zadania sme mali zastavi\u0165 vibr\u00e1cie, ktor\u00e9 znepokojovali pou\u017e\u00edvate\u013eov cesty","robots":{"index":"index","follow":"follow","max-snippet":"max-snippet:-1","max-image-preview":"max-image-preview:large","max-video-preview":"max-video-preview:-1"},"canonical":"https:\/\/www.lesjoforsab.com\/sk\/priemyselne-odvetvia\/pripadove-studie\/most-oresund\/","og_locale":"sk_SK","og_type":"article","og_title":"Most \u00d6resund - Lesj\u00f6fors - Industrial Springs and Pressings","og_description":"Lesj\u00f6fors vytvorila technick\u00e9 rie\u0161enie pre most \u00d6resund. Pod\u013ea zadania sme mali zastavi\u0165 vibr\u00e1cie, ktor\u00e9 znepokojovali pou\u017e\u00edvate\u013eov cesty","og_url":"https:\/\/www.lesjoforsab.com\/sk\/priemyselne-odvetvia\/pripadove-studie\/most-oresund\/","og_site_name":"Lesj\u00f6fors - Industrial Springs and Pressings","article_modified_time":"2022-10-20T10:55:58+00:00","og_image":[{"width":1920,"height":840,"url":"https:\/\/www.lesjoforsab.com\/wp-content\/uploads\/User-Uploads\/General-Content\/All-Stage-Images\/Stagebild-CustomSprings-Spring.jpg","type":"image\/jpeg"}],"schema":{"@context":"https:\/\/schema.org","@graph":[{"@type":"WebPage","@id":"https:\/\/www.lesjoforsab.com\/sk\/priemyselne-odvetvia\/pripadove-studie\/most-oresund\/","url":"https:\/\/www.lesjoforsab.com\/sk\/priemyselne-odvetvia\/pripadove-studie\/most-oresund\/","name":"Most \u00d6resund - Lesj\u00f6fors - Industrial Springs and Pressings","isPartOf":{"@id":"https:\/\/www.lesjoforsab.com\/sk\/#website"},"datePublished":"2019-08-16T14:39:13+00:00","dateModified":"2022-10-20T10:55:58+00:00","description":"Lesj\u00f6fors vytvorila technick\u00e9 rie\u0161enie pre most \u00d6resund. Pod\u013ea zadania sme mali zastavi\u0165 vibr\u00e1cie, ktor\u00e9 znepokojovali pou\u017e\u00edvate\u013eov cesty","breadcrumb":{"@id":"https:\/\/www.lesjoforsab.com\/sk\/priemyselne-odvetvia\/pripadove-studie\/most-oresund\/#breadcrumb"},"inLanguage":"sk-SK","potentialAction":[{"@type":"ReadAction","target":["https:\/\/www.lesjoforsab.com\/sk\/priemyselne-odvetvia\/pripadove-studie\/most-oresund\/"]}]},{"@type":"BreadcrumbList","@id":"https:\/\/www.lesjoforsab.com\/sk\/priemyselne-odvetvia\/pripadove-studie\/most-oresund\/#breadcrumb","itemListElement":[{"@type":"ListItem","position":1,"name":"Domov","item":"https:\/\/www.lesjoforsab.com\/sk\/"},{"@type":"ListItem","position":2,"name":"Priemyseln\u00e9 odvetvia","item":"https:\/\/www.lesjoforsab.com\/sk\/bransjer\/"},{"@type":"ListItem","position":3,"name":"Pr\u00edpadov\u00e9 \u0161t\u00fadie","item":"https:\/\/www.lesjoforsab.com\/sk\/priemyselne-odvetvia-2\/pripadove-studie\/"},{"@type":"ListItem","position":4,"name":"Most \u00d6resund"}]},{"@type":"WebSite","@id":"https:\/\/www.lesjoforsab.com\/sk\/#website","url":"https:\/\/www.lesjoforsab.com\/sk\/","name":"Lesj\u00f6fors - Industrial Springs and Pressings","description":"","publisher":{"@id":"https:\/\/www.lesjoforsab.com\/sk\/#organization"},"potentialAction":[{"@type":"SearchAction","target":{"@type":"EntryPoint","urlTemplate":"https:\/\/www.lesjoforsab.com\/sk\/?s={search_term_string}"},"query-input":{"@type":"PropertyValueSpecification","valueRequired":true,"valueName":"search_term_string"}}],"inLanguage":"sk-SK"},{"@type":"Organization","@id":"https:\/\/www.lesjoforsab.com\/sk\/#organization","name":"Lesj\u00f6fors AB","url":"https:\/\/www.lesjoforsab.com\/sk\/","logo":{"@type":"ImageObject","inLanguage":"sk-SK","@id":"https:\/\/www.lesjoforsab.com\/sk\/#\/schema\/logo\/image\/","url":"https:\/\/www.lesjoforsab.com\/wp-content\/uploads\/User-Uploads\/Lesjoefors-Brand\/Logotypes\/lesjofors-logo-without-payoff.jpg","contentUrl":"https:\/\/www.lesjoforsab.com\/wp-content\/uploads\/User-Uploads\/Lesjoefors-Brand\/Logotypes\/lesjofors-logo-without-payoff.jpg","width":1347,"height":378,"caption":"Lesj\u00f6fors AB"},"image":{"@id":"https:\/\/www.lesjoforsab.com\/sk\/#\/schema\/logo\/image\/"},"sameAs":["https:\/\/x.com\/lesjoforsgroup","https:\/\/www.linkedin.com\/company\/lesjoforsab\/","https:\/\/www.youtube.com\/user\/lesjoforsab"]}]}},"_links":{"self":[{"href":"https:\/\/www.lesjoforsab.com\/sk\/wp-json\/wp\/v2\/pages\/22371","targetHints":{"allow":["GET"]}}],"collection":[{"href":"https:\/\/www.lesjoforsab.com\/sk\/wp-json\/wp\/v2\/pages"}],"about":[{"href":"https:\/\/www.lesjoforsab.com\/sk\/wp-json\/wp\/v2\/types\/page"}],"author":[{"embeddable":true,"href":"https:\/\/www.lesjoforsab.com\/sk\/wp-json\/wp\/v2\/users\/3"}],"replies":[{"embeddable":true,"href":"https:\/\/www.lesjoforsab.com\/sk\/wp-json\/wp\/v2\/comments?post=22371"}],"version-history":[{"count":1,"href":"https:\/\/www.lesjoforsab.com\/sk\/wp-json\/wp\/v2\/pages\/22371\/revisions"}],"predecessor-version":[{"id":59909,"href":"https:\/\/www.lesjoforsab.com\/sk\/wp-json\/wp\/v2\/pages\/22371\/revisions\/59909"}],"up":[{"embeddable":true,"href":"https:\/\/www.lesjoforsab.com\/sk\/wp-json\/wp\/v2\/pages\/16932"}],"wp:attachment":[{"href":"https:\/\/www.lesjoforsab.com\/sk\/wp-json\/wp\/v2\/media?parent=22371"}],"curies":[{"name":"wp","href":"https:\/\/api.w.org\/{rel}","templated":true}]}}