{"id":17948,"date":"2020-02-26T15:30:36","date_gmt":"2020-02-26T14:30:36","guid":{"rendered":"https:\/\/www.lesjoforsab.com\/product\/konvensjonell-hydraulisk-gassfjaer\/"},"modified":"2024-12-11T14:51:39","modified_gmt":"2024-12-11T13:51:39","slug":"konvensjonell-hydraulisk-gassfjaer","status":"publish","type":"product","link":"https:\/\/www.lesjoforsab.com\/no\/produkt\/konvensjonell-hydraulisk-gassfjaer\/","title":{"rendered":"Konvensjonell hydraulisk gassfj\u00e6r"},"featured_media":0,"template":"","product-category":[316],"class_list":["post-17948","product","type-product","status-publish","hentry","product-category-gassfjaerer"],"yoast_head":"<!-- This site is optimized with the Yoast SEO plugin v25.6 - https:\/\/yoast.com\/wordpress\/plugins\/seo\/ -->\n<title>Konvensjonell hydraulisk gassfj\u00e6r - Lesjofors<\/title>\n<meta name=\"description\" content=\"Hydrauliske gassfj\u00e6rer er den vanligste typen gassfj\u00e6rer. Gassfj\u00e6rer brukes ved \u00e5pning og lukking av d\u00f8rer og luker. Produktet kan tilpasses&gt;&gt;\" \/>\n<meta name=\"robots\" content=\"index, follow, max-snippet:-1, max-image-preview:large, max-video-preview:-1\" \/>\n<link rel=\"canonical\" href=\"https:\/\/www.lesjoforsab.com\/no\/produkt\/konvensjonell-hydraulisk-gassfjaer\/\" \/>\n<meta property=\"og:locale\" content=\"nb_NO\" \/>\n<meta property=\"og:type\" content=\"article\" \/>\n<meta property=\"og:title\" content=\"Konvensjonell hydraulisk gassfj\u00e6r - Lesjofors\" \/>\n<meta property=\"og:description\" content=\"Hydrauliske gassfj\u00e6rer er den vanligste typen gassfj\u00e6rer. Gassfj\u00e6rer brukes ved \u00e5pning og lukking av d\u00f8rer og luker. Produktet kan tilpasses&gt;&gt;\" \/>\n<meta property=\"og:url\" content=\"https:\/\/www.lesjoforsab.com\/no\/produkt\/konvensjonell-hydraulisk-gassfjaer\/\" \/>\n<meta property=\"og:site_name\" content=\"Lesj\u00f6fors - Industrial Springs and Pressings\" \/>\n<meta property=\"article:modified_time\" content=\"2024-12-11T13:51:39+00:00\" \/>\n<meta property=\"og:image\" content=\"https:\/\/www.lesjoforsab.com\/wp-content\/uploads\/User-Uploads\/General-Content\/All-Stage-Images\/Stagebild-CustomSprings-Spring.jpg\" \/>\n\t<meta property=\"og:image:width\" content=\"1920\" \/>\n\t<meta property=\"og:image:height\" content=\"840\" \/>\n\t<meta property=\"og:image:type\" content=\"image\/jpeg\" \/>\n<script type=\"application\/ld+json\" class=\"yoast-schema-graph\">{\"@context\":\"https:\/\/schema.org\",\"@graph\":[{\"@type\":\"WebPage\",\"@id\":\"https:\/\/www.lesjoforsab.com\/no\/produkt\/konvensjonell-hydraulisk-gassfjaer\/\",\"url\":\"https:\/\/www.lesjoforsab.com\/no\/produkt\/konvensjonell-hydraulisk-gassfjaer\/\",\"name\":\"Konvensjonell hydraulisk gassfj\u00e6r - Lesjofors\",\"isPartOf\":{\"@id\":\"https:\/\/www.lesjoforsab.com\/no\/#website\"},\"datePublished\":\"2020-02-26T14:30:36+00:00\",\"dateModified\":\"2024-12-11T13:51:39+00:00\",\"description\":\"Hydrauliske gassfj\u00e6rer er den vanligste typen gassfj\u00e6rer. Gassfj\u00e6rer brukes ved \u00e5pning og lukking av d\u00f8rer og luker. Produktet kan tilpasses>>\",\"breadcrumb\":{\"@id\":\"https:\/\/www.lesjoforsab.com\/no\/produkt\/konvensjonell-hydraulisk-gassfjaer\/#breadcrumb\"},\"inLanguage\":\"nb-NO\",\"potentialAction\":[{\"@type\":\"ReadAction\",\"target\":[\"https:\/\/www.lesjoforsab.com\/no\/produkt\/konvensjonell-hydraulisk-gassfjaer\/\"]}]},{\"@type\":\"BreadcrumbList\",\"@id\":\"https:\/\/www.lesjoforsab.com\/no\/produkt\/konvensjonell-hydraulisk-gassfjaer\/#breadcrumb\",\"itemListElement\":[{\"@type\":\"ListItem\",\"position\":1,\"name\":\"Hjem\",\"item\":\"https:\/\/www.lesjoforsab.com\/no\/\"},{\"@type\":\"ListItem\",\"position\":2,\"name\":\"Konvensjonell hydraulisk gassfj\u00e6r\"}]},{\"@type\":\"WebSite\",\"@id\":\"https:\/\/www.lesjoforsab.com\/no\/#website\",\"url\":\"https:\/\/www.lesjoforsab.com\/no\/\",\"name\":\"Lesj\u00f6fors - Industrial Springs and Pressings\",\"description\":\"\",\"publisher\":{\"@id\":\"https:\/\/www.lesjoforsab.com\/no\/#organization\"},\"potentialAction\":[{\"@type\":\"SearchAction\",\"target\":{\"@type\":\"EntryPoint\",\"urlTemplate\":\"https:\/\/www.lesjoforsab.com\/no\/?s={search_term_string}\"},\"query-input\":{\"@type\":\"PropertyValueSpecification\",\"valueRequired\":true,\"valueName\":\"search_term_string\"}}],\"inLanguage\":\"nb-NO\"},{\"@type\":\"Organization\",\"@id\":\"https:\/\/www.lesjoforsab.com\/no\/#organization\",\"name\":\"Lesj\u00f6fors AB\",\"url\":\"https:\/\/www.lesjoforsab.com\/no\/\",\"logo\":{\"@type\":\"ImageObject\",\"inLanguage\":\"nb-NO\",\"@id\":\"https:\/\/www.lesjoforsab.com\/no\/#\/schema\/logo\/image\/\",\"url\":\"https:\/\/www.lesjoforsab.com\/wp-content\/uploads\/User-Uploads\/Lesjoefors-Brand\/Logotypes\/lesjofors-logo-without-payoff.jpg\",\"contentUrl\":\"https:\/\/www.lesjoforsab.com\/wp-content\/uploads\/User-Uploads\/Lesjoefors-Brand\/Logotypes\/lesjofors-logo-without-payoff.jpg\",\"width\":1347,\"height\":378,\"caption\":\"Lesj\u00f6fors AB\"},\"image\":{\"@id\":\"https:\/\/www.lesjoforsab.com\/no\/#\/schema\/logo\/image\/\"},\"sameAs\":[\"https:\/\/x.com\/lesjoforsgroup\",\"https:\/\/www.linkedin.com\/company\/lesjoforsab\/\",\"https:\/\/www.youtube.com\/user\/lesjoforsab\"]}]}<\/script>\n<!-- \/ Yoast SEO plugin. -->","yoast_head_json":{"title":"Konvensjonell hydraulisk gassfj\u00e6r - Lesjofors","description":"Hydrauliske gassfj\u00e6rer er den vanligste typen gassfj\u00e6rer. Gassfj\u00e6rer brukes ved \u00e5pning og lukking av d\u00f8rer og luker. Produktet kan tilpasses>>","robots":{"index":"index","follow":"follow","max-snippet":"max-snippet:-1","max-image-preview":"max-image-preview:large","max-video-preview":"max-video-preview:-1"},"canonical":"https:\/\/www.lesjoforsab.com\/no\/produkt\/konvensjonell-hydraulisk-gassfjaer\/","og_locale":"nb_NO","og_type":"article","og_title":"Konvensjonell hydraulisk gassfj\u00e6r - Lesjofors","og_description":"Hydrauliske gassfj\u00e6rer er den vanligste typen gassfj\u00e6rer. Gassfj\u00e6rer brukes ved \u00e5pning og lukking av d\u00f8rer og luker. Produktet kan tilpasses>>","og_url":"https:\/\/www.lesjoforsab.com\/no\/produkt\/konvensjonell-hydraulisk-gassfjaer\/","og_site_name":"Lesj\u00f6fors - Industrial Springs and Pressings","article_modified_time":"2024-12-11T13:51:39+00:00","og_image":[{"width":1920,"height":840,"url":"https:\/\/www.lesjoforsab.com\/wp-content\/uploads\/User-Uploads\/General-Content\/All-Stage-Images\/Stagebild-CustomSprings-Spring.jpg","type":"image\/jpeg"}],"schema":{"@context":"https:\/\/schema.org","@graph":[{"@type":"WebPage","@id":"https:\/\/www.lesjoforsab.com\/no\/produkt\/konvensjonell-hydraulisk-gassfjaer\/","url":"https:\/\/www.lesjoforsab.com\/no\/produkt\/konvensjonell-hydraulisk-gassfjaer\/","name":"Konvensjonell hydraulisk gassfj\u00e6r - Lesjofors","isPartOf":{"@id":"https:\/\/www.lesjoforsab.com\/no\/#website"},"datePublished":"2020-02-26T14:30:36+00:00","dateModified":"2024-12-11T13:51:39+00:00","description":"Hydrauliske gassfj\u00e6rer er den vanligste typen gassfj\u00e6rer. Gassfj\u00e6rer brukes ved \u00e5pning og lukking av d\u00f8rer og luker. Produktet kan tilpasses>>","breadcrumb":{"@id":"https:\/\/www.lesjoforsab.com\/no\/produkt\/konvensjonell-hydraulisk-gassfjaer\/#breadcrumb"},"inLanguage":"nb-NO","potentialAction":[{"@type":"ReadAction","target":["https:\/\/www.lesjoforsab.com\/no\/produkt\/konvensjonell-hydraulisk-gassfjaer\/"]}]},{"@type":"BreadcrumbList","@id":"https:\/\/www.lesjoforsab.com\/no\/produkt\/konvensjonell-hydraulisk-gassfjaer\/#breadcrumb","itemListElement":[{"@type":"ListItem","position":1,"name":"Hjem","item":"https:\/\/www.lesjoforsab.com\/no\/"},{"@type":"ListItem","position":2,"name":"Konvensjonell hydraulisk gassfj\u00e6r"}]},{"@type":"WebSite","@id":"https:\/\/www.lesjoforsab.com\/no\/#website","url":"https:\/\/www.lesjoforsab.com\/no\/","name":"Lesj\u00f6fors - Industrial Springs and Pressings","description":"","publisher":{"@id":"https:\/\/www.lesjoforsab.com\/no\/#organization"},"potentialAction":[{"@type":"SearchAction","target":{"@type":"EntryPoint","urlTemplate":"https:\/\/www.lesjoforsab.com\/no\/?s={search_term_string}"},"query-input":{"@type":"PropertyValueSpecification","valueRequired":true,"valueName":"search_term_string"}}],"inLanguage":"nb-NO"},{"@type":"Organization","@id":"https:\/\/www.lesjoforsab.com\/no\/#organization","name":"Lesj\u00f6fors AB","url":"https:\/\/www.lesjoforsab.com\/no\/","logo":{"@type":"ImageObject","inLanguage":"nb-NO","@id":"https:\/\/www.lesjoforsab.com\/no\/#\/schema\/logo\/image\/","url":"https:\/\/www.lesjoforsab.com\/wp-content\/uploads\/User-Uploads\/Lesjoefors-Brand\/Logotypes\/lesjofors-logo-without-payoff.jpg","contentUrl":"https:\/\/www.lesjoforsab.com\/wp-content\/uploads\/User-Uploads\/Lesjoefors-Brand\/Logotypes\/lesjofors-logo-without-payoff.jpg","width":1347,"height":378,"caption":"Lesj\u00f6fors AB"},"image":{"@id":"https:\/\/www.lesjoforsab.com\/no\/#\/schema\/logo\/image\/"},"sameAs":["https:\/\/x.com\/lesjoforsgroup","https:\/\/www.linkedin.com\/company\/lesjoforsab\/","https:\/\/www.youtube.com\/user\/lesjoforsab"]}]}},"_links":{"self":[{"href":"https:\/\/www.lesjoforsab.com\/no\/wp-json\/wp\/v2\/product\/17948","targetHints":{"allow":["GET"]}}],"collection":[{"href":"https:\/\/www.lesjoforsab.com\/no\/wp-json\/wp\/v2\/product"}],"about":[{"href":"https:\/\/www.lesjoforsab.com\/no\/wp-json\/wp\/v2\/types\/product"}],"wp:attachment":[{"href":"https:\/\/www.lesjoforsab.com\/no\/wp-json\/wp\/v2\/media?parent=17948"}],"wp:term":[{"taxonomy":"product-category","embeddable":true,"href":"https:\/\/www.lesjoforsab.com\/no\/wp-json\/wp\/v2\/product-category?post=17948"}],"curies":[{"name":"wp","href":"https:\/\/api.w.org\/{rel}","templated":true}]}}