{"id":26734,"date":"2019-11-25T13:39:24","date_gmt":"2019-11-25T12:39:24","guid":{"rendered":"https:\/\/www.lesjoforsab.com\/vilkar-for-levering\/"},"modified":"2022-08-30T14:10:25","modified_gmt":"2022-08-30T12:10:25","slug":"vilkar-for-levering","status":"publish","type":"page","link":"https:\/\/www.lesjoforsab.com\/no\/vilkar-for-levering\/","title":{"rendered":"Vilk\u00e5r for levering"},"content":{"rendered":"\t\t<div data-elementor-type=\"wp-page\" data-elementor-id=\"26734\" class=\"elementor elementor-26734 elementor-3071\" data-elementor-post-type=\"page\">\n\t\t\t\t\t\t<section class=\"elementor-section elementor-top-section elementor-element elementor-element-18660af elementor-section-boxed elementor-section-height-default elementor-section-height-default\" data-id=\"18660af\" data-element_type=\"section\" data-settings=\"{&quot;jet_parallax_layout_list&quot;:[{&quot;jet_parallax_layout_image&quot;:{&quot;url&quot;:&quot;&quot;,&quot;id&quot;:&quot;&quot;,&quot;size&quot;:&quot;&quot;},&quot;_id&quot;:&quot;b3b3420&quot;,&quot;jet_parallax_layout_image_tablet&quot;:{&quot;url&quot;:&quot;&quot;,&quot;id&quot;:&quot;&quot;,&quot;size&quot;:&quot;&quot;},&quot;jet_parallax_layout_image_mobile&quot;:{&quot;url&quot;:&quot;&quot;,&quot;id&quot;:&quot;&quot;,&quot;size&quot;:&quot;&quot;},&quot;jet_parallax_layout_speed&quot;:{&quot;unit&quot;:&quot;%&quot;,&quot;size&quot;:50,&quot;sizes&quot;:[]},&quot;jet_parallax_layout_type&quot;:&quot;scroll&quot;,&quot;jet_parallax_layout_direction&quot;:&quot;1&quot;,&quot;jet_parallax_layout_fx_direction&quot;:null,&quot;jet_parallax_layout_z_index&quot;:&quot;&quot;,&quot;jet_parallax_layout_bg_x&quot;:50,&quot;jet_parallax_layout_bg_y&quot;:50,&quot;jet_parallax_layout_bg_size&quot;:&quot;auto&quot;,&quot;jet_parallax_layout_animation_prop&quot;:&quot;transform&quot;,&quot;jet_parallax_layout_on&quot;:[&quot;desktop&quot;,&quot;tablet&quot;],&quot;jet_parallax_layout_bg_x_tablet&quot;:&quot;&quot;,&quot;jet_parallax_layout_bg_x_mobile&quot;:&quot;&quot;,&quot;jet_parallax_layout_bg_y_tablet&quot;:&quot;&quot;,&quot;jet_parallax_layout_bg_y_mobile&quot;:&quot;&quot;,&quot;jet_parallax_layout_bg_size_tablet&quot;:&quot;&quot;,&quot;jet_parallax_layout_bg_size_mobile&quot;:&quot;&quot;}]}\">\n\t\t\t\t\t\t<div class=\"elementor-container elementor-column-gap-default\">\n\t\t\t\t\t<div class=\"elementor-column elementor-col-100 elementor-top-column elementor-element elementor-element-16d1345\" data-id=\"16d1345\" data-element_type=\"column\">\n\t\t\t<div class=\"elementor-widget-wrap elementor-element-populated\">\n\t\t\t\t\t\t<div class=\"elementor-element elementor-element-6df73ef elementor-widget elementor-widget-heading\" data-id=\"6df73ef\" data-element_type=\"widget\" data-widget_type=\"heading.default\">\n\t\t\t\t<div class=\"elementor-widget-container\">\n\t\t\t\t\t<h2 class=\"elementor-heading-title elementor-size-default\">Vilk\u00e5r for leveranser<\/h2>\t\t\t\t<\/div>\n\t\t\t\t<\/div>\n\t\t\t\t\t<\/div>\n\t\t<\/div>\n\t\t\t\t\t<\/div>\n\t\t<\/section>\n\t\t\t\t<section class=\"elementor-section elementor-top-section elementor-element elementor-element-d726a4f elementor-section-boxed elementor-section-height-default elementor-section-height-default\" data-id=\"d726a4f\" data-element_type=\"section\" data-settings=\"{&quot;jet_parallax_layout_list&quot;:[{&quot;jet_parallax_layout_image&quot;:{&quot;url&quot;:&quot;&quot;,&quot;id&quot;:&quot;&quot;,&quot;size&quot;:&quot;&quot;},&quot;_id&quot;:&quot;7abe9f8&quot;,&quot;jet_parallax_layout_image_tablet&quot;:{&quot;url&quot;:&quot;&quot;,&quot;id&quot;:&quot;&quot;,&quot;size&quot;:&quot;&quot;},&quot;jet_parallax_layout_image_mobile&quot;:{&quot;url&quot;:&quot;&quot;,&quot;id&quot;:&quot;&quot;,&quot;size&quot;:&quot;&quot;},&quot;jet_parallax_layout_speed&quot;:{&quot;unit&quot;:&quot;%&quot;,&quot;size&quot;:50,&quot;sizes&quot;:[]},&quot;jet_parallax_layout_type&quot;:&quot;scroll&quot;,&quot;jet_parallax_layout_direction&quot;:&quot;1&quot;,&quot;jet_parallax_layout_fx_direction&quot;:null,&quot;jet_parallax_layout_z_index&quot;:&quot;&quot;,&quot;jet_parallax_layout_bg_x&quot;:50,&quot;jet_parallax_layout_bg_y&quot;:50,&quot;jet_parallax_layout_bg_size&quot;:&quot;auto&quot;,&quot;jet_parallax_layout_animation_prop&quot;:&quot;transform&quot;,&quot;jet_parallax_layout_on&quot;:[&quot;desktop&quot;,&quot;tablet&quot;],&quot;jet_parallax_layout_bg_x_tablet&quot;:&quot;&quot;,&quot;jet_parallax_layout_bg_x_mobile&quot;:&quot;&quot;,&quot;jet_parallax_layout_bg_y_tablet&quot;:&quot;&quot;,&quot;jet_parallax_layout_bg_y_mobile&quot;:&quot;&quot;,&quot;jet_parallax_layout_bg_size_tablet&quot;:&quot;&quot;,&quot;jet_parallax_layout_bg_size_mobile&quot;:&quot;&quot;}]}\">\n\t\t\t\t\t\t<div class=\"elementor-container elementor-column-gap-default\">\n\t\t\t\t\t<div class=\"elementor-column elementor-col-100 elementor-top-column elementor-element elementor-element-3f1aa26\" data-id=\"3f1aa26\" data-element_type=\"column\">\n\t\t\t<div class=\"elementor-widget-wrap elementor-element-populated\">\n\t\t\t\t\t\t<div class=\"elementor-element elementor-element-7ef4dcb elementor-widget elementor-widget-text-editor\" data-id=\"7ef4dcb\" data-element_type=\"widget\" data-widget_type=\"text-editor.default\">\n\t\t\t\t<div class=\"elementor-widget-container\">\n\t\t\t\t\t\t\t\t\t<p><strong>I de nordiske landene:<\/strong><br \/>Vi leverer i henhold til NL 17, laste ned fra <a href=\"http:\/\/www.teknikforetagen.se\/en\/about-us1\/\" target=\"_blank\" rel=\"noopener\">Teknikf\u00f6retagens Nettsted<\/a>.<\/p>\n<p><strong>Utenfor De nordiske landene:<\/strong><br \/>Vi leverer i henhold til ORGALIME S 2012. Disse kan sendes p\u00e5 foresp\u00f8rsel.<\/p>\n<p><strong>Varemerker:<\/strong><br \/>V\u00e6r oppmerksom p\u00e5 egne leveringsbetingelser for alle v\u00e5re Lesj\u00f6fors selskaper med eget varemerke. Disse leveringsbetingelsene kan mottas fra hvert selskap.<\/p>\n<p><strong>Leveranser:<\/strong><br \/>Hvis det er avtalt en leveringsklausul, m\u00e5 den tolkes i samsvar med den inkluderende avtalen om INCOTERMS\u00ae. Hvis ingen leveringsklausul er spesifikt avtalt, skal levering gj\u00f8res til FCA p\u00e5 stedet bestemt av selgeren.<\/p>\n\t\t\t\t\t\t\t\t<\/div>\n\t\t\t\t<\/div>\n\t\t\t\t\t<\/div>\n\t\t<\/div>\n\t\t\t\t\t<\/div>\n\t\t<\/section>\n\t\t\t\t<\/div>\n\t\t","protected":false},"excerpt":{"rendered":"<p>Vilk\u00e5r for leveranser I de nordiske landene: Vi leverer i henhold til NL 17, laste ned fra Teknikf\u00f6retagens Nettsted. Utenfor De nordiske landene: Vi leverer i henhold til ORGALIME S 2012. Disse kan sendes p\u00e5 foresp\u00f8rsel. Varemerker: V\u00e6r oppmerksom p\u00e5 egne leveringsbetingelser for alle v\u00e5re Lesj\u00f6fors selskaper med eget varemerke. Disse leveringsbetingelsene kan mottas fra [&hellip;]<\/p>\n","protected":false},"author":3,"featured_media":0,"parent":0,"menu_order":0,"comment_status":"closed","ping_status":"closed","template":"","meta":{"footnotes":""},"class_list":["post-26734","page","type-page","status-publish","hentry"],"yoast_head":"<!-- This site is optimized with the Yoast SEO plugin v25.6 - https:\/\/yoast.com\/wordpress\/plugins\/seo\/ -->\n<title>Vilk\u00e5r for levering - Lesj\u00f6fors<\/title>\n<meta name=\"description\" content=\"Her kan du lese om vilk\u00e5rene for leveranser i og utenfor de nordiske landene. I Norden leverer vi i henhold til NL 17 fra Teknikf\u00f6retagens Nettsted&gt;&gt;\" \/>\n<meta name=\"robots\" content=\"index, follow, max-snippet:-1, max-image-preview:large, max-video-preview:-1\" \/>\n<link rel=\"canonical\" href=\"https:\/\/www.lesjoforsab.com\/no\/vilkar-for-levering\/\" \/>\n<meta property=\"og:locale\" content=\"nb_NO\" \/>\n<meta property=\"og:type\" content=\"article\" \/>\n<meta property=\"og:title\" content=\"Vilk\u00e5r for levering - Lesj\u00f6fors\" \/>\n<meta property=\"og:description\" content=\"Her kan du lese om vilk\u00e5rene for leveranser i og utenfor de nordiske landene. I Norden leverer vi i henhold til NL 17 fra Teknikf\u00f6retagens Nettsted&gt;&gt;\" \/>\n<meta property=\"og:url\" content=\"https:\/\/www.lesjoforsab.com\/no\/vilkar-for-levering\/\" \/>\n<meta property=\"og:site_name\" content=\"Lesj\u00f6fors - Industrial Springs and Pressings\" \/>\n<meta property=\"article:modified_time\" content=\"2022-08-30T12:10:25+00:00\" \/>\n<meta property=\"og:image\" content=\"https:\/\/www.lesjoforsab.com\/wp-content\/uploads\/User-Uploads\/General-Content\/All-Stage-Images\/Stagebild-CustomSprings-Spring.jpg\" \/>\n\t<meta property=\"og:image:width\" content=\"1920\" \/>\n\t<meta property=\"og:image:height\" content=\"840\" \/>\n\t<meta property=\"og:image:type\" content=\"image\/jpeg\" \/>\n<script type=\"application\/ld+json\" class=\"yoast-schema-graph\">{\"@context\":\"https:\/\/schema.org\",\"@graph\":[{\"@type\":\"WebPage\",\"@id\":\"https:\/\/www.lesjoforsab.com\/no\/vilkar-for-levering\/\",\"url\":\"https:\/\/www.lesjoforsab.com\/no\/vilkar-for-levering\/\",\"name\":\"Vilk\u00e5r for levering - Lesj\u00f6fors\",\"isPartOf\":{\"@id\":\"https:\/\/www.lesjoforsab.com\/no\/#website\"},\"datePublished\":\"2019-11-25T12:39:24+00:00\",\"dateModified\":\"2022-08-30T12:10:25+00:00\",\"description\":\"Her kan du lese om vilk\u00e5rene for leveranser i og utenfor de nordiske landene. I Norden leverer vi i henhold til NL 17 fra Teknikf\u00f6retagens Nettsted>>\",\"breadcrumb\":{\"@id\":\"https:\/\/www.lesjoforsab.com\/no\/vilkar-for-levering\/#breadcrumb\"},\"inLanguage\":\"nb-NO\",\"potentialAction\":[{\"@type\":\"ReadAction\",\"target\":[\"https:\/\/www.lesjoforsab.com\/no\/vilkar-for-levering\/\"]}]},{\"@type\":\"BreadcrumbList\",\"@id\":\"https:\/\/www.lesjoforsab.com\/no\/vilkar-for-levering\/#breadcrumb\",\"itemListElement\":[{\"@type\":\"ListItem\",\"position\":1,\"name\":\"Hjem\",\"item\":\"https:\/\/www.lesjoforsab.com\/no\/\"},{\"@type\":\"ListItem\",\"position\":2,\"name\":\"Vilk\u00e5r for levering\"}]},{\"@type\":\"WebSite\",\"@id\":\"https:\/\/www.lesjoforsab.com\/no\/#website\",\"url\":\"https:\/\/www.lesjoforsab.com\/no\/\",\"name\":\"Lesj\u00f6fors - Industrial Springs and Pressings\",\"description\":\"\",\"publisher\":{\"@id\":\"https:\/\/www.lesjoforsab.com\/no\/#organization\"},\"potentialAction\":[{\"@type\":\"SearchAction\",\"target\":{\"@type\":\"EntryPoint\",\"urlTemplate\":\"https:\/\/www.lesjoforsab.com\/no\/?s={search_term_string}\"},\"query-input\":{\"@type\":\"PropertyValueSpecification\",\"valueRequired\":true,\"valueName\":\"search_term_string\"}}],\"inLanguage\":\"nb-NO\"},{\"@type\":\"Organization\",\"@id\":\"https:\/\/www.lesjoforsab.com\/no\/#organization\",\"name\":\"Lesj\u00f6fors AB\",\"url\":\"https:\/\/www.lesjoforsab.com\/no\/\",\"logo\":{\"@type\":\"ImageObject\",\"inLanguage\":\"nb-NO\",\"@id\":\"https:\/\/www.lesjoforsab.com\/no\/#\/schema\/logo\/image\/\",\"url\":\"https:\/\/www.lesjoforsab.com\/wp-content\/uploads\/User-Uploads\/Lesjoefors-Brand\/Logotypes\/lesjofors-logo-without-payoff.jpg\",\"contentUrl\":\"https:\/\/www.lesjoforsab.com\/wp-content\/uploads\/User-Uploads\/Lesjoefors-Brand\/Logotypes\/lesjofors-logo-without-payoff.jpg\",\"width\":1347,\"height\":378,\"caption\":\"Lesj\u00f6fors AB\"},\"image\":{\"@id\":\"https:\/\/www.lesjoforsab.com\/no\/#\/schema\/logo\/image\/\"},\"sameAs\":[\"https:\/\/x.com\/lesjoforsgroup\",\"https:\/\/www.linkedin.com\/company\/lesjoforsab\/\",\"https:\/\/www.youtube.com\/user\/lesjoforsab\"]}]}<\/script>\n<!-- \/ Yoast SEO plugin. -->","yoast_head_json":{"title":"Vilk\u00e5r for levering - Lesj\u00f6fors","description":"Her kan du lese om vilk\u00e5rene for leveranser i og utenfor de nordiske landene. I Norden leverer vi i henhold til NL 17 fra Teknikf\u00f6retagens Nettsted>>","robots":{"index":"index","follow":"follow","max-snippet":"max-snippet:-1","max-image-preview":"max-image-preview:large","max-video-preview":"max-video-preview:-1"},"canonical":"https:\/\/www.lesjoforsab.com\/no\/vilkar-for-levering\/","og_locale":"nb_NO","og_type":"article","og_title":"Vilk\u00e5r for levering - Lesj\u00f6fors","og_description":"Her kan du lese om vilk\u00e5rene for leveranser i og utenfor de nordiske landene. I Norden leverer vi i henhold til NL 17 fra Teknikf\u00f6retagens Nettsted>>","og_url":"https:\/\/www.lesjoforsab.com\/no\/vilkar-for-levering\/","og_site_name":"Lesj\u00f6fors - Industrial Springs and Pressings","article_modified_time":"2022-08-30T12:10:25+00:00","og_image":[{"width":1920,"height":840,"url":"https:\/\/www.lesjoforsab.com\/wp-content\/uploads\/User-Uploads\/General-Content\/All-Stage-Images\/Stagebild-CustomSprings-Spring.jpg","type":"image\/jpeg"}],"schema":{"@context":"https:\/\/schema.org","@graph":[{"@type":"WebPage","@id":"https:\/\/www.lesjoforsab.com\/no\/vilkar-for-levering\/","url":"https:\/\/www.lesjoforsab.com\/no\/vilkar-for-levering\/","name":"Vilk\u00e5r for levering - Lesj\u00f6fors","isPartOf":{"@id":"https:\/\/www.lesjoforsab.com\/no\/#website"},"datePublished":"2019-11-25T12:39:24+00:00","dateModified":"2022-08-30T12:10:25+00:00","description":"Her kan du lese om vilk\u00e5rene for leveranser i og utenfor de nordiske landene. I Norden leverer vi i henhold til NL 17 fra Teknikf\u00f6retagens Nettsted>>","breadcrumb":{"@id":"https:\/\/www.lesjoforsab.com\/no\/vilkar-for-levering\/#breadcrumb"},"inLanguage":"nb-NO","potentialAction":[{"@type":"ReadAction","target":["https:\/\/www.lesjoforsab.com\/no\/vilkar-for-levering\/"]}]},{"@type":"BreadcrumbList","@id":"https:\/\/www.lesjoforsab.com\/no\/vilkar-for-levering\/#breadcrumb","itemListElement":[{"@type":"ListItem","position":1,"name":"Hjem","item":"https:\/\/www.lesjoforsab.com\/no\/"},{"@type":"ListItem","position":2,"name":"Vilk\u00e5r for levering"}]},{"@type":"WebSite","@id":"https:\/\/www.lesjoforsab.com\/no\/#website","url":"https:\/\/www.lesjoforsab.com\/no\/","name":"Lesj\u00f6fors - Industrial Springs and Pressings","description":"","publisher":{"@id":"https:\/\/www.lesjoforsab.com\/no\/#organization"},"potentialAction":[{"@type":"SearchAction","target":{"@type":"EntryPoint","urlTemplate":"https:\/\/www.lesjoforsab.com\/no\/?s={search_term_string}"},"query-input":{"@type":"PropertyValueSpecification","valueRequired":true,"valueName":"search_term_string"}}],"inLanguage":"nb-NO"},{"@type":"Organization","@id":"https:\/\/www.lesjoforsab.com\/no\/#organization","name":"Lesj\u00f6fors AB","url":"https:\/\/www.lesjoforsab.com\/no\/","logo":{"@type":"ImageObject","inLanguage":"nb-NO","@id":"https:\/\/www.lesjoforsab.com\/no\/#\/schema\/logo\/image\/","url":"https:\/\/www.lesjoforsab.com\/wp-content\/uploads\/User-Uploads\/Lesjoefors-Brand\/Logotypes\/lesjofors-logo-without-payoff.jpg","contentUrl":"https:\/\/www.lesjoforsab.com\/wp-content\/uploads\/User-Uploads\/Lesjoefors-Brand\/Logotypes\/lesjofors-logo-without-payoff.jpg","width":1347,"height":378,"caption":"Lesj\u00f6fors AB"},"image":{"@id":"https:\/\/www.lesjoforsab.com\/no\/#\/schema\/logo\/image\/"},"sameAs":["https:\/\/x.com\/lesjoforsgroup","https:\/\/www.linkedin.com\/company\/lesjoforsab\/","https:\/\/www.youtube.com\/user\/lesjoforsab"]}]}},"_links":{"self":[{"href":"https:\/\/www.lesjoforsab.com\/no\/wp-json\/wp\/v2\/pages\/26734","targetHints":{"allow":["GET"]}}],"collection":[{"href":"https:\/\/www.lesjoforsab.com\/no\/wp-json\/wp\/v2\/pages"}],"about":[{"href":"https:\/\/www.lesjoforsab.com\/no\/wp-json\/wp\/v2\/types\/page"}],"author":[{"embeddable":true,"href":"https:\/\/www.lesjoforsab.com\/no\/wp-json\/wp\/v2\/users\/3"}],"replies":[{"embeddable":true,"href":"https:\/\/www.lesjoforsab.com\/no\/wp-json\/wp\/v2\/comments?post=26734"}],"version-history":[{"count":1,"href":"https:\/\/www.lesjoforsab.com\/no\/wp-json\/wp\/v2\/pages\/26734\/revisions"}],"predecessor-version":[{"id":59745,"href":"https:\/\/www.lesjoforsab.com\/no\/wp-json\/wp\/v2\/pages\/26734\/revisions\/59745"}],"wp:attachment":[{"href":"https:\/\/www.lesjoforsab.com\/no\/wp-json\/wp\/v2\/media?parent=26734"}],"curies":[{"name":"wp","href":"https:\/\/api.w.org\/{rel}","templated":true}]}}