{"id":26240,"date":"2019-08-16T15:35:00","date_gmt":"2019-08-16T13:35:00","guid":{"rendered":"https:\/\/www.lesjoforsab.com\/produkter\/"},"modified":"2024-07-23T08:31:34","modified_gmt":"2024-07-23T06:31:34","slug":"produkter","status":"publish","type":"page","link":"https:\/\/www.lesjoforsab.com\/no\/produkter\/","title":{"rendered":"Produkter"},"content":{"rendered":"\t\t<div data-elementor-type=\"wp-page\" data-elementor-id=\"26240\" class=\"elementor elementor-26240 elementor-71\" data-elementor-post-type=\"page\">\n\t\t\t\t\t\t<section class=\"elementor-section elementor-top-section elementor-element elementor-element-b49cf4e elementor-section-boxed elementor-section-height-default elementor-section-height-default\" data-id=\"b49cf4e\" data-element_type=\"section\" data-settings=\"{&quot;jet_parallax_layout_list&quot;:[{&quot;_id&quot;:&quot;d775061&quot;,&quot;jet_parallax_layout_image&quot;:{&quot;url&quot;:&quot;&quot;,&quot;id&quot;:&quot;&quot;,&quot;size&quot;:&quot;&quot;},&quot;jet_parallax_layout_image_tablet&quot;:{&quot;url&quot;:&quot;&quot;,&quot;id&quot;:&quot;&quot;,&quot;size&quot;:&quot;&quot;},&quot;jet_parallax_layout_image_mobile&quot;:{&quot;url&quot;:&quot;&quot;,&quot;id&quot;:&quot;&quot;,&quot;size&quot;:&quot;&quot;},&quot;jet_parallax_layout_speed&quot;:{&quot;unit&quot;:&quot;%&quot;,&quot;size&quot;:50,&quot;sizes&quot;:[]},&quot;jet_parallax_layout_type&quot;:&quot;scroll&quot;,&quot;jet_parallax_layout_direction&quot;:&quot;1&quot;,&quot;jet_parallax_layout_fx_direction&quot;:null,&quot;jet_parallax_layout_z_index&quot;:&quot;&quot;,&quot;jet_parallax_layout_bg_x&quot;:50,&quot;jet_parallax_layout_bg_x_tablet&quot;:&quot;&quot;,&quot;jet_parallax_layout_bg_x_mobile&quot;:&quot;&quot;,&quot;jet_parallax_layout_bg_y&quot;:50,&quot;jet_parallax_layout_bg_y_tablet&quot;:&quot;&quot;,&quot;jet_parallax_layout_bg_y_mobile&quot;:&quot;&quot;,&quot;jet_parallax_layout_bg_size&quot;:&quot;auto&quot;,&quot;jet_parallax_layout_bg_size_tablet&quot;:&quot;&quot;,&quot;jet_parallax_layout_bg_size_mobile&quot;:&quot;&quot;,&quot;jet_parallax_layout_animation_prop&quot;:&quot;transform&quot;,&quot;jet_parallax_layout_on&quot;:[&quot;desktop&quot;,&quot;tablet&quot;]}],&quot;background_background&quot;:&quot;classic&quot;}\">\n\t\t\t\t\t\t\t<div class=\"elementor-background-overlay\"><\/div>\n\t\t\t\t\t\t\t<div class=\"elementor-container elementor-column-gap-default\">\n\t\t\t\t\t<div class=\"elementor-column elementor-col-100 elementor-top-column elementor-element elementor-element-8d100b3\" data-id=\"8d100b3\" data-element_type=\"column\">\n\t\t\t<div class=\"elementor-widget-wrap elementor-element-populated\">\n\t\t\t\t\t\t<div class=\"elementor-element elementor-element-47fae8f margin-top-biggest monocrumbs elementor-widget elementor-widget-breadcrumbs\" data-id=\"47fae8f\" data-element_type=\"widget\" data-widget_type=\"breadcrumbs.default\">\n\t\t\t\t<div class=\"elementor-widget-container\">\n\t\t\t\t\t<p id=\"breadcrumbs\"><span><span><a href=\"https:\/\/www.lesjoforsab.com\/no\/\">Hjem<\/a><\/span><\/span><\/p>\t\t\t\t<\/div>\n\t\t\t\t<\/div>\n\t\t<div class=\"elementor-element elementor-element-988802a e-flex e-con-boxed e-con e-parent\" data-id=\"988802a\" data-element_type=\"container\" data-settings=\"{&quot;jet_parallax_layout_list&quot;:[]}\">\n\t\t\t\t\t<div class=\"e-con-inner\">\n\t\t<div class=\"elementor-element elementor-element-1dd13b8 e-con-full e-flex e-con e-child\" data-id=\"1dd13b8\" data-element_type=\"container\" data-settings=\"{&quot;jet_parallax_layout_list&quot;:[]}\">\n\t\t\t\t<div class=\"elementor-element elementor-element-9163442 no-margin-bottom elementor-widget elementor-widget-heading\" data-id=\"9163442\" data-element_type=\"widget\" data-widget_type=\"heading.default\">\n\t\t\t\t<div class=\"elementor-widget-container\">\n\t\t\t\t\t<h1 class=\"elementor-heading-title elementor-size-default\">Produkter<\/h1>\t\t\t\t<\/div>\n\t\t\t\t<\/div>\n\t\t\t\t<\/div>\n\t\t<div class=\"elementor-element elementor-element-d8f124a e-flex e-con-boxed e-con e-child\" data-id=\"d8f124a\" data-element_type=\"container\" data-settings=\"{&quot;jet_parallax_layout_list&quot;:[]}\">\n\t\t\t\t\t<div class=\"e-con-inner\">\n\t\t\t\t<div class=\"elementor-element elementor-element-ac0d1dc margin-bottom-big elementor-widget elementor-widget-text-editor\" data-id=\"ac0d1dc\" data-element_type=\"widget\" data-widget_type=\"text-editor.default\">\n\t\t\t\t<div class=\"elementor-widget-container\">\n\t\t\t\t\t\t\t\t\t<p>Lesj\u00f6fors har lang erfaring med \u00e5 lage fj\u00e6rer og pressinger. Vi prioriterer hele tiden den teknologiske utviklingen p\u00e5 feltet. V\u00e5re viktigste konkurransefortrinn er v\u00e5rt brede produktutvalg, h\u00f8y kvalitet og service.<\/p>\t\t\t\t\t\t\t\t<\/div>\n\t\t\t\t<\/div>\n\t\t\t\t\t<\/div>\n\t\t\t\t<\/div>\n\t\t\t\t\t<\/div>\n\t\t\t\t<\/div>\n\t\t\t\t\t<\/div>\n\t\t<\/div>\n\t\t\t\t\t<\/div>\n\t\t<\/section>\n\t\t<div class=\"elementor-element elementor-element-ff995e7 e-flex e-con-boxed e-con e-parent\" data-id=\"ff995e7\" data-element_type=\"container\" data-settings=\"{&quot;jet_parallax_layout_list&quot;:[]}\">\n\t\t\t\t\t<div class=\"e-con-inner\">\n\t\t\t\t<div class=\"elementor-element elementor-element-3f346fe elementor-widget elementor-widget-shortcode\" data-id=\"3f346fe\" data-element_type=\"widget\" data-widget_type=\"shortcode.default\">\n\t\t\t\t<div class=\"elementor-widget-container\">\n\t\t\t\t\t\t\t<div class=\"elementor-shortcode\">\n\n\n<div class=\"listing-border-grid-wrapper\">\n<div id=\"wpv-view-layout-80166\" class=\"js-wpv-view-layout js-wpv-layout-responsive js-wpv-view-layout-80166\" data-viewnumber=\"80166\" data-pagination=\"{&quot;id&quot;:80166,&quot;query&quot;:&quot;normal&quot;,&quot;type&quot;:&quot;disabled&quot;,&quot;effect&quot;:&quot;fade&quot;,&quot;duration&quot;:500,&quot;speed&quot;:5,&quot;pause_on_hover&quot;:&quot;enabled&quot;,&quot;stop_rollover&quot;:&quot;false&quot;,&quot;cache_pages&quot;:&quot;enabled&quot;,&quot;preload_images&quot;:&quot;enabled&quot;,&quot;preload_pages&quot;:&quot;enabled&quot;,&quot;preload_reach&quot;:1,&quot;spinner&quot;:&quot;builtin&quot;,&quot;spinner_image&quot;:&quot;https:\/\/www.lesjoforsab.com\/wp-content\/plugins\/toolset-blocks\/embedded\/res\/img\/ajax-loader.gif&quot;,&quot;callback_next&quot;:&quot;&quot;,&quot;manage_history&quot;:&quot;enabled&quot;,&quot;has_controls_in_form&quot;:&quot;disabled&quot;,&quot;infinite_tolerance&quot;:&quot;0&quot;,&quot;max_pages&quot;:1,&quot;page&quot;:1,&quot;base_permalink&quot;:&quot;\/no\/wp-json\/wp\/v2\/pages\/26240?wpv_view_count=80166&amp;wpv_paged=WPV_PAGE_NUM&quot;,&quot;loop&quot;:{&quot;type&quot;:&quot;&quot;,&quot;name&quot;:&quot;&quot;,&quot;data&quot;:[],&quot;id&quot;:0}}\" data-permalink=\"\/no\/wp-json\/wp\/v2\/pages\/26240?wpv_view_count=80166\">\n\n\t\n\t\n  <div class=\"flexible-tiles-container\">\n\t\n      <div class=\"flexible-tiles\"><div class=\"listing-border-grid-element\" style=\"padding:10px; cursor: pointer;\" onclick=\"location.href='https:\/\/lesjoforsab.com\/no\/produkter\/fjaerer';\">\n<div class=\"shrink-margin\" style=\"pointer-events: none;\"><a href=\"https:\/\/www.lesjoforsab.com\/no\/produkter\/\"><div class=\"shrink-image\" style=\"background-image: url(https:\/\/www.lesjoforsab.com\/wp-content\/uploads\/User-Uploads\/Products\/Category-Images\/CustomSprings4.jpg); background-repeat: no-repeat; background-size: cover; background-position: center center; min-height: 150px; background-size: 320px;\"><\/div><\/a><\/div>\n<div class=\"h5 primary-color no-gap-bottom\" style=\"pointer-events: none;\">\n<h2 style=\"text-align:center; pointer-events: none;\" class=\"elementor-heading-title no-gap-bottom\"><a href=\"https:\/\/www.lesjoforsab.com\/no\/about-lesjofors\/news\/product-category\/fjaerer\/\">Spiralfj\u00e6rer og tr\u00e5ddetaljer<\/a><\/h2>\n<\/div>\n  <p style=\"pointer-events: none; text-align:center; min-height:48px;\" >V\u00e5re fj\u00e6rer produsert fra tr\u00e5d og plater har en unik bredde og er kjent for sin holdbarhet, tilpasningsevne og variasjonsevne. Fj\u00e6rene v\u00e5re brukes i omtrent alle bransjer, som kan v\u00e6re kraftproduksjon, papir- og tremasseindustri, offshore, automatisering og infrastruktur.<\/p>\n  <div class=\"blend-in\" style=\"pointer-events: none;\"><a href=\"https:\/\/www.lesjoforsab.com\/no\/about-lesjofors\/news\/product-category\/fjaerer\/\">Explore more<\/a><\/div>\n<\/div>\n\n<\/div>\n\t\n      <div class=\"flexible-tiles\"><div class=\"listing-border-grid-element\" style=\"padding:10px; cursor: pointer;\" onclick=\"location.href='https:\/\/lesjoforsab.com\/no\/produkter\/stansede-detaljer';\">\n<div class=\"shrink-margin\" style=\"pointer-events: none;\"><a href=\"https:\/\/www.lesjoforsab.com\/no\/produkter\/\"><div class=\"shrink-image\" style=\"background-image: url(https:\/\/www.lesjoforsab.com\/wp-content\/uploads\/User-Uploads\/Products\/Category-Images\/CustomPressings5.jpg); background-repeat: no-repeat; background-size: cover; background-position: center center; min-height: 150px; background-size: 320px;\"><\/div><\/a><\/div>\n<div class=\"h5 primary-color no-gap-bottom\" style=\"pointer-events: none;\">\n<h2 style=\"text-align:center; pointer-events: none;\" class=\"elementor-heading-title no-gap-bottom\"><a href=\"https:\/\/www.lesjoforsab.com\/no\/about-lesjofors\/news\/product-category\/stansede-detaljer\/\">Stansede detaljer<\/a><\/h2>\n<\/div>\n  <p style=\"pointer-events: none; text-align:center; min-height:48px;\" >Det er konstant utvikling innen stansede detaljer og banddetaljer. V\u00e5rt viktigste konkurransefortrinn er sterk teknisk kompetanse, kvalifisert verkt\u00f8yutvikling, lavkostnadsproduksjon og god service.<\/p>\n  <div class=\"blend-in\" style=\"pointer-events: none;\"><a href=\"https:\/\/www.lesjoforsab.com\/no\/about-lesjofors\/news\/product-category\/stansede-detaljer\/\">Explore more<\/a><\/div>\n<\/div>\n\n<\/div>\n\t\n      <div class=\"flexible-tiles\"><div class=\"listing-border-grid-element\" style=\"padding:10px; cursor: pointer;\" onclick=\"location.href='https:\/\/lesjoforsab.com\/no\/produkter\/gassfjaerer';\">\n<div class=\"shrink-margin\" style=\"pointer-events: none;\"><a href=\"https:\/\/www.lesjoforsab.com\/no\/produkter\/\"><div class=\"shrink-image\" style=\"background-image: url(https:\/\/www.lesjoforsab.com\/wp-content\/uploads\/User-Uploads\/Products\/Category-Images\/GasSprings3.jpg); background-repeat: no-repeat; background-size: cover; background-position: center center; min-height: 150px; background-size: 320px;\"><\/div><\/a><\/div>\n<div class=\"h5 primary-color no-gap-bottom\" style=\"pointer-events: none;\">\n<h2 style=\"text-align:center; pointer-events: none;\" class=\"elementor-heading-title no-gap-bottom\"><a href=\"https:\/\/www.lesjoforsab.com\/no\/about-lesjofors\/news\/product-category\/gassfjaerer\/\">Gassfj\u00e6rer<\/a><\/h2>\n<\/div>\n  <p style=\"pointer-events: none; text-align:center; min-height:48px;\" >V\u00e5rt standard utvalg av gassfj\u00e6rer inneholder 900 forskjellige gjenstander som kan kombineres med noen hundre endebeslag og tilbeh\u00f8r. Hvis du likevel har spesielle krav til dimensjoner, styrker eller annen eiendom, vennligst kontakt oss.<\/p>\n  <div class=\"blend-in\" style=\"pointer-events: none;\"><a href=\"https:\/\/www.lesjoforsab.com\/no\/about-lesjofors\/news\/product-category\/gassfjaerer\/\">Explore more<\/a><\/div>\n<\/div>\n\n<\/div>\n\t\n      <div class=\"flexible-tiles\"><div class=\"listing-border-grid-element\" style=\"padding:10px; cursor: pointer;\" onclick=\"location.href='https:\/\/lesjoforsab.com\/no\/produkter\/chassis-fjaerer';\">\n<div class=\"shrink-margin\" style=\"pointer-events: none;\"><a href=\"https:\/\/www.lesjoforsab.com\/no\/produkter\/\"><div class=\"shrink-image\" style=\"background-image: url(https:\/\/www.lesjoforsab.com\/wp-content\/uploads\/User-Uploads\/Products\/Category-Images\/ChassisSprings4.jpg); background-repeat: no-repeat; background-size: cover; background-position: center center; min-height: 150px; background-size: 320px;\"><\/div><\/a><\/div>\n<div class=\"h5 primary-color no-gap-bottom\" style=\"pointer-events: none;\">\n<h2 style=\"text-align:center; pointer-events: none;\" class=\"elementor-heading-title no-gap-bottom\"><a href=\"https:\/\/www.lesjoforsab.com\/no\/about-lesjofors\/news\/product-category\/chassis-fjaerer\/\">Chassis fj\u00e6rer<\/a><\/h2>\n<\/div>\n  <p style=\"pointer-events: none; text-align:center; min-height:48px;\" >Vi produserer verdens st\u00f8rste utvalg av coil fj\u00e6rer for bilindustrien ettermarkedet. I tillegg til erstatningsspolefj\u00e6rer, er vi ogs\u00e5 aksjemarkedet ledende omr\u00e5der av Gass, Leaf og Sport fj\u00e6rer.<\/p>\n  <div class=\"blend-in\" style=\"pointer-events: none;\"><a href=\"https:\/\/www.lesjoforsab.com\/no\/about-lesjofors\/news\/product-category\/chassis-fjaerer\/\">Explore more<\/a><\/div>\n<\/div>\n\n<\/div>\n\t\n      <div class=\"flexible-tiles\"><div class=\"listing-border-grid-element\" style=\"padding:10px; cursor: pointer;\" onclick=\"location.href='https:\/\/lesjoforsab.com\/no\/produkter\/lagerfjaerer';\">\n<div class=\"shrink-margin\" style=\"pointer-events: none;\"><a href=\"https:\/\/www.lesjoforsab.com\/no\/produkter\/\"><div class=\"shrink-image\" style=\"background-image: url(https:\/\/www.lesjoforsab.com\/wp-content\/uploads\/user-uploads\/products\/stock-springs\/stocksprings-featuredimage_600x360.jpg); background-repeat: no-repeat; background-size: cover; background-position: center center; min-height: 150px; background-size: 320px;\"><\/div><\/a><\/div>\n<div class=\"h5 primary-color no-gap-bottom\" style=\"pointer-events: none;\">\n<h2 style=\"text-align:center; pointer-events: none;\" class=\"elementor-heading-title no-gap-bottom\"><a href=\"https:\/\/www.lesjoforsab.com\/no\/about-lesjofors\/news\/product-category\/lagerfjaerer\/\">Lagerf\u00f8rte standardfj\u00e6rer<\/a><\/h2>\n<\/div>\n  <p style=\"pointer-events: none; text-align:center; min-height:48px;\" >V\u00e5rt utvalg av standard fj\u00e6rer har en unik bredde. I tillegg til tradisjonelle trykk- og strekkfj\u00e6rer best\u00e5r v\u00e5rt standard sortiment av gassfj\u00e6rer, tallerkenfj\u00e6rer, klips, tr\u00e5detaljer etc.<\/p>\n  <div class=\"blend-in\" style=\"pointer-events: none;\"><a href=\"https:\/\/www.lesjoforsab.com\/no\/about-lesjofors\/news\/product-category\/lagerfjaerer\/\">Explore more<\/a><\/div>\n<\/div>\n\n<\/div>\n\t\n      <div class=\"flexible-tiles\"><div class=\"listing-border-grid-element\" style=\"padding:10px; cursor: pointer;\" onclick=\"location.href='https:\/\/lesjoforsab.com\/no\/produkter\/metallbelter';\">\n<div class=\"shrink-margin\" style=\"pointer-events: none;\"><a href=\"https:\/\/www.lesjoforsab.com\/no\/produkter\/\"><div class=\"shrink-image\" style=\"background-image: url(https:\/\/www.lesjoforsab.com\/wp-content\/uploads\/User-Uploads\/Products\/Category-Images\/MetalBelts3.jpg); background-repeat: no-repeat; background-size: cover; background-position: center center; min-height: 150px; background-size: 320px;\"><\/div><\/a><\/div>\n<div class=\"h5 primary-color no-gap-bottom\" style=\"pointer-events: none;\">\n<h2 style=\"text-align:center; pointer-events: none;\" class=\"elementor-heading-title no-gap-bottom\"><a href=\"https:\/\/www.lesjoforsab.com\/no\/about-lesjofors\/news\/product-category\/metallbelter\/\">Metallband for n\u00e6ringsmiddel industrien<\/a><\/h2>\n<\/div>\n  <p style=\"pointer-events: none; text-align:center; min-height:48px;\" >Vi utvikler og produserer et bredt utvalg av metall transportb\u00e5nd fra wire og stripe st\u00e5l. Vi er allsidige, og vi er nesten alltid i stand til \u00e5 oppfylle kriteriene for de varierte \u00f8nskene til v\u00e5re kunder.<\/p>\n  <div class=\"blend-in\" style=\"pointer-events: none;\"><a href=\"https:\/\/www.lesjoforsab.com\/no\/about-lesjofors\/news\/product-category\/metallbelter\/\">Explore more<\/a><\/div>\n<\/div>\n\n<\/div>\n\t\n\t\n\t\n\t\n<\/div>\n<\/div><\/div>\n\t\t\t\t\t\t<\/div>\n\t\t\t\t<\/div>\n\t\t\t\t\t<\/div>\n\t\t\t\t<\/div>\n\t\t\t\t<\/div>\n\t\t","protected":false},"excerpt":{"rendered":"<p>Lesj\u00f6fors har lang erfaring med \u00e5 lage fj\u00e6rer og pressinger. Vi prioriterer hele tiden den teknologiske utviklingen p\u00e5 feltet. V\u00e5re viktigste konkurransefortrinn er v\u00e5rt brede produktutvalg, h\u00f8y kvalitet og service.<\/p>\n","protected":false},"author":3,"featured_media":84152,"parent":0,"menu_order":0,"comment_status":"closed","ping_status":"closed","template":"","meta":{"footnotes":""},"class_list":["post-26240","page","type-page","status-publish","has-post-thumbnail","hentry"],"yoast_head":"<!-- This site is optimized with the Yoast SEO plugin v25.6 - https:\/\/yoast.com\/wordpress\/plugins\/seo\/ -->\n<title>Lesj\u00f6fors - Tilpassede fj\u00e6rer og presser leverand\u00f8r<\/title>\n<meta name=\"description\" content=\"Lesj\u00f6fors har lang erfaring med \u00e5 lage fj\u00e6rer og pressinger. Det ble enklere \u00e5 finne v\u00e5ren eller trykke. Se v\u00e5re produkter her&gt;&gt;\" \/>\n<meta name=\"robots\" content=\"index, follow, max-snippet:-1, max-image-preview:large, max-video-preview:-1\" \/>\n<link rel=\"canonical\" href=\"https:\/\/www.lesjoforsab.com\/no\/produkter\/\" \/>\n<meta property=\"og:locale\" content=\"nb_NO\" \/>\n<meta property=\"og:type\" content=\"article\" \/>\n<meta property=\"og:title\" content=\"Lesj\u00f6fors - Tilpassede fj\u00e6rer og presser leverand\u00f8r\" \/>\n<meta property=\"og:description\" content=\"Lesj\u00f6fors har lang erfaring med \u00e5 lage fj\u00e6rer og pressinger. Det ble enklere \u00e5 finne v\u00e5ren eller trykke. Se v\u00e5re produkter her&gt;&gt;\" \/>\n<meta property=\"og:url\" content=\"https:\/\/www.lesjoforsab.com\/no\/produkter\/\" \/>\n<meta property=\"og:site_name\" content=\"Lesj\u00f6fors - Industrial Springs and Pressings\" \/>\n<meta property=\"article:modified_time\" content=\"2024-07-23T06:31:34+00:00\" \/>\n<meta property=\"og:image\" content=\"https:\/\/www.lesjoforsab.com\/wp-content\/uploads\/user-uploads\/general-content\/all-stage-images\/stagebild-stock-spring-launch.png\" \/>\n\t<meta property=\"og:image:width\" content=\"1920\" \/>\n\t<meta property=\"og:image:height\" content=\"840\" \/>\n\t<meta property=\"og:image:type\" content=\"image\/png\" \/>\n<script type=\"application\/ld+json\" class=\"yoast-schema-graph\">{\"@context\":\"https:\/\/schema.org\",\"@graph\":[{\"@type\":\"WebPage\",\"@id\":\"https:\/\/www.lesjoforsab.com\/no\/produkter\/\",\"url\":\"https:\/\/www.lesjoforsab.com\/no\/produkter\/\",\"name\":\"Lesj\u00f6fors - Tilpassede fj\u00e6rer og presser leverand\u00f8r\",\"isPartOf\":{\"@id\":\"https:\/\/www.lesjoforsab.com\/no\/#website\"},\"primaryImageOfPage\":{\"@id\":\"https:\/\/www.lesjoforsab.com\/no\/produkter\/#primaryimage\"},\"image\":{\"@id\":\"https:\/\/www.lesjoforsab.com\/no\/produkter\/#primaryimage\"},\"thumbnailUrl\":\"https:\/\/www.lesjoforsab.com\/wp-content\/uploads\/user-uploads\/general-content\/all-stage-images\/stagebild-stock-spring-launch.png\",\"datePublished\":\"2019-08-16T13:35:00+00:00\",\"dateModified\":\"2024-07-23T06:31:34+00:00\",\"description\":\"Lesj\u00f6fors har lang erfaring med \u00e5 lage fj\u00e6rer og pressinger. Det ble enklere \u00e5 finne v\u00e5ren eller trykke. Se v\u00e5re produkter her>>\",\"breadcrumb\":{\"@id\":\"https:\/\/www.lesjoforsab.com\/no\/produkter\/#breadcrumb\"},\"inLanguage\":\"nb-NO\",\"potentialAction\":[{\"@type\":\"ReadAction\",\"target\":[\"https:\/\/www.lesjoforsab.com\/no\/produkter\/\"]}]},{\"@type\":\"ImageObject\",\"inLanguage\":\"nb-NO\",\"@id\":\"https:\/\/www.lesjoforsab.com\/no\/produkter\/#primaryimage\",\"url\":\"https:\/\/www.lesjoforsab.com\/wp-content\/uploads\/user-uploads\/general-content\/all-stage-images\/stagebild-stock-spring-launch.png\",\"contentUrl\":\"https:\/\/www.lesjoforsab.com\/wp-content\/uploads\/user-uploads\/general-content\/all-stage-images\/stagebild-stock-spring-launch.png\",\"width\":1920,\"height\":840},{\"@type\":\"BreadcrumbList\",\"@id\":\"https:\/\/www.lesjoforsab.com\/no\/produkter\/#breadcrumb\",\"itemListElement\":[{\"@type\":\"ListItem\",\"position\":1,\"name\":\"Hjem\",\"item\":\"https:\/\/www.lesjoforsab.com\/no\/\"},{\"@type\":\"ListItem\",\"position\":2,\"name\":\"Produkter\"}]},{\"@type\":\"WebSite\",\"@id\":\"https:\/\/www.lesjoforsab.com\/no\/#website\",\"url\":\"https:\/\/www.lesjoforsab.com\/no\/\",\"name\":\"Lesj\u00f6fors - Industrial Springs and Pressings\",\"description\":\"\",\"publisher\":{\"@id\":\"https:\/\/www.lesjoforsab.com\/no\/#organization\"},\"potentialAction\":[{\"@type\":\"SearchAction\",\"target\":{\"@type\":\"EntryPoint\",\"urlTemplate\":\"https:\/\/www.lesjoforsab.com\/no\/?s={search_term_string}\"},\"query-input\":{\"@type\":\"PropertyValueSpecification\",\"valueRequired\":true,\"valueName\":\"search_term_string\"}}],\"inLanguage\":\"nb-NO\"},{\"@type\":\"Organization\",\"@id\":\"https:\/\/www.lesjoforsab.com\/no\/#organization\",\"name\":\"Lesj\u00f6fors AB\",\"url\":\"https:\/\/www.lesjoforsab.com\/no\/\",\"logo\":{\"@type\":\"ImageObject\",\"inLanguage\":\"nb-NO\",\"@id\":\"https:\/\/www.lesjoforsab.com\/no\/#\/schema\/logo\/image\/\",\"url\":\"https:\/\/www.lesjoforsab.com\/wp-content\/uploads\/User-Uploads\/Lesjoefors-Brand\/Logotypes\/lesjofors-logo-without-payoff.jpg\",\"contentUrl\":\"https:\/\/www.lesjoforsab.com\/wp-content\/uploads\/User-Uploads\/Lesjoefors-Brand\/Logotypes\/lesjofors-logo-without-payoff.jpg\",\"width\":1347,\"height\":378,\"caption\":\"Lesj\u00f6fors AB\"},\"image\":{\"@id\":\"https:\/\/www.lesjoforsab.com\/no\/#\/schema\/logo\/image\/\"},\"sameAs\":[\"https:\/\/x.com\/lesjoforsgroup\",\"https:\/\/www.linkedin.com\/company\/lesjoforsab\/\",\"https:\/\/www.youtube.com\/user\/lesjoforsab\"]}]}<\/script>\n<!-- \/ Yoast SEO plugin. -->","yoast_head_json":{"title":"Lesj\u00f6fors - Tilpassede fj\u00e6rer og presser leverand\u00f8r","description":"Lesj\u00f6fors har lang erfaring med \u00e5 lage fj\u00e6rer og pressinger. Det ble enklere \u00e5 finne v\u00e5ren eller trykke. Se v\u00e5re produkter her>>","robots":{"index":"index","follow":"follow","max-snippet":"max-snippet:-1","max-image-preview":"max-image-preview:large","max-video-preview":"max-video-preview:-1"},"canonical":"https:\/\/www.lesjoforsab.com\/no\/produkter\/","og_locale":"nb_NO","og_type":"article","og_title":"Lesj\u00f6fors - Tilpassede fj\u00e6rer og presser leverand\u00f8r","og_description":"Lesj\u00f6fors har lang erfaring med \u00e5 lage fj\u00e6rer og pressinger. Det ble enklere \u00e5 finne v\u00e5ren eller trykke. Se v\u00e5re produkter her>>","og_url":"https:\/\/www.lesjoforsab.com\/no\/produkter\/","og_site_name":"Lesj\u00f6fors - Industrial Springs and Pressings","article_modified_time":"2024-07-23T06:31:34+00:00","og_image":[{"width":1920,"height":840,"url":"https:\/\/www.lesjoforsab.com\/wp-content\/uploads\/user-uploads\/general-content\/all-stage-images\/stagebild-stock-spring-launch.png","type":"image\/png"}],"schema":{"@context":"https:\/\/schema.org","@graph":[{"@type":"WebPage","@id":"https:\/\/www.lesjoforsab.com\/no\/produkter\/","url":"https:\/\/www.lesjoforsab.com\/no\/produkter\/","name":"Lesj\u00f6fors - Tilpassede fj\u00e6rer og presser leverand\u00f8r","isPartOf":{"@id":"https:\/\/www.lesjoforsab.com\/no\/#website"},"primaryImageOfPage":{"@id":"https:\/\/www.lesjoforsab.com\/no\/produkter\/#primaryimage"},"image":{"@id":"https:\/\/www.lesjoforsab.com\/no\/produkter\/#primaryimage"},"thumbnailUrl":"https:\/\/www.lesjoforsab.com\/wp-content\/uploads\/user-uploads\/general-content\/all-stage-images\/stagebild-stock-spring-launch.png","datePublished":"2019-08-16T13:35:00+00:00","dateModified":"2024-07-23T06:31:34+00:00","description":"Lesj\u00f6fors har lang erfaring med \u00e5 lage fj\u00e6rer og pressinger. Det ble enklere \u00e5 finne v\u00e5ren eller trykke. Se v\u00e5re produkter her>>","breadcrumb":{"@id":"https:\/\/www.lesjoforsab.com\/no\/produkter\/#breadcrumb"},"inLanguage":"nb-NO","potentialAction":[{"@type":"ReadAction","target":["https:\/\/www.lesjoforsab.com\/no\/produkter\/"]}]},{"@type":"ImageObject","inLanguage":"nb-NO","@id":"https:\/\/www.lesjoforsab.com\/no\/produkter\/#primaryimage","url":"https:\/\/www.lesjoforsab.com\/wp-content\/uploads\/user-uploads\/general-content\/all-stage-images\/stagebild-stock-spring-launch.png","contentUrl":"https:\/\/www.lesjoforsab.com\/wp-content\/uploads\/user-uploads\/general-content\/all-stage-images\/stagebild-stock-spring-launch.png","width":1920,"height":840},{"@type":"BreadcrumbList","@id":"https:\/\/www.lesjoforsab.com\/no\/produkter\/#breadcrumb","itemListElement":[{"@type":"ListItem","position":1,"name":"Hjem","item":"https:\/\/www.lesjoforsab.com\/no\/"},{"@type":"ListItem","position":2,"name":"Produkter"}]},{"@type":"WebSite","@id":"https:\/\/www.lesjoforsab.com\/no\/#website","url":"https:\/\/www.lesjoforsab.com\/no\/","name":"Lesj\u00f6fors - Industrial Springs and Pressings","description":"","publisher":{"@id":"https:\/\/www.lesjoforsab.com\/no\/#organization"},"potentialAction":[{"@type":"SearchAction","target":{"@type":"EntryPoint","urlTemplate":"https:\/\/www.lesjoforsab.com\/no\/?s={search_term_string}"},"query-input":{"@type":"PropertyValueSpecification","valueRequired":true,"valueName":"search_term_string"}}],"inLanguage":"nb-NO"},{"@type":"Organization","@id":"https:\/\/www.lesjoforsab.com\/no\/#organization","name":"Lesj\u00f6fors AB","url":"https:\/\/www.lesjoforsab.com\/no\/","logo":{"@type":"ImageObject","inLanguage":"nb-NO","@id":"https:\/\/www.lesjoforsab.com\/no\/#\/schema\/logo\/image\/","url":"https:\/\/www.lesjoforsab.com\/wp-content\/uploads\/User-Uploads\/Lesjoefors-Brand\/Logotypes\/lesjofors-logo-without-payoff.jpg","contentUrl":"https:\/\/www.lesjoforsab.com\/wp-content\/uploads\/User-Uploads\/Lesjoefors-Brand\/Logotypes\/lesjofors-logo-without-payoff.jpg","width":1347,"height":378,"caption":"Lesj\u00f6fors AB"},"image":{"@id":"https:\/\/www.lesjoforsab.com\/no\/#\/schema\/logo\/image\/"},"sameAs":["https:\/\/x.com\/lesjoforsgroup","https:\/\/www.linkedin.com\/company\/lesjoforsab\/","https:\/\/www.youtube.com\/user\/lesjoforsab"]}]}},"_links":{"self":[{"href":"https:\/\/www.lesjoforsab.com\/no\/wp-json\/wp\/v2\/pages\/26240","targetHints":{"allow":["GET"]}}],"collection":[{"href":"https:\/\/www.lesjoforsab.com\/no\/wp-json\/wp\/v2\/pages"}],"about":[{"href":"https:\/\/www.lesjoforsab.com\/no\/wp-json\/wp\/v2\/types\/page"}],"author":[{"embeddable":true,"href":"https:\/\/www.lesjoforsab.com\/no\/wp-json\/wp\/v2\/users\/3"}],"replies":[{"embeddable":true,"href":"https:\/\/www.lesjoforsab.com\/no\/wp-json\/wp\/v2\/comments?post=26240"}],"version-history":[{"count":49,"href":"https:\/\/www.lesjoforsab.com\/no\/wp-json\/wp\/v2\/pages\/26240\/revisions"}],"predecessor-version":[{"id":86680,"href":"https:\/\/www.lesjoforsab.com\/no\/wp-json\/wp\/v2\/pages\/26240\/revisions\/86680"}],"wp:featuredmedia":[{"embeddable":true,"href":"https:\/\/www.lesjoforsab.com\/no\/wp-json\/wp\/v2\/media\/84152"}],"wp:attachment":[{"href":"https:\/\/www.lesjoforsab.com\/no\/wp-json\/wp\/v2\/media?parent=26240"}],"curies":[{"name":"wp","href":"https:\/\/api.w.org\/{rel}","templated":true}]}}