{"id":26063,"date":"2019-11-25T13:39:24","date_gmt":"2019-11-25T12:39:24","guid":{"rendered":"https:\/\/www.lesjoforsab.com\/piegades-noteikumi\/"},"modified":"2022-04-29T10:15:29","modified_gmt":"2022-04-29T08:15:29","slug":"piegades-noteikumi","status":"publish","type":"page","link":"https:\/\/www.lesjoforsab.com\/lv\/piegades-noteikumi\/","title":{"rendered":"Pieg\u0101des noteikumi"},"content":{"rendered":"\t\t<div data-elementor-type=\"wp-page\" data-elementor-id=\"26063\" class=\"elementor elementor-26063 elementor-3071\" data-elementor-post-type=\"page\">\n\t\t\t\t\t\t<section class=\"elementor-section elementor-top-section elementor-element elementor-element-18660af elementor-section-boxed elementor-section-height-default elementor-section-height-default\" data-id=\"18660af\" data-element_type=\"section\" data-settings=\"{&quot;jet_parallax_layout_list&quot;:[{&quot;jet_parallax_layout_image&quot;:{&quot;url&quot;:&quot;&quot;,&quot;id&quot;:&quot;&quot;,&quot;size&quot;:&quot;&quot;},&quot;_id&quot;:&quot;b3b3420&quot;,&quot;jet_parallax_layout_image_tablet&quot;:{&quot;url&quot;:&quot;&quot;,&quot;id&quot;:&quot;&quot;,&quot;size&quot;:&quot;&quot;},&quot;jet_parallax_layout_image_mobile&quot;:{&quot;url&quot;:&quot;&quot;,&quot;id&quot;:&quot;&quot;,&quot;size&quot;:&quot;&quot;},&quot;jet_parallax_layout_speed&quot;:{&quot;unit&quot;:&quot;%&quot;,&quot;size&quot;:50,&quot;sizes&quot;:[]},&quot;jet_parallax_layout_type&quot;:&quot;scroll&quot;,&quot;jet_parallax_layout_direction&quot;:&quot;1&quot;,&quot;jet_parallax_layout_fx_direction&quot;:null,&quot;jet_parallax_layout_z_index&quot;:&quot;&quot;,&quot;jet_parallax_layout_bg_x&quot;:50,&quot;jet_parallax_layout_bg_x_tablet&quot;:&quot;&quot;,&quot;jet_parallax_layout_bg_x_mobile&quot;:&quot;&quot;,&quot;jet_parallax_layout_bg_y&quot;:50,&quot;jet_parallax_layout_bg_y_tablet&quot;:&quot;&quot;,&quot;jet_parallax_layout_bg_y_mobile&quot;:&quot;&quot;,&quot;jet_parallax_layout_bg_size&quot;:&quot;auto&quot;,&quot;jet_parallax_layout_bg_size_tablet&quot;:&quot;&quot;,&quot;jet_parallax_layout_bg_size_mobile&quot;:&quot;&quot;,&quot;jet_parallax_layout_animation_prop&quot;:&quot;transform&quot;,&quot;jet_parallax_layout_on&quot;:[&quot;desktop&quot;,&quot;tablet&quot;]}]}\">\n\t\t\t\t\t\t<div class=\"elementor-container elementor-column-gap-default\">\n\t\t\t\t\t<div class=\"elementor-column elementor-col-100 elementor-top-column elementor-element elementor-element-16d1345\" data-id=\"16d1345\" data-element_type=\"column\">\n\t\t\t<div class=\"elementor-widget-wrap elementor-element-populated\">\n\t\t\t\t\t\t<div class=\"elementor-element elementor-element-6df73ef elementor-widget elementor-widget-heading\" data-id=\"6df73ef\" data-element_type=\"widget\" data-widget_type=\"heading.default\">\n\t\t\t\t<div class=\"elementor-widget-container\">\n\t\t\t\t\t<h2 class=\"elementor-heading-title elementor-size-default\">Pieg\u0101des noteikumi<\/h2>\t\t\t\t<\/div>\n\t\t\t\t<\/div>\n\t\t\t\t\t<\/div>\n\t\t<\/div>\n\t\t\t\t\t<\/div>\n\t\t<\/section>\n\t\t\t\t<section class=\"elementor-section elementor-top-section elementor-element elementor-element-d726a4f elementor-section-boxed elementor-section-height-default elementor-section-height-default\" data-id=\"d726a4f\" data-element_type=\"section\" data-settings=\"{&quot;jet_parallax_layout_list&quot;:[{&quot;jet_parallax_layout_image&quot;:{&quot;url&quot;:&quot;&quot;,&quot;id&quot;:&quot;&quot;,&quot;size&quot;:&quot;&quot;},&quot;_id&quot;:&quot;7abe9f8&quot;,&quot;jet_parallax_layout_image_tablet&quot;:{&quot;url&quot;:&quot;&quot;,&quot;id&quot;:&quot;&quot;,&quot;size&quot;:&quot;&quot;},&quot;jet_parallax_layout_image_mobile&quot;:{&quot;url&quot;:&quot;&quot;,&quot;id&quot;:&quot;&quot;,&quot;size&quot;:&quot;&quot;},&quot;jet_parallax_layout_speed&quot;:{&quot;unit&quot;:&quot;%&quot;,&quot;size&quot;:50,&quot;sizes&quot;:[]},&quot;jet_parallax_layout_type&quot;:&quot;scroll&quot;,&quot;jet_parallax_layout_direction&quot;:&quot;1&quot;,&quot;jet_parallax_layout_fx_direction&quot;:null,&quot;jet_parallax_layout_z_index&quot;:&quot;&quot;,&quot;jet_parallax_layout_bg_x&quot;:50,&quot;jet_parallax_layout_bg_x_tablet&quot;:&quot;&quot;,&quot;jet_parallax_layout_bg_x_mobile&quot;:&quot;&quot;,&quot;jet_parallax_layout_bg_y&quot;:50,&quot;jet_parallax_layout_bg_y_tablet&quot;:&quot;&quot;,&quot;jet_parallax_layout_bg_y_mobile&quot;:&quot;&quot;,&quot;jet_parallax_layout_bg_size&quot;:&quot;auto&quot;,&quot;jet_parallax_layout_bg_size_tablet&quot;:&quot;&quot;,&quot;jet_parallax_layout_bg_size_mobile&quot;:&quot;&quot;,&quot;jet_parallax_layout_animation_prop&quot;:&quot;transform&quot;,&quot;jet_parallax_layout_on&quot;:[&quot;desktop&quot;,&quot;tablet&quot;]}]}\">\n\t\t\t\t\t\t<div class=\"elementor-container elementor-column-gap-default\">\n\t\t\t\t\t<div class=\"elementor-column elementor-col-100 elementor-top-column elementor-element elementor-element-3f1aa26\" data-id=\"3f1aa26\" data-element_type=\"column\">\n\t\t\t<div class=\"elementor-widget-wrap elementor-element-populated\">\n\t\t\t\t\t\t<div class=\"elementor-element elementor-element-7ef4dcb elementor-widget elementor-widget-text-editor\" data-id=\"7ef4dcb\" data-element_type=\"widget\" data-widget_type=\"text-editor.default\">\n\t\t\t\t<div class=\"elementor-widget-container\">\n\t\t\t\t\t\t\t\t\t<p><strong>Zieme\u013cvalst\u012bs:<\/strong><br>Pieg\u0101de tiek veikta saska\u0146\u0101 ar NL 17, ko iesp\u0113jams lejupiel\u0101d\u0113t <a href=\"http:\/\/www.teknikforetagen.se\/en\/about-us1\/\" target=\"_blank\" rel=\"noopener\">Teknikf\u00f6retagens vietn\u0113<\/a>.<\/p>\n<p><strong>\u0100rpus Zieme\u013cvalst\u012bm:<\/strong><br>Pieg\u0101de tiek veikta saska\u0146\u0101 ar noteikumiem ORGALIME S 2012. Tos iesp\u0113jams nos\u016bt\u012bt p\u0113c piepras\u012bjuma.<\/p>\n<p><strong>Apvienot\u0101s Karalistes uz\u0146\u0113mumu klienti:<\/strong><br>Pieg\u0101de tiek veikta saska\u0146\u0101 ar&nbsp;<a class=\"external external\" href=\"https:\/\/www.lesjoforsab.com\/wp-content\/uploads\/downloads\/pdfs\/terms_and_conditions_uk.pdf\" target=\"_blank\" rel=\"noopener\">Pieg\u0101des noteikumiem<\/a>.<\/p>\n<p><strong>Z\u012bmoli:<\/strong><br>L\u016bdzu, \u0146emiet v\u0113r\u0101, ka pieg\u0101des noteikumi katram z\u012bmolam var at\u0161\u0137irties. Tie ir pieejami attiec\u012bgaj\u0101 uz\u0146\u0113mum\u0101.<\/p>\n<p><strong>Pieg\u0101de:<\/strong><br>Paredzot k\u0101du konkr\u0113tu pieg\u0101des nosac\u012bjumu, tas ir interpret\u0113jams saska\u0146\u0101 ar visaptvero\u0161o l\u012bgumu saist\u012bb\u0101 ar INCOTERMS\u00ae. Ja netiek paredz\u0113ti konkr\u0113ti pieg\u0101des nosac\u012bjumi, pieg\u0101de ir veicama atbilsto\u0161i FCA p\u0101rdev\u0113ja noteiktaj\u0101 viet\u0101.<\/p>\t\t\t\t\t\t\t\t<\/div>\n\t\t\t\t<\/div>\n\t\t\t\t\t<\/div>\n\t\t<\/div>\n\t\t\t\t\t<\/div>\n\t\t<\/section>\n\t\t\t\t<\/div>\n\t\t","protected":false},"excerpt":{"rendered":"<p>Pieg\u0101des noteikumi Zieme\u013cvalst\u012bs:Pieg\u0101de tiek veikta saska\u0146\u0101 ar NL 17, ko iesp\u0113jams lejupiel\u0101d\u0113t Teknikf\u00f6retagens vietn\u0113. \u0100rpus Zieme\u013cvalst\u012bm:Pieg\u0101de tiek veikta saska\u0146\u0101 ar noteikumiem ORGALIME S 2012. Tos iesp\u0113jams nos\u016bt\u012bt p\u0113c piepras\u012bjuma. Apvienot\u0101s Karalistes uz\u0146\u0113mumu klienti:Pieg\u0101de tiek veikta saska\u0146\u0101 ar&nbsp;Pieg\u0101des noteikumiem. Z\u012bmoli:L\u016bdzu, \u0146emiet v\u0113r\u0101, ka pieg\u0101des noteikumi katram z\u012bmolam var at\u0161\u0137irties. Tie ir pieejami attiec\u012bgaj\u0101 uz\u0146\u0113mum\u0101. Pieg\u0101de:Paredzot k\u0101du [&hellip;]<\/p>\n","protected":false},"author":3,"featured_media":0,"parent":0,"menu_order":0,"comment_status":"closed","ping_status":"closed","template":"","meta":{"footnotes":""},"class_list":["post-26063","page","type-page","status-publish","hentry"],"yoast_head":"<!-- This site is optimized with the Yoast SEO plugin v25.6 - https:\/\/yoast.com\/wordpress\/plugins\/seo\/ -->\n<title>Pieg\u0101des noteikumi - Lesj\u00f6fors - Industrial Springs and Pressings<\/title>\n<meta name=\"robots\" content=\"index, follow, max-snippet:-1, max-image-preview:large, max-video-preview:-1\" \/>\n<link rel=\"canonical\" href=\"https:\/\/www.lesjoforsab.com\/lv\/piegades-noteikumi\/\" \/>\n<meta property=\"og:locale\" content=\"lv_LV\" \/>\n<meta property=\"og:type\" content=\"article\" \/>\n<meta property=\"og:title\" content=\"Pieg\u0101des noteikumi - Lesj\u00f6fors - Industrial Springs and Pressings\" \/>\n<meta property=\"og:description\" content=\"Pieg\u0101des noteikumi Zieme\u013cvalst\u012bs:Pieg\u0101de tiek veikta saska\u0146\u0101 ar NL 17, ko iesp\u0113jams lejupiel\u0101d\u0113t Teknikf\u00f6retagens vietn\u0113. \u0100rpus Zieme\u013cvalst\u012bm:Pieg\u0101de tiek veikta saska\u0146\u0101 ar noteikumiem ORGALIME S 2012. Tos iesp\u0113jams nos\u016bt\u012bt p\u0113c piepras\u012bjuma. Apvienot\u0101s Karalistes uz\u0146\u0113mumu klienti:Pieg\u0101de tiek veikta saska\u0146\u0101 ar&nbsp;Pieg\u0101des noteikumiem. Z\u012bmoli:L\u016bdzu, \u0146emiet v\u0113r\u0101, ka pieg\u0101des noteikumi katram z\u012bmolam var at\u0161\u0137irties. Tie ir pieejami attiec\u012bgaj\u0101 uz\u0146\u0113mum\u0101. Pieg\u0101de:Paredzot k\u0101du [&hellip;]\" \/>\n<meta property=\"og:url\" content=\"https:\/\/www.lesjoforsab.com\/lv\/piegades-noteikumi\/\" \/>\n<meta property=\"og:site_name\" content=\"Lesj\u00f6fors - Industrial Springs and Pressings\" \/>\n<meta property=\"article:modified_time\" content=\"2022-04-29T08:15:29+00:00\" \/>\n<meta property=\"og:image\" content=\"https:\/\/www.lesjoforsab.com\/wp-content\/uploads\/User-Uploads\/General-Content\/All-Stage-Images\/Stagebild-CustomSprings-Spring.jpg\" \/>\n\t<meta property=\"og:image:width\" content=\"1920\" \/>\n\t<meta property=\"og:image:height\" content=\"840\" \/>\n\t<meta property=\"og:image:type\" content=\"image\/jpeg\" \/>\n<script type=\"application\/ld+json\" class=\"yoast-schema-graph\">{\"@context\":\"https:\/\/schema.org\",\"@graph\":[{\"@type\":\"WebPage\",\"@id\":\"https:\/\/www.lesjoforsab.com\/lv\/piegades-noteikumi\/\",\"url\":\"https:\/\/www.lesjoforsab.com\/lv\/piegades-noteikumi\/\",\"name\":\"Pieg\u0101des noteikumi - Lesj\u00f6fors - Industrial Springs and Pressings\",\"isPartOf\":{\"@id\":\"https:\/\/www.lesjoforsab.com\/lv\/#website\"},\"datePublished\":\"2019-11-25T12:39:24+00:00\",\"dateModified\":\"2022-04-29T08:15:29+00:00\",\"breadcrumb\":{\"@id\":\"https:\/\/www.lesjoforsab.com\/lv\/piegades-noteikumi\/#breadcrumb\"},\"inLanguage\":\"lv-LV\",\"potentialAction\":[{\"@type\":\"ReadAction\",\"target\":[\"https:\/\/www.lesjoforsab.com\/lv\/piegades-noteikumi\/\"]}]},{\"@type\":\"BreadcrumbList\",\"@id\":\"https:\/\/www.lesjoforsab.com\/lv\/piegades-noteikumi\/#breadcrumb\",\"itemListElement\":[{\"@type\":\"ListItem\",\"position\":1,\"name\":\"S\u0101kumlapa\",\"item\":\"https:\/\/www.lesjoforsab.com\/lv\/\"},{\"@type\":\"ListItem\",\"position\":2,\"name\":\"Pieg\u0101des noteikumi\"}]},{\"@type\":\"WebSite\",\"@id\":\"https:\/\/www.lesjoforsab.com\/lv\/#website\",\"url\":\"https:\/\/www.lesjoforsab.com\/lv\/\",\"name\":\"Lesj\u00f6fors - Industrial Springs and Pressings\",\"description\":\"\",\"publisher\":{\"@id\":\"https:\/\/www.lesjoforsab.com\/lv\/#organization\"},\"potentialAction\":[{\"@type\":\"SearchAction\",\"target\":{\"@type\":\"EntryPoint\",\"urlTemplate\":\"https:\/\/www.lesjoforsab.com\/lv\/?s={search_term_string}\"},\"query-input\":{\"@type\":\"PropertyValueSpecification\",\"valueRequired\":true,\"valueName\":\"search_term_string\"}}],\"inLanguage\":\"lv-LV\"},{\"@type\":\"Organization\",\"@id\":\"https:\/\/www.lesjoforsab.com\/lv\/#organization\",\"name\":\"Lesj\u00f6fors AB\",\"url\":\"https:\/\/www.lesjoforsab.com\/lv\/\",\"logo\":{\"@type\":\"ImageObject\",\"inLanguage\":\"lv-LV\",\"@id\":\"https:\/\/www.lesjoforsab.com\/lv\/#\/schema\/logo\/image\/\",\"url\":\"https:\/\/www.lesjoforsab.com\/wp-content\/uploads\/User-Uploads\/Lesjoefors-Brand\/Logotypes\/lesjofors-logo-without-payoff.jpg\",\"contentUrl\":\"https:\/\/www.lesjoforsab.com\/wp-content\/uploads\/User-Uploads\/Lesjoefors-Brand\/Logotypes\/lesjofors-logo-without-payoff.jpg\",\"width\":1347,\"height\":378,\"caption\":\"Lesj\u00f6fors AB\"},\"image\":{\"@id\":\"https:\/\/www.lesjoforsab.com\/lv\/#\/schema\/logo\/image\/\"},\"sameAs\":[\"https:\/\/x.com\/lesjoforsgroup\",\"https:\/\/www.linkedin.com\/company\/lesjoforsab\/\",\"https:\/\/www.youtube.com\/user\/lesjoforsab\"]}]}<\/script>\n<!-- \/ Yoast SEO plugin. -->","yoast_head_json":{"title":"Pieg\u0101des noteikumi - Lesj\u00f6fors - Industrial Springs and Pressings","robots":{"index":"index","follow":"follow","max-snippet":"max-snippet:-1","max-image-preview":"max-image-preview:large","max-video-preview":"max-video-preview:-1"},"canonical":"https:\/\/www.lesjoforsab.com\/lv\/piegades-noteikumi\/","og_locale":"lv_LV","og_type":"article","og_title":"Pieg\u0101des noteikumi - Lesj\u00f6fors - Industrial Springs and Pressings","og_description":"Pieg\u0101des noteikumi Zieme\u013cvalst\u012bs:Pieg\u0101de tiek veikta saska\u0146\u0101 ar NL 17, ko iesp\u0113jams lejupiel\u0101d\u0113t Teknikf\u00f6retagens vietn\u0113. \u0100rpus Zieme\u013cvalst\u012bm:Pieg\u0101de tiek veikta saska\u0146\u0101 ar noteikumiem ORGALIME S 2012. Tos iesp\u0113jams nos\u016bt\u012bt p\u0113c piepras\u012bjuma. Apvienot\u0101s Karalistes uz\u0146\u0113mumu klienti:Pieg\u0101de tiek veikta saska\u0146\u0101 ar&nbsp;Pieg\u0101des noteikumiem. Z\u012bmoli:L\u016bdzu, \u0146emiet v\u0113r\u0101, ka pieg\u0101des noteikumi katram z\u012bmolam var at\u0161\u0137irties. Tie ir pieejami attiec\u012bgaj\u0101 uz\u0146\u0113mum\u0101. Pieg\u0101de:Paredzot k\u0101du [&hellip;]","og_url":"https:\/\/www.lesjoforsab.com\/lv\/piegades-noteikumi\/","og_site_name":"Lesj\u00f6fors - Industrial Springs and Pressings","article_modified_time":"2022-04-29T08:15:29+00:00","og_image":[{"width":1920,"height":840,"url":"https:\/\/www.lesjoforsab.com\/wp-content\/uploads\/User-Uploads\/General-Content\/All-Stage-Images\/Stagebild-CustomSprings-Spring.jpg","type":"image\/jpeg"}],"schema":{"@context":"https:\/\/schema.org","@graph":[{"@type":"WebPage","@id":"https:\/\/www.lesjoforsab.com\/lv\/piegades-noteikumi\/","url":"https:\/\/www.lesjoforsab.com\/lv\/piegades-noteikumi\/","name":"Pieg\u0101des noteikumi - Lesj\u00f6fors - Industrial Springs and Pressings","isPartOf":{"@id":"https:\/\/www.lesjoforsab.com\/lv\/#website"},"datePublished":"2019-11-25T12:39:24+00:00","dateModified":"2022-04-29T08:15:29+00:00","breadcrumb":{"@id":"https:\/\/www.lesjoforsab.com\/lv\/piegades-noteikumi\/#breadcrumb"},"inLanguage":"lv-LV","potentialAction":[{"@type":"ReadAction","target":["https:\/\/www.lesjoforsab.com\/lv\/piegades-noteikumi\/"]}]},{"@type":"BreadcrumbList","@id":"https:\/\/www.lesjoforsab.com\/lv\/piegades-noteikumi\/#breadcrumb","itemListElement":[{"@type":"ListItem","position":1,"name":"S\u0101kumlapa","item":"https:\/\/www.lesjoforsab.com\/lv\/"},{"@type":"ListItem","position":2,"name":"Pieg\u0101des noteikumi"}]},{"@type":"WebSite","@id":"https:\/\/www.lesjoforsab.com\/lv\/#website","url":"https:\/\/www.lesjoforsab.com\/lv\/","name":"Lesj\u00f6fors - Industrial Springs and Pressings","description":"","publisher":{"@id":"https:\/\/www.lesjoforsab.com\/lv\/#organization"},"potentialAction":[{"@type":"SearchAction","target":{"@type":"EntryPoint","urlTemplate":"https:\/\/www.lesjoforsab.com\/lv\/?s={search_term_string}"},"query-input":{"@type":"PropertyValueSpecification","valueRequired":true,"valueName":"search_term_string"}}],"inLanguage":"lv-LV"},{"@type":"Organization","@id":"https:\/\/www.lesjoforsab.com\/lv\/#organization","name":"Lesj\u00f6fors AB","url":"https:\/\/www.lesjoforsab.com\/lv\/","logo":{"@type":"ImageObject","inLanguage":"lv-LV","@id":"https:\/\/www.lesjoforsab.com\/lv\/#\/schema\/logo\/image\/","url":"https:\/\/www.lesjoforsab.com\/wp-content\/uploads\/User-Uploads\/Lesjoefors-Brand\/Logotypes\/lesjofors-logo-without-payoff.jpg","contentUrl":"https:\/\/www.lesjoforsab.com\/wp-content\/uploads\/User-Uploads\/Lesjoefors-Brand\/Logotypes\/lesjofors-logo-without-payoff.jpg","width":1347,"height":378,"caption":"Lesj\u00f6fors AB"},"image":{"@id":"https:\/\/www.lesjoforsab.com\/lv\/#\/schema\/logo\/image\/"},"sameAs":["https:\/\/x.com\/lesjoforsgroup","https:\/\/www.linkedin.com\/company\/lesjoforsab\/","https:\/\/www.youtube.com\/user\/lesjoforsab"]}]}},"_links":{"self":[{"href":"https:\/\/www.lesjoforsab.com\/lv\/wp-json\/wp\/v2\/pages\/26063","targetHints":{"allow":["GET"]}}],"collection":[{"href":"https:\/\/www.lesjoforsab.com\/lv\/wp-json\/wp\/v2\/pages"}],"about":[{"href":"https:\/\/www.lesjoforsab.com\/lv\/wp-json\/wp\/v2\/types\/page"}],"author":[{"embeddable":true,"href":"https:\/\/www.lesjoforsab.com\/lv\/wp-json\/wp\/v2\/users\/3"}],"replies":[{"embeddable":true,"href":"https:\/\/www.lesjoforsab.com\/lv\/wp-json\/wp\/v2\/comments?post=26063"}],"version-history":[{"count":8,"href":"https:\/\/www.lesjoforsab.com\/lv\/wp-json\/wp\/v2\/pages\/26063\/revisions"}],"predecessor-version":[{"id":58530,"href":"https:\/\/www.lesjoforsab.com\/lv\/wp-json\/wp\/v2\/pages\/26063\/revisions\/58530"}],"wp:attachment":[{"href":"https:\/\/www.lesjoforsab.com\/lv\/wp-json\/wp\/v2\/media?parent=26063"}],"curies":[{"name":"wp","href":"https:\/\/api.w.org\/{rel}","templated":true}]}}