{"id":26034,"date":"2019-08-16T16:15:48","date_gmt":"2019-08-16T14:15:48","guid":{"rendered":"https:\/\/www.lesjoforsab.com\/pakalpojumus\/iepakojums-un-zekes\/"},"modified":"2022-04-28T12:28:54","modified_gmt":"2022-04-28T10:28:54","slug":"iepakojums-un-zekes","status":"publish","type":"page","link":"https:\/\/www.lesjoforsab.com\/lv\/pakalpojumus\/iepakojums-un-zekes\/","title":{"rendered":"Iepako\u0161ana un uzglab\u0101\u0161ana"},"content":{"rendered":"\t\t<div data-elementor-type=\"wp-page\" data-elementor-id=\"26034\" class=\"elementor elementor-26034 elementor-127\" data-elementor-post-type=\"page\">\n\t\t\t\t\t\t<section class=\"elementor-section elementor-top-section elementor-element elementor-element-b068f2b elementor-section-boxed elementor-section-height-default elementor-section-height-default\" data-id=\"b068f2b\" data-element_type=\"section\" data-settings=\"{&quot;jet_parallax_layout_list&quot;:[{&quot;jet_parallax_layout_image&quot;:{&quot;url&quot;:&quot;&quot;,&quot;id&quot;:&quot;&quot;,&quot;size&quot;:&quot;&quot;},&quot;_id&quot;:&quot;d775061&quot;,&quot;jet_parallax_layout_image_tablet&quot;:{&quot;url&quot;:&quot;&quot;,&quot;id&quot;:&quot;&quot;,&quot;size&quot;:&quot;&quot;},&quot;jet_parallax_layout_image_mobile&quot;:{&quot;url&quot;:&quot;&quot;,&quot;id&quot;:&quot;&quot;,&quot;size&quot;:&quot;&quot;},&quot;jet_parallax_layout_speed&quot;:{&quot;unit&quot;:&quot;%&quot;,&quot;size&quot;:50,&quot;sizes&quot;:[]},&quot;jet_parallax_layout_type&quot;:&quot;scroll&quot;,&quot;jet_parallax_layout_direction&quot;:&quot;1&quot;,&quot;jet_parallax_layout_fx_direction&quot;:null,&quot;jet_parallax_layout_z_index&quot;:&quot;&quot;,&quot;jet_parallax_layout_bg_x&quot;:50,&quot;jet_parallax_layout_bg_x_tablet&quot;:&quot;&quot;,&quot;jet_parallax_layout_bg_x_mobile&quot;:&quot;&quot;,&quot;jet_parallax_layout_bg_y&quot;:50,&quot;jet_parallax_layout_bg_y_tablet&quot;:&quot;&quot;,&quot;jet_parallax_layout_bg_y_mobile&quot;:&quot;&quot;,&quot;jet_parallax_layout_bg_size&quot;:&quot;auto&quot;,&quot;jet_parallax_layout_bg_size_tablet&quot;:&quot;&quot;,&quot;jet_parallax_layout_bg_size_mobile&quot;:&quot;&quot;,&quot;jet_parallax_layout_animation_prop&quot;:&quot;transform&quot;,&quot;jet_parallax_layout_on&quot;:[&quot;desktop&quot;,&quot;tablet&quot;]}],&quot;background_background&quot;:&quot;classic&quot;}\">\n\t\t\t\t\t\t<div class=\"elementor-container elementor-column-gap-default\">\n\t\t\t\t\t<div class=\"elementor-column elementor-col-100 elementor-top-column elementor-element elementor-element-639ba4b\" data-id=\"639ba4b\" data-element_type=\"column\">\n\t\t\t<div class=\"elementor-widget-wrap elementor-element-populated\">\n\t\t\t\t\t\t<div class=\"elementor-element elementor-element-f6270ee p white margin-bottom-big subtitle elementor-widget elementor-widget-text-editor\" data-id=\"f6270ee\" data-element_type=\"widget\" data-widget_type=\"text-editor.default\">\n\t\t\t\t<div class=\"elementor-widget-container\">\n\t\t\t\t\t\t\t\t\t<p>Modernas produktu uzglab\u0101\u0161anas tehnolo\u0123ijas un iepako\u0161ana atbilsto\u0161i klienta pras\u012bb\u0101m.<\/p>\n\t\t\t\t\t\t\t\t<\/div>\n\t\t\t\t<\/div>\n\t\t\t\t\t<\/div>\n\t\t<\/div>\n\t\t\t\t\t<\/div>\n\t\t<\/section>\n\t\t\t\t<section class=\"elementor-section elementor-top-section elementor-element elementor-element-c4a39e1 elementor-section-boxed elementor-section-height-default elementor-section-height-default\" data-id=\"c4a39e1\" data-element_type=\"section\" data-settings=\"{&quot;jet_parallax_layout_list&quot;:[{&quot;jet_parallax_layout_image&quot;:{&quot;url&quot;:&quot;&quot;,&quot;id&quot;:&quot;&quot;,&quot;size&quot;:&quot;&quot;},&quot;_id&quot;:&quot;1ae3376&quot;,&quot;jet_parallax_layout_image_tablet&quot;:{&quot;url&quot;:&quot;&quot;,&quot;id&quot;:&quot;&quot;,&quot;size&quot;:&quot;&quot;},&quot;jet_parallax_layout_image_mobile&quot;:{&quot;url&quot;:&quot;&quot;,&quot;id&quot;:&quot;&quot;,&quot;size&quot;:&quot;&quot;},&quot;jet_parallax_layout_speed&quot;:{&quot;unit&quot;:&quot;%&quot;,&quot;size&quot;:50,&quot;sizes&quot;:[]},&quot;jet_parallax_layout_type&quot;:&quot;scroll&quot;,&quot;jet_parallax_layout_direction&quot;:&quot;1&quot;,&quot;jet_parallax_layout_fx_direction&quot;:null,&quot;jet_parallax_layout_z_index&quot;:&quot;&quot;,&quot;jet_parallax_layout_bg_x&quot;:50,&quot;jet_parallax_layout_bg_x_tablet&quot;:&quot;&quot;,&quot;jet_parallax_layout_bg_x_mobile&quot;:&quot;&quot;,&quot;jet_parallax_layout_bg_y&quot;:50,&quot;jet_parallax_layout_bg_y_tablet&quot;:&quot;&quot;,&quot;jet_parallax_layout_bg_y_mobile&quot;:&quot;&quot;,&quot;jet_parallax_layout_bg_size&quot;:&quot;auto&quot;,&quot;jet_parallax_layout_bg_size_tablet&quot;:&quot;&quot;,&quot;jet_parallax_layout_bg_size_mobile&quot;:&quot;&quot;,&quot;jet_parallax_layout_animation_prop&quot;:&quot;transform&quot;,&quot;jet_parallax_layout_on&quot;:[&quot;desktop&quot;,&quot;tablet&quot;]}]}\">\n\t\t\t\t\t\t<div class=\"elementor-container elementor-column-gap-default\">\n\t\t\t\t\t<div class=\"elementor-column elementor-col-100 elementor-top-column elementor-element elementor-element-53ae115\" data-id=\"53ae115\" data-element_type=\"column\">\n\t\t\t<div class=\"elementor-widget-wrap elementor-element-populated\">\n\t\t\t\t\t\t<div class=\"elementor-element elementor-element-a808b67 monocrumbs elementor-widget elementor-widget-breadcrumbs\" data-id=\"a808b67\" data-element_type=\"widget\" data-widget_type=\"breadcrumbs.default\">\n\t\t\t\t<div class=\"elementor-widget-container\">\n\t\t\t\t\t<p id=\"breadcrumbs\"><span><span><a href=\"https:\/\/www.lesjoforsab.com\/lv\/\">S\u0101kumlapa<\/a><\/span><\/span><\/p>\t\t\t\t<\/div>\n\t\t\t\t<\/div>\n\t\t\t\t\t<\/div>\n\t\t<\/div>\n\t\t\t\t\t<\/div>\n\t\t<\/section>\n\t\t\t\t<section class=\"elementor-section elementor-top-section elementor-element elementor-element-86cdac1 elementor-section-full_width flex-column margin-top-big elementor-section-height-default elementor-section-height-default\" data-id=\"86cdac1\" data-element_type=\"section\" data-settings=\"{&quot;jet_parallax_layout_list&quot;:[{&quot;jet_parallax_layout_image&quot;:{&quot;url&quot;:&quot;&quot;,&quot;id&quot;:&quot;&quot;,&quot;size&quot;:&quot;&quot;},&quot;_id&quot;:&quot;55ff6ac&quot;,&quot;jet_parallax_layout_image_tablet&quot;:{&quot;url&quot;:&quot;&quot;,&quot;id&quot;:&quot;&quot;,&quot;size&quot;:&quot;&quot;},&quot;jet_parallax_layout_image_mobile&quot;:{&quot;url&quot;:&quot;&quot;,&quot;id&quot;:&quot;&quot;,&quot;size&quot;:&quot;&quot;},&quot;jet_parallax_layout_speed&quot;:{&quot;unit&quot;:&quot;%&quot;,&quot;size&quot;:50,&quot;sizes&quot;:[]},&quot;jet_parallax_layout_type&quot;:&quot;scroll&quot;,&quot;jet_parallax_layout_direction&quot;:&quot;1&quot;,&quot;jet_parallax_layout_fx_direction&quot;:null,&quot;jet_parallax_layout_z_index&quot;:&quot;&quot;,&quot;jet_parallax_layout_bg_x&quot;:50,&quot;jet_parallax_layout_bg_x_tablet&quot;:&quot;&quot;,&quot;jet_parallax_layout_bg_x_mobile&quot;:&quot;&quot;,&quot;jet_parallax_layout_bg_y&quot;:50,&quot;jet_parallax_layout_bg_y_tablet&quot;:&quot;&quot;,&quot;jet_parallax_layout_bg_y_mobile&quot;:&quot;&quot;,&quot;jet_parallax_layout_bg_size&quot;:&quot;auto&quot;,&quot;jet_parallax_layout_bg_size_tablet&quot;:&quot;&quot;,&quot;jet_parallax_layout_bg_size_mobile&quot;:&quot;&quot;,&quot;jet_parallax_layout_animation_prop&quot;:&quot;transform&quot;,&quot;jet_parallax_layout_on&quot;:[&quot;desktop&quot;,&quot;tablet&quot;]}]}\">\n\t\t\t\t\t\t<div class=\"elementor-container elementor-column-gap-default\">\n\t\t\t\t\t<div class=\"elementor-column elementor-col-50 elementor-top-column elementor-element elementor-element-83b4d3c column-left-33-boxed\" data-id=\"83b4d3c\" data-element_type=\"column\">\n\t\t\t<div class=\"elementor-widget-wrap elementor-element-populated\">\n\t\t\t\t\t\t<div class=\"elementor-element elementor-element-dc1c39b decorated margin-top-big elementor-widget elementor-widget-heading\" data-id=\"dc1c39b\" data-element_type=\"widget\" data-widget_type=\"heading.default\">\n\t\t\t\t<div class=\"elementor-widget-container\">\n\t\t\t\t\t<h2 class=\"elementor-heading-title elementor-size-default\">Iepako\u0161ana un uzglab\u0101\u0161ana<\/h2>\t\t\t\t<\/div>\n\t\t\t\t<\/div>\n\t\t\t\t<div class=\"elementor-element elementor-element-cfc88b2 margin-top-small elementor-widget elementor-widget-text-editor\" data-id=\"cfc88b2\" data-element_type=\"widget\" data-widget_type=\"text-editor.default\">\n\t\t\t\t<div class=\"elementor-widget-container\">\n\t\t\t\t\t\t\t\t\t<p>Visi m\u016bsu produkti tiek iepakoti atsevi\u0161\u0137i kartona kast\u0113s vai mazas slodzes plastmasas konteineros atbilsto\u0161i klienta specifik\u0101cij\u0101m. Nepiecie\u0161am\u012bbas gad\u012bjum\u0101 tiek nodro\u0161in\u0101ta pre\u010du papildu aizsardz\u012bba ar atbilsto\u0161u iek\u0161\u0113jo iepakojumu, piem\u0113ram, plastmasas vai VCI maisiem.<\/p><p>Ar moderno produktu uzglab\u0101\u0161anas tehnolo\u0123iju un sv\u012btrkodu mar\u0137\u0113\u0161anas pal\u012bdz\u012bbu, garant\u0113jam darb\u012bbu atbilsto\u0161i principam FIFO (\u201cpirmais iek\u0161\u0101\u00a0\u2013 pirmais \u0101r\u0101\u201d), k\u0101 ar\u012b nodro\u0161in\u0101m produktu izsekojam\u012bbu.<\/p>\t\t\t\t\t\t\t\t<\/div>\n\t\t\t\t<\/div>\n\t\t\t\t\t<\/div>\n\t\t<\/div>\n\t\t\t\t<div class=\"elementor-column elementor-col-50 elementor-top-column elementor-element elementor-element-a720b47 column-right-66\" data-id=\"a720b47\" data-element_type=\"column\" data-settings=\"{&quot;background_background&quot;:&quot;classic&quot;}\">\n\t\t\t<div class=\"elementor-widget-wrap elementor-element-populated\">\n\t\t\t\t\t<div class=\"elementor-background-overlay\"><\/div>\n\t\t\t\t\t\t<div class=\"elementor-element elementor-element-4367d56 image-max-height elementor-widget elementor-widget-spacer\" data-id=\"4367d56\" data-element_type=\"widget\" data-widget_type=\"spacer.default\">\n\t\t\t\t<div class=\"elementor-widget-container\">\n\t\t\t\t\t\t\t<div class=\"elementor-spacer\">\n\t\t\t<div class=\"elementor-spacer-inner\"><\/div>\n\t\t<\/div>\n\t\t\t\t\t\t<\/div>\n\t\t\t\t<\/div>\n\t\t\t\t<div class=\"elementor-element elementor-element-61ea090 image-max-height elementor-widget elementor-widget-spacer\" data-id=\"61ea090\" data-element_type=\"widget\" data-widget_type=\"spacer.default\">\n\t\t\t\t<div class=\"elementor-widget-container\">\n\t\t\t\t\t\t\t<div class=\"elementor-spacer\">\n\t\t\t<div class=\"elementor-spacer-inner\"><\/div>\n\t\t<\/div>\n\t\t\t\t\t\t<\/div>\n\t\t\t\t<\/div>\n\t\t\t\t\t<\/div>\n\t\t<\/div>\n\t\t\t\t\t<\/div>\n\t\t<\/section>\n\t\t\t\t<section class=\"elementor-section elementor-top-section elementor-element elementor-element-772885f margin-bottom-big margin-top-big elementor-section-boxed elementor-section-height-default elementor-section-height-default\" data-id=\"772885f\" data-element_type=\"section\" data-settings=\"{&quot;jet_parallax_layout_list&quot;:[{&quot;jet_parallax_layout_image&quot;:{&quot;url&quot;:&quot;&quot;,&quot;id&quot;:&quot;&quot;,&quot;size&quot;:&quot;&quot;},&quot;_id&quot;:&quot;e405048&quot;,&quot;jet_parallax_layout_image_tablet&quot;:{&quot;url&quot;:&quot;&quot;,&quot;id&quot;:&quot;&quot;,&quot;size&quot;:&quot;&quot;},&quot;jet_parallax_layout_image_mobile&quot;:{&quot;url&quot;:&quot;&quot;,&quot;id&quot;:&quot;&quot;,&quot;size&quot;:&quot;&quot;},&quot;jet_parallax_layout_speed&quot;:{&quot;unit&quot;:&quot;%&quot;,&quot;size&quot;:50,&quot;sizes&quot;:[]},&quot;jet_parallax_layout_type&quot;:&quot;scroll&quot;,&quot;jet_parallax_layout_direction&quot;:&quot;1&quot;,&quot;jet_parallax_layout_fx_direction&quot;:null,&quot;jet_parallax_layout_z_index&quot;:&quot;&quot;,&quot;jet_parallax_layout_bg_x&quot;:50,&quot;jet_parallax_layout_bg_x_tablet&quot;:&quot;&quot;,&quot;jet_parallax_layout_bg_x_mobile&quot;:&quot;&quot;,&quot;jet_parallax_layout_bg_y&quot;:50,&quot;jet_parallax_layout_bg_y_tablet&quot;:&quot;&quot;,&quot;jet_parallax_layout_bg_y_mobile&quot;:&quot;&quot;,&quot;jet_parallax_layout_bg_size&quot;:&quot;auto&quot;,&quot;jet_parallax_layout_bg_size_tablet&quot;:&quot;&quot;,&quot;jet_parallax_layout_bg_size_mobile&quot;:&quot;&quot;,&quot;jet_parallax_layout_animation_prop&quot;:&quot;transform&quot;,&quot;jet_parallax_layout_on&quot;:[&quot;desktop&quot;,&quot;tablet&quot;]}]}\">\n\t\t\t\t\t\t<div class=\"elementor-container elementor-column-gap-default\">\n\t\t\t\t\t<div class=\"elementor-column elementor-col-100 elementor-top-column elementor-element elementor-element-c7f68d3\" data-id=\"c7f68d3\" data-element_type=\"column\">\n\t\t\t<div class=\"elementor-widget-wrap elementor-element-populated\">\n\t\t\t\t\t\t<div class=\"elementor-element elementor-element-487483f special-color elementor-widget elementor-widget-heading\" data-id=\"487483f\" data-element_type=\"widget\" data-widget_type=\"heading.default\">\n\t\t\t\t<div class=\"elementor-widget-container\">\n\t\t\t\t\t<h3 class=\"elementor-heading-title elementor-size-default\">SAZINIETIES AR TUV\u0100KO LESJ\u00d6FORS UZ\u0145\u0112MUMU!<\/h3>\t\t\t\t<\/div>\n\t\t\t\t<\/div>\n\t\t\t\t<div class=\"elementor-element elementor-element-033d8b1 subtitle elementor-widget elementor-widget-text-editor\" data-id=\"033d8b1\" data-element_type=\"widget\" data-widget_type=\"text-editor.default\">\n\t\t\t\t<div class=\"elementor-widget-container\">\n\t\t\t\t\t\t\t\t\t<p><span class=\"s1\">Atsevi\u0161\u0137os gad\u012bjumos pied\u0101v\u0101jam produktu uzglab\u0101\u0161anu m\u016bsu ra\u017eotn\u0113. Lai uzzin\u0101tu vair\u0101k par pakalpojumiem saist\u012bb\u0101 ar produktu iepako\u0161anu un uzglab\u0101\u0161anu,&nbsp;<\/span><span class=\"s1\">l\u016bdzu, sazinieties ar tuv\u0101ko Lesj\u00f6fors uz\u0146\u0113mumu!<\/span><\/p>\t\t\t\t\t\t\t\t<\/div>\n\t\t\t\t<\/div>\n\t\t\t\t<div class=\"elementor-element elementor-element-61e59e5 elementor-widget elementor-widget-button\" data-id=\"61e59e5\" data-element_type=\"widget\" data-widget_type=\"button.default\">\n\t\t\t\t<div class=\"elementor-widget-container\">\n\t\t\t\t\t\t\t\t\t<div class=\"elementor-button-wrapper\">\n\t\t\t\t\t<a class=\"elementor-button elementor-button-link elementor-size-sm\" href=\"https:\/\/www.lesjoforsab.com\/lv\/kontakti\/\">\n\t\t\t\t\t\t<span class=\"elementor-button-content-wrapper\">\n\t\t\t\t\t\t\t\t\t<span class=\"elementor-button-text\">Sazinieties ar savu tirdzniec\u012bbas kontaktpersonu!<\/span>\n\t\t\t\t\t<\/span>\n\t\t\t\t\t<\/a>\n\t\t\t\t<\/div>\n\t\t\t\t\t\t\t\t<\/div>\n\t\t\t\t<\/div>\n\t\t\t\t\t<\/div>\n\t\t<\/div>\n\t\t\t\t\t<\/div>\n\t\t<\/section>\n\t\t\t\t<\/div>\n\t\t","protected":false},"excerpt":{"rendered":"<p>Modernas produktu uzglab\u0101\u0161anas tehnolo\u0123ijas un iepako\u0161ana atbilsto\u0161i klienta pras\u012bb\u0101m. Iepako\u0161ana un uzglab\u0101\u0161ana Visi m\u016bsu produkti tiek iepakoti atsevi\u0161\u0137i kartona kast\u0113s vai mazas slodzes plastmasas konteineros atbilsto\u0161i klienta specifik\u0101cij\u0101m. Nepiecie\u0161am\u012bbas gad\u012bjum\u0101 tiek nodro\u0161in\u0101ta pre\u010du papildu aizsardz\u012bba ar atbilsto\u0161u iek\u0161\u0113jo iepakojumu, piem\u0113ram, plastmasas vai VCI maisiem. Ar moderno produktu uzglab\u0101\u0161anas tehnolo\u0123iju un sv\u012btrkodu mar\u0137\u0113\u0161anas pal\u012bdz\u012bbu, garant\u0113jam darb\u012bbu [&hellip;]<\/p>\n","protected":false},"author":3,"featured_media":0,"parent":25950,"menu_order":0,"comment_status":"closed","ping_status":"closed","template":"","meta":{"footnotes":""},"class_list":["post-26034","page","type-page","status-publish","hentry"],"yoast_head":"<!-- This site is optimized with the Yoast SEO plugin v25.6 - https:\/\/yoast.com\/wordpress\/plugins\/seo\/ -->\n<title>Darb\u012bba atbilsto\u0161i principam \u201cpirmais iek\u0161\u0101\u00a0\u2013 pirmais \u0101r\u0101\u201d un produktu izsekojam\u012bba<\/title>\n<meta name=\"description\" content=\"Lesj\u00f6fors iepako visus produktus atsevi\u0161\u0137i atbilsto\u0161i klienta specifik\u0101cij\u0101m. M\u0113s garant\u0113jam darb\u012bbu atbilsto\u0161i principam \u201cpirmais iek\u0161\u0101\u00a0\u2013 pirmais \u0101r\u0101\u201d, k\u0101 ar\u012b m\u016bsu produktu izsekojam\u012bbu.\" \/>\n<meta name=\"robots\" content=\"index, follow, max-snippet:-1, max-image-preview:large, max-video-preview:-1\" \/>\n<link rel=\"canonical\" href=\"https:\/\/www.lesjoforsab.com\/lv\/pakalpojumus\/iepakojums-un-zekes\/\" \/>\n<meta property=\"og:locale\" content=\"lv_LV\" \/>\n<meta property=\"og:type\" content=\"article\" \/>\n<meta property=\"og:title\" content=\"Darb\u012bba atbilsto\u0161i principam \u201cpirmais iek\u0161\u0101\u00a0\u2013 pirmais \u0101r\u0101\u201d un produktu izsekojam\u012bba\" \/>\n<meta property=\"og:description\" content=\"Lesj\u00f6fors iepako visus produktus atsevi\u0161\u0137i atbilsto\u0161i klienta specifik\u0101cij\u0101m. M\u0113s garant\u0113jam darb\u012bbu atbilsto\u0161i principam \u201cpirmais iek\u0161\u0101\u00a0\u2013 pirmais \u0101r\u0101\u201d, k\u0101 ar\u012b m\u016bsu produktu izsekojam\u012bbu.\" \/>\n<meta property=\"og:url\" content=\"https:\/\/www.lesjoforsab.com\/lv\/pakalpojumus\/iepakojums-un-zekes\/\" \/>\n<meta property=\"og:site_name\" content=\"Lesj\u00f6fors - Industrial Springs and Pressings\" \/>\n<meta property=\"article:modified_time\" content=\"2022-04-28T10:28:54+00:00\" \/>\n<meta property=\"og:image\" content=\"https:\/\/www.lesjoforsab.com\/wp-content\/uploads\/User-Uploads\/General-Content\/All-Stage-Images\/Stagebild-CustomSprings-Spring.jpg\" \/>\n\t<meta property=\"og:image:width\" content=\"1920\" \/>\n\t<meta property=\"og:image:height\" content=\"840\" \/>\n\t<meta property=\"og:image:type\" content=\"image\/jpeg\" \/>\n<script type=\"application\/ld+json\" class=\"yoast-schema-graph\">{\"@context\":\"https:\/\/schema.org\",\"@graph\":[{\"@type\":\"WebPage\",\"@id\":\"https:\/\/www.lesjoforsab.com\/lv\/pakalpojumus\/iepakojums-un-zekes\/\",\"url\":\"https:\/\/www.lesjoforsab.com\/lv\/pakalpojumus\/iepakojums-un-zekes\/\",\"name\":\"Darb\u012bba atbilsto\u0161i principam \u201cpirmais iek\u0161\u0101\u00a0\u2013 pirmais \u0101r\u0101\u201d un produktu izsekojam\u012bba\",\"isPartOf\":{\"@id\":\"https:\/\/www.lesjoforsab.com\/lv\/#website\"},\"datePublished\":\"2019-08-16T14:15:48+00:00\",\"dateModified\":\"2022-04-28T10:28:54+00:00\",\"description\":\"Lesj\u00f6fors iepako visus produktus atsevi\u0161\u0137i atbilsto\u0161i klienta specifik\u0101cij\u0101m. M\u0113s garant\u0113jam darb\u012bbu atbilsto\u0161i principam \u201cpirmais iek\u0161\u0101\u00a0\u2013 pirmais \u0101r\u0101\u201d, k\u0101 ar\u012b m\u016bsu produktu izsekojam\u012bbu.\",\"breadcrumb\":{\"@id\":\"https:\/\/www.lesjoforsab.com\/lv\/pakalpojumus\/iepakojums-un-zekes\/#breadcrumb\"},\"inLanguage\":\"lv-LV\",\"potentialAction\":[{\"@type\":\"ReadAction\",\"target\":[\"https:\/\/www.lesjoforsab.com\/lv\/pakalpojumus\/iepakojums-un-zekes\/\"]}]},{\"@type\":\"BreadcrumbList\",\"@id\":\"https:\/\/www.lesjoforsab.com\/lv\/pakalpojumus\/iepakojums-un-zekes\/#breadcrumb\",\"itemListElement\":[{\"@type\":\"ListItem\",\"position\":1,\"name\":\"S\u0101kumlapa\",\"item\":\"https:\/\/www.lesjoforsab.com\/lv\/\"},{\"@type\":\"ListItem\",\"position\":2,\"name\":\"Pakalpojumi\",\"item\":\"https:\/\/www.lesjoforsab.com\/lv\/pakalpojumus\/\"},{\"@type\":\"ListItem\",\"position\":3,\"name\":\"Iepako\u0161ana un uzglab\u0101\u0161ana\"}]},{\"@type\":\"WebSite\",\"@id\":\"https:\/\/www.lesjoforsab.com\/lv\/#website\",\"url\":\"https:\/\/www.lesjoforsab.com\/lv\/\",\"name\":\"Lesj\u00f6fors - Industrial Springs and Pressings\",\"description\":\"\",\"publisher\":{\"@id\":\"https:\/\/www.lesjoforsab.com\/lv\/#organization\"},\"potentialAction\":[{\"@type\":\"SearchAction\",\"target\":{\"@type\":\"EntryPoint\",\"urlTemplate\":\"https:\/\/www.lesjoforsab.com\/lv\/?s={search_term_string}\"},\"query-input\":{\"@type\":\"PropertyValueSpecification\",\"valueRequired\":true,\"valueName\":\"search_term_string\"}}],\"inLanguage\":\"lv-LV\"},{\"@type\":\"Organization\",\"@id\":\"https:\/\/www.lesjoforsab.com\/lv\/#organization\",\"name\":\"Lesj\u00f6fors AB\",\"url\":\"https:\/\/www.lesjoforsab.com\/lv\/\",\"logo\":{\"@type\":\"ImageObject\",\"inLanguage\":\"lv-LV\",\"@id\":\"https:\/\/www.lesjoforsab.com\/lv\/#\/schema\/logo\/image\/\",\"url\":\"https:\/\/www.lesjoforsab.com\/wp-content\/uploads\/User-Uploads\/Lesjoefors-Brand\/Logotypes\/lesjofors-logo-without-payoff.jpg\",\"contentUrl\":\"https:\/\/www.lesjoforsab.com\/wp-content\/uploads\/User-Uploads\/Lesjoefors-Brand\/Logotypes\/lesjofors-logo-without-payoff.jpg\",\"width\":1347,\"height\":378,\"caption\":\"Lesj\u00f6fors AB\"},\"image\":{\"@id\":\"https:\/\/www.lesjoforsab.com\/lv\/#\/schema\/logo\/image\/\"},\"sameAs\":[\"https:\/\/x.com\/lesjoforsgroup\",\"https:\/\/www.linkedin.com\/company\/lesjoforsab\/\",\"https:\/\/www.youtube.com\/user\/lesjoforsab\"]}]}<\/script>\n<!-- \/ Yoast SEO plugin. -->","yoast_head_json":{"title":"Darb\u012bba atbilsto\u0161i principam \u201cpirmais iek\u0161\u0101\u00a0\u2013 pirmais \u0101r\u0101\u201d un produktu izsekojam\u012bba","description":"Lesj\u00f6fors iepako visus produktus atsevi\u0161\u0137i atbilsto\u0161i klienta specifik\u0101cij\u0101m. M\u0113s garant\u0113jam darb\u012bbu atbilsto\u0161i principam \u201cpirmais iek\u0161\u0101\u00a0\u2013 pirmais \u0101r\u0101\u201d, k\u0101 ar\u012b m\u016bsu produktu izsekojam\u012bbu.","robots":{"index":"index","follow":"follow","max-snippet":"max-snippet:-1","max-image-preview":"max-image-preview:large","max-video-preview":"max-video-preview:-1"},"canonical":"https:\/\/www.lesjoforsab.com\/lv\/pakalpojumus\/iepakojums-un-zekes\/","og_locale":"lv_LV","og_type":"article","og_title":"Darb\u012bba atbilsto\u0161i principam \u201cpirmais iek\u0161\u0101\u00a0\u2013 pirmais \u0101r\u0101\u201d un produktu izsekojam\u012bba","og_description":"Lesj\u00f6fors iepako visus produktus atsevi\u0161\u0137i atbilsto\u0161i klienta specifik\u0101cij\u0101m. M\u0113s garant\u0113jam darb\u012bbu atbilsto\u0161i principam \u201cpirmais iek\u0161\u0101\u00a0\u2013 pirmais \u0101r\u0101\u201d, k\u0101 ar\u012b m\u016bsu produktu izsekojam\u012bbu.","og_url":"https:\/\/www.lesjoforsab.com\/lv\/pakalpojumus\/iepakojums-un-zekes\/","og_site_name":"Lesj\u00f6fors - Industrial Springs and Pressings","article_modified_time":"2022-04-28T10:28:54+00:00","og_image":[{"width":1920,"height":840,"url":"https:\/\/www.lesjoforsab.com\/wp-content\/uploads\/User-Uploads\/General-Content\/All-Stage-Images\/Stagebild-CustomSprings-Spring.jpg","type":"image\/jpeg"}],"schema":{"@context":"https:\/\/schema.org","@graph":[{"@type":"WebPage","@id":"https:\/\/www.lesjoforsab.com\/lv\/pakalpojumus\/iepakojums-un-zekes\/","url":"https:\/\/www.lesjoforsab.com\/lv\/pakalpojumus\/iepakojums-un-zekes\/","name":"Darb\u012bba atbilsto\u0161i principam \u201cpirmais iek\u0161\u0101\u00a0\u2013 pirmais \u0101r\u0101\u201d un produktu izsekojam\u012bba","isPartOf":{"@id":"https:\/\/www.lesjoforsab.com\/lv\/#website"},"datePublished":"2019-08-16T14:15:48+00:00","dateModified":"2022-04-28T10:28:54+00:00","description":"Lesj\u00f6fors iepako visus produktus atsevi\u0161\u0137i atbilsto\u0161i klienta specifik\u0101cij\u0101m. M\u0113s garant\u0113jam darb\u012bbu atbilsto\u0161i principam \u201cpirmais iek\u0161\u0101\u00a0\u2013 pirmais \u0101r\u0101\u201d, k\u0101 ar\u012b m\u016bsu produktu izsekojam\u012bbu.","breadcrumb":{"@id":"https:\/\/www.lesjoforsab.com\/lv\/pakalpojumus\/iepakojums-un-zekes\/#breadcrumb"},"inLanguage":"lv-LV","potentialAction":[{"@type":"ReadAction","target":["https:\/\/www.lesjoforsab.com\/lv\/pakalpojumus\/iepakojums-un-zekes\/"]}]},{"@type":"BreadcrumbList","@id":"https:\/\/www.lesjoforsab.com\/lv\/pakalpojumus\/iepakojums-un-zekes\/#breadcrumb","itemListElement":[{"@type":"ListItem","position":1,"name":"S\u0101kumlapa","item":"https:\/\/www.lesjoforsab.com\/lv\/"},{"@type":"ListItem","position":2,"name":"Pakalpojumi","item":"https:\/\/www.lesjoforsab.com\/lv\/pakalpojumus\/"},{"@type":"ListItem","position":3,"name":"Iepako\u0161ana un uzglab\u0101\u0161ana"}]},{"@type":"WebSite","@id":"https:\/\/www.lesjoforsab.com\/lv\/#website","url":"https:\/\/www.lesjoforsab.com\/lv\/","name":"Lesj\u00f6fors - Industrial Springs and Pressings","description":"","publisher":{"@id":"https:\/\/www.lesjoforsab.com\/lv\/#organization"},"potentialAction":[{"@type":"SearchAction","target":{"@type":"EntryPoint","urlTemplate":"https:\/\/www.lesjoforsab.com\/lv\/?s={search_term_string}"},"query-input":{"@type":"PropertyValueSpecification","valueRequired":true,"valueName":"search_term_string"}}],"inLanguage":"lv-LV"},{"@type":"Organization","@id":"https:\/\/www.lesjoforsab.com\/lv\/#organization","name":"Lesj\u00f6fors AB","url":"https:\/\/www.lesjoforsab.com\/lv\/","logo":{"@type":"ImageObject","inLanguage":"lv-LV","@id":"https:\/\/www.lesjoforsab.com\/lv\/#\/schema\/logo\/image\/","url":"https:\/\/www.lesjoforsab.com\/wp-content\/uploads\/User-Uploads\/Lesjoefors-Brand\/Logotypes\/lesjofors-logo-without-payoff.jpg","contentUrl":"https:\/\/www.lesjoforsab.com\/wp-content\/uploads\/User-Uploads\/Lesjoefors-Brand\/Logotypes\/lesjofors-logo-without-payoff.jpg","width":1347,"height":378,"caption":"Lesj\u00f6fors AB"},"image":{"@id":"https:\/\/www.lesjoforsab.com\/lv\/#\/schema\/logo\/image\/"},"sameAs":["https:\/\/x.com\/lesjoforsgroup","https:\/\/www.linkedin.com\/company\/lesjoforsab\/","https:\/\/www.youtube.com\/user\/lesjoforsab"]}]}},"_links":{"self":[{"href":"https:\/\/www.lesjoforsab.com\/lv\/wp-json\/wp\/v2\/pages\/26034","targetHints":{"allow":["GET"]}}],"collection":[{"href":"https:\/\/www.lesjoforsab.com\/lv\/wp-json\/wp\/v2\/pages"}],"about":[{"href":"https:\/\/www.lesjoforsab.com\/lv\/wp-json\/wp\/v2\/types\/page"}],"author":[{"embeddable":true,"href":"https:\/\/www.lesjoforsab.com\/lv\/wp-json\/wp\/v2\/users\/3"}],"replies":[{"embeddable":true,"href":"https:\/\/www.lesjoforsab.com\/lv\/wp-json\/wp\/v2\/comments?post=26034"}],"version-history":[{"count":8,"href":"https:\/\/www.lesjoforsab.com\/lv\/wp-json\/wp\/v2\/pages\/26034\/revisions"}],"predecessor-version":[{"id":58382,"href":"https:\/\/www.lesjoforsab.com\/lv\/wp-json\/wp\/v2\/pages\/26034\/revisions\/58382"}],"up":[{"embeddable":true,"href":"https:\/\/www.lesjoforsab.com\/lv\/wp-json\/wp\/v2\/pages\/25950"}],"wp:attachment":[{"href":"https:\/\/www.lesjoforsab.com\/lv\/wp-json\/wp\/v2\/media?parent=26034"}],"curies":[{"name":"wp","href":"https:\/\/api.w.org\/{rel}","templated":true}]}}