{"id":26015,"date":"2019-08-16T16:14:33","date_gmt":"2019-08-16T14:14:33","guid":{"rendered":"https:\/\/www.lesjoforsab.com\/pakalpojumus\/labaka-izmaksu-razosana\/"},"modified":"2022-05-03T08:59:04","modified_gmt":"2022-05-03T06:59:04","slug":"labaka-izmaksu-razosana","status":"publish","type":"page","link":"https:\/\/www.lesjoforsab.com\/lv\/pakalpojumus\/labaka-izmaksu-razosana\/","title":{"rendered":"Efekt\u012bva ra\u017eo\u0161ana"},"content":{"rendered":"\t\t<div data-elementor-type=\"wp-page\" data-elementor-id=\"26015\" class=\"elementor elementor-26015 elementor-118\" data-elementor-post-type=\"page\">\n\t\t\t\t\t\t<section class=\"elementor-section elementor-top-section elementor-element elementor-element-dbe20f8 elementor-section-boxed elementor-section-height-default elementor-section-height-default\" data-id=\"dbe20f8\" data-element_type=\"section\" data-settings=\"{&quot;jet_parallax_layout_list&quot;:[{&quot;jet_parallax_layout_image&quot;:{&quot;url&quot;:&quot;&quot;,&quot;id&quot;:&quot;&quot;,&quot;size&quot;:&quot;&quot;},&quot;_id&quot;:&quot;d775061&quot;,&quot;jet_parallax_layout_image_tablet&quot;:{&quot;url&quot;:&quot;&quot;,&quot;id&quot;:&quot;&quot;,&quot;size&quot;:&quot;&quot;},&quot;jet_parallax_layout_image_mobile&quot;:{&quot;url&quot;:&quot;&quot;,&quot;id&quot;:&quot;&quot;,&quot;size&quot;:&quot;&quot;},&quot;jet_parallax_layout_speed&quot;:{&quot;unit&quot;:&quot;%&quot;,&quot;size&quot;:50,&quot;sizes&quot;:[]},&quot;jet_parallax_layout_type&quot;:&quot;scroll&quot;,&quot;jet_parallax_layout_direction&quot;:&quot;1&quot;,&quot;jet_parallax_layout_fx_direction&quot;:null,&quot;jet_parallax_layout_z_index&quot;:&quot;&quot;,&quot;jet_parallax_layout_bg_x&quot;:50,&quot;jet_parallax_layout_bg_x_tablet&quot;:&quot;&quot;,&quot;jet_parallax_layout_bg_x_mobile&quot;:&quot;&quot;,&quot;jet_parallax_layout_bg_y&quot;:50,&quot;jet_parallax_layout_bg_y_tablet&quot;:&quot;&quot;,&quot;jet_parallax_layout_bg_y_mobile&quot;:&quot;&quot;,&quot;jet_parallax_layout_bg_size&quot;:&quot;auto&quot;,&quot;jet_parallax_layout_bg_size_tablet&quot;:&quot;&quot;,&quot;jet_parallax_layout_bg_size_mobile&quot;:&quot;&quot;,&quot;jet_parallax_layout_animation_prop&quot;:&quot;transform&quot;,&quot;jet_parallax_layout_on&quot;:[&quot;desktop&quot;,&quot;tablet&quot;]}],&quot;background_background&quot;:&quot;classic&quot;}\">\n\t\t\t\t\t\t<div class=\"elementor-container elementor-column-gap-default\">\n\t\t\t\t\t<div class=\"elementor-column elementor-col-100 elementor-top-column elementor-element elementor-element-e024611\" data-id=\"e024611\" data-element_type=\"column\">\n\t\t\t<div class=\"elementor-widget-wrap elementor-element-populated\">\n\t\t\t\t\t\t<div class=\"elementor-element elementor-element-2f7f15e p white margin-bottom-big subtitle elementor-widget elementor-widget-text-editor\" data-id=\"2f7f15e\" data-element_type=\"widget\" data-widget_type=\"text-editor.default\">\n\t\t\t\t<div class=\"elementor-widget-container\">\n\t\t\t\t\t\t\t\t\t<p>Efekt\u012bva ra\u017eo\u0161ana ir lielisks risin\u0101jums ikvienam \u2013 gan attiec\u012bb\u0101 uz klientiem, gan uz apk\u0101rt\u0113jo vidi.<\/p>\t\t\t\t\t\t\t\t<\/div>\n\t\t\t\t<\/div>\n\t\t\t\t\t<\/div>\n\t\t<\/div>\n\t\t\t\t\t<\/div>\n\t\t<\/section>\n\t\t\t\t<section class=\"elementor-section elementor-top-section elementor-element elementor-element-0397222 elementor-section-boxed elementor-section-height-default elementor-section-height-default\" data-id=\"0397222\" data-element_type=\"section\" data-settings=\"{&quot;jet_parallax_layout_list&quot;:[{&quot;jet_parallax_layout_image&quot;:{&quot;url&quot;:&quot;&quot;,&quot;id&quot;:&quot;&quot;,&quot;size&quot;:&quot;&quot;},&quot;_id&quot;:&quot;1ae3376&quot;,&quot;jet_parallax_layout_image_tablet&quot;:{&quot;url&quot;:&quot;&quot;,&quot;id&quot;:&quot;&quot;,&quot;size&quot;:&quot;&quot;},&quot;jet_parallax_layout_image_mobile&quot;:{&quot;url&quot;:&quot;&quot;,&quot;id&quot;:&quot;&quot;,&quot;size&quot;:&quot;&quot;},&quot;jet_parallax_layout_speed&quot;:{&quot;unit&quot;:&quot;%&quot;,&quot;size&quot;:50,&quot;sizes&quot;:[]},&quot;jet_parallax_layout_type&quot;:&quot;scroll&quot;,&quot;jet_parallax_layout_direction&quot;:&quot;1&quot;,&quot;jet_parallax_layout_fx_direction&quot;:null,&quot;jet_parallax_layout_z_index&quot;:&quot;&quot;,&quot;jet_parallax_layout_bg_x&quot;:50,&quot;jet_parallax_layout_bg_x_tablet&quot;:&quot;&quot;,&quot;jet_parallax_layout_bg_x_mobile&quot;:&quot;&quot;,&quot;jet_parallax_layout_bg_y&quot;:50,&quot;jet_parallax_layout_bg_y_tablet&quot;:&quot;&quot;,&quot;jet_parallax_layout_bg_y_mobile&quot;:&quot;&quot;,&quot;jet_parallax_layout_bg_size&quot;:&quot;auto&quot;,&quot;jet_parallax_layout_bg_size_tablet&quot;:&quot;&quot;,&quot;jet_parallax_layout_bg_size_mobile&quot;:&quot;&quot;,&quot;jet_parallax_layout_animation_prop&quot;:&quot;transform&quot;,&quot;jet_parallax_layout_on&quot;:[&quot;desktop&quot;,&quot;tablet&quot;]}]}\">\n\t\t\t\t\t\t<div class=\"elementor-container elementor-column-gap-default\">\n\t\t\t\t\t<div class=\"elementor-column elementor-col-100 elementor-top-column elementor-element elementor-element-066a767\" data-id=\"066a767\" data-element_type=\"column\">\n\t\t\t<div class=\"elementor-widget-wrap elementor-element-populated\">\n\t\t\t\t\t\t<div class=\"elementor-element elementor-element-617006c monocrumbs elementor-widget elementor-widget-breadcrumbs\" data-id=\"617006c\" data-element_type=\"widget\" data-widget_type=\"breadcrumbs.default\">\n\t\t\t\t<div class=\"elementor-widget-container\">\n\t\t\t\t\t<p id=\"breadcrumbs\"><span><span><a href=\"https:\/\/www.lesjoforsab.com\/lv\/\">S\u0101kumlapa<\/a><\/span><\/span><\/p>\t\t\t\t<\/div>\n\t\t\t\t<\/div>\n\t\t\t\t\t<\/div>\n\t\t<\/div>\n\t\t\t\t\t<\/div>\n\t\t<\/section>\n\t\t\t\t<section class=\"elementor-section elementor-top-section elementor-element elementor-element-cf6ce0c elementor-section-full_width flex-column margin-top-medium elementor-section-height-default elementor-section-height-default\" data-id=\"cf6ce0c\" data-element_type=\"section\" data-settings=\"{&quot;jet_parallax_layout_list&quot;:[{&quot;jet_parallax_layout_image&quot;:{&quot;url&quot;:&quot;&quot;,&quot;id&quot;:&quot;&quot;,&quot;size&quot;:&quot;&quot;},&quot;_id&quot;:&quot;55ff6ac&quot;,&quot;jet_parallax_layout_image_tablet&quot;:{&quot;url&quot;:&quot;&quot;,&quot;id&quot;:&quot;&quot;,&quot;size&quot;:&quot;&quot;},&quot;jet_parallax_layout_image_mobile&quot;:{&quot;url&quot;:&quot;&quot;,&quot;id&quot;:&quot;&quot;,&quot;size&quot;:&quot;&quot;},&quot;jet_parallax_layout_speed&quot;:{&quot;unit&quot;:&quot;%&quot;,&quot;size&quot;:50,&quot;sizes&quot;:[]},&quot;jet_parallax_layout_type&quot;:&quot;scroll&quot;,&quot;jet_parallax_layout_direction&quot;:&quot;1&quot;,&quot;jet_parallax_layout_fx_direction&quot;:null,&quot;jet_parallax_layout_z_index&quot;:&quot;&quot;,&quot;jet_parallax_layout_bg_x&quot;:50,&quot;jet_parallax_layout_bg_x_tablet&quot;:&quot;&quot;,&quot;jet_parallax_layout_bg_x_mobile&quot;:&quot;&quot;,&quot;jet_parallax_layout_bg_y&quot;:50,&quot;jet_parallax_layout_bg_y_tablet&quot;:&quot;&quot;,&quot;jet_parallax_layout_bg_y_mobile&quot;:&quot;&quot;,&quot;jet_parallax_layout_bg_size&quot;:&quot;auto&quot;,&quot;jet_parallax_layout_bg_size_tablet&quot;:&quot;&quot;,&quot;jet_parallax_layout_bg_size_mobile&quot;:&quot;&quot;,&quot;jet_parallax_layout_animation_prop&quot;:&quot;transform&quot;,&quot;jet_parallax_layout_on&quot;:[&quot;desktop&quot;,&quot;tablet&quot;]}]}\">\n\t\t\t\t\t\t<div class=\"elementor-container elementor-column-gap-default\">\n\t\t\t\t\t<div class=\"elementor-column elementor-col-50 elementor-top-column elementor-element elementor-element-1008ce0 column-left-33-boxed\" data-id=\"1008ce0\" data-element_type=\"column\">\n\t\t\t<div class=\"elementor-widget-wrap elementor-element-populated\">\n\t\t\t\t\t\t<div class=\"elementor-element elementor-element-94ed2e9 decorated margin-top-big elementor-widget elementor-widget-heading\" data-id=\"94ed2e9\" data-element_type=\"widget\" data-widget_type=\"heading.default\">\n\t\t\t\t<div class=\"elementor-widget-container\">\n\t\t\t\t\t<h2 class=\"elementor-heading-title elementor-size-default\">Efekt\u012bva ra\u017eo\u0161ana<\/h2>\t\t\t\t<\/div>\n\t\t\t\t<\/div>\n\t\t\t\t<div class=\"elementor-element elementor-element-4406ed8 margin-top-small elementor-widget elementor-widget-text-editor\" data-id=\"4406ed8\" data-element_type=\"widget\" data-widget_type=\"text-editor.default\">\n\t\t\t\t<div class=\"elementor-widget-container\">\n\t\t\t\t\t\t\t\t\t<p>Tiecamies uz efekt\u012bvu un ilgstp\u0113j\u012bgu ra\u017eo\u0161anu\u00a0\u2013 nodro\u0161inot klientu vajadz\u012bbas un pieaugo\u0161\u0101s vides pras\u012bbas. Ik reizi, kad mums ir iesp\u0113ja iesaist\u012bties k\u0101d\u0101 projekt\u0101 jau no pa\u0161a s\u0101kuma, sniedzam vislab\u0101ko un efekt\u012bv\u0101ko risin\u0101jumu.<\/p><p>Mums ir bag\u0101t\u012bga pieredze ne tikai darb\u0101 ar atsperu izgatavo\u0161anas tehnolo\u0123ij\u0101m, bet ar\u012b saist\u012bb\u0101 ar visiem ra\u017eo\u0161anas procesiem. T\u0101pat past\u0101v\u012bgi invest\u0113jam jaunu iek\u0101rtu ieg\u0101d\u0113, lai nodro\u0161in\u0101tu viskvalitat\u012bv\u0101ko un efekt\u012bv\u0101ko ra\u017eo\u0161anu. Uz\u0146\u0113mums nodro\u0161ina augstas klases in\u017eenieru un tehnisko ekspertu t\u012bklu.<\/p>\t\t\t\t\t\t\t\t<\/div>\n\t\t\t\t<\/div>\n\t\t\t\t<div class=\"elementor-element elementor-element-d3e3610 elementor-widget elementor-widget-text-editor\" data-id=\"d3e3610\" data-element_type=\"widget\" data-widget_type=\"text-editor.default\">\n\t\t\t\t<div class=\"elementor-widget-container\">\n\t\t\t\t\t\t\t\t\t<p>.<\/p>\t\t\t\t\t\t\t\t<\/div>\n\t\t\t\t<\/div>\n\t\t\t\t\t<\/div>\n\t\t<\/div>\n\t\t\t\t<div class=\"elementor-column elementor-col-50 elementor-top-column elementor-element elementor-element-a7730ae column-right-66\" data-id=\"a7730ae\" data-element_type=\"column\" data-settings=\"{&quot;background_background&quot;:&quot;classic&quot;}\">\n\t\t\t<div class=\"elementor-widget-wrap elementor-element-populated\">\n\t\t\t\t\t<div class=\"elementor-background-overlay\"><\/div>\n\t\t\t\t\t\t<div class=\"elementor-element elementor-element-e480660 image-max-height elementor-widget elementor-widget-spacer\" data-id=\"e480660\" data-element_type=\"widget\" data-widget_type=\"spacer.default\">\n\t\t\t\t<div class=\"elementor-widget-container\">\n\t\t\t\t\t\t\t<div class=\"elementor-spacer\">\n\t\t\t<div class=\"elementor-spacer-inner\"><\/div>\n\t\t<\/div>\n\t\t\t\t\t\t<\/div>\n\t\t\t\t<\/div>\n\t\t\t\t<div class=\"elementor-element elementor-element-0f3bd89 image-max-height elementor-widget elementor-widget-spacer\" data-id=\"0f3bd89\" data-element_type=\"widget\" data-widget_type=\"spacer.default\">\n\t\t\t\t<div class=\"elementor-widget-container\">\n\t\t\t\t\t\t\t<div class=\"elementor-spacer\">\n\t\t\t<div class=\"elementor-spacer-inner\"><\/div>\n\t\t<\/div>\n\t\t\t\t\t\t<\/div>\n\t\t\t\t<\/div>\n\t\t\t\t\t<\/div>\n\t\t<\/div>\n\t\t\t\t\t<\/div>\n\t\t<\/section>\n\t\t\t\t<section class=\"elementor-section elementor-top-section elementor-element elementor-element-81ecd97 margin-bottom-big margin-top-big elementor-section-boxed elementor-section-height-default elementor-section-height-default\" data-id=\"81ecd97\" data-element_type=\"section\" data-settings=\"{&quot;jet_parallax_layout_list&quot;:[{&quot;jet_parallax_layout_image&quot;:{&quot;url&quot;:&quot;&quot;,&quot;id&quot;:&quot;&quot;,&quot;size&quot;:&quot;&quot;},&quot;_id&quot;:&quot;e405048&quot;,&quot;jet_parallax_layout_image_tablet&quot;:{&quot;url&quot;:&quot;&quot;,&quot;id&quot;:&quot;&quot;,&quot;size&quot;:&quot;&quot;},&quot;jet_parallax_layout_image_mobile&quot;:{&quot;url&quot;:&quot;&quot;,&quot;id&quot;:&quot;&quot;,&quot;size&quot;:&quot;&quot;},&quot;jet_parallax_layout_speed&quot;:{&quot;unit&quot;:&quot;%&quot;,&quot;size&quot;:50,&quot;sizes&quot;:[]},&quot;jet_parallax_layout_type&quot;:&quot;scroll&quot;,&quot;jet_parallax_layout_direction&quot;:&quot;1&quot;,&quot;jet_parallax_layout_fx_direction&quot;:null,&quot;jet_parallax_layout_z_index&quot;:&quot;&quot;,&quot;jet_parallax_layout_bg_x&quot;:50,&quot;jet_parallax_layout_bg_x_tablet&quot;:&quot;&quot;,&quot;jet_parallax_layout_bg_x_mobile&quot;:&quot;&quot;,&quot;jet_parallax_layout_bg_y&quot;:50,&quot;jet_parallax_layout_bg_y_tablet&quot;:&quot;&quot;,&quot;jet_parallax_layout_bg_y_mobile&quot;:&quot;&quot;,&quot;jet_parallax_layout_bg_size&quot;:&quot;auto&quot;,&quot;jet_parallax_layout_bg_size_tablet&quot;:&quot;&quot;,&quot;jet_parallax_layout_bg_size_mobile&quot;:&quot;&quot;,&quot;jet_parallax_layout_animation_prop&quot;:&quot;transform&quot;,&quot;jet_parallax_layout_on&quot;:[&quot;desktop&quot;,&quot;tablet&quot;]}]}\">\n\t\t\t\t\t\t<div class=\"elementor-container elementor-column-gap-default\">\n\t\t\t\t\t<div class=\"elementor-column elementor-col-100 elementor-top-column elementor-element elementor-element-b2b3299\" data-id=\"b2b3299\" data-element_type=\"column\">\n\t\t\t<div class=\"elementor-widget-wrap elementor-element-populated\">\n\t\t\t\t\t\t<div class=\"elementor-element elementor-element-e34e93a special-color elementor-widget elementor-widget-heading\" data-id=\"e34e93a\" data-element_type=\"widget\" data-widget_type=\"heading.default\">\n\t\t\t\t<div class=\"elementor-widget-container\">\n\t\t\t\t\t<h3 class=\"elementor-heading-title elementor-size-default\">SAZINIETIES AR TUV\u0100KO LESJ\u00d6FORS UZ\u0145\u0112MUMU!<\/h3>\t\t\t\t<\/div>\n\t\t\t\t<\/div>\n\t\t\t\t<div class=\"elementor-element elementor-element-37923ec subtitle elementor-widget elementor-widget-text-editor\" data-id=\"37923ec\" data-element_type=\"widget\" data-widget_type=\"text-editor.default\">\n\t\t\t\t<div class=\"elementor-widget-container\">\n\t\t\t\t\t\t\t\t\t<p>Ja v\u0113laties uzzin\u0101t vair\u0101k par m\u016bsu darb\u012bbu, l\u016bdzu, sazinieties ar tuv\u0101ko Lesj\u00f6fors uz\u0146\u0113mumu!<\/p>\t\t\t\t\t\t\t\t<\/div>\n\t\t\t\t<\/div>\n\t\t\t\t<div class=\"elementor-element elementor-element-2ba3d5f elementor-widget elementor-widget-button\" data-id=\"2ba3d5f\" data-element_type=\"widget\" data-widget_type=\"button.default\">\n\t\t\t\t<div class=\"elementor-widget-container\">\n\t\t\t\t\t\t\t\t\t<div class=\"elementor-button-wrapper\">\n\t\t\t\t\t<a class=\"elementor-button elementor-button-link elementor-size-sm\" href=\"https:\/\/www.lesjoforsab.com\/lv\/kontakti\/\">\n\t\t\t\t\t\t<span class=\"elementor-button-content-wrapper\">\n\t\t\t\t\t\t\t\t\t<span class=\"elementor-button-text\">Sazinieties ar savu tirdzniec\u012bbas kontaktpersonu!<\/span>\n\t\t\t\t\t<\/span>\n\t\t\t\t\t<\/a>\n\t\t\t\t<\/div>\n\t\t\t\t\t\t\t\t<\/div>\n\t\t\t\t<\/div>\n\t\t\t\t\t<\/div>\n\t\t<\/div>\n\t\t\t\t\t<\/div>\n\t\t<\/section>\n\t\t\t\t<\/div>\n\t\t","protected":false},"excerpt":{"rendered":"<p>Efekt\u012bva ra\u017eo\u0161ana ir lielisks risin\u0101jums ikvienam \u2013 gan attiec\u012bb\u0101 uz klientiem, gan uz apk\u0101rt\u0113jo vidi. Efekt\u012bva ra\u017eo\u0161ana Tiecamies uz efekt\u012bvu un ilgstp\u0113j\u012bgu ra\u017eo\u0161anu&nbsp;\u2013 nodro\u0161inot klientu vajadz\u012bbas un pieaugo\u0161\u0101s vides pras\u012bbas. Ik reizi, kad mums ir iesp\u0113ja iesaist\u012bties k\u0101d\u0101 projekt\u0101 jau no pa\u0161a s\u0101kuma, sniedzam vislab\u0101ko un efekt\u012bv\u0101ko risin\u0101jumu. Mums ir bag\u0101t\u012bga pieredze ne tikai darb\u0101 [&hellip;]<\/p>\n","protected":false},"author":3,"featured_media":0,"parent":25950,"menu_order":0,"comment_status":"closed","ping_status":"closed","template":"","meta":{"footnotes":""},"class_list":["post-26015","page","type-page","status-publish","hentry"],"yoast_head":"<!-- This site is optimized with the Yoast SEO plugin v25.6 - https:\/\/yoast.com\/wordpress\/plugins\/seo\/ -->\n<title>Rentabla ra\u017eo\u0161ana, kas ir balst\u012bta uz m\u016bsu pieredzi darb\u0101 ar atsperu izgatavo\u0161anas tehnolo\u0123ij\u0101m<\/title>\n<meta name=\"description\" content=\"Ik reizi, kad mums ir iesp\u0113ja iesaist\u012bties k\u0101d\u0101 projekt\u0101 jau no pa\u0161a s\u0101kuma, m\u0113s sniedzam vislab\u0101ko un rentabl\u0101ko risin\u0101jumu. P\u0101rliecinieties par to pa\u0161i!\" \/>\n<meta name=\"robots\" content=\"index, follow, max-snippet:-1, max-image-preview:large, max-video-preview:-1\" \/>\n<link rel=\"canonical\" href=\"https:\/\/www.lesjoforsab.com\/lv\/pakalpojumus\/labaka-izmaksu-razosana\/\" \/>\n<meta property=\"og:locale\" content=\"lv_LV\" \/>\n<meta property=\"og:type\" content=\"article\" \/>\n<meta property=\"og:title\" content=\"Rentabla ra\u017eo\u0161ana, kas ir balst\u012bta uz m\u016bsu pieredzi darb\u0101 ar atsperu izgatavo\u0161anas tehnolo\u0123ij\u0101m\" \/>\n<meta property=\"og:description\" content=\"Ik reizi, kad mums ir iesp\u0113ja iesaist\u012bties k\u0101d\u0101 projekt\u0101 jau no pa\u0161a s\u0101kuma, m\u0113s sniedzam vislab\u0101ko un rentabl\u0101ko risin\u0101jumu. P\u0101rliecinieties par to pa\u0161i!\" \/>\n<meta property=\"og:url\" content=\"https:\/\/www.lesjoforsab.com\/lv\/pakalpojumus\/labaka-izmaksu-razosana\/\" \/>\n<meta property=\"og:site_name\" content=\"Lesj\u00f6fors - Industrial Springs and Pressings\" \/>\n<meta property=\"article:modified_time\" content=\"2022-05-03T06:59:04+00:00\" \/>\n<meta property=\"og:image\" content=\"https:\/\/www.lesjoforsab.com\/wp-content\/uploads\/User-Uploads\/General-Content\/All-Stage-Images\/Stagebild-CustomSprings-Spring.jpg\" \/>\n\t<meta property=\"og:image:width\" content=\"1920\" \/>\n\t<meta property=\"og:image:height\" content=\"840\" \/>\n\t<meta property=\"og:image:type\" content=\"image\/jpeg\" \/>\n<script type=\"application\/ld+json\" class=\"yoast-schema-graph\">{\"@context\":\"https:\/\/schema.org\",\"@graph\":[{\"@type\":\"WebPage\",\"@id\":\"https:\/\/www.lesjoforsab.com\/lv\/pakalpojumus\/labaka-izmaksu-razosana\/\",\"url\":\"https:\/\/www.lesjoforsab.com\/lv\/pakalpojumus\/labaka-izmaksu-razosana\/\",\"name\":\"Rentabla ra\u017eo\u0161ana, kas ir balst\u012bta uz m\u016bsu pieredzi darb\u0101 ar atsperu izgatavo\u0161anas tehnolo\u0123ij\u0101m\",\"isPartOf\":{\"@id\":\"https:\/\/www.lesjoforsab.com\/lv\/#website\"},\"datePublished\":\"2019-08-16T14:14:33+00:00\",\"dateModified\":\"2022-05-03T06:59:04+00:00\",\"description\":\"Ik reizi, kad mums ir iesp\u0113ja iesaist\u012bties k\u0101d\u0101 projekt\u0101 jau no pa\u0161a s\u0101kuma, m\u0113s sniedzam vislab\u0101ko un rentabl\u0101ko risin\u0101jumu. P\u0101rliecinieties par to pa\u0161i!\",\"breadcrumb\":{\"@id\":\"https:\/\/www.lesjoforsab.com\/lv\/pakalpojumus\/labaka-izmaksu-razosana\/#breadcrumb\"},\"inLanguage\":\"lv-LV\",\"potentialAction\":[{\"@type\":\"ReadAction\",\"target\":[\"https:\/\/www.lesjoforsab.com\/lv\/pakalpojumus\/labaka-izmaksu-razosana\/\"]}]},{\"@type\":\"BreadcrumbList\",\"@id\":\"https:\/\/www.lesjoforsab.com\/lv\/pakalpojumus\/labaka-izmaksu-razosana\/#breadcrumb\",\"itemListElement\":[{\"@type\":\"ListItem\",\"position\":1,\"name\":\"S\u0101kumlapa\",\"item\":\"https:\/\/www.lesjoforsab.com\/lv\/\"},{\"@type\":\"ListItem\",\"position\":2,\"name\":\"Pakalpojumi\",\"item\":\"https:\/\/www.lesjoforsab.com\/lv\/pakalpojumus\/\"},{\"@type\":\"ListItem\",\"position\":3,\"name\":\"Efekt\u012bva ra\u017eo\u0161ana\"}]},{\"@type\":\"WebSite\",\"@id\":\"https:\/\/www.lesjoforsab.com\/lv\/#website\",\"url\":\"https:\/\/www.lesjoforsab.com\/lv\/\",\"name\":\"Lesj\u00f6fors - Industrial Springs and Pressings\",\"description\":\"\",\"publisher\":{\"@id\":\"https:\/\/www.lesjoforsab.com\/lv\/#organization\"},\"potentialAction\":[{\"@type\":\"SearchAction\",\"target\":{\"@type\":\"EntryPoint\",\"urlTemplate\":\"https:\/\/www.lesjoforsab.com\/lv\/?s={search_term_string}\"},\"query-input\":{\"@type\":\"PropertyValueSpecification\",\"valueRequired\":true,\"valueName\":\"search_term_string\"}}],\"inLanguage\":\"lv-LV\"},{\"@type\":\"Organization\",\"@id\":\"https:\/\/www.lesjoforsab.com\/lv\/#organization\",\"name\":\"Lesj\u00f6fors AB\",\"url\":\"https:\/\/www.lesjoforsab.com\/lv\/\",\"logo\":{\"@type\":\"ImageObject\",\"inLanguage\":\"lv-LV\",\"@id\":\"https:\/\/www.lesjoforsab.com\/lv\/#\/schema\/logo\/image\/\",\"url\":\"https:\/\/www.lesjoforsab.com\/wp-content\/uploads\/User-Uploads\/Lesjoefors-Brand\/Logotypes\/lesjofors-logo-without-payoff.jpg\",\"contentUrl\":\"https:\/\/www.lesjoforsab.com\/wp-content\/uploads\/User-Uploads\/Lesjoefors-Brand\/Logotypes\/lesjofors-logo-without-payoff.jpg\",\"width\":1347,\"height\":378,\"caption\":\"Lesj\u00f6fors AB\"},\"image\":{\"@id\":\"https:\/\/www.lesjoforsab.com\/lv\/#\/schema\/logo\/image\/\"},\"sameAs\":[\"https:\/\/x.com\/lesjoforsgroup\",\"https:\/\/www.linkedin.com\/company\/lesjoforsab\/\",\"https:\/\/www.youtube.com\/user\/lesjoforsab\"]}]}<\/script>\n<!-- \/ Yoast SEO plugin. -->","yoast_head_json":{"title":"Rentabla ra\u017eo\u0161ana, kas ir balst\u012bta uz m\u016bsu pieredzi darb\u0101 ar atsperu izgatavo\u0161anas tehnolo\u0123ij\u0101m","description":"Ik reizi, kad mums ir iesp\u0113ja iesaist\u012bties k\u0101d\u0101 projekt\u0101 jau no pa\u0161a s\u0101kuma, m\u0113s sniedzam vislab\u0101ko un rentabl\u0101ko risin\u0101jumu. P\u0101rliecinieties par to pa\u0161i!","robots":{"index":"index","follow":"follow","max-snippet":"max-snippet:-1","max-image-preview":"max-image-preview:large","max-video-preview":"max-video-preview:-1"},"canonical":"https:\/\/www.lesjoforsab.com\/lv\/pakalpojumus\/labaka-izmaksu-razosana\/","og_locale":"lv_LV","og_type":"article","og_title":"Rentabla ra\u017eo\u0161ana, kas ir balst\u012bta uz m\u016bsu pieredzi darb\u0101 ar atsperu izgatavo\u0161anas tehnolo\u0123ij\u0101m","og_description":"Ik reizi, kad mums ir iesp\u0113ja iesaist\u012bties k\u0101d\u0101 projekt\u0101 jau no pa\u0161a s\u0101kuma, m\u0113s sniedzam vislab\u0101ko un rentabl\u0101ko risin\u0101jumu. P\u0101rliecinieties par to pa\u0161i!","og_url":"https:\/\/www.lesjoforsab.com\/lv\/pakalpojumus\/labaka-izmaksu-razosana\/","og_site_name":"Lesj\u00f6fors - Industrial Springs and Pressings","article_modified_time":"2022-05-03T06:59:04+00:00","og_image":[{"width":1920,"height":840,"url":"https:\/\/www.lesjoforsab.com\/wp-content\/uploads\/User-Uploads\/General-Content\/All-Stage-Images\/Stagebild-CustomSprings-Spring.jpg","type":"image\/jpeg"}],"schema":{"@context":"https:\/\/schema.org","@graph":[{"@type":"WebPage","@id":"https:\/\/www.lesjoforsab.com\/lv\/pakalpojumus\/labaka-izmaksu-razosana\/","url":"https:\/\/www.lesjoforsab.com\/lv\/pakalpojumus\/labaka-izmaksu-razosana\/","name":"Rentabla ra\u017eo\u0161ana, kas ir balst\u012bta uz m\u016bsu pieredzi darb\u0101 ar atsperu izgatavo\u0161anas tehnolo\u0123ij\u0101m","isPartOf":{"@id":"https:\/\/www.lesjoforsab.com\/lv\/#website"},"datePublished":"2019-08-16T14:14:33+00:00","dateModified":"2022-05-03T06:59:04+00:00","description":"Ik reizi, kad mums ir iesp\u0113ja iesaist\u012bties k\u0101d\u0101 projekt\u0101 jau no pa\u0161a s\u0101kuma, m\u0113s sniedzam vislab\u0101ko un rentabl\u0101ko risin\u0101jumu. P\u0101rliecinieties par to pa\u0161i!","breadcrumb":{"@id":"https:\/\/www.lesjoforsab.com\/lv\/pakalpojumus\/labaka-izmaksu-razosana\/#breadcrumb"},"inLanguage":"lv-LV","potentialAction":[{"@type":"ReadAction","target":["https:\/\/www.lesjoforsab.com\/lv\/pakalpojumus\/labaka-izmaksu-razosana\/"]}]},{"@type":"BreadcrumbList","@id":"https:\/\/www.lesjoforsab.com\/lv\/pakalpojumus\/labaka-izmaksu-razosana\/#breadcrumb","itemListElement":[{"@type":"ListItem","position":1,"name":"S\u0101kumlapa","item":"https:\/\/www.lesjoforsab.com\/lv\/"},{"@type":"ListItem","position":2,"name":"Pakalpojumi","item":"https:\/\/www.lesjoforsab.com\/lv\/pakalpojumus\/"},{"@type":"ListItem","position":3,"name":"Efekt\u012bva ra\u017eo\u0161ana"}]},{"@type":"WebSite","@id":"https:\/\/www.lesjoforsab.com\/lv\/#website","url":"https:\/\/www.lesjoforsab.com\/lv\/","name":"Lesj\u00f6fors - Industrial Springs and Pressings","description":"","publisher":{"@id":"https:\/\/www.lesjoforsab.com\/lv\/#organization"},"potentialAction":[{"@type":"SearchAction","target":{"@type":"EntryPoint","urlTemplate":"https:\/\/www.lesjoforsab.com\/lv\/?s={search_term_string}"},"query-input":{"@type":"PropertyValueSpecification","valueRequired":true,"valueName":"search_term_string"}}],"inLanguage":"lv-LV"},{"@type":"Organization","@id":"https:\/\/www.lesjoforsab.com\/lv\/#organization","name":"Lesj\u00f6fors AB","url":"https:\/\/www.lesjoforsab.com\/lv\/","logo":{"@type":"ImageObject","inLanguage":"lv-LV","@id":"https:\/\/www.lesjoforsab.com\/lv\/#\/schema\/logo\/image\/","url":"https:\/\/www.lesjoforsab.com\/wp-content\/uploads\/User-Uploads\/Lesjoefors-Brand\/Logotypes\/lesjofors-logo-without-payoff.jpg","contentUrl":"https:\/\/www.lesjoforsab.com\/wp-content\/uploads\/User-Uploads\/Lesjoefors-Brand\/Logotypes\/lesjofors-logo-without-payoff.jpg","width":1347,"height":378,"caption":"Lesj\u00f6fors AB"},"image":{"@id":"https:\/\/www.lesjoforsab.com\/lv\/#\/schema\/logo\/image\/"},"sameAs":["https:\/\/x.com\/lesjoforsgroup","https:\/\/www.linkedin.com\/company\/lesjoforsab\/","https:\/\/www.youtube.com\/user\/lesjoforsab"]}]}},"_links":{"self":[{"href":"https:\/\/www.lesjoforsab.com\/lv\/wp-json\/wp\/v2\/pages\/26015","targetHints":{"allow":["GET"]}}],"collection":[{"href":"https:\/\/www.lesjoforsab.com\/lv\/wp-json\/wp\/v2\/pages"}],"about":[{"href":"https:\/\/www.lesjoforsab.com\/lv\/wp-json\/wp\/v2\/types\/page"}],"author":[{"embeddable":true,"href":"https:\/\/www.lesjoforsab.com\/lv\/wp-json\/wp\/v2\/users\/3"}],"replies":[{"embeddable":true,"href":"https:\/\/www.lesjoforsab.com\/lv\/wp-json\/wp\/v2\/comments?post=26015"}],"version-history":[{"count":9,"href":"https:\/\/www.lesjoforsab.com\/lv\/wp-json\/wp\/v2\/pages\/26015\/revisions"}],"predecessor-version":[{"id":58691,"href":"https:\/\/www.lesjoforsab.com\/lv\/wp-json\/wp\/v2\/pages\/26015\/revisions\/58691"}],"up":[{"embeddable":true,"href":"https:\/\/www.lesjoforsab.com\/lv\/wp-json\/wp\/v2\/pages\/25950"}],"wp:attachment":[{"href":"https:\/\/www.lesjoforsab.com\/lv\/wp-json\/wp\/v2\/media?parent=26015"}],"curies":[{"name":"wp","href":"https:\/\/api.w.org\/{rel}","templated":true}]}}