{"id":15256,"date":"2020-01-17T10:17:36","date_gmt":"2020-01-17T09:17:36","guid":{"rendered":"https:\/\/www.lesjoforsab.com\/par-lesjofors\/gaidamas-izstades\/"},"modified":"2025-08-20T09:45:43","modified_gmt":"2025-08-20T07:45:43","slug":"gaidamas-izstades","status":"publish","type":"page","link":"https:\/\/www.lesjoforsab.com\/lv\/par-lesjofors\/izstades\/","title":{"rendered":"Izst\u0101des"},"content":{"rendered":"\t\t<div data-elementor-type=\"wp-page\" data-elementor-id=\"15256\" class=\"elementor elementor-15256 elementor-4230\" data-elementor-post-type=\"page\">\n\t\t\t\t\t\t<section class=\"elementor-section elementor-top-section elementor-element elementor-element-b389df8 elementor-section-boxed elementor-section-height-default elementor-section-height-default\" data-id=\"b389df8\" data-element_type=\"section\" data-settings=\"{&quot;jet_parallax_layout_list&quot;:[{&quot;jet_parallax_layout_image&quot;:{&quot;url&quot;:&quot;&quot;,&quot;id&quot;:&quot;&quot;,&quot;size&quot;:&quot;&quot;},&quot;_id&quot;:&quot;817bb7d&quot;,&quot;jet_parallax_layout_image_tablet&quot;:{&quot;url&quot;:&quot;&quot;,&quot;id&quot;:&quot;&quot;,&quot;size&quot;:&quot;&quot;},&quot;jet_parallax_layout_image_mobile&quot;:{&quot;url&quot;:&quot;&quot;,&quot;id&quot;:&quot;&quot;,&quot;size&quot;:&quot;&quot;},&quot;jet_parallax_layout_speed&quot;:{&quot;unit&quot;:&quot;%&quot;,&quot;size&quot;:50,&quot;sizes&quot;:[]},&quot;jet_parallax_layout_type&quot;:&quot;scroll&quot;,&quot;jet_parallax_layout_direction&quot;:&quot;1&quot;,&quot;jet_parallax_layout_fx_direction&quot;:null,&quot;jet_parallax_layout_z_index&quot;:&quot;&quot;,&quot;jet_parallax_layout_bg_x&quot;:50,&quot;jet_parallax_layout_bg_x_tablet&quot;:&quot;&quot;,&quot;jet_parallax_layout_bg_x_mobile&quot;:&quot;&quot;,&quot;jet_parallax_layout_bg_y&quot;:50,&quot;jet_parallax_layout_bg_y_tablet&quot;:&quot;&quot;,&quot;jet_parallax_layout_bg_y_mobile&quot;:&quot;&quot;,&quot;jet_parallax_layout_bg_size&quot;:&quot;auto&quot;,&quot;jet_parallax_layout_bg_size_tablet&quot;:&quot;&quot;,&quot;jet_parallax_layout_bg_size_mobile&quot;:&quot;&quot;,&quot;jet_parallax_layout_animation_prop&quot;:&quot;transform&quot;,&quot;jet_parallax_layout_on&quot;:[&quot;desktop&quot;,&quot;tablet&quot;]}],&quot;background_background&quot;:&quot;classic&quot;}\">\n\t\t\t\t\t\t\t<div class=\"elementor-background-overlay\"><\/div>\n\t\t\t\t\t\t\t<div class=\"elementor-container elementor-column-gap-default\">\n\t\t\t\t\t<div class=\"elementor-column elementor-col-100 elementor-top-column elementor-element elementor-element-05e5a01\" data-id=\"05e5a01\" data-element_type=\"column\">\n\t\t\t<div class=\"elementor-widget-wrap elementor-element-populated\">\n\t\t\t\t\t\t<div class=\"elementor-element elementor-element-3bc4a11 no-margin-bottom margin-top-biggest white elementor-widget elementor-widget-heading\" data-id=\"3bc4a11\" data-element_type=\"widget\" data-widget_type=\"heading.default\">\n\t\t\t\t<div class=\"elementor-widget-container\">\n\t\t\t\t\t<h1 class=\"elementor-heading-title elementor-size-default\">Pl\u0101not\u0101s izst\u0101des<\/h1>\t\t\t\t<\/div>\n\t\t\t\t<\/div>\n\t\t\t\t<div class=\"elementor-element elementor-element-1611a05 p white margin-bottom-big subtitle elementor-widget elementor-widget-text-editor\" data-id=\"1611a05\" data-element_type=\"widget\" data-widget_type=\"text-editor.default\">\n\t\t\t\t<div class=\"elementor-widget-container\">\n\t\t\t\t\t\t\t\t\t<p>M\u0113s m\u012blam izst\u0101des. N\u0101ciet pie m\u016bsu stenda un parun\u0101sim!<\/p>\t\t\t\t\t\t\t\t<\/div>\n\t\t\t\t<\/div>\n\t\t\t\t\t<\/div>\n\t\t<\/div>\n\t\t\t\t\t<\/div>\n\t\t<\/section>\n\t\t\t\t<section class=\"elementor-section elementor-top-section elementor-element elementor-element-888cc63 elementor-section-boxed elementor-section-height-default elementor-section-height-default\" data-id=\"888cc63\" data-element_type=\"section\" data-settings=\"{&quot;jet_parallax_layout_list&quot;:[{&quot;jet_parallax_layout_image&quot;:{&quot;url&quot;:&quot;&quot;,&quot;id&quot;:&quot;&quot;,&quot;size&quot;:&quot;&quot;},&quot;_id&quot;:&quot;43d9d47&quot;,&quot;jet_parallax_layout_image_tablet&quot;:{&quot;url&quot;:&quot;&quot;,&quot;id&quot;:&quot;&quot;,&quot;size&quot;:&quot;&quot;},&quot;jet_parallax_layout_image_mobile&quot;:{&quot;url&quot;:&quot;&quot;,&quot;id&quot;:&quot;&quot;,&quot;size&quot;:&quot;&quot;},&quot;jet_parallax_layout_speed&quot;:{&quot;unit&quot;:&quot;%&quot;,&quot;size&quot;:50,&quot;sizes&quot;:[]},&quot;jet_parallax_layout_type&quot;:&quot;scroll&quot;,&quot;jet_parallax_layout_direction&quot;:&quot;1&quot;,&quot;jet_parallax_layout_fx_direction&quot;:null,&quot;jet_parallax_layout_z_index&quot;:&quot;&quot;,&quot;jet_parallax_layout_bg_x&quot;:50,&quot;jet_parallax_layout_bg_x_tablet&quot;:&quot;&quot;,&quot;jet_parallax_layout_bg_x_mobile&quot;:&quot;&quot;,&quot;jet_parallax_layout_bg_y&quot;:50,&quot;jet_parallax_layout_bg_y_tablet&quot;:&quot;&quot;,&quot;jet_parallax_layout_bg_y_mobile&quot;:&quot;&quot;,&quot;jet_parallax_layout_bg_size&quot;:&quot;auto&quot;,&quot;jet_parallax_layout_bg_size_tablet&quot;:&quot;&quot;,&quot;jet_parallax_layout_bg_size_mobile&quot;:&quot;&quot;,&quot;jet_parallax_layout_animation_prop&quot;:&quot;transform&quot;,&quot;jet_parallax_layout_on&quot;:[&quot;desktop&quot;,&quot;tablet&quot;]}]}\">\n\t\t\t\t\t\t<div class=\"elementor-container elementor-column-gap-default\">\n\t\t\t\t\t<div class=\"elementor-column elementor-col-100 elementor-top-column elementor-element elementor-element-db982ba\" data-id=\"db982ba\" data-element_type=\"column\">\n\t\t\t<div class=\"elementor-widget-wrap elementor-element-populated\">\n\t\t\t\t\t\t<div class=\"elementor-element elementor-element-52e18c0 monocrumbs elementor-widget elementor-widget-breadcrumbs\" data-id=\"52e18c0\" data-element_type=\"widget\" data-widget_type=\"breadcrumbs.default\">\n\t\t\t\t<div class=\"elementor-widget-container\">\n\t\t\t\t\t<p id=\"breadcrumbs\"><span><span><a href=\"https:\/\/www.lesjoforsab.com\/lv\/\">S\u0101kumlapa<\/a><\/span><\/span><\/p>\t\t\t\t<\/div>\n\t\t\t\t<\/div>\n\t\t\t\t\t<\/div>\n\t\t<\/div>\n\t\t\t\t\t<\/div>\n\t\t<\/section>\n\t\t\t\t<section class=\"elementor-section elementor-top-section elementor-element elementor-element-cfdf2f4 elementor-section-boxed elementor-section-height-default elementor-section-height-default\" data-id=\"cfdf2f4\" data-element_type=\"section\" data-settings=\"{&quot;jet_parallax_layout_list&quot;:[{&quot;jet_parallax_layout_image&quot;:{&quot;url&quot;:&quot;&quot;,&quot;id&quot;:&quot;&quot;,&quot;size&quot;:&quot;&quot;},&quot;_id&quot;:&quot;d25bc6c&quot;,&quot;jet_parallax_layout_image_tablet&quot;:{&quot;url&quot;:&quot;&quot;,&quot;id&quot;:&quot;&quot;,&quot;size&quot;:&quot;&quot;},&quot;jet_parallax_layout_image_mobile&quot;:{&quot;url&quot;:&quot;&quot;,&quot;id&quot;:&quot;&quot;,&quot;size&quot;:&quot;&quot;},&quot;jet_parallax_layout_speed&quot;:{&quot;unit&quot;:&quot;%&quot;,&quot;size&quot;:50,&quot;sizes&quot;:[]},&quot;jet_parallax_layout_type&quot;:&quot;scroll&quot;,&quot;jet_parallax_layout_direction&quot;:&quot;1&quot;,&quot;jet_parallax_layout_fx_direction&quot;:null,&quot;jet_parallax_layout_z_index&quot;:&quot;&quot;,&quot;jet_parallax_layout_bg_x&quot;:50,&quot;jet_parallax_layout_bg_x_tablet&quot;:&quot;&quot;,&quot;jet_parallax_layout_bg_x_mobile&quot;:&quot;&quot;,&quot;jet_parallax_layout_bg_y&quot;:50,&quot;jet_parallax_layout_bg_y_tablet&quot;:&quot;&quot;,&quot;jet_parallax_layout_bg_y_mobile&quot;:&quot;&quot;,&quot;jet_parallax_layout_bg_size&quot;:&quot;auto&quot;,&quot;jet_parallax_layout_bg_size_tablet&quot;:&quot;&quot;,&quot;jet_parallax_layout_bg_size_mobile&quot;:&quot;&quot;,&quot;jet_parallax_layout_animation_prop&quot;:&quot;transform&quot;,&quot;jet_parallax_layout_on&quot;:[&quot;desktop&quot;,&quot;tablet&quot;]}]}\">\n\t\t\t\t\t\t<div class=\"elementor-container elementor-column-gap-default\">\n\t\t\t\t\t<div class=\"elementor-column elementor-col-100 elementor-top-column elementor-element elementor-element-adef6ab\" data-id=\"adef6ab\" data-element_type=\"column\">\n\t\t\t<div class=\"elementor-widget-wrap elementor-element-populated\">\n\t\t\t\t\t\t<div class=\"elementor-element elementor-element-085502d elementor-widget elementor-widget-toolset-view\" data-id=\"085502d\" data-element_type=\"widget\" data-widget_type=\"toolset-view.default\">\n\t\t\t\t<div class=\"elementor-widget-container\">\n\t\t\t\t\t\n\n\n<div id=\"wpv-view-layout-4216\" class=\"js-wpv-view-layout js-wpv-layout-responsive js-wpv-view-layout-4216\" data-viewnumber=\"4216\" data-pagination=\"{&quot;id&quot;:4216,&quot;query&quot;:&quot;normal&quot;,&quot;type&quot;:&quot;disabled&quot;,&quot;effect&quot;:&quot;fade&quot;,&quot;duration&quot;:500,&quot;speed&quot;:5,&quot;pause_on_hover&quot;:&quot;disabled&quot;,&quot;stop_rollover&quot;:&quot;false&quot;,&quot;cache_pages&quot;:&quot;enabled&quot;,&quot;preload_images&quot;:&quot;enabled&quot;,&quot;preload_pages&quot;:&quot;enabled&quot;,&quot;preload_reach&quot;:1,&quot;spinner&quot;:&quot;builtin&quot;,&quot;spinner_image&quot;:&quot;https:\/\/www.lesjoforsab.com\/wp-content\/plugins\/wp-views\/embedded\/res\/img\/ajax-loader.gif&quot;,&quot;callback_next&quot;:&quot;&quot;,&quot;manage_history&quot;:&quot;enabled&quot;,&quot;has_controls_in_form&quot;:&quot;disabled&quot;,&quot;infinite_tolerance&quot;:&quot;0&quot;,&quot;max_pages&quot;:1,&quot;page&quot;:1,&quot;base_permalink&quot;:&quot;\/lv\/wp-json\/wp\/v2\/pages\/15256?wpv_view_count=4216&amp;wpv_paged=WPV_PAGE_NUM&quot;,&quot;loop&quot;:{&quot;type&quot;:&quot;&quot;,&quot;name&quot;:&quot;&quot;,&quot;data&quot;:[],&quot;id&quot;:0}}\" data-permalink=\"\/lv\/wp-json\/wp\/v2\/pages\/15256?wpv_view_count=4216\">\n\n\t\n\t\n\t\t<strong>No items found<\/strong>\n\t\n<\/div>\n\t\t\t\t<\/div>\n\t\t\t\t<\/div>\n\t\t\t\t\t<\/div>\n\t\t<\/div>\n\t\t\t\t\t<\/div>\n\t\t<\/section>\n\t\t\t\t<\/div>\n\t\t","protected":false},"excerpt":{"rendered":"<p>Pl\u0101not\u0101s izst\u0101des M\u0113s m\u012blam izst\u0101des. N\u0101ciet pie m\u016bsu stenda un parun\u0101sim! September 2025 DSEI London, United Kingdom \/\/ 9 &#8211; 12 September Go to the exhibition website Swiss Medtech Expo Luzern, Switzerland \/\/ 9 &#8211; 10 September Go to the exhibition website Power Transmission &#038; Distribution Technology Expo Cologne, Germany \/\/ 16 &#8211; 18 September [&hellip;]<\/p>\n","protected":false},"author":1,"featured_media":0,"parent":13091,"menu_order":0,"comment_status":"closed","ping_status":"closed","template":"","meta":{"footnotes":""},"class_list":["post-15256","page","type-page","status-publish","hentry"],"yoast_head":"<!-- This site is optimized with the Yoast SEO plugin v25.6 - https:\/\/yoast.com\/wordpress\/plugins\/seo\/ -->\n<title>Satieciet Lesj\u00f6fors n\u0101kamaj\u0101 re\u0123ion\u0101laj\u0101 izst\u0101d\u0113 un iepaz\u012bstiet m\u016bs!<\/title>\n<meta name=\"description\" content=\"Lesj\u00f6fors ik gadu piedal\u0101s vair\u0101k\u0101s izst\u0101d\u0113s. Tas \u013cauj mums person\u012bgi satikt klientus, pieg\u0101d\u0101t\u0101jus un z\u012bmolu p\u0101rst\u0101vjus, k\u0101 ar\u012b par\u0101d\u012bt m\u016bsu produktus.\" \/>\n<meta name=\"robots\" content=\"index, follow, max-snippet:-1, max-image-preview:large, max-video-preview:-1\" \/>\n<link rel=\"canonical\" href=\"https:\/\/www.lesjoforsab.com\/lv\/par-lesjofors\/izstades\/\" \/>\n<meta property=\"og:locale\" content=\"lv_LV\" \/>\n<meta property=\"og:type\" content=\"article\" \/>\n<meta property=\"og:title\" content=\"Satieciet Lesj\u00f6fors n\u0101kamaj\u0101 re\u0123ion\u0101laj\u0101 izst\u0101d\u0113 un iepaz\u012bstiet m\u016bs!\" \/>\n<meta property=\"og:description\" content=\"Lesj\u00f6fors ik gadu piedal\u0101s vair\u0101k\u0101s izst\u0101d\u0113s. Tas \u013cauj mums person\u012bgi satikt klientus, pieg\u0101d\u0101t\u0101jus un z\u012bmolu p\u0101rst\u0101vjus, k\u0101 ar\u012b par\u0101d\u012bt m\u016bsu produktus.\" \/>\n<meta property=\"og:url\" content=\"https:\/\/www.lesjoforsab.com\/lv\/par-lesjofors\/izstades\/\" \/>\n<meta property=\"og:site_name\" content=\"Lesj\u00f6fors - Industrial Springs and Pressings\" \/>\n<meta property=\"article:modified_time\" content=\"2025-08-20T07:45:43+00:00\" \/>\n<meta property=\"og:image\" content=\"https:\/\/www.lesjoforsab.com\/wp-content\/uploads\/user-uploads\/general-content\/exhibitions\/dsei-logo.png\" \/>\n<script type=\"application\/ld+json\" class=\"yoast-schema-graph\">{\"@context\":\"https:\/\/schema.org\",\"@graph\":[{\"@type\":\"WebPage\",\"@id\":\"https:\/\/www.lesjoforsab.com\/lv\/par-lesjofors\/izstades\/\",\"url\":\"https:\/\/www.lesjoforsab.com\/lv\/par-lesjofors\/izstades\/\",\"name\":\"Satieciet Lesj\u00f6fors n\u0101kamaj\u0101 re\u0123ion\u0101laj\u0101 izst\u0101d\u0113 un iepaz\u012bstiet m\u016bs!\",\"isPartOf\":{\"@id\":\"https:\/\/www.lesjoforsab.com\/lv\/#website\"},\"primaryImageOfPage\":{\"@id\":\"https:\/\/www.lesjoforsab.com\/lv\/par-lesjofors\/izstades\/#primaryimage\"},\"image\":{\"@id\":\"https:\/\/www.lesjoforsab.com\/lv\/par-lesjofors\/izstades\/#primaryimage\"},\"thumbnailUrl\":\"https:\/\/www.lesjoforsab.com\/wp-content\/uploads\/user-uploads\/general-content\/exhibitions\/dsei-logo.png\",\"datePublished\":\"2020-01-17T09:17:36+00:00\",\"dateModified\":\"2025-08-20T07:45:43+00:00\",\"description\":\"Lesj\u00f6fors ik gadu piedal\u0101s vair\u0101k\u0101s izst\u0101d\u0113s. Tas \u013cauj mums person\u012bgi satikt klientus, pieg\u0101d\u0101t\u0101jus un z\u012bmolu p\u0101rst\u0101vjus, k\u0101 ar\u012b par\u0101d\u012bt m\u016bsu produktus.\",\"breadcrumb\":{\"@id\":\"https:\/\/www.lesjoforsab.com\/lv\/par-lesjofors\/izstades\/#breadcrumb\"},\"inLanguage\":\"lv-LV\",\"potentialAction\":[{\"@type\":\"ReadAction\",\"target\":[\"https:\/\/www.lesjoforsab.com\/lv\/par-lesjofors\/izstades\/\"]}]},{\"@type\":\"ImageObject\",\"inLanguage\":\"lv-LV\",\"@id\":\"https:\/\/www.lesjoforsab.com\/lv\/par-lesjofors\/izstades\/#primaryimage\",\"url\":\"https:\/\/www.lesjoforsab.com\/wp-content\/uploads\/user-uploads\/general-content\/exhibitions\/dsei-logo.png\",\"contentUrl\":\"https:\/\/www.lesjoforsab.com\/wp-content\/uploads\/user-uploads\/general-content\/exhibitions\/dsei-logo.png\"},{\"@type\":\"BreadcrumbList\",\"@id\":\"https:\/\/www.lesjoforsab.com\/lv\/par-lesjofors\/izstades\/#breadcrumb\",\"itemListElement\":[{\"@type\":\"ListItem\",\"position\":1,\"name\":\"S\u0101kumlapa\",\"item\":\"https:\/\/www.lesjoforsab.com\/lv\/\"},{\"@type\":\"ListItem\",\"position\":2,\"name\":\"Par Lesj\u00f6fors\",\"item\":\"https:\/\/www.lesjoforsab.com\/lv\/about-lesjofors\/\"},{\"@type\":\"ListItem\",\"position\":3,\"name\":\"Izst\u0101des\"}]},{\"@type\":\"WebSite\",\"@id\":\"https:\/\/www.lesjoforsab.com\/lv\/#website\",\"url\":\"https:\/\/www.lesjoforsab.com\/lv\/\",\"name\":\"Lesj\u00f6fors - Industrial Springs and Pressings\",\"description\":\"\",\"publisher\":{\"@id\":\"https:\/\/www.lesjoforsab.com\/lv\/#organization\"},\"potentialAction\":[{\"@type\":\"SearchAction\",\"target\":{\"@type\":\"EntryPoint\",\"urlTemplate\":\"https:\/\/www.lesjoforsab.com\/lv\/?s={search_term_string}\"},\"query-input\":{\"@type\":\"PropertyValueSpecification\",\"valueRequired\":true,\"valueName\":\"search_term_string\"}}],\"inLanguage\":\"lv-LV\"},{\"@type\":\"Organization\",\"@id\":\"https:\/\/www.lesjoforsab.com\/lv\/#organization\",\"name\":\"Lesj\u00f6fors AB\",\"url\":\"https:\/\/www.lesjoforsab.com\/lv\/\",\"logo\":{\"@type\":\"ImageObject\",\"inLanguage\":\"lv-LV\",\"@id\":\"https:\/\/www.lesjoforsab.com\/lv\/#\/schema\/logo\/image\/\",\"url\":\"https:\/\/www.lesjoforsab.com\/wp-content\/uploads\/User-Uploads\/Lesjoefors-Brand\/Logotypes\/lesjofors-logo-without-payoff.jpg\",\"contentUrl\":\"https:\/\/www.lesjoforsab.com\/wp-content\/uploads\/User-Uploads\/Lesjoefors-Brand\/Logotypes\/lesjofors-logo-without-payoff.jpg\",\"width\":1347,\"height\":378,\"caption\":\"Lesj\u00f6fors AB\"},\"image\":{\"@id\":\"https:\/\/www.lesjoforsab.com\/lv\/#\/schema\/logo\/image\/\"},\"sameAs\":[\"https:\/\/x.com\/lesjoforsgroup\",\"https:\/\/www.linkedin.com\/company\/lesjoforsab\/\",\"https:\/\/www.youtube.com\/user\/lesjoforsab\"]}]}<\/script>\n<!-- \/ Yoast SEO plugin. -->","yoast_head_json":{"title":"Satieciet Lesj\u00f6fors n\u0101kamaj\u0101 re\u0123ion\u0101laj\u0101 izst\u0101d\u0113 un iepaz\u012bstiet m\u016bs!","description":"Lesj\u00f6fors ik gadu piedal\u0101s vair\u0101k\u0101s izst\u0101d\u0113s. Tas \u013cauj mums person\u012bgi satikt klientus, pieg\u0101d\u0101t\u0101jus un z\u012bmolu p\u0101rst\u0101vjus, k\u0101 ar\u012b par\u0101d\u012bt m\u016bsu produktus.","robots":{"index":"index","follow":"follow","max-snippet":"max-snippet:-1","max-image-preview":"max-image-preview:large","max-video-preview":"max-video-preview:-1"},"canonical":"https:\/\/www.lesjoforsab.com\/lv\/par-lesjofors\/izstades\/","og_locale":"lv_LV","og_type":"article","og_title":"Satieciet Lesj\u00f6fors n\u0101kamaj\u0101 re\u0123ion\u0101laj\u0101 izst\u0101d\u0113 un iepaz\u012bstiet m\u016bs!","og_description":"Lesj\u00f6fors ik gadu piedal\u0101s vair\u0101k\u0101s izst\u0101d\u0113s. Tas \u013cauj mums person\u012bgi satikt klientus, pieg\u0101d\u0101t\u0101jus un z\u012bmolu p\u0101rst\u0101vjus, k\u0101 ar\u012b par\u0101d\u012bt m\u016bsu produktus.","og_url":"https:\/\/www.lesjoforsab.com\/lv\/par-lesjofors\/izstades\/","og_site_name":"Lesj\u00f6fors - Industrial Springs and Pressings","article_modified_time":"2025-08-20T07:45:43+00:00","og_image":[{"url":"https:\/\/www.lesjoforsab.com\/wp-content\/uploads\/user-uploads\/general-content\/exhibitions\/dsei-logo.png","type":"","width":"","height":""}],"schema":{"@context":"https:\/\/schema.org","@graph":[{"@type":"WebPage","@id":"https:\/\/www.lesjoforsab.com\/lv\/par-lesjofors\/izstades\/","url":"https:\/\/www.lesjoforsab.com\/lv\/par-lesjofors\/izstades\/","name":"Satieciet Lesj\u00f6fors n\u0101kamaj\u0101 re\u0123ion\u0101laj\u0101 izst\u0101d\u0113 un iepaz\u012bstiet m\u016bs!","isPartOf":{"@id":"https:\/\/www.lesjoforsab.com\/lv\/#website"},"primaryImageOfPage":{"@id":"https:\/\/www.lesjoforsab.com\/lv\/par-lesjofors\/izstades\/#primaryimage"},"image":{"@id":"https:\/\/www.lesjoforsab.com\/lv\/par-lesjofors\/izstades\/#primaryimage"},"thumbnailUrl":"https:\/\/www.lesjoforsab.com\/wp-content\/uploads\/user-uploads\/general-content\/exhibitions\/dsei-logo.png","datePublished":"2020-01-17T09:17:36+00:00","dateModified":"2025-08-20T07:45:43+00:00","description":"Lesj\u00f6fors ik gadu piedal\u0101s vair\u0101k\u0101s izst\u0101d\u0113s. Tas \u013cauj mums person\u012bgi satikt klientus, pieg\u0101d\u0101t\u0101jus un z\u012bmolu p\u0101rst\u0101vjus, k\u0101 ar\u012b par\u0101d\u012bt m\u016bsu produktus.","breadcrumb":{"@id":"https:\/\/www.lesjoforsab.com\/lv\/par-lesjofors\/izstades\/#breadcrumb"},"inLanguage":"lv-LV","potentialAction":[{"@type":"ReadAction","target":["https:\/\/www.lesjoforsab.com\/lv\/par-lesjofors\/izstades\/"]}]},{"@type":"ImageObject","inLanguage":"lv-LV","@id":"https:\/\/www.lesjoforsab.com\/lv\/par-lesjofors\/izstades\/#primaryimage","url":"https:\/\/www.lesjoforsab.com\/wp-content\/uploads\/user-uploads\/general-content\/exhibitions\/dsei-logo.png","contentUrl":"https:\/\/www.lesjoforsab.com\/wp-content\/uploads\/user-uploads\/general-content\/exhibitions\/dsei-logo.png"},{"@type":"BreadcrumbList","@id":"https:\/\/www.lesjoforsab.com\/lv\/par-lesjofors\/izstades\/#breadcrumb","itemListElement":[{"@type":"ListItem","position":1,"name":"S\u0101kumlapa","item":"https:\/\/www.lesjoforsab.com\/lv\/"},{"@type":"ListItem","position":2,"name":"Par Lesj\u00f6fors","item":"https:\/\/www.lesjoforsab.com\/lv\/about-lesjofors\/"},{"@type":"ListItem","position":3,"name":"Izst\u0101des"}]},{"@type":"WebSite","@id":"https:\/\/www.lesjoforsab.com\/lv\/#website","url":"https:\/\/www.lesjoforsab.com\/lv\/","name":"Lesj\u00f6fors - Industrial Springs and Pressings","description":"","publisher":{"@id":"https:\/\/www.lesjoforsab.com\/lv\/#organization"},"potentialAction":[{"@type":"SearchAction","target":{"@type":"EntryPoint","urlTemplate":"https:\/\/www.lesjoforsab.com\/lv\/?s={search_term_string}"},"query-input":{"@type":"PropertyValueSpecification","valueRequired":true,"valueName":"search_term_string"}}],"inLanguage":"lv-LV"},{"@type":"Organization","@id":"https:\/\/www.lesjoforsab.com\/lv\/#organization","name":"Lesj\u00f6fors AB","url":"https:\/\/www.lesjoforsab.com\/lv\/","logo":{"@type":"ImageObject","inLanguage":"lv-LV","@id":"https:\/\/www.lesjoforsab.com\/lv\/#\/schema\/logo\/image\/","url":"https:\/\/www.lesjoforsab.com\/wp-content\/uploads\/User-Uploads\/Lesjoefors-Brand\/Logotypes\/lesjofors-logo-without-payoff.jpg","contentUrl":"https:\/\/www.lesjoforsab.com\/wp-content\/uploads\/User-Uploads\/Lesjoefors-Brand\/Logotypes\/lesjofors-logo-without-payoff.jpg","width":1347,"height":378,"caption":"Lesj\u00f6fors AB"},"image":{"@id":"https:\/\/www.lesjoforsab.com\/lv\/#\/schema\/logo\/image\/"},"sameAs":["https:\/\/x.com\/lesjoforsgroup","https:\/\/www.linkedin.com\/company\/lesjoforsab\/","https:\/\/www.youtube.com\/user\/lesjoforsab"]}]}},"_links":{"self":[{"href":"https:\/\/www.lesjoforsab.com\/lv\/wp-json\/wp\/v2\/pages\/15256","targetHints":{"allow":["GET"]}}],"collection":[{"href":"https:\/\/www.lesjoforsab.com\/lv\/wp-json\/wp\/v2\/pages"}],"about":[{"href":"https:\/\/www.lesjoforsab.com\/lv\/wp-json\/wp\/v2\/types\/page"}],"author":[{"embeddable":true,"href":"https:\/\/www.lesjoforsab.com\/lv\/wp-json\/wp\/v2\/users\/1"}],"replies":[{"embeddable":true,"href":"https:\/\/www.lesjoforsab.com\/lv\/wp-json\/wp\/v2\/comments?post=15256"}],"version-history":[{"count":12,"href":"https:\/\/www.lesjoforsab.com\/lv\/wp-json\/wp\/v2\/pages\/15256\/revisions"}],"predecessor-version":[{"id":97136,"href":"https:\/\/www.lesjoforsab.com\/lv\/wp-json\/wp\/v2\/pages\/15256\/revisions\/97136"}],"up":[{"embeddable":true,"href":"https:\/\/www.lesjoforsab.com\/lv\/wp-json\/wp\/v2\/pages\/13091"}],"wp:attachment":[{"href":"https:\/\/www.lesjoforsab.com\/lv\/wp-json\/wp\/v2\/media?parent=15256"}],"curies":[{"name":"wp","href":"https:\/\/api.w.org\/{rel}","templated":true}]}}