{"id":84875,"date":"2024-06-11T11:50:05","date_gmt":"2024-06-11T09:50:05","guid":{"rendered":"https:\/\/www.lesjoforsab.com\/?page_id=84875"},"modified":"2024-06-11T15:23:42","modified_gmt":"2024-06-11T13:23:42","slug":"litteat-jouset","status":"publish","type":"page","link":"https:\/\/www.lesjoforsab.com\/fi\/tuotteet\/litteat-jouset\/","title":{"rendered":"Litte\u00e4t jouset"},"content":{"rendered":"\t\t<div data-elementor-type=\"wp-page\" data-elementor-id=\"84875\" class=\"elementor elementor-84875\" data-elementor-post-type=\"page\">\n\t\t\t\t\t\t<section class=\"elementor-section elementor-top-section elementor-element elementor-element-f215511 elementor-section-boxed elementor-section-height-default elementor-section-height-default\" data-id=\"f215511\" data-element_type=\"section\" data-settings=\"{&quot;jet_parallax_layout_list&quot;:[{&quot;_id&quot;:&quot;d775061&quot;,&quot;jet_parallax_layout_image&quot;:{&quot;url&quot;:&quot;&quot;,&quot;id&quot;:&quot;&quot;,&quot;size&quot;:&quot;&quot;},&quot;jet_parallax_layout_image_tablet&quot;:{&quot;url&quot;:&quot;&quot;,&quot;id&quot;:&quot;&quot;,&quot;size&quot;:&quot;&quot;},&quot;jet_parallax_layout_image_mobile&quot;:{&quot;url&quot;:&quot;&quot;,&quot;id&quot;:&quot;&quot;,&quot;size&quot;:&quot;&quot;},&quot;jet_parallax_layout_speed&quot;:{&quot;unit&quot;:&quot;%&quot;,&quot;size&quot;:50,&quot;sizes&quot;:[]},&quot;jet_parallax_layout_type&quot;:&quot;scroll&quot;,&quot;jet_parallax_layout_direction&quot;:&quot;1&quot;,&quot;jet_parallax_layout_fx_direction&quot;:null,&quot;jet_parallax_layout_z_index&quot;:&quot;&quot;,&quot;jet_parallax_layout_bg_x&quot;:50,&quot;jet_parallax_layout_bg_x_tablet&quot;:&quot;&quot;,&quot;jet_parallax_layout_bg_x_mobile&quot;:&quot;&quot;,&quot;jet_parallax_layout_bg_y&quot;:50,&quot;jet_parallax_layout_bg_y_tablet&quot;:&quot;&quot;,&quot;jet_parallax_layout_bg_y_mobile&quot;:&quot;&quot;,&quot;jet_parallax_layout_bg_size&quot;:&quot;auto&quot;,&quot;jet_parallax_layout_bg_size_tablet&quot;:&quot;&quot;,&quot;jet_parallax_layout_bg_size_mobile&quot;:&quot;&quot;,&quot;jet_parallax_layout_animation_prop&quot;:&quot;transform&quot;,&quot;jet_parallax_layout_on&quot;:[&quot;desktop&quot;,&quot;tablet&quot;]}],&quot;background_background&quot;:&quot;classic&quot;}\">\n\t\t\t\t\t\t\t<div class=\"elementor-background-overlay\"><\/div>\n\t\t\t\t\t\t\t<div class=\"elementor-container elementor-column-gap-default\">\n\t\t\t\t\t<div class=\"elementor-column elementor-col-100 elementor-top-column elementor-element elementor-element-1062a44\" data-id=\"1062a44\" data-element_type=\"column\">\n\t\t\t<div class=\"elementor-widget-wrap elementor-element-populated\">\n\t\t\t\t\t\t<div class=\"elementor-element elementor-element-6a88e71 margin-top-biggest monocrumbs elementor-widget elementor-widget-breadcrumbs\" data-id=\"6a88e71\" data-element_type=\"widget\" data-widget_type=\"breadcrumbs.default\">\n\t\t\t\t<div class=\"elementor-widget-container\">\n\t\t\t\t\t<p id=\"breadcrumbs\"><span><span><a href=\"https:\/\/www.lesjoforsab.com\/fi\/\">Etusivu<\/a><\/span><\/span><\/p>\t\t\t\t<\/div>\n\t\t\t\t<\/div>\n\t\t<div class=\"elementor-element elementor-element-cb47576 e-flex e-con-boxed e-con e-parent\" data-id=\"cb47576\" data-element_type=\"container\" data-settings=\"{&quot;jet_parallax_layout_list&quot;:[]}\">\n\t\t\t\t\t<div class=\"e-con-inner\">\n\t\t<div class=\"elementor-element elementor-element-6713698 e-con-full e-flex e-con e-child\" data-id=\"6713698\" data-element_type=\"container\" data-settings=\"{&quot;jet_parallax_layout_list&quot;:[]}\">\n\t\t\t\t<div class=\"elementor-element elementor-element-c32612d no-margin-bottom elementor-widget elementor-widget-heading\" data-id=\"c32612d\" data-element_type=\"widget\" data-widget_type=\"heading.default\">\n\t\t\t\t<div class=\"elementor-widget-container\">\n\t\t\t\t\t<h1 class=\"elementor-heading-title elementor-size-default\">Litte\u00e4t jouset<\/h1>\t\t\t\t<\/div>\n\t\t\t\t<\/div>\n\t\t\t\t<\/div>\n\t\t<div class=\"elementor-element elementor-element-81a5464 e-flex e-con-boxed e-con e-child\" data-id=\"81a5464\" data-element_type=\"container\" data-settings=\"{&quot;jet_parallax_layout_list&quot;:[]}\">\n\t\t\t\t\t<div class=\"e-con-inner\">\n\t\t\t\t<div class=\"elementor-element elementor-element-c621350 margin-bottom-big elementor-widget elementor-widget-text-editor\" data-id=\"c621350\" data-element_type=\"widget\" data-widget_type=\"text-editor.default\">\n\t\t\t\t<div class=\"elementor-widget-container\">\n\t\t\t\t\t\t\t\t\t<p class=\"p1\">Litte\u00e4t jouset ovat nauhametallista valmistettuja osia. Taivutusprosessi rasittaa materiaalia, ja taipuma ja voima ovat olennainen osa sen toimintaa.<\/p>\t\t\t\t\t\t\t\t<\/div>\n\t\t\t\t<\/div>\n\t\t\t\t\t<\/div>\n\t\t\t\t<\/div>\n\t\t\t\t\t<\/div>\n\t\t\t\t<\/div>\n\t\t\t\t\t<\/div>\n\t\t<\/div>\n\t\t\t\t\t<\/div>\n\t\t<\/section>\n\t\t\t\t<section class=\"elementor-section elementor-top-section elementor-element elementor-element-e3e7db4 margin-top-medium elementor-section-boxed elementor-section-height-default elementor-section-height-default\" data-id=\"e3e7db4\" data-element_type=\"section\" data-settings=\"{&quot;jet_parallax_layout_list&quot;:[{&quot;jet_parallax_layout_image&quot;:{&quot;url&quot;:&quot;&quot;,&quot;id&quot;:&quot;&quot;,&quot;size&quot;:&quot;&quot;},&quot;_id&quot;:&quot;08d6206&quot;,&quot;jet_parallax_layout_image_tablet&quot;:{&quot;url&quot;:&quot;&quot;,&quot;id&quot;:&quot;&quot;,&quot;size&quot;:&quot;&quot;},&quot;jet_parallax_layout_image_mobile&quot;:{&quot;url&quot;:&quot;&quot;,&quot;id&quot;:&quot;&quot;,&quot;size&quot;:&quot;&quot;},&quot;jet_parallax_layout_speed&quot;:{&quot;unit&quot;:&quot;%&quot;,&quot;size&quot;:50,&quot;sizes&quot;:[]},&quot;jet_parallax_layout_type&quot;:&quot;scroll&quot;,&quot;jet_parallax_layout_direction&quot;:&quot;1&quot;,&quot;jet_parallax_layout_fx_direction&quot;:null,&quot;jet_parallax_layout_z_index&quot;:&quot;&quot;,&quot;jet_parallax_layout_bg_x&quot;:50,&quot;jet_parallax_layout_bg_x_tablet&quot;:&quot;&quot;,&quot;jet_parallax_layout_bg_x_mobile&quot;:&quot;&quot;,&quot;jet_parallax_layout_bg_y&quot;:50,&quot;jet_parallax_layout_bg_y_tablet&quot;:&quot;&quot;,&quot;jet_parallax_layout_bg_y_mobile&quot;:&quot;&quot;,&quot;jet_parallax_layout_bg_size&quot;:&quot;auto&quot;,&quot;jet_parallax_layout_bg_size_tablet&quot;:&quot;&quot;,&quot;jet_parallax_layout_bg_size_mobile&quot;:&quot;&quot;,&quot;jet_parallax_layout_animation_prop&quot;:&quot;transform&quot;,&quot;jet_parallax_layout_on&quot;:[&quot;desktop&quot;,&quot;tablet&quot;]}]}\">\n\t\t\t\t\t\t<div class=\"elementor-container elementor-column-gap-default\">\n\t\t\t\t\t<div class=\"elementor-column elementor-col-100 elementor-top-column elementor-element elementor-element-17cd2b6\" data-id=\"17cd2b6\" data-element_type=\"column\">\n\t\t\t<div class=\"elementor-widget-wrap elementor-element-populated\">\n\t\t\t\t\t\t<div class=\"elementor-element elementor-element-76f0fb0 elementor-widget elementor-widget-shortcode\" data-id=\"76f0fb0\" data-element_type=\"widget\" data-widget_type=\"shortcode.default\">\n\t\t\t\t<div class=\"elementor-widget-container\">\n\t\t\t\t\t\t\t<div class=\"elementor-shortcode\">\n\n\n<div class=\"listing-border-grid-wrapper\">\n<div id=\"wpv-view-layout-4358-CATTR64bb00afccc3e630cf50cf0c8555e061\" class=\"js-wpv-view-layout js-wpv-layout-responsive js-wpv-view-layout-4358-CATTR64bb00afccc3e630cf50cf0c8555e061\" data-viewnumber=\"4358-CATTR64bb00afccc3e630cf50cf0c8555e061\" data-pagination=\"{&quot;id&quot;:4358,&quot;query&quot;:&quot;normal&quot;,&quot;type&quot;:&quot;disabled&quot;,&quot;effect&quot;:&quot;fade&quot;,&quot;duration&quot;:500,&quot;speed&quot;:5,&quot;pause_on_hover&quot;:&quot;disabled&quot;,&quot;stop_rollover&quot;:&quot;false&quot;,&quot;cache_pages&quot;:&quot;enabled&quot;,&quot;preload_images&quot;:&quot;enabled&quot;,&quot;preload_pages&quot;:&quot;enabled&quot;,&quot;preload_reach&quot;:1,&quot;spinner&quot;:&quot;builtin&quot;,&quot;spinner_image&quot;:&quot;https:\/\/www.lesjoforsab.com\/wp-content\/plugins\/wp-views\/embedded\/res\/img\/ajax-loader.gif&quot;,&quot;callback_next&quot;:&quot;&quot;,&quot;manage_history&quot;:&quot;enabled&quot;,&quot;has_controls_in_form&quot;:&quot;disabled&quot;,&quot;infinite_tolerance&quot;:&quot;0&quot;,&quot;max_pages&quot;:0,&quot;page&quot;:1,&quot;base_permalink&quot;:&quot;\/fi\/wp-json\/wp\/v2\/pages\/84875?wpv_view_count=4358-CATTR64bb00afccc3e630cf50cf0c8555e061&amp;wpv_paged=WPV_PAGE_NUM&quot;,&quot;loop&quot;:{&quot;type&quot;:&quot;&quot;,&quot;name&quot;:&quot;&quot;,&quot;data&quot;:[],&quot;id&quot;:0}}\" data-permalink=\"\/fi\/wp-json\/wp\/v2\/pages\/84875?wpv_view_count=4358-CATTR64bb00afccc3e630cf50cf0c8555e061\">\n\n\t\n\t\n  <div class=\"flexible-tiles-container level-two\">\n\t\n      <div class=\"flexible-tiles\"><div class=\"listing-border-grid-element\" style=\"cursor: pointer;\" onclick=\"location.href='https:\/\/www.lesjoforsab.com\/fi\/tuote\/litteat-jouset\/';\">\n<div class=\"shrink-margin\" style=\"pointer-events: none;\"><a href=\"https:\/\/www.lesjoforsab.com\/fi\/tuote\/litteat-jouset\/\"><div class=\"shrink-image\" style=\"background-image: url(https:\/\/www.lesjoforsab.com\/wp-content\/uploads\/User-Uploads\/Products\/Pressings\/Flat-Springs\/flat-spring-lesjoefors-20193331.jpg); background-repeat: no-repeat; background-size: cover; background-position: center center; min-height: 150px; background-size: 320px;\"><\/div><\/a><\/div>\n<div class=\"h5 primary-color no-gap-bottom\" style=\"pointer-events: none;\">\n<h2 style=\"text-align:center; pointer-events: none;\" class=\"elementor-heading-title no-gap-bottom\"><a href=\"https:\/\/www.lesjoforsab.com\/fi\/tuote\/litteat-jouset\/\">Levyjouset<\/a><\/h2>\n<\/div>\n  <p style=\"pointer-events: none; text-align:center; min-height:48px;\" >Projektista riippuen valmistamme litteit\u00e4 jousia manuaalisesti tai koneellisesti.<\/p>\n \n<\/div>\n<\/div>\n\t\n      <div class=\"flexible-tiles\"><div class=\"listing-border-grid-element\" style=\"cursor: pointer;\" onclick=\"location.href='https:\/\/www.lesjoforsab.com\/fi\/tuote\/teho-jouset\/';\">\n<div class=\"shrink-margin\" style=\"pointer-events: none;\"><a href=\"https:\/\/www.lesjoforsab.com\/fi\/tuote\/teho-jouset\/\"><div class=\"shrink-image\" style=\"background-image: url(https:\/\/www.lesjoforsab.com\/wp-content\/uploads\/User-Uploads\/Products\/Pressings\/Power-Springs\/power-spring-lesjoefors-20180245.jpg); background-repeat: no-repeat; background-size: cover; background-position: center center; min-height: 150px; background-size: 320px;\"><\/div><\/a><\/div>\n<div class=\"h5 primary-color no-gap-bottom\" style=\"pointer-events: none;\">\n<h2 style=\"text-align:center; pointer-events: none;\" class=\"elementor-heading-title no-gap-bottom\"><a href=\"https:\/\/www.lesjoforsab.com\/fi\/tuote\/teho-jouset\/\">Moottorijouset (Power Springs)<\/a><\/h2>\n<\/div>\n  <p style=\"pointer-events: none; text-align:center; min-height:48px;\" >Kelautuville kaapeleille, letkuille, turvav\u00f6ille, joiden paksuus on enint\u00e4\u00e4n 2 mm<\/p>\n \n<\/div>\n<\/div>\n\t\n      <div class=\"flexible-tiles\"><div class=\"listing-border-grid-element\" style=\"cursor: pointer;\" onclick=\"location.href='https:\/\/www.lesjoforsab.com\/fi\/tuote\/kello-jouset\/';\">\n<div class=\"shrink-margin\" style=\"pointer-events: none;\"><a href=\"https:\/\/www.lesjoforsab.com\/fi\/tuote\/kello-jouset\/\"><div class=\"shrink-image\" style=\"background-image: url(https:\/\/www.lesjoforsab.com\/wp-content\/uploads\/User-Uploads\/Products\/Pressings\/Clock-Springs\/lesjoefors-products-clock-springs-01.jpg); background-repeat: no-repeat; background-size: cover; background-position: center center; min-height: 150px; background-size: 320px;\"><\/div><\/a><\/div>\n<div class=\"h5 primary-color no-gap-bottom\" style=\"pointer-events: none;\">\n<h2 style=\"text-align:center; pointer-events: none;\" class=\"elementor-heading-title no-gap-bottom\"><a href=\"https:\/\/www.lesjoforsab.com\/fi\/tuote\/kello-jouset\/\">Spiraalijouset<\/a><\/h2>\n<\/div>\n  <p style=\"pointer-events: none; text-align:center; min-height:48px;\" >Kylm\u00e4muokkauksen enimm\u00e4ispaksuus 5 mm, l\u00e4mp\u00f6muokkauksen enimm\u00e4ispaksuus 12 mm<\/p>\n \n<\/div>\n<\/div>\n\t\n      <div class=\"flexible-tiles\"><div class=\"listing-border-grid-element\" style=\"cursor: pointer;\" onclick=\"location.href='https:\/\/www.lesjoforsab.com\/fi\/tuote\/constant-force-jouset\/';\">\n<div class=\"shrink-margin\" style=\"pointer-events: none;\"><a href=\"https:\/\/www.lesjoforsab.com\/fi\/tuote\/constant-force-jouset\/\"><div class=\"shrink-image\" style=\"background-image: url(https:\/\/www.lesjoforsab.com\/wp-content\/uploads\/User-Uploads\/Products\/Pressings\/Constant-Force-Springs\/constant-force-spring-lesjoefors-44A.jpg); background-repeat: no-repeat; background-size: cover; background-position: center center; min-height: 150px; background-size: 320px;\"><\/div><\/a><\/div>\n<div class=\"h5 primary-color no-gap-bottom\" style=\"pointer-events: none;\">\n<h2 style=\"text-align:center; pointer-events: none;\" class=\"elementor-heading-title no-gap-bottom\"><a href=\"https:\/\/www.lesjoforsab.com\/fi\/tuote\/constant-force-jouset\/\">Vakiovoimajouset<\/a><\/h2>\n<\/div>\n  <p style=\"pointer-events: none; text-align:center; min-height:48px;\" >Ikkunan ja myyntip\u00f6yd\u00e4n tasaimet, n\u00e4ytehyllyt ja tuoteasetelmat jne.<\/p>\n \n<\/div>\n<\/div>\n\t\n\t\n\t\n\t\n<\/div>\n<\/div><\/div>\n\t\t\t\t\t\t<\/div>\n\t\t\t\t<\/div>\n\t\t\t\t\t<\/div>\n\t\t<\/div>\n\t\t\t\t\t<\/div>\n\t\t<\/section>\n\t\t<div class=\"elementor-element elementor-element-c8ee21d e-flex e-con-boxed e-con e-parent\" data-id=\"c8ee21d\" data-element_type=\"container\" data-settings=\"{&quot;jet_parallax_layout_list&quot;:[]}\">\n\t\t\t\t\t<div class=\"e-con-inner\">\n\t\t<div class=\"elementor-element elementor-element-f9bce4c e-con-full e-flex e-con e-child\" data-id=\"f9bce4c\" data-element_type=\"container\" data-settings=\"{&quot;jet_parallax_layout_list&quot;:[]}\">\n\t\t\t\t<div class=\"elementor-element elementor-element-fd7be39 h3 decorated-bottom elementor-widget elementor-widget-heading\" data-id=\"fd7be39\" data-element_type=\"widget\" data-widget_type=\"heading.default\">\n\t\t\t\t<div class=\"elementor-widget-container\">\n\t\t\t\t\t<h2 class=\"elementor-heading-title elementor-size-default\">Vakiovalikoima<\/h2>\t\t\t\t<\/div>\n\t\t\t\t<\/div>\n\t\t\t\t<div class=\"elementor-element elementor-element-ef278fd elementor-widget elementor-widget-text-editor\" data-id=\"ef278fd\" data-element_type=\"widget\" data-widget_type=\"text-editor.default\">\n\t\t\t\t<div class=\"elementor-widget-container\">\n\t\t\t\t\t\t\t\t\t<p class=\"p1\">Lesj\u00f6forsin vakiojousivalikoimaan kuuluu yli 12\u00a0000 erilaista tuotetta, jotka ovat saatavana varastossa.<\/p>\t\t\t\t\t\t\t\t<\/div>\n\t\t\t\t<\/div>\n\t\t\t\t<div class=\"elementor-element elementor-element-6fd436f shop-icon-before elementor-widget elementor-widget-button\" data-id=\"6fd436f\" data-element_type=\"widget\" data-widget_type=\"button.default\">\n\t\t\t\t<div class=\"elementor-widget-container\">\n\t\t\t\t\t\t\t\t\t<div class=\"elementor-button-wrapper\">\n\t\t\t\t\t<a class=\"elementor-button elementor-button-link elementor-size-sm\" href=\"https:\/\/shop.lesjofors.com\" target=\"_blank\">\n\t\t\t\t\t\t<span class=\"elementor-button-content-wrapper\">\n\t\t\t\t\t\t\t\t\t<span class=\"elementor-button-text\">Osta jouset varastosta<\/span>\n\t\t\t\t\t<\/span>\n\t\t\t\t\t<\/a>\n\t\t\t\t<\/div>\n\t\t\t\t\t\t\t\t<\/div>\n\t\t\t\t<\/div>\n\t\t\t\t<\/div>\n\t\t<div class=\"elementor-element elementor-element-2bb0b55 e-con-full e-flex e-con e-child\" data-id=\"2bb0b55\" data-element_type=\"container\" data-settings=\"{&quot;jet_parallax_layout_list&quot;:[]}\">\n\t\t\t\t<div class=\"elementor-element elementor-element-a2518dc h3 decorated-bottom elementor-widget elementor-widget-heading\" data-id=\"a2518dc\" data-element_type=\"widget\" data-widget_type=\"heading.default\">\n\t\t\t\t<div class=\"elementor-widget-container\">\n\t\t\t\t\t<h2 class=\"elementor-heading-title elementor-size-default\">Katso koko tuotevalikoimamme<\/h2>\t\t\t\t<\/div>\n\t\t\t\t<\/div>\n\t\t\t\t<div class=\"elementor-element elementor-element-0c1bfd0 elementor-widget elementor-widget-text-editor\" data-id=\"0c1bfd0\" data-element_type=\"widget\" data-widget_type=\"text-editor.default\">\n\t\t\t\t<div class=\"elementor-widget-container\">\n\t\t\t\t\t\t\t\t\t<p class=\"p1\">Lesj\u00f6fors Group on maailmanlaajuinen valmistaja, jolla on markkinoiden laajin valikoima jousia, kaasujousia ja puristustuotteita.<\/p>\t\t\t\t\t\t\t\t<\/div>\n\t\t\t\t<\/div>\n\t\t\t\t<div class=\"elementor-element elementor-element-37434d3 arrow-before elementor-widget elementor-widget-button\" data-id=\"37434d3\" data-element_type=\"widget\" data-widget_type=\"button.default\">\n\t\t\t\t<div class=\"elementor-widget-container\">\n\t\t\t\t\t\t\t\t\t<div class=\"elementor-button-wrapper\">\n\t\t\t\t\t<a class=\"elementor-button elementor-button-link elementor-size-sm\" href=\"https:\/\/www.lesjoforsab.com\/fi\/tuotteet\/\">\n\t\t\t\t\t\t<span class=\"elementor-button-content-wrapper\">\n\t\t\t\t\t\t\t\t\t<span class=\"elementor-button-text\">Tutustu tarkemmin<\/span>\n\t\t\t\t\t<\/span>\n\t\t\t\t\t<\/a>\n\t\t\t\t<\/div>\n\t\t\t\t\t\t\t\t<\/div>\n\t\t\t\t<\/div>\n\t\t\t\t<\/div>\n\t\t\t\t\t<\/div>\n\t\t\t\t<\/div>\n\t\t\t\t<\/div>\n\t\t","protected":false},"excerpt":{"rendered":"<p>Litte\u00e4t jouset Litte\u00e4t jouset ovat nauhametallista valmistettuja osia. Taivutusprosessi rasittaa materiaalia, ja taipuma ja voima ovat olennainen osa sen toimintaa. Vakiovalikoima Lesj\u00f6forsin vakiojousivalikoimaan kuuluu yli 12\u00a0000 erilaista tuotetta, jotka ovat saatavana varastossa. Osta jouset varastosta Katso koko tuotevalikoimamme Lesj\u00f6fors Group on maailmanlaajuinen valmistaja, jolla on markkinoiden laajin valikoima jousia, kaasujousia ja puristustuotteita. Tutustu tarkemmin<\/p>\n","protected":false},"author":57,"featured_media":0,"parent":24413,"menu_order":0,"comment_status":"closed","ping_status":"closed","template":"","meta":{"footnotes":""},"class_list":["post-84875","page","type-page","status-publish","hentry"],"yoast_head":"<!-- This site is optimized with the Yoast SEO plugin v25.6 - https:\/\/yoast.com\/wordpress\/plugins\/seo\/ -->\n<title>Litte\u00e4t jouset - Lesj\u00f6fors - Industrial Springs and Pressings<\/title>\n<meta name=\"robots\" content=\"index, follow, max-snippet:-1, max-image-preview:large, max-video-preview:-1\" \/>\n<link rel=\"canonical\" href=\"https:\/\/www.lesjoforsab.com\/fi\/tuotteet\/litteat-jouset\/\" \/>\n<meta property=\"og:locale\" content=\"fi_FI\" \/>\n<meta property=\"og:type\" content=\"article\" \/>\n<meta property=\"og:title\" content=\"Litte\u00e4t jouset - Lesj\u00f6fors - Industrial Springs and Pressings\" \/>\n<meta property=\"og:description\" content=\"Litte\u00e4t jouset Litte\u00e4t jouset ovat nauhametallista valmistettuja osia. Taivutusprosessi rasittaa materiaalia, ja taipuma ja voima ovat olennainen osa sen toimintaa. Vakiovalikoima Lesj\u00f6forsin vakiojousivalikoimaan kuuluu yli 12\u00a0000 erilaista tuotetta, jotka ovat saatavana varastossa. Osta jouset varastosta Katso koko tuotevalikoimamme Lesj\u00f6fors Group on maailmanlaajuinen valmistaja, jolla on markkinoiden laajin valikoima jousia, kaasujousia ja puristustuotteita. Tutustu tarkemmin\" \/>\n<meta property=\"og:url\" content=\"https:\/\/www.lesjoforsab.com\/fi\/tuotteet\/litteat-jouset\/\" \/>\n<meta property=\"og:site_name\" content=\"Lesj\u00f6fors - Industrial Springs and Pressings\" \/>\n<meta property=\"article:modified_time\" content=\"2024-06-11T13:23:42+00:00\" \/>\n<meta property=\"og:image\" content=\"https:\/\/www.lesjoforsab.com\/wp-content\/uploads\/User-Uploads\/General-Content\/All-Stage-Images\/Stagebild-CustomSprings-Spring.jpg\" \/>\n\t<meta property=\"og:image:width\" content=\"1920\" \/>\n\t<meta property=\"og:image:height\" content=\"840\" \/>\n\t<meta property=\"og:image:type\" content=\"image\/jpeg\" \/>\n<script type=\"application\/ld+json\" class=\"yoast-schema-graph\">{\"@context\":\"https:\/\/schema.org\",\"@graph\":[{\"@type\":\"WebPage\",\"@id\":\"https:\/\/www.lesjoforsab.com\/fi\/tuotteet\/litteat-jouset\/\",\"url\":\"https:\/\/www.lesjoforsab.com\/fi\/tuotteet\/litteat-jouset\/\",\"name\":\"Litte\u00e4t jouset - Lesj\u00f6fors - Industrial Springs and Pressings\",\"isPartOf\":{\"@id\":\"https:\/\/www.lesjoforsab.com\/fi\/#website\"},\"datePublished\":\"2024-06-11T09:50:05+00:00\",\"dateModified\":\"2024-06-11T13:23:42+00:00\",\"breadcrumb\":{\"@id\":\"https:\/\/www.lesjoforsab.com\/fi\/tuotteet\/litteat-jouset\/#breadcrumb\"},\"inLanguage\":\"fi\",\"potentialAction\":[{\"@type\":\"ReadAction\",\"target\":[\"https:\/\/www.lesjoforsab.com\/fi\/tuotteet\/litteat-jouset\/\"]}]},{\"@type\":\"BreadcrumbList\",\"@id\":\"https:\/\/www.lesjoforsab.com\/fi\/tuotteet\/litteat-jouset\/#breadcrumb\",\"itemListElement\":[{\"@type\":\"ListItem\",\"position\":1,\"name\":\"Etusivu\",\"item\":\"https:\/\/www.lesjoforsab.com\/fi\/\"},{\"@type\":\"ListItem\",\"position\":2,\"name\":\"Tuotteet\",\"item\":\"https:\/\/www.lesjoforsab.com\/fi\/tuotteet\/\"},{\"@type\":\"ListItem\",\"position\":3,\"name\":\"Litte\u00e4t jouset\"}]},{\"@type\":\"WebSite\",\"@id\":\"https:\/\/www.lesjoforsab.com\/fi\/#website\",\"url\":\"https:\/\/www.lesjoforsab.com\/fi\/\",\"name\":\"Lesj\u00f6fors - Industrial Springs and Pressings\",\"description\":\"\",\"publisher\":{\"@id\":\"https:\/\/www.lesjoforsab.com\/fi\/#organization\"},\"potentialAction\":[{\"@type\":\"SearchAction\",\"target\":{\"@type\":\"EntryPoint\",\"urlTemplate\":\"https:\/\/www.lesjoforsab.com\/fi\/?s={search_term_string}\"},\"query-input\":{\"@type\":\"PropertyValueSpecification\",\"valueRequired\":true,\"valueName\":\"search_term_string\"}}],\"inLanguage\":\"fi\"},{\"@type\":\"Organization\",\"@id\":\"https:\/\/www.lesjoforsab.com\/fi\/#organization\",\"name\":\"Lesj\u00f6fors AB\",\"url\":\"https:\/\/www.lesjoforsab.com\/fi\/\",\"logo\":{\"@type\":\"ImageObject\",\"inLanguage\":\"fi\",\"@id\":\"https:\/\/www.lesjoforsab.com\/fi\/#\/schema\/logo\/image\/\",\"url\":\"https:\/\/www.lesjoforsab.com\/wp-content\/uploads\/User-Uploads\/Lesjoefors-Brand\/Logotypes\/lesjofors-logo-without-payoff.jpg\",\"contentUrl\":\"https:\/\/www.lesjoforsab.com\/wp-content\/uploads\/User-Uploads\/Lesjoefors-Brand\/Logotypes\/lesjofors-logo-without-payoff.jpg\",\"width\":1347,\"height\":378,\"caption\":\"Lesj\u00f6fors AB\"},\"image\":{\"@id\":\"https:\/\/www.lesjoforsab.com\/fi\/#\/schema\/logo\/image\/\"},\"sameAs\":[\"https:\/\/x.com\/lesjoforsgroup\",\"https:\/\/www.linkedin.com\/company\/lesjoforsab\/\",\"https:\/\/www.youtube.com\/user\/lesjoforsab\"]}]}<\/script>\n<!-- \/ Yoast SEO plugin. -->","yoast_head_json":{"title":"Litte\u00e4t jouset - Lesj\u00f6fors - Industrial Springs and Pressings","robots":{"index":"index","follow":"follow","max-snippet":"max-snippet:-1","max-image-preview":"max-image-preview:large","max-video-preview":"max-video-preview:-1"},"canonical":"https:\/\/www.lesjoforsab.com\/fi\/tuotteet\/litteat-jouset\/","og_locale":"fi_FI","og_type":"article","og_title":"Litte\u00e4t jouset - Lesj\u00f6fors - Industrial Springs and Pressings","og_description":"Litte\u00e4t jouset Litte\u00e4t jouset ovat nauhametallista valmistettuja osia. Taivutusprosessi rasittaa materiaalia, ja taipuma ja voima ovat olennainen osa sen toimintaa. Vakiovalikoima Lesj\u00f6forsin vakiojousivalikoimaan kuuluu yli 12\u00a0000 erilaista tuotetta, jotka ovat saatavana varastossa. Osta jouset varastosta Katso koko tuotevalikoimamme Lesj\u00f6fors Group on maailmanlaajuinen valmistaja, jolla on markkinoiden laajin valikoima jousia, kaasujousia ja puristustuotteita. Tutustu tarkemmin","og_url":"https:\/\/www.lesjoforsab.com\/fi\/tuotteet\/litteat-jouset\/","og_site_name":"Lesj\u00f6fors - Industrial Springs and Pressings","article_modified_time":"2024-06-11T13:23:42+00:00","og_image":[{"width":1920,"height":840,"url":"https:\/\/www.lesjoforsab.com\/wp-content\/uploads\/User-Uploads\/General-Content\/All-Stage-Images\/Stagebild-CustomSprings-Spring.jpg","type":"image\/jpeg"}],"schema":{"@context":"https:\/\/schema.org","@graph":[{"@type":"WebPage","@id":"https:\/\/www.lesjoforsab.com\/fi\/tuotteet\/litteat-jouset\/","url":"https:\/\/www.lesjoforsab.com\/fi\/tuotteet\/litteat-jouset\/","name":"Litte\u00e4t jouset - Lesj\u00f6fors - Industrial Springs and Pressings","isPartOf":{"@id":"https:\/\/www.lesjoforsab.com\/fi\/#website"},"datePublished":"2024-06-11T09:50:05+00:00","dateModified":"2024-06-11T13:23:42+00:00","breadcrumb":{"@id":"https:\/\/www.lesjoforsab.com\/fi\/tuotteet\/litteat-jouset\/#breadcrumb"},"inLanguage":"fi","potentialAction":[{"@type":"ReadAction","target":["https:\/\/www.lesjoforsab.com\/fi\/tuotteet\/litteat-jouset\/"]}]},{"@type":"BreadcrumbList","@id":"https:\/\/www.lesjoforsab.com\/fi\/tuotteet\/litteat-jouset\/#breadcrumb","itemListElement":[{"@type":"ListItem","position":1,"name":"Etusivu","item":"https:\/\/www.lesjoforsab.com\/fi\/"},{"@type":"ListItem","position":2,"name":"Tuotteet","item":"https:\/\/www.lesjoforsab.com\/fi\/tuotteet\/"},{"@type":"ListItem","position":3,"name":"Litte\u00e4t jouset"}]},{"@type":"WebSite","@id":"https:\/\/www.lesjoforsab.com\/fi\/#website","url":"https:\/\/www.lesjoforsab.com\/fi\/","name":"Lesj\u00f6fors - Industrial Springs and Pressings","description":"","publisher":{"@id":"https:\/\/www.lesjoforsab.com\/fi\/#organization"},"potentialAction":[{"@type":"SearchAction","target":{"@type":"EntryPoint","urlTemplate":"https:\/\/www.lesjoforsab.com\/fi\/?s={search_term_string}"},"query-input":{"@type":"PropertyValueSpecification","valueRequired":true,"valueName":"search_term_string"}}],"inLanguage":"fi"},{"@type":"Organization","@id":"https:\/\/www.lesjoforsab.com\/fi\/#organization","name":"Lesj\u00f6fors AB","url":"https:\/\/www.lesjoforsab.com\/fi\/","logo":{"@type":"ImageObject","inLanguage":"fi","@id":"https:\/\/www.lesjoforsab.com\/fi\/#\/schema\/logo\/image\/","url":"https:\/\/www.lesjoforsab.com\/wp-content\/uploads\/User-Uploads\/Lesjoefors-Brand\/Logotypes\/lesjofors-logo-without-payoff.jpg","contentUrl":"https:\/\/www.lesjoforsab.com\/wp-content\/uploads\/User-Uploads\/Lesjoefors-Brand\/Logotypes\/lesjofors-logo-without-payoff.jpg","width":1347,"height":378,"caption":"Lesj\u00f6fors AB"},"image":{"@id":"https:\/\/www.lesjoforsab.com\/fi\/#\/schema\/logo\/image\/"},"sameAs":["https:\/\/x.com\/lesjoforsgroup","https:\/\/www.linkedin.com\/company\/lesjoforsab\/","https:\/\/www.youtube.com\/user\/lesjoforsab"]}]}},"_links":{"self":[{"href":"https:\/\/www.lesjoforsab.com\/fi\/wp-json\/wp\/v2\/pages\/84875","targetHints":{"allow":["GET"]}}],"collection":[{"href":"https:\/\/www.lesjoforsab.com\/fi\/wp-json\/wp\/v2\/pages"}],"about":[{"href":"https:\/\/www.lesjoforsab.com\/fi\/wp-json\/wp\/v2\/types\/page"}],"author":[{"embeddable":true,"href":"https:\/\/www.lesjoforsab.com\/fi\/wp-json\/wp\/v2\/users\/57"}],"replies":[{"embeddable":true,"href":"https:\/\/www.lesjoforsab.com\/fi\/wp-json\/wp\/v2\/comments?post=84875"}],"version-history":[{"count":7,"href":"https:\/\/www.lesjoforsab.com\/fi\/wp-json\/wp\/v2\/pages\/84875\/revisions"}],"predecessor-version":[{"id":85025,"href":"https:\/\/www.lesjoforsab.com\/fi\/wp-json\/wp\/v2\/pages\/84875\/revisions\/85025"}],"up":[{"embeddable":true,"href":"https:\/\/www.lesjoforsab.com\/fi\/wp-json\/wp\/v2\/pages\/24413"}],"wp:attachment":[{"href":"https:\/\/www.lesjoforsab.com\/fi\/wp-json\/wp\/v2\/media?parent=84875"}],"curies":[{"name":"wp","href":"https:\/\/api.w.org\/{rel}","templated":true}]}}