{"id":24646,"date":"2019-08-16T16:12:51","date_gmt":"2019-08-16T14:12:51","guid":{"rendered":"https:\/\/www.lesjoforsab.com\/palvelut\/yhden-luukun\/"},"modified":"2021-10-21T16:20:05","modified_gmt":"2021-10-21T14:20:05","slug":"yhden-luukun","status":"publish","type":"page","link":"https:\/\/www.lesjoforsab.com\/fi\/palvelut\/yhden-luukun\/","title":{"rendered":"Kaikki saman katon alta"},"content":{"rendered":"\t\t<div data-elementor-type=\"wp-page\" data-elementor-id=\"24646\" class=\"elementor elementor-24646 elementor-114\" data-elementor-post-type=\"page\">\n\t\t\t\t\t\t<section class=\"elementor-section elementor-top-section elementor-element elementor-element-d343452 elementor-section-boxed elementor-section-height-default elementor-section-height-default\" data-id=\"d343452\" data-element_type=\"section\" data-settings=\"{&quot;jet_parallax_layout_list&quot;:[{&quot;jet_parallax_layout_image&quot;:{&quot;url&quot;:&quot;&quot;,&quot;id&quot;:&quot;&quot;,&quot;size&quot;:&quot;&quot;},&quot;_id&quot;:&quot;d775061&quot;,&quot;jet_parallax_layout_image_tablet&quot;:{&quot;url&quot;:&quot;&quot;,&quot;id&quot;:&quot;&quot;,&quot;size&quot;:&quot;&quot;},&quot;jet_parallax_layout_image_mobile&quot;:{&quot;url&quot;:&quot;&quot;,&quot;id&quot;:&quot;&quot;,&quot;size&quot;:&quot;&quot;},&quot;jet_parallax_layout_speed&quot;:{&quot;unit&quot;:&quot;%&quot;,&quot;size&quot;:50,&quot;sizes&quot;:[]},&quot;jet_parallax_layout_type&quot;:&quot;scroll&quot;,&quot;jet_parallax_layout_direction&quot;:&quot;1&quot;,&quot;jet_parallax_layout_fx_direction&quot;:null,&quot;jet_parallax_layout_z_index&quot;:&quot;&quot;,&quot;jet_parallax_layout_bg_x&quot;:50,&quot;jet_parallax_layout_bg_x_tablet&quot;:&quot;&quot;,&quot;jet_parallax_layout_bg_x_mobile&quot;:&quot;&quot;,&quot;jet_parallax_layout_bg_y&quot;:50,&quot;jet_parallax_layout_bg_y_tablet&quot;:&quot;&quot;,&quot;jet_parallax_layout_bg_y_mobile&quot;:&quot;&quot;,&quot;jet_parallax_layout_bg_size&quot;:&quot;auto&quot;,&quot;jet_parallax_layout_bg_size_tablet&quot;:&quot;&quot;,&quot;jet_parallax_layout_bg_size_mobile&quot;:&quot;&quot;,&quot;jet_parallax_layout_animation_prop&quot;:&quot;transform&quot;,&quot;jet_parallax_layout_on&quot;:[&quot;desktop&quot;,&quot;tablet&quot;]}],&quot;background_background&quot;:&quot;classic&quot;}\">\n\t\t\t\t\t\t<div class=\"elementor-container elementor-column-gap-default\">\n\t\t\t\t\t<div class=\"elementor-column elementor-col-100 elementor-top-column elementor-element elementor-element-8b1c15c\" data-id=\"8b1c15c\" data-element_type=\"column\">\n\t\t\t<div class=\"elementor-widget-wrap elementor-element-populated\">\n\t\t\t\t\t\t<div class=\"elementor-element elementor-element-ace0d84 p white margin-bottom-big subtitle elementor-widget elementor-widget-text-editor\" data-id=\"ace0d84\" data-element_type=\"widget\" data-widget_type=\"text-editor.default\">\n\t\t\t\t<div class=\"elementor-widget-container\">\n\t\t\t\t\t\t\t\t\t<p>Kun valitset Lesj\u00f6forsin yhteisty\u00f6kumppaniksesi, et tarvitse muita.\u00a0<\/p>\n\t\t\t\t\t\t\t\t<\/div>\n\t\t\t\t<\/div>\n\t\t\t\t\t<\/div>\n\t\t<\/div>\n\t\t\t\t\t<\/div>\n\t\t<\/section>\n\t\t\t\t<section class=\"elementor-section elementor-top-section elementor-element elementor-element-8deab60 elementor-section-boxed elementor-section-height-default elementor-section-height-default\" data-id=\"8deab60\" data-element_type=\"section\" data-settings=\"{&quot;jet_parallax_layout_list&quot;:[{&quot;jet_parallax_layout_image&quot;:{&quot;url&quot;:&quot;&quot;,&quot;id&quot;:&quot;&quot;,&quot;size&quot;:&quot;&quot;},&quot;_id&quot;:&quot;1ae3376&quot;,&quot;jet_parallax_layout_image_tablet&quot;:{&quot;url&quot;:&quot;&quot;,&quot;id&quot;:&quot;&quot;,&quot;size&quot;:&quot;&quot;},&quot;jet_parallax_layout_image_mobile&quot;:{&quot;url&quot;:&quot;&quot;,&quot;id&quot;:&quot;&quot;,&quot;size&quot;:&quot;&quot;},&quot;jet_parallax_layout_speed&quot;:{&quot;unit&quot;:&quot;%&quot;,&quot;size&quot;:50,&quot;sizes&quot;:[]},&quot;jet_parallax_layout_type&quot;:&quot;scroll&quot;,&quot;jet_parallax_layout_direction&quot;:&quot;1&quot;,&quot;jet_parallax_layout_fx_direction&quot;:null,&quot;jet_parallax_layout_z_index&quot;:&quot;&quot;,&quot;jet_parallax_layout_bg_x&quot;:50,&quot;jet_parallax_layout_bg_x_tablet&quot;:&quot;&quot;,&quot;jet_parallax_layout_bg_x_mobile&quot;:&quot;&quot;,&quot;jet_parallax_layout_bg_y&quot;:50,&quot;jet_parallax_layout_bg_y_tablet&quot;:&quot;&quot;,&quot;jet_parallax_layout_bg_y_mobile&quot;:&quot;&quot;,&quot;jet_parallax_layout_bg_size&quot;:&quot;auto&quot;,&quot;jet_parallax_layout_bg_size_tablet&quot;:&quot;&quot;,&quot;jet_parallax_layout_bg_size_mobile&quot;:&quot;&quot;,&quot;jet_parallax_layout_animation_prop&quot;:&quot;transform&quot;,&quot;jet_parallax_layout_on&quot;:[&quot;desktop&quot;,&quot;tablet&quot;]}]}\">\n\t\t\t\t\t\t<div class=\"elementor-container elementor-column-gap-default\">\n\t\t\t\t\t<div class=\"elementor-column elementor-col-100 elementor-top-column elementor-element elementor-element-071fa15\" data-id=\"071fa15\" data-element_type=\"column\">\n\t\t\t<div class=\"elementor-widget-wrap elementor-element-populated\">\n\t\t\t\t\t\t<div class=\"elementor-element elementor-element-c59a449 monocrumbs elementor-widget elementor-widget-breadcrumbs\" data-id=\"c59a449\" data-element_type=\"widget\" data-widget_type=\"breadcrumbs.default\">\n\t\t\t\t<div class=\"elementor-widget-container\">\n\t\t\t\t\t<p id=\"breadcrumbs\"><span><span><a href=\"https:\/\/www.lesjoforsab.com\/fi\/\">Etusivu<\/a><\/span><\/span><\/p>\t\t\t\t<\/div>\n\t\t\t\t<\/div>\n\t\t\t\t\t<\/div>\n\t\t<\/div>\n\t\t\t\t\t<\/div>\n\t\t<\/section>\n\t\t\t\t<section class=\"elementor-section elementor-top-section elementor-element elementor-element-f70b190 elementor-section-full_width flex-column margin-top-medium elementor-section-height-default elementor-section-height-default\" data-id=\"f70b190\" data-element_type=\"section\" data-settings=\"{&quot;jet_parallax_layout_list&quot;:[{&quot;jet_parallax_layout_image&quot;:{&quot;url&quot;:&quot;&quot;,&quot;id&quot;:&quot;&quot;,&quot;size&quot;:&quot;&quot;},&quot;_id&quot;:&quot;55ff6ac&quot;,&quot;jet_parallax_layout_image_tablet&quot;:{&quot;url&quot;:&quot;&quot;,&quot;id&quot;:&quot;&quot;,&quot;size&quot;:&quot;&quot;},&quot;jet_parallax_layout_image_mobile&quot;:{&quot;url&quot;:&quot;&quot;,&quot;id&quot;:&quot;&quot;,&quot;size&quot;:&quot;&quot;},&quot;jet_parallax_layout_speed&quot;:{&quot;unit&quot;:&quot;%&quot;,&quot;size&quot;:50,&quot;sizes&quot;:[]},&quot;jet_parallax_layout_type&quot;:&quot;scroll&quot;,&quot;jet_parallax_layout_direction&quot;:&quot;1&quot;,&quot;jet_parallax_layout_fx_direction&quot;:null,&quot;jet_parallax_layout_z_index&quot;:&quot;&quot;,&quot;jet_parallax_layout_bg_x&quot;:50,&quot;jet_parallax_layout_bg_x_tablet&quot;:&quot;&quot;,&quot;jet_parallax_layout_bg_x_mobile&quot;:&quot;&quot;,&quot;jet_parallax_layout_bg_y&quot;:50,&quot;jet_parallax_layout_bg_y_tablet&quot;:&quot;&quot;,&quot;jet_parallax_layout_bg_y_mobile&quot;:&quot;&quot;,&quot;jet_parallax_layout_bg_size&quot;:&quot;auto&quot;,&quot;jet_parallax_layout_bg_size_tablet&quot;:&quot;&quot;,&quot;jet_parallax_layout_bg_size_mobile&quot;:&quot;&quot;,&quot;jet_parallax_layout_animation_prop&quot;:&quot;transform&quot;,&quot;jet_parallax_layout_on&quot;:[&quot;desktop&quot;,&quot;tablet&quot;]}]}\">\n\t\t\t\t\t\t<div class=\"elementor-container elementor-column-gap-default\">\n\t\t\t\t\t<div class=\"elementor-column elementor-col-50 elementor-top-column elementor-element elementor-element-3cf8551 column-left-33-boxed\" data-id=\"3cf8551\" data-element_type=\"column\">\n\t\t\t<div class=\"elementor-widget-wrap elementor-element-populated\">\n\t\t\t\t\t\t<div class=\"elementor-element elementor-element-abbf64c decorated margin-top-big elementor-widget elementor-widget-heading\" data-id=\"abbf64c\" data-element_type=\"widget\" data-widget_type=\"heading.default\">\n\t\t\t\t<div class=\"elementor-widget-container\">\n\t\t\t\t\t<h2 class=\"elementor-heading-title elementor-size-default\">Kaikki saman katon alta<\/h2>\t\t\t\t<\/div>\n\t\t\t\t<\/div>\n\t\t\t\t<div class=\"elementor-element elementor-element-5cf3d39 margin-top-small elementor-widget elementor-widget-text-editor\" data-id=\"5cf3d39\" data-element_type=\"widget\" data-widget_type=\"text-editor.default\">\n\t\t\t\t<div class=\"elementor-widget-container\">\n\t\t\t\t\t\t\t\t\t<p>Lyhyesti sanottuna tarjoamme kaiken ongelmanratkaisusta tekniseen tukeen, kehitt\u00e4miseen ja tuotantoon.<\/p><p>Jousiteollisuuden markkinajohtajana Lesj\u00f6fors-konserni toimittaa tunnetuille asiakkaille kaikkialla maailmassa. Kattavan vakiotuotevalikoiman lis\u00e4ksi tarjoamme my\u00f6s r\u00e4\u00e4t\u00e4l\u00f6idyt kehitys- ja tuotantoratkaisut, jotka on tarkasti sovitettu asiakkaiden tarpeisiin.<\/p>\t\t\t\t\t\t\t\t<\/div>\n\t\t\t\t<\/div>\n\t\t\t\t\t<\/div>\n\t\t<\/div>\n\t\t\t\t<div class=\"elementor-column elementor-col-50 elementor-top-column elementor-element elementor-element-1825abd column-right-66\" data-id=\"1825abd\" data-element_type=\"column\" data-settings=\"{&quot;background_background&quot;:&quot;classic&quot;}\">\n\t\t\t<div class=\"elementor-widget-wrap elementor-element-populated\">\n\t\t\t\t\t<div class=\"elementor-background-overlay\"><\/div>\n\t\t\t\t\t\t<div class=\"elementor-element elementor-element-05d5a88 image-max-height elementor-widget elementor-widget-spacer\" data-id=\"05d5a88\" data-element_type=\"widget\" data-widget_type=\"spacer.default\">\n\t\t\t\t<div class=\"elementor-widget-container\">\n\t\t\t\t\t\t\t<div class=\"elementor-spacer\">\n\t\t\t<div class=\"elementor-spacer-inner\"><\/div>\n\t\t<\/div>\n\t\t\t\t\t\t<\/div>\n\t\t\t\t<\/div>\n\t\t\t\t<div class=\"elementor-element elementor-element-3ca1844 image-max-height elementor-widget elementor-widget-spacer\" data-id=\"3ca1844\" data-element_type=\"widget\" data-widget_type=\"spacer.default\">\n\t\t\t\t<div class=\"elementor-widget-container\">\n\t\t\t\t\t\t\t<div class=\"elementor-spacer\">\n\t\t\t<div class=\"elementor-spacer-inner\"><\/div>\n\t\t<\/div>\n\t\t\t\t\t\t<\/div>\n\t\t\t\t<\/div>\n\t\t\t\t\t<\/div>\n\t\t<\/div>\n\t\t\t\t\t<\/div>\n\t\t<\/section>\n\t\t\t\t<section class=\"elementor-section elementor-top-section elementor-element elementor-element-26c2272 margin-bottom-big margin-top-big elementor-section-boxed elementor-section-height-default elementor-section-height-default\" data-id=\"26c2272\" data-element_type=\"section\" data-settings=\"{&quot;jet_parallax_layout_list&quot;:[{&quot;jet_parallax_layout_image&quot;:{&quot;url&quot;:&quot;&quot;,&quot;id&quot;:&quot;&quot;,&quot;size&quot;:&quot;&quot;},&quot;_id&quot;:&quot;e405048&quot;,&quot;jet_parallax_layout_image_tablet&quot;:{&quot;url&quot;:&quot;&quot;,&quot;id&quot;:&quot;&quot;,&quot;size&quot;:&quot;&quot;},&quot;jet_parallax_layout_image_mobile&quot;:{&quot;url&quot;:&quot;&quot;,&quot;id&quot;:&quot;&quot;,&quot;size&quot;:&quot;&quot;},&quot;jet_parallax_layout_speed&quot;:{&quot;unit&quot;:&quot;%&quot;,&quot;size&quot;:50,&quot;sizes&quot;:[]},&quot;jet_parallax_layout_type&quot;:&quot;scroll&quot;,&quot;jet_parallax_layout_direction&quot;:&quot;1&quot;,&quot;jet_parallax_layout_fx_direction&quot;:null,&quot;jet_parallax_layout_z_index&quot;:&quot;&quot;,&quot;jet_parallax_layout_bg_x&quot;:50,&quot;jet_parallax_layout_bg_x_tablet&quot;:&quot;&quot;,&quot;jet_parallax_layout_bg_x_mobile&quot;:&quot;&quot;,&quot;jet_parallax_layout_bg_y&quot;:50,&quot;jet_parallax_layout_bg_y_tablet&quot;:&quot;&quot;,&quot;jet_parallax_layout_bg_y_mobile&quot;:&quot;&quot;,&quot;jet_parallax_layout_bg_size&quot;:&quot;auto&quot;,&quot;jet_parallax_layout_bg_size_tablet&quot;:&quot;&quot;,&quot;jet_parallax_layout_bg_size_mobile&quot;:&quot;&quot;,&quot;jet_parallax_layout_animation_prop&quot;:&quot;transform&quot;,&quot;jet_parallax_layout_on&quot;:[&quot;desktop&quot;,&quot;tablet&quot;]}]}\">\n\t\t\t\t\t\t<div class=\"elementor-container elementor-column-gap-default\">\n\t\t\t\t\t<div class=\"elementor-column elementor-col-100 elementor-top-column elementor-element elementor-element-3b6a5a0\" data-id=\"3b6a5a0\" data-element_type=\"column\">\n\t\t\t<div class=\"elementor-widget-wrap elementor-element-populated\">\n\t\t\t\t\t\t<div class=\"elementor-element elementor-element-cae2cba special-color elementor-widget elementor-widget-heading\" data-id=\"cae2cba\" data-element_type=\"widget\" data-widget_type=\"heading.default\">\n\t\t\t\t<div class=\"elementor-widget-container\">\n\t\t\t\t\t<h3 class=\"elementor-heading-title elementor-size-default\">OTA YHTEYTT\u00c4 L\u00c4HIMP\u00c4\u00c4N LESJ\u00d6FORS-YHTI\u00d6\u00d6N<\/h3>\t\t\t\t<\/div>\n\t\t\t\t<\/div>\n\t\t\t\t<div class=\"elementor-element elementor-element-5032ff4 subtitle elementor-widget elementor-widget-text-editor\" data-id=\"5032ff4\" data-element_type=\"widget\" data-widget_type=\"text-editor.default\">\n\t\t\t\t<div class=\"elementor-widget-container\">\n\t\t\t\t\t\t\t\t\t<p>Jos haluat lis\u00e4tietoja toiminnastamme, ota yhteytt\u00e4 l\u00e4himp\u00e4\u00e4n Lesj\u00f6fors-yhti\u00f6\u00f6si.<\/p>\n\t\t\t\t\t\t\t\t<\/div>\n\t\t\t\t<\/div>\n\t\t\t\t<div class=\"elementor-element elementor-element-be55ac4 elementor-widget elementor-widget-button\" data-id=\"be55ac4\" data-element_type=\"widget\" data-widget_type=\"button.default\">\n\t\t\t\t<div class=\"elementor-widget-container\">\n\t\t\t\t\t\t\t\t\t<div class=\"elementor-button-wrapper\">\n\t\t\t\t\t<a class=\"elementor-button elementor-button-link elementor-size-sm\" href=\"https:\/\/www.lesjoforsab.com\/contact\/\">\n\t\t\t\t\t\t<span class=\"elementor-button-content-wrapper\">\n\t\t\t\t\t\t\t\t\t<span class=\"elementor-button-text\">L\u00f6yd\u00e4 l\u00e4hin Lesj\u00f6fors-myyj\u00e4si<\/span>\n\t\t\t\t\t<\/span>\n\t\t\t\t\t<\/a>\n\t\t\t\t<\/div>\n\t\t\t\t\t\t\t\t<\/div>\n\t\t\t\t<\/div>\n\t\t\t\t\t<\/div>\n\t\t<\/div>\n\t\t\t\t\t<\/div>\n\t\t<\/section>\n\t\t\t\t<\/div>\n\t\t","protected":false},"excerpt":{"rendered":"<p>Kun valitset Lesj\u00f6forsin yhteisty\u00f6kumppaniksesi, et tarvitse muita.\u00a0 Kaikki saman katon alta Lyhyesti sanottuna tarjoamme kaiken ongelmanratkaisusta tekniseen tukeen, kehitt\u00e4miseen ja tuotantoon. Jousiteollisuuden markkinajohtajana Lesj\u00f6fors-konserni toimittaa tunnetuille asiakkaille kaikkialla maailmassa. Kattavan vakiotuotevalikoiman lis\u00e4ksi tarjoamme my\u00f6s r\u00e4\u00e4t\u00e4l\u00f6idyt kehitys- ja tuotantoratkaisut, jotka on tarkasti sovitettu asiakkaiden tarpeisiin. OTA YHTEYTT\u00c4 L\u00c4HIMP\u00c4\u00c4N LESJ\u00d6FORS-YHTI\u00d6\u00d6N Jos haluat lis\u00e4tietoja toiminnastamme, ota yhteytt\u00e4 l\u00e4himp\u00e4\u00e4n [&hellip;]<\/p>\n","protected":false},"author":3,"featured_media":0,"parent":24569,"menu_order":0,"comment_status":"closed","ping_status":"closed","template":"","meta":{"footnotes":""},"class_list":["post-24646","page","type-page","status-publish","hentry"],"yoast_head":"<!-- This site is optimized with the Yoast SEO plugin v25.6 - https:\/\/yoast.com\/wordpress\/plugins\/seo\/ -->\n<title>Kaikki saman katon alta - Lesj\u00f6fors - Industrial Springs and Pressings<\/title>\n<meta name=\"robots\" content=\"index, follow, max-snippet:-1, max-image-preview:large, max-video-preview:-1\" \/>\n<link rel=\"canonical\" href=\"https:\/\/www.lesjoforsab.com\/fi\/palvelut\/yhden-luukun\/\" \/>\n<meta property=\"og:locale\" content=\"fi_FI\" \/>\n<meta property=\"og:type\" content=\"article\" \/>\n<meta property=\"og:title\" content=\"Kaikki saman katon alta - Lesj\u00f6fors - Industrial Springs and Pressings\" \/>\n<meta property=\"og:description\" content=\"Kun valitset Lesj\u00f6forsin yhteisty\u00f6kumppaniksesi, et tarvitse muita.\u00a0 Kaikki saman katon alta Lyhyesti sanottuna tarjoamme kaiken ongelmanratkaisusta tekniseen tukeen, kehitt\u00e4miseen ja tuotantoon. Jousiteollisuuden markkinajohtajana Lesj\u00f6fors-konserni toimittaa tunnetuille asiakkaille kaikkialla maailmassa. Kattavan vakiotuotevalikoiman lis\u00e4ksi tarjoamme my\u00f6s r\u00e4\u00e4t\u00e4l\u00f6idyt kehitys- ja tuotantoratkaisut, jotka on tarkasti sovitettu asiakkaiden tarpeisiin. OTA YHTEYTT\u00c4 L\u00c4HIMP\u00c4\u00c4N LESJ\u00d6FORS-YHTI\u00d6\u00d6N Jos haluat lis\u00e4tietoja toiminnastamme, ota yhteytt\u00e4 l\u00e4himp\u00e4\u00e4n [&hellip;]\" \/>\n<meta property=\"og:url\" content=\"https:\/\/www.lesjoforsab.com\/fi\/palvelut\/yhden-luukun\/\" \/>\n<meta property=\"og:site_name\" content=\"Lesj\u00f6fors - Industrial Springs and Pressings\" \/>\n<meta property=\"article:modified_time\" content=\"2021-10-21T14:20:05+00:00\" \/>\n<meta property=\"og:image\" content=\"https:\/\/www.lesjoforsab.com\/wp-content\/uploads\/User-Uploads\/General-Content\/All-Stage-Images\/Stagebild-CustomSprings-Spring.jpg\" \/>\n\t<meta property=\"og:image:width\" content=\"1920\" \/>\n\t<meta property=\"og:image:height\" content=\"840\" \/>\n\t<meta property=\"og:image:type\" content=\"image\/jpeg\" \/>\n<script type=\"application\/ld+json\" class=\"yoast-schema-graph\">{\"@context\":\"https:\/\/schema.org\",\"@graph\":[{\"@type\":\"WebPage\",\"@id\":\"https:\/\/www.lesjoforsab.com\/fi\/palvelut\/yhden-luukun\/\",\"url\":\"https:\/\/www.lesjoforsab.com\/fi\/palvelut\/yhden-luukun\/\",\"name\":\"Kaikki saman katon alta - Lesj\u00f6fors - Industrial Springs and Pressings\",\"isPartOf\":{\"@id\":\"https:\/\/www.lesjoforsab.com\/fi\/#website\"},\"datePublished\":\"2019-08-16T14:12:51+00:00\",\"dateModified\":\"2021-10-21T14:20:05+00:00\",\"breadcrumb\":{\"@id\":\"https:\/\/www.lesjoforsab.com\/fi\/palvelut\/yhden-luukun\/#breadcrumb\"},\"inLanguage\":\"fi\",\"potentialAction\":[{\"@type\":\"ReadAction\",\"target\":[\"https:\/\/www.lesjoforsab.com\/fi\/palvelut\/yhden-luukun\/\"]}]},{\"@type\":\"BreadcrumbList\",\"@id\":\"https:\/\/www.lesjoforsab.com\/fi\/palvelut\/yhden-luukun\/#breadcrumb\",\"itemListElement\":[{\"@type\":\"ListItem\",\"position\":1,\"name\":\"Etusivu\",\"item\":\"https:\/\/www.lesjoforsab.com\/fi\/\"},{\"@type\":\"ListItem\",\"position\":2,\"name\":\"Palvelut\",\"item\":\"https:\/\/www.lesjoforsab.com\/fi\/palvelut\/\"},{\"@type\":\"ListItem\",\"position\":3,\"name\":\"Kaikki saman katon alta\"}]},{\"@type\":\"WebSite\",\"@id\":\"https:\/\/www.lesjoforsab.com\/fi\/#website\",\"url\":\"https:\/\/www.lesjoforsab.com\/fi\/\",\"name\":\"Lesj\u00f6fors - Industrial Springs and Pressings\",\"description\":\"\",\"publisher\":{\"@id\":\"https:\/\/www.lesjoforsab.com\/fi\/#organization\"},\"potentialAction\":[{\"@type\":\"SearchAction\",\"target\":{\"@type\":\"EntryPoint\",\"urlTemplate\":\"https:\/\/www.lesjoforsab.com\/fi\/?s={search_term_string}\"},\"query-input\":{\"@type\":\"PropertyValueSpecification\",\"valueRequired\":true,\"valueName\":\"search_term_string\"}}],\"inLanguage\":\"fi\"},{\"@type\":\"Organization\",\"@id\":\"https:\/\/www.lesjoforsab.com\/fi\/#organization\",\"name\":\"Lesj\u00f6fors AB\",\"url\":\"https:\/\/www.lesjoforsab.com\/fi\/\",\"logo\":{\"@type\":\"ImageObject\",\"inLanguage\":\"fi\",\"@id\":\"https:\/\/www.lesjoforsab.com\/fi\/#\/schema\/logo\/image\/\",\"url\":\"https:\/\/www.lesjoforsab.com\/wp-content\/uploads\/User-Uploads\/Lesjoefors-Brand\/Logotypes\/lesjofors-logo-without-payoff.jpg\",\"contentUrl\":\"https:\/\/www.lesjoforsab.com\/wp-content\/uploads\/User-Uploads\/Lesjoefors-Brand\/Logotypes\/lesjofors-logo-without-payoff.jpg\",\"width\":1347,\"height\":378,\"caption\":\"Lesj\u00f6fors AB\"},\"image\":{\"@id\":\"https:\/\/www.lesjoforsab.com\/fi\/#\/schema\/logo\/image\/\"},\"sameAs\":[\"https:\/\/x.com\/lesjoforsgroup\",\"https:\/\/www.linkedin.com\/company\/lesjoforsab\/\",\"https:\/\/www.youtube.com\/user\/lesjoforsab\"]}]}<\/script>\n<!-- \/ Yoast SEO plugin. -->","yoast_head_json":{"title":"Kaikki saman katon alta - Lesj\u00f6fors - Industrial Springs and Pressings","robots":{"index":"index","follow":"follow","max-snippet":"max-snippet:-1","max-image-preview":"max-image-preview:large","max-video-preview":"max-video-preview:-1"},"canonical":"https:\/\/www.lesjoforsab.com\/fi\/palvelut\/yhden-luukun\/","og_locale":"fi_FI","og_type":"article","og_title":"Kaikki saman katon alta - Lesj\u00f6fors - Industrial Springs and Pressings","og_description":"Kun valitset Lesj\u00f6forsin yhteisty\u00f6kumppaniksesi, et tarvitse muita.\u00a0 Kaikki saman katon alta Lyhyesti sanottuna tarjoamme kaiken ongelmanratkaisusta tekniseen tukeen, kehitt\u00e4miseen ja tuotantoon. Jousiteollisuuden markkinajohtajana Lesj\u00f6fors-konserni toimittaa tunnetuille asiakkaille kaikkialla maailmassa. Kattavan vakiotuotevalikoiman lis\u00e4ksi tarjoamme my\u00f6s r\u00e4\u00e4t\u00e4l\u00f6idyt kehitys- ja tuotantoratkaisut, jotka on tarkasti sovitettu asiakkaiden tarpeisiin. OTA YHTEYTT\u00c4 L\u00c4HIMP\u00c4\u00c4N LESJ\u00d6FORS-YHTI\u00d6\u00d6N Jos haluat lis\u00e4tietoja toiminnastamme, ota yhteytt\u00e4 l\u00e4himp\u00e4\u00e4n [&hellip;]","og_url":"https:\/\/www.lesjoforsab.com\/fi\/palvelut\/yhden-luukun\/","og_site_name":"Lesj\u00f6fors - Industrial Springs and Pressings","article_modified_time":"2021-10-21T14:20:05+00:00","og_image":[{"width":1920,"height":840,"url":"https:\/\/www.lesjoforsab.com\/wp-content\/uploads\/User-Uploads\/General-Content\/All-Stage-Images\/Stagebild-CustomSprings-Spring.jpg","type":"image\/jpeg"}],"schema":{"@context":"https:\/\/schema.org","@graph":[{"@type":"WebPage","@id":"https:\/\/www.lesjoforsab.com\/fi\/palvelut\/yhden-luukun\/","url":"https:\/\/www.lesjoforsab.com\/fi\/palvelut\/yhden-luukun\/","name":"Kaikki saman katon alta - Lesj\u00f6fors - Industrial Springs and Pressings","isPartOf":{"@id":"https:\/\/www.lesjoforsab.com\/fi\/#website"},"datePublished":"2019-08-16T14:12:51+00:00","dateModified":"2021-10-21T14:20:05+00:00","breadcrumb":{"@id":"https:\/\/www.lesjoforsab.com\/fi\/palvelut\/yhden-luukun\/#breadcrumb"},"inLanguage":"fi","potentialAction":[{"@type":"ReadAction","target":["https:\/\/www.lesjoforsab.com\/fi\/palvelut\/yhden-luukun\/"]}]},{"@type":"BreadcrumbList","@id":"https:\/\/www.lesjoforsab.com\/fi\/palvelut\/yhden-luukun\/#breadcrumb","itemListElement":[{"@type":"ListItem","position":1,"name":"Etusivu","item":"https:\/\/www.lesjoforsab.com\/fi\/"},{"@type":"ListItem","position":2,"name":"Palvelut","item":"https:\/\/www.lesjoforsab.com\/fi\/palvelut\/"},{"@type":"ListItem","position":3,"name":"Kaikki saman katon alta"}]},{"@type":"WebSite","@id":"https:\/\/www.lesjoforsab.com\/fi\/#website","url":"https:\/\/www.lesjoforsab.com\/fi\/","name":"Lesj\u00f6fors - Industrial Springs and Pressings","description":"","publisher":{"@id":"https:\/\/www.lesjoforsab.com\/fi\/#organization"},"potentialAction":[{"@type":"SearchAction","target":{"@type":"EntryPoint","urlTemplate":"https:\/\/www.lesjoforsab.com\/fi\/?s={search_term_string}"},"query-input":{"@type":"PropertyValueSpecification","valueRequired":true,"valueName":"search_term_string"}}],"inLanguage":"fi"},{"@type":"Organization","@id":"https:\/\/www.lesjoforsab.com\/fi\/#organization","name":"Lesj\u00f6fors AB","url":"https:\/\/www.lesjoforsab.com\/fi\/","logo":{"@type":"ImageObject","inLanguage":"fi","@id":"https:\/\/www.lesjoforsab.com\/fi\/#\/schema\/logo\/image\/","url":"https:\/\/www.lesjoforsab.com\/wp-content\/uploads\/User-Uploads\/Lesjoefors-Brand\/Logotypes\/lesjofors-logo-without-payoff.jpg","contentUrl":"https:\/\/www.lesjoforsab.com\/wp-content\/uploads\/User-Uploads\/Lesjoefors-Brand\/Logotypes\/lesjofors-logo-without-payoff.jpg","width":1347,"height":378,"caption":"Lesj\u00f6fors AB"},"image":{"@id":"https:\/\/www.lesjoforsab.com\/fi\/#\/schema\/logo\/image\/"},"sameAs":["https:\/\/x.com\/lesjoforsgroup","https:\/\/www.linkedin.com\/company\/lesjoforsab\/","https:\/\/www.youtube.com\/user\/lesjoforsab"]}]}},"_links":{"self":[{"href":"https:\/\/www.lesjoforsab.com\/fi\/wp-json\/wp\/v2\/pages\/24646","targetHints":{"allow":["GET"]}}],"collection":[{"href":"https:\/\/www.lesjoforsab.com\/fi\/wp-json\/wp\/v2\/pages"}],"about":[{"href":"https:\/\/www.lesjoforsab.com\/fi\/wp-json\/wp\/v2\/types\/page"}],"author":[{"embeddable":true,"href":"https:\/\/www.lesjoforsab.com\/fi\/wp-json\/wp\/v2\/users\/3"}],"replies":[{"embeddable":true,"href":"https:\/\/www.lesjoforsab.com\/fi\/wp-json\/wp\/v2\/comments?post=24646"}],"version-history":[{"count":3,"href":"https:\/\/www.lesjoforsab.com\/fi\/wp-json\/wp\/v2\/pages\/24646\/revisions"}],"predecessor-version":[{"id":53651,"href":"https:\/\/www.lesjoforsab.com\/fi\/wp-json\/wp\/v2\/pages\/24646\/revisions\/53651"}],"up":[{"embeddable":true,"href":"https:\/\/www.lesjoforsab.com\/fi\/wp-json\/wp\/v2\/pages\/24569"}],"wp:attachment":[{"href":"https:\/\/www.lesjoforsab.com\/fi\/wp-json\/wp\/v2\/media?parent=24646"}],"curies":[{"name":"wp","href":"https:\/\/api.w.org\/{rel}","templated":true}]}}