{"id":24382,"date":"2019-08-16T16:33:15","date_gmt":"2019-08-16T14:33:15","guid":{"rendered":"https:\/\/www.lesjoforsab.com\/teollisuuden\/elektroniikka\/"},"modified":"2024-07-25T11:38:25","modified_gmt":"2024-07-25T09:38:25","slug":"elektroniikka","status":"publish","type":"page","link":"https:\/\/www.lesjoforsab.com\/fi\/teollisuuden\/elektroniikka\/","title":{"rendered":"Elektroniikka"},"content":{"rendered":"\t\t<div data-elementor-type=\"wp-page\" data-elementor-id=\"24382\" class=\"elementor elementor-24382 elementor-152\" data-elementor-post-type=\"page\">\n\t\t\t\t\t\t<section class=\"elementor-section elementor-top-section elementor-element elementor-element-2a8c504 elementor-section-boxed elementor-section-height-default elementor-section-height-default\" data-id=\"2a8c504\" data-element_type=\"section\" data-settings=\"{&quot;jet_parallax_layout_list&quot;:[{&quot;jet_parallax_layout_image&quot;:{&quot;url&quot;:&quot;&quot;,&quot;id&quot;:&quot;&quot;,&quot;size&quot;:&quot;&quot;},&quot;_id&quot;:&quot;d775061&quot;,&quot;jet_parallax_layout_image_tablet&quot;:{&quot;url&quot;:&quot;&quot;,&quot;id&quot;:&quot;&quot;,&quot;size&quot;:&quot;&quot;},&quot;jet_parallax_layout_image_mobile&quot;:{&quot;url&quot;:&quot;&quot;,&quot;id&quot;:&quot;&quot;,&quot;size&quot;:&quot;&quot;},&quot;jet_parallax_layout_speed&quot;:{&quot;unit&quot;:&quot;%&quot;,&quot;size&quot;:50,&quot;sizes&quot;:[]},&quot;jet_parallax_layout_type&quot;:&quot;scroll&quot;,&quot;jet_parallax_layout_direction&quot;:&quot;1&quot;,&quot;jet_parallax_layout_fx_direction&quot;:null,&quot;jet_parallax_layout_z_index&quot;:&quot;&quot;,&quot;jet_parallax_layout_bg_x&quot;:50,&quot;jet_parallax_layout_bg_x_tablet&quot;:&quot;&quot;,&quot;jet_parallax_layout_bg_x_mobile&quot;:&quot;&quot;,&quot;jet_parallax_layout_bg_y&quot;:50,&quot;jet_parallax_layout_bg_y_tablet&quot;:&quot;&quot;,&quot;jet_parallax_layout_bg_y_mobile&quot;:&quot;&quot;,&quot;jet_parallax_layout_bg_size&quot;:&quot;auto&quot;,&quot;jet_parallax_layout_bg_size_tablet&quot;:&quot;&quot;,&quot;jet_parallax_layout_bg_size_mobile&quot;:&quot;&quot;,&quot;jet_parallax_layout_animation_prop&quot;:&quot;transform&quot;,&quot;jet_parallax_layout_on&quot;:[&quot;desktop&quot;,&quot;tablet&quot;]}],&quot;background_background&quot;:&quot;classic&quot;}\">\n\t\t\t\t\t\t<div class=\"elementor-container elementor-column-gap-default\">\n\t\t\t\t\t<div class=\"elementor-column elementor-col-100 elementor-top-column elementor-element elementor-element-fd95ffc\" data-id=\"fd95ffc\" data-element_type=\"column\">\n\t\t\t<div class=\"elementor-widget-wrap elementor-element-populated\">\n\t\t\t\t\t\t<div class=\"elementor-element elementor-element-3bc4f1d white no-margin-bottom margin-top-biggest white elementor-widget elementor-widget-heading\" data-id=\"3bc4f1d\" data-element_type=\"widget\" data-widget_type=\"heading.default\">\n\t\t\t\t<div class=\"elementor-widget-container\">\n\t\t\t\t\t<h1 class=\"elementor-heading-title elementor-size-default\">Elektroniikka<\/h1>\t\t\t\t<\/div>\n\t\t\t\t<\/div>\n\t\t\t\t<div class=\"elementor-element elementor-element-44ac430 p white margin-bottom-big subtitle elementor-widget elementor-widget-text-editor\" data-id=\"44ac430\" data-element_type=\"widget\" data-widget_type=\"text-editor.default\">\n\t\t\t\t<div class=\"elementor-widget-container\">\n\t\t\t\t\t\t\t\t\tMonipuoliset tuotteet elektroniikkateollisuudelle.\t\t\t\t\t\t\t\t<\/div>\n\t\t\t\t<\/div>\n\t\t\t\t\t<\/div>\n\t\t<\/div>\n\t\t\t\t\t<\/div>\n\t\t<\/section>\n\t\t\t\t<section class=\"elementor-section elementor-top-section elementor-element elementor-element-34eea53 elementor-section-boxed elementor-section-height-default elementor-section-height-default\" data-id=\"34eea53\" data-element_type=\"section\" data-settings=\"{&quot;jet_parallax_layout_list&quot;:[{&quot;jet_parallax_layout_image&quot;:{&quot;url&quot;:&quot;&quot;,&quot;id&quot;:&quot;&quot;,&quot;size&quot;:&quot;&quot;},&quot;_id&quot;:&quot;1ae3376&quot;,&quot;jet_parallax_layout_image_tablet&quot;:{&quot;url&quot;:&quot;&quot;,&quot;id&quot;:&quot;&quot;,&quot;size&quot;:&quot;&quot;},&quot;jet_parallax_layout_image_mobile&quot;:{&quot;url&quot;:&quot;&quot;,&quot;id&quot;:&quot;&quot;,&quot;size&quot;:&quot;&quot;},&quot;jet_parallax_layout_speed&quot;:{&quot;unit&quot;:&quot;%&quot;,&quot;size&quot;:50,&quot;sizes&quot;:[]},&quot;jet_parallax_layout_type&quot;:&quot;scroll&quot;,&quot;jet_parallax_layout_direction&quot;:&quot;1&quot;,&quot;jet_parallax_layout_fx_direction&quot;:null,&quot;jet_parallax_layout_z_index&quot;:&quot;&quot;,&quot;jet_parallax_layout_bg_x&quot;:50,&quot;jet_parallax_layout_bg_x_tablet&quot;:&quot;&quot;,&quot;jet_parallax_layout_bg_x_mobile&quot;:&quot;&quot;,&quot;jet_parallax_layout_bg_y&quot;:50,&quot;jet_parallax_layout_bg_y_tablet&quot;:&quot;&quot;,&quot;jet_parallax_layout_bg_y_mobile&quot;:&quot;&quot;,&quot;jet_parallax_layout_bg_size&quot;:&quot;auto&quot;,&quot;jet_parallax_layout_bg_size_tablet&quot;:&quot;&quot;,&quot;jet_parallax_layout_bg_size_mobile&quot;:&quot;&quot;,&quot;jet_parallax_layout_animation_prop&quot;:&quot;transform&quot;,&quot;jet_parallax_layout_on&quot;:[&quot;desktop&quot;,&quot;tablet&quot;]}]}\">\n\t\t\t\t\t\t<div class=\"elementor-container elementor-column-gap-default\">\n\t\t\t\t\t<div class=\"elementor-column elementor-col-100 elementor-top-column elementor-element elementor-element-8c727df\" data-id=\"8c727df\" data-element_type=\"column\">\n\t\t\t<div class=\"elementor-widget-wrap elementor-element-populated\">\n\t\t\t\t\t\t<div class=\"elementor-element elementor-element-475d81f monocrumbs elementor-widget elementor-widget-breadcrumbs\" data-id=\"475d81f\" data-element_type=\"widget\" data-widget_type=\"breadcrumbs.default\">\n\t\t\t\t<div class=\"elementor-widget-container\">\n\t\t\t\t\t<p id=\"breadcrumbs\"><span><span><a href=\"https:\/\/www.lesjoforsab.com\/fi\/\">Etusivu<\/a><\/span><\/span><\/p>\t\t\t\t<\/div>\n\t\t\t\t<\/div>\n\t\t\t\t\t<\/div>\n\t\t<\/div>\n\t\t\t\t\t<\/div>\n\t\t<\/section>\n\t\t\t\t<section class=\"elementor-section elementor-top-section elementor-element elementor-element-cbb4671 margin-top-medium elementor-section-boxed elementor-section-height-default elementor-section-height-default\" data-id=\"cbb4671\" data-element_type=\"section\" data-settings=\"{&quot;jet_parallax_layout_list&quot;:[{&quot;jet_parallax_layout_image&quot;:{&quot;url&quot;:&quot;&quot;,&quot;id&quot;:&quot;&quot;,&quot;size&quot;:&quot;&quot;},&quot;_id&quot;:&quot;10a5b20&quot;,&quot;jet_parallax_layout_image_tablet&quot;:{&quot;url&quot;:&quot;&quot;,&quot;id&quot;:&quot;&quot;,&quot;size&quot;:&quot;&quot;},&quot;jet_parallax_layout_image_mobile&quot;:{&quot;url&quot;:&quot;&quot;,&quot;id&quot;:&quot;&quot;,&quot;size&quot;:&quot;&quot;},&quot;jet_parallax_layout_speed&quot;:{&quot;unit&quot;:&quot;%&quot;,&quot;size&quot;:50,&quot;sizes&quot;:[]},&quot;jet_parallax_layout_type&quot;:&quot;scroll&quot;,&quot;jet_parallax_layout_direction&quot;:&quot;1&quot;,&quot;jet_parallax_layout_fx_direction&quot;:null,&quot;jet_parallax_layout_z_index&quot;:&quot;&quot;,&quot;jet_parallax_layout_bg_x&quot;:50,&quot;jet_parallax_layout_bg_x_tablet&quot;:&quot;&quot;,&quot;jet_parallax_layout_bg_x_mobile&quot;:&quot;&quot;,&quot;jet_parallax_layout_bg_y&quot;:50,&quot;jet_parallax_layout_bg_y_tablet&quot;:&quot;&quot;,&quot;jet_parallax_layout_bg_y_mobile&quot;:&quot;&quot;,&quot;jet_parallax_layout_bg_size&quot;:&quot;auto&quot;,&quot;jet_parallax_layout_bg_size_tablet&quot;:&quot;&quot;,&quot;jet_parallax_layout_bg_size_mobile&quot;:&quot;&quot;,&quot;jet_parallax_layout_animation_prop&quot;:&quot;transform&quot;,&quot;jet_parallax_layout_on&quot;:[&quot;desktop&quot;,&quot;tablet&quot;]}]}\">\n\t\t\t\t\t\t<div class=\"elementor-container elementor-column-gap-default\">\n\t\t\t\t\t<div class=\"elementor-column elementor-col-33 elementor-top-column elementor-element elementor-element-1387821\" data-id=\"1387821\" data-element_type=\"column\">\n\t\t\t<div class=\"elementor-widget-wrap elementor-element-populated\">\n\t\t\t\t\t\t<div class=\"elementor-element elementor-element-c46bd83 decorated  elementor-widget elementor-widget-heading\" data-id=\"c46bd83\" data-element_type=\"widget\" data-widget_type=\"heading.default\">\n\t\t\t\t<div class=\"elementor-widget-container\">\n\t\t\t\t\t<h2 class=\"elementor-heading-title elementor-size-default\">Elektroniikkateollisuus<\/h2>\t\t\t\t<\/div>\n\t\t\t\t<\/div>\n\t\t\t\t<div class=\"elementor-element elementor-element-258cebe margin-top-small elementor-widget elementor-widget-text-editor\" data-id=\"258cebe\" data-element_type=\"widget\" data-widget_type=\"text-editor.default\">\n\t\t\t\t<div class=\"elementor-widget-container\">\n\t\t\t\t\t\t\t\t\t<p>Lesj\u00f6fors valmistaa ja toimittaa elektroniikkateollisuudelle runsaasti eri komponentteja, kuten <a href=\"https:\/\/www.lesjoforsab.com\/fi\/tuote\/puristinosat\/\">vakiojousia,<\/a><a href=\"https:\/\/www.lesjoforsab.com\/fi\/tuotteet\/painamalla\/\">r\u00e4\u00e4t\u00e4l\u00f6ityj\u00e4 puristin-<\/a> ja <a href=\"https:\/\/www.lesjoforsab.com\/fi\/tuote\/lanka-lomakkeet\/\">lankatuotteita<\/a>. N\u00e4it\u00e4 tuotteita k\u00e4ytet\u00e4\u00e4n yleisesti loisteputkiliittimiss\u00e4, pistokkeiden maadoituskiskoissa jne.<\/p><p>Jousiamme k\u00e4ytet\u00e4\u00e4n my\u00f6s laajasti kopiokoneissa ja tulostimissa sek\u00e4 kodinkoneissa, kuten imureissa ja j\u00e4\u00e4kaapeissa.<\/p><p>Lesj\u00f6forsissa olemme ylpeit\u00e4 elektroniikkateollisuudelle toimittamiemme tuotteiden monipuolisuudesta. Insin\u00f6\u00f6reill\u00e4mme on parhaat tiedot tuotteidemme suunnittelusta, valmistamisesta ja toimittamisesta asiakkaille eri puolilla maailmaa.<\/p>\t\t\t\t\t\t\t\t<\/div>\n\t\t\t\t<\/div>\n\t\t\t\t\t<\/div>\n\t\t<\/div>\n\t\t\t\t<div class=\"elementor-column elementor-col-66 elementor-top-column elementor-element elementor-element-88155cd\" data-id=\"88155cd\" data-element_type=\"column\">\n\t\t\t<div class=\"elementor-widget-wrap elementor-element-populated\">\n\t\t\t\t\t\t<div class=\"elementor-element elementor-element-4e3379c elementor-widget elementor-widget-image\" data-id=\"4e3379c\" data-element_type=\"widget\" data-widget_type=\"image.default\">\n\t\t\t\t<div class=\"elementor-widget-container\">\n\t\t\t\t\t\t\t\t\t\t\t\t\t\t\t<img fetchpriority=\"high\" decoding=\"async\" width=\"721\" height=\"421\" src=\"https:\/\/www.lesjoforsab.com\/wp-content\/uploads\/User-Uploads\/General-Content\/Industry\/Electronic-2.jpg\" class=\"attachment-large size-large wp-image-16196\" alt=\"radio mast illustration\" srcset=\"https:\/\/www.lesjoforsab.com\/wp-content\/uploads\/User-Uploads\/General-Content\/Industry\/Electronic-2.jpg 721w, https:\/\/www.lesjoforsab.com\/wp-content\/uploads\/User-Uploads\/General-Content\/Industry\/Electronic-2-300x175.jpg 300w, https:\/\/www.lesjoforsab.com\/wp-content\/uploads\/User-Uploads\/General-Content\/Industry\/Electronic-2-400x234.jpg 400w\" sizes=\"(max-width: 721px) 100vw, 721px\" \/>\t\t\t\t\t\t\t\t\t\t\t\t\t\t\t<\/div>\n\t\t\t\t<\/div>\n\t\t\t\t\t<\/div>\n\t\t<\/div>\n\t\t\t\t\t<\/div>\n\t\t<\/section>\n\t\t\t\t<section class=\"elementor-section elementor-top-section elementor-element elementor-element-388b16a elementor-section-boxed elementor-section-height-default elementor-section-height-default\" data-id=\"388b16a\" data-element_type=\"section\" data-settings=\"{&quot;jet_parallax_layout_list&quot;:[{&quot;jet_parallax_layout_image&quot;:{&quot;url&quot;:&quot;&quot;,&quot;id&quot;:&quot;&quot;,&quot;size&quot;:&quot;&quot;},&quot;_id&quot;:&quot;11c56fd&quot;,&quot;jet_parallax_layout_image_tablet&quot;:{&quot;url&quot;:&quot;&quot;,&quot;id&quot;:&quot;&quot;,&quot;size&quot;:&quot;&quot;},&quot;jet_parallax_layout_image_mobile&quot;:{&quot;url&quot;:&quot;&quot;,&quot;id&quot;:&quot;&quot;,&quot;size&quot;:&quot;&quot;},&quot;jet_parallax_layout_speed&quot;:{&quot;unit&quot;:&quot;%&quot;,&quot;size&quot;:50,&quot;sizes&quot;:[]},&quot;jet_parallax_layout_type&quot;:&quot;scroll&quot;,&quot;jet_parallax_layout_direction&quot;:&quot;1&quot;,&quot;jet_parallax_layout_fx_direction&quot;:null,&quot;jet_parallax_layout_z_index&quot;:&quot;&quot;,&quot;jet_parallax_layout_bg_x&quot;:50,&quot;jet_parallax_layout_bg_x_tablet&quot;:&quot;&quot;,&quot;jet_parallax_layout_bg_x_mobile&quot;:&quot;&quot;,&quot;jet_parallax_layout_bg_y&quot;:50,&quot;jet_parallax_layout_bg_y_tablet&quot;:&quot;&quot;,&quot;jet_parallax_layout_bg_y_mobile&quot;:&quot;&quot;,&quot;jet_parallax_layout_bg_size&quot;:&quot;auto&quot;,&quot;jet_parallax_layout_bg_size_tablet&quot;:&quot;&quot;,&quot;jet_parallax_layout_bg_size_mobile&quot;:&quot;&quot;,&quot;jet_parallax_layout_animation_prop&quot;:&quot;transform&quot;,&quot;jet_parallax_layout_on&quot;:[&quot;desktop&quot;,&quot;tablet&quot;]}]}\">\n\t\t\t\t\t\t<div class=\"elementor-container elementor-column-gap-default\">\n\t\t\t\t\t<div class=\"elementor-column elementor-col-50 elementor-top-column elementor-element elementor-element-6425caf\" data-id=\"6425caf\" data-element_type=\"column\">\n\t\t\t<div class=\"elementor-widget-wrap elementor-element-populated\">\n\t\t\t\t\t\t<div class=\"elementor-element elementor-element-81d605b h3 margin-top-big special-color elementor-widget elementor-widget-heading\" data-id=\"81d605b\" data-element_type=\"widget\" data-widget_type=\"heading.default\">\n\t\t\t\t<div class=\"elementor-widget-container\">\n\t\t\t\t\t<h2 class=\"elementor-heading-title elementor-size-default\">Tutustu meihin<\/h2>\t\t\t\t<\/div>\n\t\t\t\t<\/div>\n\t\t\t\t<div class=\"elementor-element elementor-element-0a0ed7d font-weight-medium elementor-widget elementor-widget-text-editor\" data-id=\"0a0ed7d\" data-element_type=\"widget\" data-widget_type=\"text-editor.default\">\n\t\t\t\t<div class=\"elementor-widget-container\">\n\t\t\t\t\t\t\t\t\tOta yhteytt\u00e4, jos haluat lis\u00e4tietoja jousistamme ja puristintuotteista elektroniikkateollisuudelle.\t\t\t\t\t\t\t\t<\/div>\n\t\t\t\t<\/div>\n\t\t\t\t<div class=\"elementor-element elementor-element-bf69326 elementor-widget elementor-widget-text-editor\" data-id=\"bf69326\" data-element_type=\"widget\" data-widget_type=\"text-editor.default\">\n\t\t\t\t<div class=\"elementor-widget-container\">\n\t\t\t\t\t\t\t\t\t<p>Lesj\u00f6fors on valmistanut jousia yli 150 vuotta. Tarjoamme maailman laajimman valikoima jousia ja puristintuotteita monille teollisuudenaloille.<\/p><p>Jos yrityksesi toimii autoteollisuudessa ja etsii laadukkaita osia tuotteisiisi, <a href=\"https:\/\/www.lesjoforsab.com\/fi\/ottaa-yhteytta\/\">ota yhteytt\u00e4 l\u00e4himp\u00e4\u00e4n Lesj\u00f6fors-yhti\u00f6\u00f6si. <\/a>Tai selaa digitaalista <a href=\"https:\/\/catalog.lesjoforsab.com\/\" target=\"_blank\" rel=\"noopener\">varastojousiluetteloamme.<\/a><br \/>Sielt\u00e4 l\u00f6yd\u00e4t laajan valikoiman vakiojousia ja lankoja, jotka ovat v\u00e4litt\u00f6m\u00e4sti saatavilla.<\/p>\t\t\t\t\t\t\t\t<\/div>\n\t\t\t\t<\/div>\n\t\t\t\t<div class=\"elementor-element elementor-element-80f7dc6 margin-bottom-big elementor-widget elementor-widget-button\" data-id=\"80f7dc6\" data-element_type=\"widget\" data-widget_type=\"button.default\">\n\t\t\t\t<div class=\"elementor-widget-container\">\n\t\t\t\t\t\t\t\t\t<div class=\"elementor-button-wrapper\">\n\t\t\t\t\t<a class=\"elementor-button elementor-button-link elementor-size-sm\" href=\"https:\/\/www.lesjoforsab.com\/contact\/\">\n\t\t\t\t\t\t<span class=\"elementor-button-content-wrapper\">\n\t\t\t\t\t\t\t\t\t<span class=\"elementor-button-text\">L\u00d6YD\u00c4 L\u00c4HIN LESJ\u00d6FORS-MYYJ\u00c4SI<\/span>\n\t\t\t\t\t<\/span>\n\t\t\t\t\t<\/a>\n\t\t\t\t<\/div>\n\t\t\t\t\t\t\t\t<\/div>\n\t\t\t\t<\/div>\n\t\t\t\t\t<\/div>\n\t\t<\/div>\n\t\t\t\t<div class=\"elementor-column elementor-col-50 elementor-top-column elementor-element elementor-element-fef0778\" data-id=\"fef0778\" data-element_type=\"column\">\n\t\t\t<div class=\"elementor-widget-wrap\">\n\t\t\t\t\t\t\t<\/div>\n\t\t<\/div>\n\t\t\t\t\t<\/div>\n\t\t<\/section>\n\t\t\t\t<\/div>\n\t\t","protected":false},"excerpt":{"rendered":"<p>Monipuoliset tuotteet elektroniikkateollisuudelle. Elektroniikkateollisuus Lesj\u00f6fors valmistaa ja toimittaa elektroniikkateollisuudelle runsaasti eri komponentteja, kuten vakiojousia,r\u00e4\u00e4t\u00e4l\u00f6ityj\u00e4 puristin- ja lankatuotteita. N\u00e4it\u00e4 tuotteita k\u00e4ytet\u00e4\u00e4n yleisesti loisteputkiliittimiss\u00e4, pistokkeiden maadoituskiskoissa jne. Jousiamme k\u00e4ytet\u00e4\u00e4n my\u00f6s laajasti kopiokoneissa ja tulostimissa sek\u00e4 kodinkoneissa, kuten imureissa ja j\u00e4\u00e4kaapeissa. Lesj\u00f6forsissa olemme ylpeit\u00e4 elektroniikkateollisuudelle toimittamiemme tuotteiden monipuolisuudesta. Insin\u00f6\u00f6reill\u00e4mme on parhaat tiedot tuotteidemme suunnittelusta, valmistamisesta ja toimittamisesta asiakkaille [&hellip;]<\/p>\n","protected":false},"author":3,"featured_media":0,"parent":16184,"menu_order":0,"comment_status":"closed","ping_status":"closed","template":"","meta":{"footnotes":""},"class_list":["post-24382","page","type-page","status-publish","hentry"],"yoast_head":"<!-- This site is optimized with the Yoast SEO plugin v25.6 - https:\/\/yoast.com\/wordpress\/plugins\/seo\/ -->\n<title>Lesj\u00f6fors - Jouset ja puristimet elektroniikkateollisuudelle<\/title>\n<meta name=\"description\" content=\"Puristimet ja lankaosat ovat vain esimerkkej\u00e4 elektroniikkateollisuudelle valmistamiemme komponenttien suuresta m\u00e4\u00e4r\u00e4st\u00e4.\" \/>\n<meta name=\"robots\" content=\"index, follow, max-snippet:-1, max-image-preview:large, max-video-preview:-1\" \/>\n<link rel=\"canonical\" href=\"https:\/\/www.lesjoforsab.com\/fi\/teollisuuden\/elektroniikka\/\" \/>\n<meta property=\"og:locale\" content=\"fi_FI\" \/>\n<meta property=\"og:type\" content=\"article\" \/>\n<meta property=\"og:title\" content=\"Lesj\u00f6fors - Jouset ja puristimet elektroniikkateollisuudelle\" \/>\n<meta property=\"og:description\" content=\"Puristimet ja lankaosat ovat vain esimerkkej\u00e4 elektroniikkateollisuudelle valmistamiemme komponenttien suuresta m\u00e4\u00e4r\u00e4st\u00e4.\" \/>\n<meta property=\"og:url\" content=\"https:\/\/www.lesjoforsab.com\/fi\/teollisuuden\/elektroniikka\/\" \/>\n<meta property=\"og:site_name\" content=\"Lesj\u00f6fors - Industrial Springs and Pressings\" \/>\n<meta property=\"article:modified_time\" content=\"2024-07-25T09:38:25+00:00\" \/>\n<meta property=\"og:image\" content=\"https:\/\/www.lesjoforsab.com\/wp-content\/uploads\/User-Uploads\/General-Content\/Industry\/Electronic-2.jpg\" \/>\n<script type=\"application\/ld+json\" class=\"yoast-schema-graph\">{\"@context\":\"https:\/\/schema.org\",\"@graph\":[{\"@type\":\"WebPage\",\"@id\":\"https:\/\/www.lesjoforsab.com\/fi\/teollisuuden\/elektroniikka\/\",\"url\":\"https:\/\/www.lesjoforsab.com\/fi\/teollisuuden\/elektroniikka\/\",\"name\":\"Lesj\u00f6fors - Jouset ja puristimet elektroniikkateollisuudelle\",\"isPartOf\":{\"@id\":\"https:\/\/www.lesjoforsab.com\/fi\/#website\"},\"primaryImageOfPage\":{\"@id\":\"https:\/\/www.lesjoforsab.com\/fi\/teollisuuden\/elektroniikka\/#primaryimage\"},\"image\":{\"@id\":\"https:\/\/www.lesjoforsab.com\/fi\/teollisuuden\/elektroniikka\/#primaryimage\"},\"thumbnailUrl\":\"https:\/\/www.lesjoforsab.com\/wp-content\/uploads\/User-Uploads\/General-Content\/Industry\/Electronic-2.jpg\",\"datePublished\":\"2019-08-16T14:33:15+00:00\",\"dateModified\":\"2024-07-25T09:38:25+00:00\",\"description\":\"Puristimet ja lankaosat ovat vain esimerkkej\u00e4 elektroniikkateollisuudelle valmistamiemme komponenttien suuresta m\u00e4\u00e4r\u00e4st\u00e4.\",\"breadcrumb\":{\"@id\":\"https:\/\/www.lesjoforsab.com\/fi\/teollisuuden\/elektroniikka\/#breadcrumb\"},\"inLanguage\":\"fi\",\"potentialAction\":[{\"@type\":\"ReadAction\",\"target\":[\"https:\/\/www.lesjoforsab.com\/fi\/teollisuuden\/elektroniikka\/\"]}]},{\"@type\":\"ImageObject\",\"inLanguage\":\"fi\",\"@id\":\"https:\/\/www.lesjoforsab.com\/fi\/teollisuuden\/elektroniikka\/#primaryimage\",\"url\":\"https:\/\/www.lesjoforsab.com\/wp-content\/uploads\/User-Uploads\/General-Content\/Industry\/Electronic-2.jpg\",\"contentUrl\":\"https:\/\/www.lesjoforsab.com\/wp-content\/uploads\/User-Uploads\/General-Content\/Industry\/Electronic-2.jpg\"},{\"@type\":\"BreadcrumbList\",\"@id\":\"https:\/\/www.lesjoforsab.com\/fi\/teollisuuden\/elektroniikka\/#breadcrumb\",\"itemListElement\":[{\"@type\":\"ListItem\",\"position\":1,\"name\":\"Etusivu\",\"item\":\"https:\/\/www.lesjoforsab.com\/fi\/\"},{\"@type\":\"ListItem\",\"position\":2,\"name\":\"Teollisuudenalat\",\"item\":\"https:\/\/www.lesjoforsab.com\/fi\/bransjer\/\"},{\"@type\":\"ListItem\",\"position\":3,\"name\":\"Elektroniikka\"}]},{\"@type\":\"WebSite\",\"@id\":\"https:\/\/www.lesjoforsab.com\/fi\/#website\",\"url\":\"https:\/\/www.lesjoforsab.com\/fi\/\",\"name\":\"Lesj\u00f6fors - Industrial Springs and Pressings\",\"description\":\"\",\"publisher\":{\"@id\":\"https:\/\/www.lesjoforsab.com\/fi\/#organization\"},\"potentialAction\":[{\"@type\":\"SearchAction\",\"target\":{\"@type\":\"EntryPoint\",\"urlTemplate\":\"https:\/\/www.lesjoforsab.com\/fi\/?s={search_term_string}\"},\"query-input\":{\"@type\":\"PropertyValueSpecification\",\"valueRequired\":true,\"valueName\":\"search_term_string\"}}],\"inLanguage\":\"fi\"},{\"@type\":\"Organization\",\"@id\":\"https:\/\/www.lesjoforsab.com\/fi\/#organization\",\"name\":\"Lesj\u00f6fors AB\",\"url\":\"https:\/\/www.lesjoforsab.com\/fi\/\",\"logo\":{\"@type\":\"ImageObject\",\"inLanguage\":\"fi\",\"@id\":\"https:\/\/www.lesjoforsab.com\/fi\/#\/schema\/logo\/image\/\",\"url\":\"https:\/\/www.lesjoforsab.com\/wp-content\/uploads\/User-Uploads\/Lesjoefors-Brand\/Logotypes\/lesjofors-logo-without-payoff.jpg\",\"contentUrl\":\"https:\/\/www.lesjoforsab.com\/wp-content\/uploads\/User-Uploads\/Lesjoefors-Brand\/Logotypes\/lesjofors-logo-without-payoff.jpg\",\"width\":1347,\"height\":378,\"caption\":\"Lesj\u00f6fors AB\"},\"image\":{\"@id\":\"https:\/\/www.lesjoforsab.com\/fi\/#\/schema\/logo\/image\/\"},\"sameAs\":[\"https:\/\/x.com\/lesjoforsgroup\",\"https:\/\/www.linkedin.com\/company\/lesjoforsab\/\",\"https:\/\/www.youtube.com\/user\/lesjoforsab\"]}]}<\/script>\n<!-- \/ Yoast SEO plugin. -->","yoast_head_json":{"title":"Lesj\u00f6fors - Jouset ja puristimet elektroniikkateollisuudelle","description":"Puristimet ja lankaosat ovat vain esimerkkej\u00e4 elektroniikkateollisuudelle valmistamiemme komponenttien suuresta m\u00e4\u00e4r\u00e4st\u00e4.","robots":{"index":"index","follow":"follow","max-snippet":"max-snippet:-1","max-image-preview":"max-image-preview:large","max-video-preview":"max-video-preview:-1"},"canonical":"https:\/\/www.lesjoforsab.com\/fi\/teollisuuden\/elektroniikka\/","og_locale":"fi_FI","og_type":"article","og_title":"Lesj\u00f6fors - Jouset ja puristimet elektroniikkateollisuudelle","og_description":"Puristimet ja lankaosat ovat vain esimerkkej\u00e4 elektroniikkateollisuudelle valmistamiemme komponenttien suuresta m\u00e4\u00e4r\u00e4st\u00e4.","og_url":"https:\/\/www.lesjoforsab.com\/fi\/teollisuuden\/elektroniikka\/","og_site_name":"Lesj\u00f6fors - Industrial Springs and Pressings","article_modified_time":"2024-07-25T09:38:25+00:00","og_image":[{"url":"https:\/\/www.lesjoforsab.com\/wp-content\/uploads\/User-Uploads\/General-Content\/Industry\/Electronic-2.jpg","type":"","width":"","height":""}],"schema":{"@context":"https:\/\/schema.org","@graph":[{"@type":"WebPage","@id":"https:\/\/www.lesjoforsab.com\/fi\/teollisuuden\/elektroniikka\/","url":"https:\/\/www.lesjoforsab.com\/fi\/teollisuuden\/elektroniikka\/","name":"Lesj\u00f6fors - Jouset ja puristimet elektroniikkateollisuudelle","isPartOf":{"@id":"https:\/\/www.lesjoforsab.com\/fi\/#website"},"primaryImageOfPage":{"@id":"https:\/\/www.lesjoforsab.com\/fi\/teollisuuden\/elektroniikka\/#primaryimage"},"image":{"@id":"https:\/\/www.lesjoforsab.com\/fi\/teollisuuden\/elektroniikka\/#primaryimage"},"thumbnailUrl":"https:\/\/www.lesjoforsab.com\/wp-content\/uploads\/User-Uploads\/General-Content\/Industry\/Electronic-2.jpg","datePublished":"2019-08-16T14:33:15+00:00","dateModified":"2024-07-25T09:38:25+00:00","description":"Puristimet ja lankaosat ovat vain esimerkkej\u00e4 elektroniikkateollisuudelle valmistamiemme komponenttien suuresta m\u00e4\u00e4r\u00e4st\u00e4.","breadcrumb":{"@id":"https:\/\/www.lesjoforsab.com\/fi\/teollisuuden\/elektroniikka\/#breadcrumb"},"inLanguage":"fi","potentialAction":[{"@type":"ReadAction","target":["https:\/\/www.lesjoforsab.com\/fi\/teollisuuden\/elektroniikka\/"]}]},{"@type":"ImageObject","inLanguage":"fi","@id":"https:\/\/www.lesjoforsab.com\/fi\/teollisuuden\/elektroniikka\/#primaryimage","url":"https:\/\/www.lesjoforsab.com\/wp-content\/uploads\/User-Uploads\/General-Content\/Industry\/Electronic-2.jpg","contentUrl":"https:\/\/www.lesjoforsab.com\/wp-content\/uploads\/User-Uploads\/General-Content\/Industry\/Electronic-2.jpg"},{"@type":"BreadcrumbList","@id":"https:\/\/www.lesjoforsab.com\/fi\/teollisuuden\/elektroniikka\/#breadcrumb","itemListElement":[{"@type":"ListItem","position":1,"name":"Etusivu","item":"https:\/\/www.lesjoforsab.com\/fi\/"},{"@type":"ListItem","position":2,"name":"Teollisuudenalat","item":"https:\/\/www.lesjoforsab.com\/fi\/bransjer\/"},{"@type":"ListItem","position":3,"name":"Elektroniikka"}]},{"@type":"WebSite","@id":"https:\/\/www.lesjoforsab.com\/fi\/#website","url":"https:\/\/www.lesjoforsab.com\/fi\/","name":"Lesj\u00f6fors - Industrial Springs and Pressings","description":"","publisher":{"@id":"https:\/\/www.lesjoforsab.com\/fi\/#organization"},"potentialAction":[{"@type":"SearchAction","target":{"@type":"EntryPoint","urlTemplate":"https:\/\/www.lesjoforsab.com\/fi\/?s={search_term_string}"},"query-input":{"@type":"PropertyValueSpecification","valueRequired":true,"valueName":"search_term_string"}}],"inLanguage":"fi"},{"@type":"Organization","@id":"https:\/\/www.lesjoforsab.com\/fi\/#organization","name":"Lesj\u00f6fors AB","url":"https:\/\/www.lesjoforsab.com\/fi\/","logo":{"@type":"ImageObject","inLanguage":"fi","@id":"https:\/\/www.lesjoforsab.com\/fi\/#\/schema\/logo\/image\/","url":"https:\/\/www.lesjoforsab.com\/wp-content\/uploads\/User-Uploads\/Lesjoefors-Brand\/Logotypes\/lesjofors-logo-without-payoff.jpg","contentUrl":"https:\/\/www.lesjoforsab.com\/wp-content\/uploads\/User-Uploads\/Lesjoefors-Brand\/Logotypes\/lesjofors-logo-without-payoff.jpg","width":1347,"height":378,"caption":"Lesj\u00f6fors AB"},"image":{"@id":"https:\/\/www.lesjoforsab.com\/fi\/#\/schema\/logo\/image\/"},"sameAs":["https:\/\/x.com\/lesjoforsgroup","https:\/\/www.linkedin.com\/company\/lesjoforsab\/","https:\/\/www.youtube.com\/user\/lesjoforsab"]}]}},"_links":{"self":[{"href":"https:\/\/www.lesjoforsab.com\/fi\/wp-json\/wp\/v2\/pages\/24382","targetHints":{"allow":["GET"]}}],"collection":[{"href":"https:\/\/www.lesjoforsab.com\/fi\/wp-json\/wp\/v2\/pages"}],"about":[{"href":"https:\/\/www.lesjoforsab.com\/fi\/wp-json\/wp\/v2\/types\/page"}],"author":[{"embeddable":true,"href":"https:\/\/www.lesjoforsab.com\/fi\/wp-json\/wp\/v2\/users\/3"}],"replies":[{"embeddable":true,"href":"https:\/\/www.lesjoforsab.com\/fi\/wp-json\/wp\/v2\/comments?post=24382"}],"version-history":[{"count":18,"href":"https:\/\/www.lesjoforsab.com\/fi\/wp-json\/wp\/v2\/pages\/24382\/revisions"}],"predecessor-version":[{"id":86976,"href":"https:\/\/www.lesjoforsab.com\/fi\/wp-json\/wp\/v2\/pages\/24382\/revisions\/86976"}],"up":[{"embeddable":true,"href":"https:\/\/www.lesjoforsab.com\/fi\/wp-json\/wp\/v2\/pages\/16184"}],"wp:attachment":[{"href":"https:\/\/www.lesjoforsab.com\/fi\/wp-json\/wp\/v2\/media?parent=24382"}],"curies":[{"name":"wp","href":"https:\/\/api.w.org\/{rel}","templated":true}]}}