{"id":98573,"date":"2025-10-16T10:48:51","date_gmt":"2025-10-16T08:48:51","guid":{"rendered":"https:\/\/www.lesjoforsab.com\/?page_id=98573"},"modified":"2025-10-16T11:08:24","modified_gmt":"2025-10-16T09:08:24","slug":"agritechnica-2025","status":"publish","type":"page","link":"https:\/\/www.lesjoforsab.com\/de\/agritechnica\/","title":{"rendered":"Agritechnica 2025"},"content":{"rendered":"\t\t<div data-elementor-type=\"wp-page\" data-elementor-id=\"98573\" class=\"elementor elementor-98573 elementor-98572\" data-elementor-post-type=\"page\">\n\t\t\t\t<div class=\"elementor-element elementor-element-33929d9 e-flex e-con-boxed e-con e-parent\" data-id=\"33929d9\" data-element_type=\"container\" data-settings=\"{&quot;background_background&quot;:&quot;classic&quot;,&quot;jet_parallax_layout_list&quot;:[]}\">\n\t\t\t\t\t<div class=\"e-con-inner\">\n\t\t\t\t<div class=\"elementor-element elementor-element-943c93d p white margin-bottom-big  elementor-widget elementor-widget-text-editor\" data-id=\"943c93d\" data-element_type=\"widget\" data-widget_type=\"text-editor.default\">\n\t\t\t\t<div class=\"elementor-widget-container\">\n\t\t\t\t\t\t\t\t\t<p><strong>9. &#8211; 15. November 2025<\/strong><br \/>Messegel\u00e4nder Hannover, Deutschland<\/p>\t\t\t\t\t\t\t\t<\/div>\n\t\t\t\t<\/div>\n\t\t\t\t\t<\/div>\n\t\t\t\t<\/div>\n\t\t<div class=\"elementor-element elementor-element-1a61cc8 e-flex e-con-boxed e-con e-parent\" data-id=\"1a61cc8\" data-element_type=\"container\" data-settings=\"{&quot;jet_parallax_layout_list&quot;:[]}\">\n\t\t\t\t\t<div class=\"e-con-inner\">\n\t\t\t\t<div class=\"elementor-element elementor-element-ce7c1d7 elementor-widget elementor-widget-heading\" data-id=\"ce7c1d7\" data-element_type=\"widget\" data-widget_type=\"heading.default\">\n\t\t\t\t<div class=\"elementor-widget-container\">\n\t\t\t\t\t<h2 class=\"elementor-heading-title elementor-size-default\">Treffen Sie uns auf der Messe<\/h2>\t\t\t\t<\/div>\n\t\t\t\t<\/div>\n\t\t\t\t<div class=\"elementor-element elementor-element-65395ed elementor-widget elementor-widget-text-editor\" data-id=\"65395ed\" data-element_type=\"widget\" data-widget_type=\"text-editor.default\">\n\t\t\t\t<div class=\"elementor-widget-container\">\n\t\t\t\t\t\t\t\t\t<p>Vereinbaren Sie einen Termin mit unseren Experten und besuchen Sie uns an unserem Stand.<br \/>Kontaktieren Sie uns, um eine kostenlose Messeeintrittskarte zu erhalten.<\/p>\t\t\t\t\t\t\t\t<\/div>\n\t\t\t\t<\/div>\n\t\t\t\t\t<\/div>\n\t\t\t\t<\/div>\n\t\t<div class=\"elementor-element elementor-element-0fbddfb e-flex e-con-boxed e-con e-parent\" data-id=\"0fbddfb\" data-element_type=\"container\" data-settings=\"{&quot;jet_parallax_layout_list&quot;:[]}\">\n\t\t\t\t\t<div class=\"e-con-inner\">\n\t\t\t\t<div class=\"elementor-element elementor-element-dcef65a elementor-button-align-stretch elementor-widget elementor-widget-form\" data-id=\"dcef65a\" data-element_type=\"widget\" data-settings=\"{&quot;step_next_label&quot;:&quot;Next&quot;,&quot;step_previous_label&quot;:&quot;Previous&quot;,&quot;button_width&quot;:&quot;100&quot;,&quot;step_type&quot;:&quot;number_text&quot;,&quot;step_icon_shape&quot;:&quot;circle&quot;}\" data-widget_type=\"form.default\">\n\t\t\t\t<div class=\"elementor-widget-container\">\n\t\t\t\t\t\t\t<form class=\"elementor-form\" method=\"post\" id=\"event\" name=\"New Form\" aria-label=\"New Form\">\n\t\t\t<input type=\"hidden\" name=\"post_id\" value=\"98573\"\/>\n\t\t\t<input type=\"hidden\" name=\"form_id\" value=\"dcef65a\"\/>\n\t\t\t<input type=\"hidden\" name=\"referer_title\" value=\"Lesj\u00f6fors &#8211; Industrial Springs and Pressings\" \/>\n\n\t\t\t\n\t\t\t<div class=\"elementor-form-fields-wrapper elementor-labels-above\">\n\t\t\t\t\t\t\t\t<div class=\"elementor-field-type-text elementor-field-group elementor-column elementor-field-group-field_0e519fa elementor-col-100\">\n\t\t\t\t\t\t\t\t\t\t\t\t<label for=\"form-field-field_0e519fa\" class=\"elementor-field-label\">\n\t\t\t\t\t\t\t\tEvent\t\t\t\t\t\t\t<\/label>\n\t\t\t\t\t\t\t\t\t\t\t\t\t\t<input size=\"1\" type=\"text\" name=\"form_fields[field_0e519fa]\" id=\"form-field-field_0e519fa\" class=\"elementor-field elementor-size-sm  elementor-field-textual\" placeholder=\"Event\" value=\"Agritechnica 2025\">\n\t\t\t\t\t\t\t\t\t\t\t<\/div>\n\t\t\t\t\t\t\t\t<div class=\"elementor-field-type-text elementor-field-group elementor-column elementor-field-group-field_40609bf elementor-col-100\">\n\t\t\t\t\t\t\t\t\t\t\t\t<label for=\"form-field-field_40609bf\" class=\"elementor-field-label\">\n\t\t\t\t\t\t\t\tVorname\t\t\t\t\t\t\t<\/label>\n\t\t\t\t\t\t\t\t\t\t\t\t\t\t<input size=\"1\" type=\"text\" name=\"form_fields[field_40609bf]\" id=\"form-field-field_40609bf\" class=\"elementor-field elementor-size-sm  elementor-field-textual\" placeholder=\"Vorname\">\n\t\t\t\t\t\t\t\t\t\t\t<\/div>\n\t\t\t\t\t\t\t\t<div class=\"elementor-field-type-text elementor-field-group elementor-column elementor-field-group-name elementor-col-100\">\n\t\t\t\t\t\t\t\t\t\t\t\t<label for=\"form-field-name\" class=\"elementor-field-label\">\n\t\t\t\t\t\t\t\tFamilienname\t\t\t\t\t\t\t<\/label>\n\t\t\t\t\t\t\t\t\t\t\t\t\t\t<input size=\"1\" type=\"text\" name=\"form_fields[name]\" id=\"form-field-name\" class=\"elementor-field elementor-size-sm  elementor-field-textual\" placeholder=\"Familienname\">\n\t\t\t\t\t\t\t\t\t\t\t<\/div>\n\t\t\t\t\t\t\t\t<div class=\"elementor-field-type-email elementor-field-group elementor-column elementor-field-group-email elementor-col-100 elementor-field-required\">\n\t\t\t\t\t\t\t\t\t\t\t\t<label for=\"form-field-email\" class=\"elementor-field-label\">\n\t\t\t\t\t\t\t\tEmail\t\t\t\t\t\t\t<\/label>\n\t\t\t\t\t\t\t\t\t\t\t\t\t\t<input size=\"1\" type=\"email\" name=\"form_fields[email]\" id=\"form-field-email\" class=\"elementor-field elementor-size-sm  elementor-field-textual\" placeholder=\"Email\" required=\"required\">\n\t\t\t\t\t\t\t\t\t\t\t<\/div>\n\t\t\t\t\t\t\t\t<div class=\"elementor-field-type-textarea elementor-field-group elementor-column elementor-field-group-message elementor-col-100\">\n\t\t\t\t\t\t\t\t\t\t\t\t<label for=\"form-field-message\" class=\"elementor-field-label\">\n\t\t\t\t\t\t\t\tNachricht\t\t\t\t\t\t\t<\/label>\n\t\t\t\t\t\t<textarea class=\"elementor-field-textual elementor-field  elementor-size-sm\" name=\"form_fields[message]\" id=\"form-field-message\" rows=\"4\" placeholder=\"Nachricht\"><\/textarea>\t\t\t\t<\/div>\n\t\t\t\t\t\t\t\t<div class=\"elementor-field-group elementor-column elementor-field-type-submit elementor-col-100 e-form__buttons\">\n\t\t\t\t\t<button class=\"elementor-button elementor-size-sm\" type=\"submit\">\n\t\t\t\t\t\t<span class=\"elementor-button-content-wrapper\">\n\t\t\t\t\t\t\t\t\t\t\t\t\t\t\t\t\t\t\t\t\t\t<span class=\"elementor-button-text\">Absenden<\/span>\n\t\t\t\t\t\t\t\t\t\t\t\t\t<\/span>\n\t\t\t\t\t<\/button>\n\t\t\t\t<\/div>\n\t\t\t<\/div>\n\t\t<\/form>\n\t\t\t\t\t\t<\/div>\n\t\t\t\t<\/div>\n\t\t\t\t<div class=\"elementor-element elementor-element-594401f elementor-widget elementor-widget-text-editor\" data-id=\"594401f\" data-element_type=\"widget\" data-widget_type=\"text-editor.default\">\n\t\t\t\t<div class=\"elementor-widget-container\">\n\t\t\t\t\t\t\t\t\t<p>* Mit Klicken auf &#8222;Absenden&#8220; willigen Sie ein, dass Ihre Daten ausschlie\u00dflich zu Zwecken der Kontaktaufnahme seitens der Lesj\u00f6fors Group erhoben, verarbeitet und genutzt werden und dass Sie unsere <a href=\"https:\/\/www.lesjoforsab.com\/de\/datenschutz\/\">Datenschutzhinweise<\/a> akzeptieren.<\/p>\t\t\t\t\t\t\t\t<\/div>\n\t\t\t\t<\/div>\n\t\t\t\t\t<\/div>\n\t\t\t\t<\/div>\n\t\t<div class=\"elementor-element elementor-element-c729fc7 e-flex e-con-boxed e-con e-parent\" data-id=\"c729fc7\" data-element_type=\"container\" data-settings=\"{&quot;jet_parallax_layout_list&quot;:[]}\">\n\t\t\t\t\t<div class=\"e-con-inner\">\n\t\t\t\t<div class=\"elementor-element elementor-element-2395719 elementor-widget elementor-widget-spacer\" data-id=\"2395719\" data-element_type=\"widget\" data-widget_type=\"spacer.default\">\n\t\t\t\t<div class=\"elementor-widget-container\">\n\t\t\t\t\t\t\t<div class=\"elementor-spacer\">\n\t\t\t<div class=\"elementor-spacer-inner\"><\/div>\n\t\t<\/div>\n\t\t\t\t\t\t<\/div>\n\t\t\t\t<\/div>\n\t\t\t\t\t<\/div>\n\t\t\t\t<\/div>\n\t\t<div class=\"elementor-element elementor-element-e51a282 e-flex e-con-boxed e-con e-parent\" data-id=\"e51a282\" data-element_type=\"container\" data-settings=\"{&quot;jet_parallax_layout_list&quot;:[]}\">\n\t\t\t\t\t<div class=\"e-con-inner\">\n\t\t\t\t<div class=\"elementor-element elementor-element-74b9d20 elementor-widget elementor-widget-heading\" data-id=\"74b9d20\" data-element_type=\"widget\" data-widget_type=\"heading.default\">\n\t\t\t\t<div class=\"elementor-widget-container\">\n\t\t\t\t\t<h2 class=\"elementor-heading-title elementor-size-default\">\u00dcber die Messe<\/h2>\t\t\t\t<\/div>\n\t\t\t\t<\/div>\n\t\t\t\t\t<\/div>\n\t\t\t\t<\/div>\n\t\t<div class=\"elementor-element elementor-element-a747c9b e-flex e-con-boxed e-con e-parent\" data-id=\"a747c9b\" data-element_type=\"container\" data-settings=\"{&quot;jet_parallax_layout_list&quot;:[]}\">\n\t\t\t\t\t<div class=\"e-con-inner\">\n\t\t<div class=\"elementor-element elementor-element-f20ebe2 e-con-full e-flex e-con e-child\" data-id=\"f20ebe2\" data-element_type=\"container\" data-settings=\"{&quot;jet_parallax_layout_list&quot;:[]}\">\n\t\t\t\t<div class=\"elementor-element elementor-element-ba31cbe elementor-widget elementor-widget-text-editor\" data-id=\"ba31cbe\" data-element_type=\"widget\" data-widget_type=\"text-editor.default\">\n\t\t\t\t<div class=\"elementor-widget-container\">\n\t\t\t\t\t\t\t\t\t<p>Besuchen Sie uns auf der weltweit f\u00fchrenden Fachmesse f\u00fcr Landtechnik \u2013 der AGRITECHNICA 2025 \u2013 unter dem Leitmotiv <b>\u201eTouch Smart Efficiency\u201d.<\/b> Als bew\u00e4hrter Hersteller hochwertiger <b>Federn, Stanz- und Biegeteilen<\/b> sind wir stolz darauf, Ihnen zu zeigen, wie unsere Pr\u00e4zisionskomponenten zu intelligenteren und effizienteren Agrarsystemen beitragen.<\/p><p>Entdecken Sie, wie unsere L\u00f6sungen Innovation, Nachhaltigkeit und Produktivit\u00e4t in der globalen Pflanzenproduktion unterst\u00fctzen. Treffen Sie unser Team, entdecken Sie unsere neuesten Entwicklungen und kn\u00fcpfen Sie Kontakte zu Branchenf\u00fchrern und Vision\u00e4ren, die die Zukunft der Landwirtschaft gestalten.<\/p>\t\t\t\t\t\t\t\t<\/div>\n\t\t\t\t<\/div>\n\t\t\t\t<\/div>\n\t\t<div class=\"elementor-element elementor-element-adaf4ff e-con-full e-flex e-con e-child\" data-id=\"adaf4ff\" data-element_type=\"container\" data-settings=\"{&quot;jet_parallax_layout_list&quot;:[]}\">\n\t\t\t\t<div class=\"elementor-element elementor-element-978fd67 elementor-widget elementor-widget-text-editor\" data-id=\"978fd67\" data-element_type=\"widget\" data-widget_type=\"text-editor.default\">\n\t\t\t\t<div class=\"elementor-widget-container\">\n\t\t\t\t\t\t\t\t\t<p>\ud83d\udccd Besuchen Sie uns an unserem Stand und erleben Sie die Synergie von Technologie und Effizienz hautnah!<\/p><p>Weitere Informationen finden Sie unter:<\/p><p><a href=\"https:\/\/www.agritechnica.com\/de\/besuchen\">https:\/\/www.agritechnica.com\/de\/besuchen<\/a><\/p>\t\t\t\t\t\t\t\t<\/div>\n\t\t\t\t<\/div>\n\t\t\t\t<div class=\"elementor-element elementor-element-bb78a07 elementor-widget elementor-widget-image\" data-id=\"bb78a07\" data-element_type=\"widget\" data-widget_type=\"image.default\">\n\t\t\t\t<div class=\"elementor-widget-container\">\n\t\t\t\t\t\t\t\t\t\t\t\t\t\t\t<img fetchpriority=\"high\" decoding=\"async\" width=\"600\" height=\"140\" src=\"https:\/\/www.lesjoforsab.com\/wp-content\/uploads\/banner-agritechnica-email-de.png\" class=\"attachment-large size-large wp-image-98624\" alt=\"\" srcset=\"https:\/\/www.lesjoforsab.com\/wp-content\/uploads\/banner-agritechnica-email-de.png 600w, https:\/\/www.lesjoforsab.com\/wp-content\/uploads\/banner-agritechnica-email-de-300x70.png 300w, https:\/\/www.lesjoforsab.com\/wp-content\/uploads\/banner-agritechnica-email-de-400x93.png 400w\" sizes=\"(max-width: 600px) 100vw, 600px\" \/>\t\t\t\t\t\t\t\t\t\t\t\t\t\t\t<\/div>\n\t\t\t\t<\/div>\n\t\t\t\t<\/div>\n\t\t\t\t\t<\/div>\n\t\t\t\t<\/div>\n\t\t<div class=\"elementor-element elementor-element-9fdae8f e-flex e-con-boxed e-con e-parent\" data-id=\"9fdae8f\" data-element_type=\"container\" data-settings=\"{&quot;jet_parallax_layout_list&quot;:[]}\">\n\t\t\t\t\t<div class=\"e-con-inner\">\n\t\t\t\t<div class=\"elementor-element elementor-element-fa311ae elementor-widget elementor-widget-heading\" data-id=\"fa311ae\" data-element_type=\"widget\" data-widget_type=\"heading.default\">\n\t\t\t\t<div class=\"elementor-widget-container\">\n\t\t\t\t\t<h2 class=\"elementor-heading-title elementor-size-default\">Gib hier deine \u00dcberschrift ein<\/h2>\t\t\t\t<\/div>\n\t\t\t\t<\/div>\n\t\t\t\t\t<\/div>\n\t\t\t\t<\/div>\n\t\t<div class=\"elementor-element elementor-element-2206384 e-flex e-con-boxed e-con e-parent\" data-id=\"2206384\" data-element_type=\"container\" data-settings=\"{&quot;jet_parallax_layout_list&quot;:[]}\">\n\t\t\t\t\t<div class=\"e-con-inner\">\n\t\t<div class=\"elementor-element elementor-element-aeecdfa e-con-full e-flex e-con e-child\" data-id=\"aeecdfa\" data-element_type=\"container\" data-settings=\"{&quot;jet_parallax_layout_list&quot;:[]}\">\n\t\t\t\t<div class=\"elementor-element elementor-element-bb2f22b elementor-widget elementor-widget-image\" data-id=\"bb2f22b\" data-element_type=\"widget\" data-widget_type=\"image.default\">\n\t\t\t\t<div class=\"elementor-widget-container\">\n\t\t\t\t\t\t\t\t\t\t\t\t\t\t\t<img decoding=\"async\" width=\"800\" height=\"484\" src=\"https:\/\/www.lesjoforsab.com\/wp-content\/uploads\/user-uploads\/industries\/agriculture\/adobestock_232958581-1024x620.jpeg\" class=\"attachment-large size-large wp-image-98596\" alt=\"Tractor working on the farm, a modern agricultural transport, a farmer working in the field, tractor at sunset, modern tractor closeup\" srcset=\"https:\/\/www.lesjoforsab.com\/wp-content\/uploads\/user-uploads\/industries\/agriculture\/adobestock_232958581-1024x620.jpeg 1024w, https:\/\/www.lesjoforsab.com\/wp-content\/uploads\/user-uploads\/industries\/agriculture\/adobestock_232958581-300x182.jpeg 300w, https:\/\/www.lesjoforsab.com\/wp-content\/uploads\/user-uploads\/industries\/agriculture\/adobestock_232958581-768x465.jpeg 768w, https:\/\/www.lesjoforsab.com\/wp-content\/uploads\/user-uploads\/industries\/agriculture\/adobestock_232958581-1536x929.jpeg 1536w, https:\/\/www.lesjoforsab.com\/wp-content\/uploads\/user-uploads\/industries\/agriculture\/adobestock_232958581-2048x1239.jpeg 2048w, https:\/\/www.lesjoforsab.com\/wp-content\/uploads\/user-uploads\/industries\/agriculture\/adobestock_232958581-400x242.jpeg 400w\" sizes=\"(max-width: 800px) 100vw, 800px\" \/>\t\t\t\t\t\t\t\t\t\t\t\t\t\t\t<\/div>\n\t\t\t\t<\/div>\n\t\t\t\t<\/div>\n\t\t<div class=\"elementor-element elementor-element-4e0b9f8 e-con-full e-flex e-con e-child\" data-id=\"4e0b9f8\" data-element_type=\"container\" data-settings=\"{&quot;jet_parallax_layout_list&quot;:[]}\">\n\t\t\t\t<div class=\"elementor-element elementor-element-201d035 elementor-widget elementor-widget-text-editor\" data-id=\"201d035\" data-element_type=\"widget\" data-widget_type=\"text-editor.default\">\n\t\t\t\t<div class=\"elementor-widget-container\">\n\t\t\t\t\t\t\t\t\t<p><span style=\"font-size: 1.1rem; letter-spacing: 0.01em; word-spacing: -0.04em;\">Auf der AGRITECHNICA 2025 zeigen wir, wie unsere <\/span><b style=\"font-size: 1.1rem; letter-spacing: 0.01em; word-spacing: -0.04em;\">pr\u00e4zisionsgefertigten Federn und Stanz- und Biegeteile<\/b><span style=\"font-size: 1.1rem; letter-spacing: 0.01em; word-spacing: -0.04em;\"> eine wichtige Rolle in modernen Landmaschinen spielen. Unsere Federn sind darauf ausgelegt, St\u00f6\u00dfe zu absorbieren, die Stabilit\u00e4t zu erh\u00f6hen und die Traktion zu verbessern. Sie gew\u00e4hrleisten eine zuverl\u00e4ssige Leistung auch unter extremen Belastungen und in schwierigem Gel\u00e4nde. Von Traktoren bis zu Erntemaschinen \u2013 Federn von Lesj\u00f6fors unterst\u00fctzen intelligentere, effizientere landwirtschaftliche Systeme und passen damit perfekt zum diesj\u00e4hrigen Thema \u201eTouch Smart Efficiency\u201c. <\/span><b style=\"font-size: 1.1rem; letter-spacing: 0.01em; word-spacing: -0.04em;\">Entdecken Sie, wie unsere Innovationen zu nachhaltigen und produktiven L\u00f6sungen f\u00fcr den Ackerbau beitragen.<\/b><\/p><p>Lesen Sie mehr dazu in <a href=\"https:\/\/lesjoforssprings.com\/insights\/heavy-springs-in-agricultural-machinery\/\">diesem Artikel<\/a>.<\/p>\t\t\t\t\t\t\t\t<\/div>\n\t\t\t\t<\/div>\n\t\t\t\t<\/div>\n\t\t\t\t\t<\/div>\n\t\t\t\t<\/div>\n\t\t\t\t<\/div>\n\t\t","protected":false},"excerpt":{"rendered":"<p>16. &#8211; 18. September 2025K\u00f6ln Messe, Deutschland \u00dcber die Messe Milliarden Euro werden in die europ\u00e4ische Strominfrastruktur investiert \u2013 eine historische Chance f\u00fcr den Bereich Strom\u00fcbertragung und -verteilung. Dieser Moment bietet ein enormes Gesch\u00e4ftspotenzial f\u00fcr Systementwickler, Auftragnehmer und Netzwerkarchitekten. Die Veranstaltung ist ausschlie\u00dflich Anbietern aus dem Bereich Strom\u00fcbertragung und -verteilung gewidmet und bietet die perfekte [&hellip;]<\/p>\n","protected":false},"author":50,"featured_media":81973,"parent":0,"menu_order":0,"comment_status":"closed","ping_status":"closed","template":"","meta":{"footnotes":""},"class_list":["post-98573","page","type-page","status-publish","has-post-thumbnail","hentry"],"yoast_head":"<!-- This site is optimized with the Yoast SEO plugin v25.6 - https:\/\/yoast.com\/wordpress\/plugins\/seo\/ -->\n<title>Lesj\u00f6fors Gruppe | Anstehende Messen<\/title>\n<meta name=\"description\" content=\"Die Lesj\u00f6fors Gruppe stellt auf der Power Transmission and Distribution Technology Expo auf der K\u00f6lner Messe aus.\" \/>\n<meta name=\"robots\" content=\"index, follow, max-snippet:-1, max-image-preview:large, max-video-preview:-1\" \/>\n<link rel=\"canonical\" href=\"https:\/\/www.lesjoforsab.com\/de\/agritechnica\/\" \/>\n<meta property=\"og:locale\" content=\"de_DE\" \/>\n<meta property=\"og:type\" content=\"article\" \/>\n<meta property=\"og:title\" content=\"Lesj\u00f6fors Gruppe | Anstehende Messen\" \/>\n<meta property=\"og:description\" content=\"Die Lesj\u00f6fors Gruppe stellt auf der Power Transmission and Distribution Technology Expo auf der K\u00f6lner Messe aus.\" \/>\n<meta property=\"og:url\" content=\"https:\/\/www.lesjoforsab.com\/de\/agritechnica\/\" \/>\n<meta property=\"og:site_name\" content=\"Lesj\u00f6fors - Industrial Springs and Pressings\" \/>\n<meta property=\"article:modified_time\" content=\"2025-10-16T09:08:24+00:00\" \/>\n<meta property=\"og:image\" content=\"https:\/\/www.lesjoforsab.com\/wp-content\/uploads\/user-uploads\/industries\/power\/adobestock_893686345_klein-scaled.jpeg\" \/>\n\t<meta property=\"og:image:width\" content=\"3840\" \/>\n\t<meta property=\"og:image:height\" content=\"2880\" \/>\n\t<meta property=\"og:image:type\" content=\"image\/jpeg\" \/>\n<script type=\"application\/ld+json\" class=\"yoast-schema-graph\">{\"@context\":\"https:\/\/schema.org\",\"@graph\":[{\"@type\":\"WebPage\",\"@id\":\"https:\/\/www.lesjoforsab.com\/de\/agritechnica\/\",\"url\":\"https:\/\/www.lesjoforsab.com\/de\/agritechnica\/\",\"name\":\"Lesj\u00f6fors Gruppe | Anstehende Messen\",\"isPartOf\":{\"@id\":\"https:\/\/www.lesjoforsab.com\/de\/#website\"},\"primaryImageOfPage\":{\"@id\":\"https:\/\/www.lesjoforsab.com\/de\/agritechnica\/#primaryimage\"},\"image\":{\"@id\":\"https:\/\/www.lesjoforsab.com\/de\/agritechnica\/#primaryimage\"},\"thumbnailUrl\":\"https:\/\/www.lesjoforsab.com\/wp-content\/uploads\/industries_filter_agriculture.jpg\",\"datePublished\":\"2025-10-16T08:48:51+00:00\",\"dateModified\":\"2025-10-16T09:08:24+00:00\",\"description\":\"Die Lesj\u00f6fors Gruppe stellt auf der Power Transmission and Distribution Technology Expo auf der K\u00f6lner Messe aus.\",\"breadcrumb\":{\"@id\":\"https:\/\/www.lesjoforsab.com\/de\/agritechnica\/#breadcrumb\"},\"inLanguage\":\"de\",\"potentialAction\":[{\"@type\":\"ReadAction\",\"target\":[\"https:\/\/www.lesjoforsab.com\/de\/agritechnica\/\"]}]},{\"@type\":\"ImageObject\",\"inLanguage\":\"de\",\"@id\":\"https:\/\/www.lesjoforsab.com\/de\/agritechnica\/#primaryimage\",\"url\":\"https:\/\/www.lesjoforsab.com\/wp-content\/uploads\/industries_filter_agriculture.jpg\",\"contentUrl\":\"https:\/\/www.lesjoforsab.com\/wp-content\/uploads\/industries_filter_agriculture.jpg\",\"width\":1920,\"height\":1200,\"caption\":\"Lesj\u00f6fors liefert hochwertige Federn und Stanz- und Biegeteile f\u00fcr die Agrarindustrie\"},{\"@type\":\"BreadcrumbList\",\"@id\":\"https:\/\/www.lesjoforsab.com\/de\/agritechnica\/#breadcrumb\",\"itemListElement\":[{\"@type\":\"ListItem\",\"position\":1,\"name\":\"Home\",\"item\":\"https:\/\/www.lesjoforsab.com\/de\/\"},{\"@type\":\"ListItem\",\"position\":2,\"name\":\"Agritechnica 2025\"}]},{\"@type\":\"WebSite\",\"@id\":\"https:\/\/www.lesjoforsab.com\/de\/#website\",\"url\":\"https:\/\/www.lesjoforsab.com\/de\/\",\"name\":\"Lesj\u00f6fors - Industrial Springs and Pressings\",\"description\":\"\",\"publisher\":{\"@id\":\"https:\/\/www.lesjoforsab.com\/de\/#organization\"},\"potentialAction\":[{\"@type\":\"SearchAction\",\"target\":{\"@type\":\"EntryPoint\",\"urlTemplate\":\"https:\/\/www.lesjoforsab.com\/de\/?s={search_term_string}\"},\"query-input\":{\"@type\":\"PropertyValueSpecification\",\"valueRequired\":true,\"valueName\":\"search_term_string\"}}],\"inLanguage\":\"de\"},{\"@type\":\"Organization\",\"@id\":\"https:\/\/www.lesjoforsab.com\/de\/#organization\",\"name\":\"Lesj\u00f6fors AB\",\"url\":\"https:\/\/www.lesjoforsab.com\/de\/\",\"logo\":{\"@type\":\"ImageObject\",\"inLanguage\":\"de\",\"@id\":\"https:\/\/www.lesjoforsab.com\/de\/#\/schema\/logo\/image\/\",\"url\":\"https:\/\/www.lesjoforsab.com\/wp-content\/uploads\/User-Uploads\/Lesjoefors-Brand\/Logotypes\/lesjofors-logo-without-payoff.jpg\",\"contentUrl\":\"https:\/\/www.lesjoforsab.com\/wp-content\/uploads\/User-Uploads\/Lesjoefors-Brand\/Logotypes\/lesjofors-logo-without-payoff.jpg\",\"width\":1347,\"height\":378,\"caption\":\"Lesj\u00f6fors AB\"},\"image\":{\"@id\":\"https:\/\/www.lesjoforsab.com\/de\/#\/schema\/logo\/image\/\"},\"sameAs\":[\"https:\/\/x.com\/lesjoforsgroup\",\"https:\/\/www.linkedin.com\/company\/lesjoforsab\/\",\"https:\/\/www.youtube.com\/user\/lesjoforsab\"]}]}<\/script>\n<!-- \/ Yoast SEO plugin. -->","yoast_head_json":{"title":"Lesj\u00f6fors Gruppe | Anstehende Messen","description":"Die Lesj\u00f6fors Gruppe stellt auf der Power Transmission and Distribution Technology Expo auf der K\u00f6lner Messe aus.","robots":{"index":"index","follow":"follow","max-snippet":"max-snippet:-1","max-image-preview":"max-image-preview:large","max-video-preview":"max-video-preview:-1"},"canonical":"https:\/\/www.lesjoforsab.com\/de\/agritechnica\/","og_locale":"de_DE","og_type":"article","og_title":"Lesj\u00f6fors Gruppe | Anstehende Messen","og_description":"Die Lesj\u00f6fors Gruppe stellt auf der Power Transmission and Distribution Technology Expo auf der K\u00f6lner Messe aus.","og_url":"https:\/\/www.lesjoforsab.com\/de\/agritechnica\/","og_site_name":"Lesj\u00f6fors - Industrial Springs and Pressings","article_modified_time":"2025-10-16T09:08:24+00:00","og_image":[{"width":3840,"height":2880,"url":"https:\/\/www.lesjoforsab.com\/wp-content\/uploads\/user-uploads\/industries\/power\/adobestock_893686345_klein-scaled.jpeg","type":"image\/jpeg"}],"schema":{"@context":"https:\/\/schema.org","@graph":[{"@type":"WebPage","@id":"https:\/\/www.lesjoforsab.com\/de\/agritechnica\/","url":"https:\/\/www.lesjoforsab.com\/de\/agritechnica\/","name":"Lesj\u00f6fors Gruppe | Anstehende Messen","isPartOf":{"@id":"https:\/\/www.lesjoforsab.com\/de\/#website"},"primaryImageOfPage":{"@id":"https:\/\/www.lesjoforsab.com\/de\/agritechnica\/#primaryimage"},"image":{"@id":"https:\/\/www.lesjoforsab.com\/de\/agritechnica\/#primaryimage"},"thumbnailUrl":"https:\/\/www.lesjoforsab.com\/wp-content\/uploads\/industries_filter_agriculture.jpg","datePublished":"2025-10-16T08:48:51+00:00","dateModified":"2025-10-16T09:08:24+00:00","description":"Die Lesj\u00f6fors Gruppe stellt auf der Power Transmission and Distribution Technology Expo auf der K\u00f6lner Messe aus.","breadcrumb":{"@id":"https:\/\/www.lesjoforsab.com\/de\/agritechnica\/#breadcrumb"},"inLanguage":"de","potentialAction":[{"@type":"ReadAction","target":["https:\/\/www.lesjoforsab.com\/de\/agritechnica\/"]}]},{"@type":"ImageObject","inLanguage":"de","@id":"https:\/\/www.lesjoforsab.com\/de\/agritechnica\/#primaryimage","url":"https:\/\/www.lesjoforsab.com\/wp-content\/uploads\/industries_filter_agriculture.jpg","contentUrl":"https:\/\/www.lesjoforsab.com\/wp-content\/uploads\/industries_filter_agriculture.jpg","width":1920,"height":1200,"caption":"Lesj\u00f6fors liefert hochwertige Federn und Stanz- und Biegeteile f\u00fcr die Agrarindustrie"},{"@type":"BreadcrumbList","@id":"https:\/\/www.lesjoforsab.com\/de\/agritechnica\/#breadcrumb","itemListElement":[{"@type":"ListItem","position":1,"name":"Home","item":"https:\/\/www.lesjoforsab.com\/de\/"},{"@type":"ListItem","position":2,"name":"Agritechnica 2025"}]},{"@type":"WebSite","@id":"https:\/\/www.lesjoforsab.com\/de\/#website","url":"https:\/\/www.lesjoforsab.com\/de\/","name":"Lesj\u00f6fors - Industrial Springs and Pressings","description":"","publisher":{"@id":"https:\/\/www.lesjoforsab.com\/de\/#organization"},"potentialAction":[{"@type":"SearchAction","target":{"@type":"EntryPoint","urlTemplate":"https:\/\/www.lesjoforsab.com\/de\/?s={search_term_string}"},"query-input":{"@type":"PropertyValueSpecification","valueRequired":true,"valueName":"search_term_string"}}],"inLanguage":"de"},{"@type":"Organization","@id":"https:\/\/www.lesjoforsab.com\/de\/#organization","name":"Lesj\u00f6fors AB","url":"https:\/\/www.lesjoforsab.com\/de\/","logo":{"@type":"ImageObject","inLanguage":"de","@id":"https:\/\/www.lesjoforsab.com\/de\/#\/schema\/logo\/image\/","url":"https:\/\/www.lesjoforsab.com\/wp-content\/uploads\/User-Uploads\/Lesjoefors-Brand\/Logotypes\/lesjofors-logo-without-payoff.jpg","contentUrl":"https:\/\/www.lesjoforsab.com\/wp-content\/uploads\/User-Uploads\/Lesjoefors-Brand\/Logotypes\/lesjofors-logo-without-payoff.jpg","width":1347,"height":378,"caption":"Lesj\u00f6fors AB"},"image":{"@id":"https:\/\/www.lesjoforsab.com\/de\/#\/schema\/logo\/image\/"},"sameAs":["https:\/\/x.com\/lesjoforsgroup","https:\/\/www.linkedin.com\/company\/lesjoforsab\/","https:\/\/www.youtube.com\/user\/lesjoforsab"]}]}},"_links":{"self":[{"href":"https:\/\/www.lesjoforsab.com\/de\/wp-json\/wp\/v2\/pages\/98573","targetHints":{"allow":["GET"]}}],"collection":[{"href":"https:\/\/www.lesjoforsab.com\/de\/wp-json\/wp\/v2\/pages"}],"about":[{"href":"https:\/\/www.lesjoforsab.com\/de\/wp-json\/wp\/v2\/types\/page"}],"author":[{"embeddable":true,"href":"https:\/\/www.lesjoforsab.com\/de\/wp-json\/wp\/v2\/users\/50"}],"replies":[{"embeddable":true,"href":"https:\/\/www.lesjoforsab.com\/de\/wp-json\/wp\/v2\/comments?post=98573"}],"version-history":[{"count":7,"href":"https:\/\/www.lesjoforsab.com\/de\/wp-json\/wp\/v2\/pages\/98573\/revisions"}],"predecessor-version":[{"id":98648,"href":"https:\/\/www.lesjoforsab.com\/de\/wp-json\/wp\/v2\/pages\/98573\/revisions\/98648"}],"wp:featuredmedia":[{"embeddable":true,"href":"https:\/\/www.lesjoforsab.com\/de\/wp-json\/wp\/v2\/media\/81973"}],"wp:attachment":[{"href":"https:\/\/www.lesjoforsab.com\/de\/wp-json\/wp\/v2\/media?parent=98573"}],"curies":[{"name":"wp","href":"https:\/\/api.w.org\/{rel}","templated":true}]}}