{"id":9689,"date":"2019-08-16T16:31:41","date_gmt":"2019-08-16T14:31:41","guid":{"rendered":"https:\/\/www.lesjoforsab.com\/bau\/"},"modified":"2024-07-25T16:39:47","modified_gmt":"2024-07-25T14:39:47","slug":"bau","status":"publish","type":"page","link":"https:\/\/www.lesjoforsab.com\/de\/industrien\/bau\/","title":{"rendered":"Bauindustrie"},"content":{"rendered":"\t\t<div data-elementor-type=\"wp-page\" data-elementor-id=\"9689\" class=\"elementor elementor-9689 elementor-148\" data-elementor-post-type=\"page\">\n\t\t\t\t\t\t<section class=\"elementor-section elementor-top-section elementor-element elementor-element-048f5fb elementor-section-boxed elementor-section-height-default elementor-section-height-default\" data-id=\"048f5fb\" data-element_type=\"section\" data-settings=\"{&quot;jet_parallax_layout_list&quot;:[{&quot;jet_parallax_layout_image&quot;:{&quot;url&quot;:&quot;&quot;,&quot;id&quot;:&quot;&quot;,&quot;size&quot;:&quot;&quot;},&quot;_id&quot;:&quot;d775061&quot;,&quot;jet_parallax_layout_image_tablet&quot;:{&quot;url&quot;:&quot;&quot;,&quot;id&quot;:&quot;&quot;,&quot;size&quot;:&quot;&quot;},&quot;jet_parallax_layout_image_mobile&quot;:{&quot;url&quot;:&quot;&quot;,&quot;id&quot;:&quot;&quot;,&quot;size&quot;:&quot;&quot;},&quot;jet_parallax_layout_speed&quot;:{&quot;unit&quot;:&quot;%&quot;,&quot;size&quot;:50,&quot;sizes&quot;:[]},&quot;jet_parallax_layout_type&quot;:&quot;scroll&quot;,&quot;jet_parallax_layout_direction&quot;:&quot;1&quot;,&quot;jet_parallax_layout_fx_direction&quot;:null,&quot;jet_parallax_layout_z_index&quot;:&quot;&quot;,&quot;jet_parallax_layout_bg_x&quot;:50,&quot;jet_parallax_layout_bg_x_tablet&quot;:&quot;&quot;,&quot;jet_parallax_layout_bg_x_mobile&quot;:&quot;&quot;,&quot;jet_parallax_layout_bg_y&quot;:50,&quot;jet_parallax_layout_bg_y_tablet&quot;:&quot;&quot;,&quot;jet_parallax_layout_bg_y_mobile&quot;:&quot;&quot;,&quot;jet_parallax_layout_bg_size&quot;:&quot;auto&quot;,&quot;jet_parallax_layout_bg_size_tablet&quot;:&quot;&quot;,&quot;jet_parallax_layout_bg_size_mobile&quot;:&quot;&quot;,&quot;jet_parallax_layout_animation_prop&quot;:&quot;transform&quot;,&quot;jet_parallax_layout_on&quot;:[&quot;desktop&quot;,&quot;tablet&quot;]}],&quot;background_background&quot;:&quot;classic&quot;}\">\n\t\t\t\t\t\t<div class=\"elementor-container elementor-column-gap-default\">\n\t\t\t\t\t<div class=\"elementor-column elementor-col-100 elementor-top-column elementor-element elementor-element-c857b93\" data-id=\"c857b93\" data-element_type=\"column\">\n\t\t\t<div class=\"elementor-widget-wrap elementor-element-populated\">\n\t\t\t\t\t\t<div class=\"elementor-element elementor-element-ff6ed5f p white margin-bottom-big subtitle elementor-widget elementor-widget-text-editor\" data-id=\"ff6ed5f\" data-element_type=\"widget\" data-widget_type=\"text-editor.default\">\n\t\t\t\t<div class=\"elementor-widget-container\">\n\t\t\t\t\t\t\t\t\t<p>Von Bergwerken bis hin zur Eisenbahn. Tunnel und Br\u00fccken. Wir entwickeln L\u00f6sungen f\u00fcr die gesamte Baubranche.<\/p>\n\t\t\t\t\t\t\t\t<\/div>\n\t\t\t\t<\/div>\n\t\t\t\t\t<\/div>\n\t\t<\/div>\n\t\t\t\t\t<\/div>\n\t\t<\/section>\n\t\t\t\t<section class=\"elementor-section elementor-top-section elementor-element elementor-element-13d1ab0 elementor-section-boxed elementor-section-height-default elementor-section-height-default\" data-id=\"13d1ab0\" data-element_type=\"section\" data-settings=\"{&quot;jet_parallax_layout_list&quot;:[{&quot;jet_parallax_layout_image&quot;:{&quot;url&quot;:&quot;&quot;,&quot;id&quot;:&quot;&quot;,&quot;size&quot;:&quot;&quot;},&quot;_id&quot;:&quot;1ae3376&quot;,&quot;jet_parallax_layout_image_tablet&quot;:{&quot;url&quot;:&quot;&quot;,&quot;id&quot;:&quot;&quot;,&quot;size&quot;:&quot;&quot;},&quot;jet_parallax_layout_image_mobile&quot;:{&quot;url&quot;:&quot;&quot;,&quot;id&quot;:&quot;&quot;,&quot;size&quot;:&quot;&quot;},&quot;jet_parallax_layout_speed&quot;:{&quot;unit&quot;:&quot;%&quot;,&quot;size&quot;:50,&quot;sizes&quot;:[]},&quot;jet_parallax_layout_type&quot;:&quot;scroll&quot;,&quot;jet_parallax_layout_direction&quot;:&quot;1&quot;,&quot;jet_parallax_layout_fx_direction&quot;:null,&quot;jet_parallax_layout_z_index&quot;:&quot;&quot;,&quot;jet_parallax_layout_bg_x&quot;:50,&quot;jet_parallax_layout_bg_x_tablet&quot;:&quot;&quot;,&quot;jet_parallax_layout_bg_x_mobile&quot;:&quot;&quot;,&quot;jet_parallax_layout_bg_y&quot;:50,&quot;jet_parallax_layout_bg_y_tablet&quot;:&quot;&quot;,&quot;jet_parallax_layout_bg_y_mobile&quot;:&quot;&quot;,&quot;jet_parallax_layout_bg_size&quot;:&quot;auto&quot;,&quot;jet_parallax_layout_bg_size_tablet&quot;:&quot;&quot;,&quot;jet_parallax_layout_bg_size_mobile&quot;:&quot;&quot;,&quot;jet_parallax_layout_animation_prop&quot;:&quot;transform&quot;,&quot;jet_parallax_layout_on&quot;:[&quot;desktop&quot;,&quot;tablet&quot;]}]}\">\n\t\t\t\t\t\t<div class=\"elementor-container elementor-column-gap-default\">\n\t\t\t\t\t<div class=\"elementor-column elementor-col-100 elementor-top-column elementor-element elementor-element-ff372d0\" data-id=\"ff372d0\" data-element_type=\"column\">\n\t\t\t<div class=\"elementor-widget-wrap elementor-element-populated\">\n\t\t\t\t\t\t<div class=\"elementor-element elementor-element-c1e2485 monocrumbs elementor-widget elementor-widget-breadcrumbs\" data-id=\"c1e2485\" data-element_type=\"widget\" data-widget_type=\"breadcrumbs.default\">\n\t\t\t\t<div class=\"elementor-widget-container\">\n\t\t\t\t\t<p id=\"breadcrumbs\"><span><span><a href=\"https:\/\/www.lesjoforsab.com\/de\/\">Home<\/a><\/span><\/span><\/p>\t\t\t\t<\/div>\n\t\t\t\t<\/div>\n\t\t\t\t\t<\/div>\n\t\t<\/div>\n\t\t\t\t\t<\/div>\n\t\t<\/section>\n\t\t\t\t<section class=\"elementor-section elementor-top-section elementor-element elementor-element-422a751 margin-top-medium elementor-section-boxed elementor-section-height-default elementor-section-height-default\" data-id=\"422a751\" data-element_type=\"section\" data-settings=\"{&quot;jet_parallax_layout_list&quot;:[{&quot;jet_parallax_layout_image&quot;:{&quot;url&quot;:&quot;&quot;,&quot;id&quot;:&quot;&quot;,&quot;size&quot;:&quot;&quot;},&quot;_id&quot;:&quot;10a5b20&quot;,&quot;jet_parallax_layout_image_tablet&quot;:{&quot;url&quot;:&quot;&quot;,&quot;id&quot;:&quot;&quot;,&quot;size&quot;:&quot;&quot;},&quot;jet_parallax_layout_image_mobile&quot;:{&quot;url&quot;:&quot;&quot;,&quot;id&quot;:&quot;&quot;,&quot;size&quot;:&quot;&quot;},&quot;jet_parallax_layout_speed&quot;:{&quot;unit&quot;:&quot;%&quot;,&quot;size&quot;:50,&quot;sizes&quot;:[]},&quot;jet_parallax_layout_type&quot;:&quot;scroll&quot;,&quot;jet_parallax_layout_direction&quot;:&quot;1&quot;,&quot;jet_parallax_layout_fx_direction&quot;:null,&quot;jet_parallax_layout_z_index&quot;:&quot;&quot;,&quot;jet_parallax_layout_bg_x&quot;:50,&quot;jet_parallax_layout_bg_x_tablet&quot;:&quot;&quot;,&quot;jet_parallax_layout_bg_x_mobile&quot;:&quot;&quot;,&quot;jet_parallax_layout_bg_y&quot;:50,&quot;jet_parallax_layout_bg_y_tablet&quot;:&quot;&quot;,&quot;jet_parallax_layout_bg_y_mobile&quot;:&quot;&quot;,&quot;jet_parallax_layout_bg_size&quot;:&quot;auto&quot;,&quot;jet_parallax_layout_bg_size_tablet&quot;:&quot;&quot;,&quot;jet_parallax_layout_bg_size_mobile&quot;:&quot;&quot;,&quot;jet_parallax_layout_animation_prop&quot;:&quot;transform&quot;,&quot;jet_parallax_layout_on&quot;:[&quot;desktop&quot;,&quot;tablet&quot;]}]}\">\n\t\t\t\t\t\t<div class=\"elementor-container elementor-column-gap-default\">\n\t\t\t\t\t<div class=\"elementor-column elementor-col-33 elementor-top-column elementor-element elementor-element-8ced9fa\" data-id=\"8ced9fa\" data-element_type=\"column\">\n\t\t\t<div class=\"elementor-widget-wrap elementor-element-populated\">\n\t\t\t\t\t\t<div class=\"elementor-element elementor-element-5850ab2 decorated  elementor-widget elementor-widget-heading\" data-id=\"5850ab2\" data-element_type=\"widget\" data-widget_type=\"heading.default\">\n\t\t\t\t<div class=\"elementor-widget-container\">\n\t\t\t\t\t<h2 class=\"elementor-heading-title elementor-size-default\">Bauindustrie<\/h2>\t\t\t\t<\/div>\n\t\t\t\t<\/div>\n\t\t\t\t<div class=\"elementor-element elementor-element-614a7d6 margin-top-small elementor-widget elementor-widget-text-editor\" data-id=\"614a7d6\" data-element_type=\"widget\" data-widget_type=\"text-editor.default\">\n\t\t\t\t<div class=\"elementor-widget-container\">\n\t\t\t\t\t\t\t\t\t<p><span lang=\"EN-US\" style=\"mso-ansi-language: EN-US;\">Lesj\u00f6fors produziert <\/span><span lang=\"EN-US\" style=\"mso-ansi-language: EN-US;\">Federn f\u00fcr nahezu alle Arten von mechanischer Ausr\u00fcstung \u00fcber alle Branchen hinweg. Hier ein paar Beispiele:<\/span><\/p><ul><li>Infrastruktur \u2013 schwere Federn f\u00fcr Eisenbahn-Drehgestelle<\/li><li><a href=\"https:\/\/www.lesjoforsab.com\/de\/produkt\/triebfedern\/\">Triebfedern<\/a> in Aufz\u00fcgen<\/li><li><a href=\"https:\/\/www.lesjoforsab.com\/de\/produkt\/druckfeder\/\">Druckfedern<\/a> f\u00fcr die technische Ausr\u00fcstung in Steinbr\u00fcchen und im Bergbau<\/li><li><a href=\"https:\/\/www.lesjoforsab.com\/de\/produktubersicht\/gasdruckfedern\/\">Gasfedern <\/a>f\u00fcr T\u00fcren und Ladeluken von Baumaschinen<\/li><\/ul>\t\t\t\t\t\t\t\t<\/div>\n\t\t\t\t<\/div>\n\t\t\t\t\t<\/div>\n\t\t<\/div>\n\t\t\t\t<div class=\"elementor-column elementor-col-66 elementor-top-column elementor-element elementor-element-416d74f\" data-id=\"416d74f\" data-element_type=\"column\">\n\t\t\t<div class=\"elementor-widget-wrap elementor-element-populated\">\n\t\t\t\t\t\t<div class=\"elementor-element elementor-element-7baa0cb elementor-widget elementor-widget-image\" data-id=\"7baa0cb\" data-element_type=\"widget\" data-widget_type=\"image.default\">\n\t\t\t\t<div class=\"elementor-widget-container\">\n\t\t\t\t\t\t\t\t\t\t\t\t\t\t\t<img fetchpriority=\"high\" decoding=\"async\" width=\"721\" height=\"421\" src=\"https:\/\/www.lesjoforsab.com\/wp-content\/uploads\/User-Uploads\/General-Content\/Industry\/Construction-2.jpg\" class=\"attachment-large size-large wp-image-9692\" alt=\"Abbildung der \u00d6resund-Br\u00fccke\" srcset=\"https:\/\/www.lesjoforsab.com\/wp-content\/uploads\/User-Uploads\/General-Content\/Industry\/Construction-2.jpg 721w, https:\/\/www.lesjoforsab.com\/wp-content\/uploads\/User-Uploads\/General-Content\/Industry\/Construction-2-300x175.jpg 300w, https:\/\/www.lesjoforsab.com\/wp-content\/uploads\/User-Uploads\/General-Content\/Industry\/Construction-2-400x234.jpg 400w\" sizes=\"(max-width: 721px) 100vw, 721px\" \/>\t\t\t\t\t\t\t\t\t\t\t\t\t\t\t<\/div>\n\t\t\t\t<\/div>\n\t\t\t\t\t<\/div>\n\t\t<\/div>\n\t\t\t\t\t<\/div>\n\t\t<\/section>\n\t\t\t\t<section class=\"elementor-section elementor-top-section elementor-element elementor-element-410cc30 elementor-section-boxed elementor-section-height-default elementor-section-height-default\" data-id=\"410cc30\" data-element_type=\"section\" data-settings=\"{&quot;jet_parallax_layout_list&quot;:[{&quot;jet_parallax_layout_image&quot;:{&quot;url&quot;:&quot;&quot;,&quot;id&quot;:&quot;&quot;,&quot;size&quot;:&quot;&quot;},&quot;_id&quot;:&quot;11c56fd&quot;,&quot;jet_parallax_layout_image_tablet&quot;:{&quot;url&quot;:&quot;&quot;,&quot;id&quot;:&quot;&quot;,&quot;size&quot;:&quot;&quot;},&quot;jet_parallax_layout_image_mobile&quot;:{&quot;url&quot;:&quot;&quot;,&quot;id&quot;:&quot;&quot;,&quot;size&quot;:&quot;&quot;},&quot;jet_parallax_layout_speed&quot;:{&quot;unit&quot;:&quot;%&quot;,&quot;size&quot;:50,&quot;sizes&quot;:[]},&quot;jet_parallax_layout_type&quot;:&quot;scroll&quot;,&quot;jet_parallax_layout_direction&quot;:&quot;1&quot;,&quot;jet_parallax_layout_fx_direction&quot;:null,&quot;jet_parallax_layout_z_index&quot;:&quot;&quot;,&quot;jet_parallax_layout_bg_x&quot;:50,&quot;jet_parallax_layout_bg_x_tablet&quot;:&quot;&quot;,&quot;jet_parallax_layout_bg_x_mobile&quot;:&quot;&quot;,&quot;jet_parallax_layout_bg_y&quot;:50,&quot;jet_parallax_layout_bg_y_tablet&quot;:&quot;&quot;,&quot;jet_parallax_layout_bg_y_mobile&quot;:&quot;&quot;,&quot;jet_parallax_layout_bg_size&quot;:&quot;auto&quot;,&quot;jet_parallax_layout_bg_size_tablet&quot;:&quot;&quot;,&quot;jet_parallax_layout_bg_size_mobile&quot;:&quot;&quot;,&quot;jet_parallax_layout_animation_prop&quot;:&quot;transform&quot;,&quot;jet_parallax_layout_on&quot;:[&quot;desktop&quot;,&quot;tablet&quot;]}]}\">\n\t\t\t\t\t\t<div class=\"elementor-container elementor-column-gap-default\">\n\t\t\t\t\t<div class=\"elementor-column elementor-col-50 elementor-top-column elementor-element elementor-element-d415ec5\" data-id=\"d415ec5\" data-element_type=\"column\">\n\t\t\t<div class=\"elementor-widget-wrap elementor-element-populated\">\n\t\t\t\t\t\t<div class=\"elementor-element elementor-element-bdf21c5 h3 margin-top-big special-color elementor-widget elementor-widget-heading\" data-id=\"bdf21c5\" data-element_type=\"widget\" data-widget_type=\"heading.default\">\n\t\t\t\t<div class=\"elementor-widget-container\">\n\t\t\t\t\t<h2 class=\"elementor-heading-title elementor-size-default\">Lernen Sie uns besser kennen<\/h2>\t\t\t\t<\/div>\n\t\t\t\t<\/div>\n\t\t\t\t<div class=\"elementor-element elementor-element-95e999f font-weight-medium elementor-widget elementor-widget-text-editor\" data-id=\"95e999f\" data-element_type=\"widget\" data-widget_type=\"text-editor.default\">\n\t\t\t\t<div class=\"elementor-widget-container\">\n\t\t\t\t\t\t\t\t\t<p>Kontaktieren Sie uns, um mehr \u00fcber unsere Produkte f\u00fcr die Baubranche zu erfahren.<\/p>\n\t\t\t\t\t\t\t\t<\/div>\n\t\t\t\t<\/div>\n\t\t\t\t<div class=\"elementor-element elementor-element-1324e67 elementor-widget elementor-widget-text-editor\" data-id=\"1324e67\" data-element_type=\"widget\" data-widget_type=\"text-editor.default\">\n\t\t\t\t<div class=\"elementor-widget-container\">\n\t\t\t\t\t\t\t\t\t<p>Lesj\u00f6fors verf\u00fcgt \u00fcber mehr als 150 Jahre Produktionserfahrung Heute sind wir stolz darauf, weltweit die umfangreichste Palette an Federn und Stanzteilen branchenweit anzubieten.<\/p>\n<p>Wenn Ihr Unternehmen in der Baubranche t\u00e4tig ist und qualitativ hochwertige Komponenten sucht, die Sie in Ihre Produkte integrieren k\u00f6nnen, wenden Sie sich bitte <a href=\"https:\/\/www.lesjoforsab.com\/de\/kontakt\/\">an Ihr n\u00e4chstgelegenes Unternehmen der Lesj\u00f6fors-Gruppe<\/a>. Oder werfen Sie einen Blick in unseren <a href=\"https:\/\/catalog.lesjoforsab.com\/\" target=\"_blank\" rel=\"noopener\">digitalen Standardfedern-Katalog,<\/a> in dem Sie ein umfangreiches Sortiment an Federn und Drahtformen finden. Alle Produkte stehen jederzeit f\u00fcr die sofortige Lieferung zur Verf\u00fcgung.<\/p>\n\t\t\t\t\t\t\t\t<\/div>\n\t\t\t\t<\/div>\n\t\t\t\t<div class=\"elementor-element elementor-element-7a0071f margin-bottom-big elementor-widget elementor-widget-button\" data-id=\"7a0071f\" data-element_type=\"widget\" data-widget_type=\"button.default\">\n\t\t\t\t<div class=\"elementor-widget-container\">\n\t\t\t\t\t\t\t\t\t<div class=\"elementor-button-wrapper\">\n\t\t\t\t\t<a class=\"elementor-button elementor-button-link elementor-size-sm\" href=\"https:\/\/www.lesjoforsab.com\/de\/kontakt\/\">\n\t\t\t\t\t\t<span class=\"elementor-button-content-wrapper\">\n\t\t\t\t\t\t\t\t\t<span class=\"elementor-button-text\">Finden Sie Ihren Ansprechpartner im Vertrieb<\/span>\n\t\t\t\t\t<\/span>\n\t\t\t\t\t<\/a>\n\t\t\t\t<\/div>\n\t\t\t\t\t\t\t\t<\/div>\n\t\t\t\t<\/div>\n\t\t\t\t\t<\/div>\n\t\t<\/div>\n\t\t\t\t<div class=\"elementor-column elementor-col-50 elementor-top-column elementor-element elementor-element-e0ce171\" data-id=\"e0ce171\" data-element_type=\"column\">\n\t\t\t<div class=\"elementor-widget-wrap\">\n\t\t\t\t\t\t\t<\/div>\n\t\t<\/div>\n\t\t\t\t\t<\/div>\n\t\t<\/section>\n\t\t\t\t<\/div>\n\t\t","protected":false},"excerpt":{"rendered":"<p>Von Bergwerken bis hin zur Eisenbahn. Tunnel und Br\u00fccken. Wir entwickeln L\u00f6sungen f\u00fcr die gesamte Baubranche. Bauindustrie Lesj\u00f6fors produziert Federn f\u00fcr nahezu alle Arten von mechanischer Ausr\u00fcstung \u00fcber alle Branchen hinweg. Hier ein paar Beispiele: Infrastruktur \u2013 schwere Federn f\u00fcr Eisenbahn-Drehgestelle Triebfedern in Aufz\u00fcgen Druckfedern f\u00fcr die technische Ausr\u00fcstung in Steinbr\u00fcchen und im Bergbau Gasfedern [&hellip;]<\/p>\n","protected":false},"author":3,"featured_media":0,"parent":11328,"menu_order":0,"comment_status":"closed","ping_status":"closed","template":"","meta":{"footnotes":""},"class_list":["post-9689","page","type-page","status-publish","hentry"],"yoast_head":"<!-- This site is optimized with the Yoast SEO plugin v25.6 - https:\/\/yoast.com\/wordpress\/plugins\/seo\/ -->\n<title>Lesj\u00f6fors \u2013 Federn und Stanzteile f\u00fcr die Baubranche<\/title>\n<meta name=\"description\" content=\"Lesj\u00f6fors produziert Federn und Stanzteile f\u00fcr die weltweit f\u00fchrenden Bau- und Konstruktionsfirmen. Mit unserer Erfahrung l\u00f6sen wir selbst die herausfordernsten Aufgaben.\" \/>\n<meta name=\"robots\" content=\"index, follow, max-snippet:-1, max-image-preview:large, max-video-preview:-1\" \/>\n<link rel=\"canonical\" href=\"https:\/\/www.lesjoforsab.com\/de\/industrien\/bau\/\" \/>\n<meta property=\"og:locale\" content=\"de_DE\" \/>\n<meta property=\"og:type\" content=\"article\" \/>\n<meta property=\"og:title\" content=\"Lesj\u00f6fors \u2013 Federn und Stanzteile f\u00fcr die Baubranche\" \/>\n<meta property=\"og:description\" content=\"Lesj\u00f6fors produziert Federn und Stanzteile f\u00fcr die weltweit f\u00fchrenden Bau- und Konstruktionsfirmen. Mit unserer Erfahrung l\u00f6sen wir selbst die herausfordernsten Aufgaben.\" \/>\n<meta property=\"og:url\" content=\"https:\/\/www.lesjoforsab.com\/de\/industrien\/bau\/\" \/>\n<meta property=\"og:site_name\" content=\"Lesj\u00f6fors - Industrial Springs and Pressings\" \/>\n<meta property=\"article:modified_time\" content=\"2024-07-25T14:39:47+00:00\" \/>\n<meta property=\"og:image\" content=\"https:\/\/www.lesjoforsab.com\/wp-content\/uploads\/User-Uploads\/General-Content\/Industry\/Construction-2.jpg\" \/>\n<script type=\"application\/ld+json\" class=\"yoast-schema-graph\">{\"@context\":\"https:\/\/schema.org\",\"@graph\":[{\"@type\":\"WebPage\",\"@id\":\"https:\/\/www.lesjoforsab.com\/de\/industrien\/bau\/\",\"url\":\"https:\/\/www.lesjoforsab.com\/de\/industrien\/bau\/\",\"name\":\"Lesj\u00f6fors \u2013 Federn und Stanzteile f\u00fcr die Baubranche\",\"isPartOf\":{\"@id\":\"https:\/\/www.lesjoforsab.com\/de\/#website\"},\"primaryImageOfPage\":{\"@id\":\"https:\/\/www.lesjoforsab.com\/de\/industrien\/bau\/#primaryimage\"},\"image\":{\"@id\":\"https:\/\/www.lesjoforsab.com\/de\/industrien\/bau\/#primaryimage\"},\"thumbnailUrl\":\"https:\/\/www.lesjoforsab.com\/wp-content\/uploads\/User-Uploads\/General-Content\/Industry\/Construction-2.jpg\",\"datePublished\":\"2019-08-16T14:31:41+00:00\",\"dateModified\":\"2024-07-25T14:39:47+00:00\",\"description\":\"Lesj\u00f6fors produziert Federn und Stanzteile f\u00fcr die weltweit f\u00fchrenden Bau- und Konstruktionsfirmen. Mit unserer Erfahrung l\u00f6sen wir selbst die herausfordernsten Aufgaben.\",\"breadcrumb\":{\"@id\":\"https:\/\/www.lesjoforsab.com\/de\/industrien\/bau\/#breadcrumb\"},\"inLanguage\":\"de\",\"potentialAction\":[{\"@type\":\"ReadAction\",\"target\":[\"https:\/\/www.lesjoforsab.com\/de\/industrien\/bau\/\"]}]},{\"@type\":\"ImageObject\",\"inLanguage\":\"de\",\"@id\":\"https:\/\/www.lesjoforsab.com\/de\/industrien\/bau\/#primaryimage\",\"url\":\"https:\/\/www.lesjoforsab.com\/wp-content\/uploads\/User-Uploads\/General-Content\/Industry\/Construction-2.jpg\",\"contentUrl\":\"https:\/\/www.lesjoforsab.com\/wp-content\/uploads\/User-Uploads\/General-Content\/Industry\/Construction-2.jpg\"},{\"@type\":\"BreadcrumbList\",\"@id\":\"https:\/\/www.lesjoforsab.com\/de\/industrien\/bau\/#breadcrumb\",\"itemListElement\":[{\"@type\":\"ListItem\",\"position\":1,\"name\":\"Home\",\"item\":\"https:\/\/www.lesjoforsab.com\/de\/\"},{\"@type\":\"ListItem\",\"position\":2,\"name\":\"Branchen\",\"item\":\"https:\/\/www.lesjoforsab.com\/de\/bransjer\/\"},{\"@type\":\"ListItem\",\"position\":3,\"name\":\"Bauindustrie\"}]},{\"@type\":\"WebSite\",\"@id\":\"https:\/\/www.lesjoforsab.com\/de\/#website\",\"url\":\"https:\/\/www.lesjoforsab.com\/de\/\",\"name\":\"Lesj\u00f6fors - Industrial Springs and Pressings\",\"description\":\"\",\"publisher\":{\"@id\":\"https:\/\/www.lesjoforsab.com\/de\/#organization\"},\"potentialAction\":[{\"@type\":\"SearchAction\",\"target\":{\"@type\":\"EntryPoint\",\"urlTemplate\":\"https:\/\/www.lesjoforsab.com\/de\/?s={search_term_string}\"},\"query-input\":{\"@type\":\"PropertyValueSpecification\",\"valueRequired\":true,\"valueName\":\"search_term_string\"}}],\"inLanguage\":\"de\"},{\"@type\":\"Organization\",\"@id\":\"https:\/\/www.lesjoforsab.com\/de\/#organization\",\"name\":\"Lesj\u00f6fors AB\",\"url\":\"https:\/\/www.lesjoforsab.com\/de\/\",\"logo\":{\"@type\":\"ImageObject\",\"inLanguage\":\"de\",\"@id\":\"https:\/\/www.lesjoforsab.com\/de\/#\/schema\/logo\/image\/\",\"url\":\"https:\/\/www.lesjoforsab.com\/wp-content\/uploads\/User-Uploads\/Lesjoefors-Brand\/Logotypes\/lesjofors-logo-without-payoff.jpg\",\"contentUrl\":\"https:\/\/www.lesjoforsab.com\/wp-content\/uploads\/User-Uploads\/Lesjoefors-Brand\/Logotypes\/lesjofors-logo-without-payoff.jpg\",\"width\":1347,\"height\":378,\"caption\":\"Lesj\u00f6fors AB\"},\"image\":{\"@id\":\"https:\/\/www.lesjoforsab.com\/de\/#\/schema\/logo\/image\/\"},\"sameAs\":[\"https:\/\/x.com\/lesjoforsgroup\",\"https:\/\/www.linkedin.com\/company\/lesjoforsab\/\",\"https:\/\/www.youtube.com\/user\/lesjoforsab\"]}]}<\/script>\n<!-- \/ Yoast SEO plugin. -->","yoast_head_json":{"title":"Lesj\u00f6fors \u2013 Federn und Stanzteile f\u00fcr die Baubranche","description":"Lesj\u00f6fors produziert Federn und Stanzteile f\u00fcr die weltweit f\u00fchrenden Bau- und Konstruktionsfirmen. Mit unserer Erfahrung l\u00f6sen wir selbst die herausfordernsten Aufgaben.","robots":{"index":"index","follow":"follow","max-snippet":"max-snippet:-1","max-image-preview":"max-image-preview:large","max-video-preview":"max-video-preview:-1"},"canonical":"https:\/\/www.lesjoforsab.com\/de\/industrien\/bau\/","og_locale":"de_DE","og_type":"article","og_title":"Lesj\u00f6fors \u2013 Federn und Stanzteile f\u00fcr die Baubranche","og_description":"Lesj\u00f6fors produziert Federn und Stanzteile f\u00fcr die weltweit f\u00fchrenden Bau- und Konstruktionsfirmen. Mit unserer Erfahrung l\u00f6sen wir selbst die herausfordernsten Aufgaben.","og_url":"https:\/\/www.lesjoforsab.com\/de\/industrien\/bau\/","og_site_name":"Lesj\u00f6fors - Industrial Springs and Pressings","article_modified_time":"2024-07-25T14:39:47+00:00","og_image":[{"url":"https:\/\/www.lesjoforsab.com\/wp-content\/uploads\/User-Uploads\/General-Content\/Industry\/Construction-2.jpg","type":"","width":"","height":""}],"schema":{"@context":"https:\/\/schema.org","@graph":[{"@type":"WebPage","@id":"https:\/\/www.lesjoforsab.com\/de\/industrien\/bau\/","url":"https:\/\/www.lesjoforsab.com\/de\/industrien\/bau\/","name":"Lesj\u00f6fors \u2013 Federn und Stanzteile f\u00fcr die Baubranche","isPartOf":{"@id":"https:\/\/www.lesjoforsab.com\/de\/#website"},"primaryImageOfPage":{"@id":"https:\/\/www.lesjoforsab.com\/de\/industrien\/bau\/#primaryimage"},"image":{"@id":"https:\/\/www.lesjoforsab.com\/de\/industrien\/bau\/#primaryimage"},"thumbnailUrl":"https:\/\/www.lesjoforsab.com\/wp-content\/uploads\/User-Uploads\/General-Content\/Industry\/Construction-2.jpg","datePublished":"2019-08-16T14:31:41+00:00","dateModified":"2024-07-25T14:39:47+00:00","description":"Lesj\u00f6fors produziert Federn und Stanzteile f\u00fcr die weltweit f\u00fchrenden Bau- und Konstruktionsfirmen. Mit unserer Erfahrung l\u00f6sen wir selbst die herausfordernsten Aufgaben.","breadcrumb":{"@id":"https:\/\/www.lesjoforsab.com\/de\/industrien\/bau\/#breadcrumb"},"inLanguage":"de","potentialAction":[{"@type":"ReadAction","target":["https:\/\/www.lesjoforsab.com\/de\/industrien\/bau\/"]}]},{"@type":"ImageObject","inLanguage":"de","@id":"https:\/\/www.lesjoforsab.com\/de\/industrien\/bau\/#primaryimage","url":"https:\/\/www.lesjoforsab.com\/wp-content\/uploads\/User-Uploads\/General-Content\/Industry\/Construction-2.jpg","contentUrl":"https:\/\/www.lesjoforsab.com\/wp-content\/uploads\/User-Uploads\/General-Content\/Industry\/Construction-2.jpg"},{"@type":"BreadcrumbList","@id":"https:\/\/www.lesjoforsab.com\/de\/industrien\/bau\/#breadcrumb","itemListElement":[{"@type":"ListItem","position":1,"name":"Home","item":"https:\/\/www.lesjoforsab.com\/de\/"},{"@type":"ListItem","position":2,"name":"Branchen","item":"https:\/\/www.lesjoforsab.com\/de\/bransjer\/"},{"@type":"ListItem","position":3,"name":"Bauindustrie"}]},{"@type":"WebSite","@id":"https:\/\/www.lesjoforsab.com\/de\/#website","url":"https:\/\/www.lesjoforsab.com\/de\/","name":"Lesj\u00f6fors - Industrial Springs and Pressings","description":"","publisher":{"@id":"https:\/\/www.lesjoforsab.com\/de\/#organization"},"potentialAction":[{"@type":"SearchAction","target":{"@type":"EntryPoint","urlTemplate":"https:\/\/www.lesjoforsab.com\/de\/?s={search_term_string}"},"query-input":{"@type":"PropertyValueSpecification","valueRequired":true,"valueName":"search_term_string"}}],"inLanguage":"de"},{"@type":"Organization","@id":"https:\/\/www.lesjoforsab.com\/de\/#organization","name":"Lesj\u00f6fors AB","url":"https:\/\/www.lesjoforsab.com\/de\/","logo":{"@type":"ImageObject","inLanguage":"de","@id":"https:\/\/www.lesjoforsab.com\/de\/#\/schema\/logo\/image\/","url":"https:\/\/www.lesjoforsab.com\/wp-content\/uploads\/User-Uploads\/Lesjoefors-Brand\/Logotypes\/lesjofors-logo-without-payoff.jpg","contentUrl":"https:\/\/www.lesjoforsab.com\/wp-content\/uploads\/User-Uploads\/Lesjoefors-Brand\/Logotypes\/lesjofors-logo-without-payoff.jpg","width":1347,"height":378,"caption":"Lesj\u00f6fors AB"},"image":{"@id":"https:\/\/www.lesjoforsab.com\/de\/#\/schema\/logo\/image\/"},"sameAs":["https:\/\/x.com\/lesjoforsgroup","https:\/\/www.linkedin.com\/company\/lesjoforsab\/","https:\/\/www.youtube.com\/user\/lesjoforsab"]}]}},"_links":{"self":[{"href":"https:\/\/www.lesjoforsab.com\/de\/wp-json\/wp\/v2\/pages\/9689","targetHints":{"allow":["GET"]}}],"collection":[{"href":"https:\/\/www.lesjoforsab.com\/de\/wp-json\/wp\/v2\/pages"}],"about":[{"href":"https:\/\/www.lesjoforsab.com\/de\/wp-json\/wp\/v2\/types\/page"}],"author":[{"embeddable":true,"href":"https:\/\/www.lesjoforsab.com\/de\/wp-json\/wp\/v2\/users\/3"}],"replies":[{"embeddable":true,"href":"https:\/\/www.lesjoforsab.com\/de\/wp-json\/wp\/v2\/comments?post=9689"}],"version-history":[{"count":6,"href":"https:\/\/www.lesjoforsab.com\/de\/wp-json\/wp\/v2\/pages\/9689\/revisions"}],"predecessor-version":[{"id":87379,"href":"https:\/\/www.lesjoforsab.com\/de\/wp-json\/wp\/v2\/pages\/9689\/revisions\/87379"}],"up":[{"embeddable":true,"href":"https:\/\/www.lesjoforsab.com\/de\/wp-json\/wp\/v2\/pages\/11328"}],"wp:attachment":[{"href":"https:\/\/www.lesjoforsab.com\/de\/wp-json\/wp\/v2\/media?parent=9689"}],"curies":[{"name":"wp","href":"https:\/\/api.w.org\/{rel}","templated":true}]}}