{"id":11506,"date":"2019-08-16T16:14:33","date_gmt":"2019-08-16T14:14:33","guid":{"rendered":"https:\/\/www.lesjoforsab.com\/dienstleistungen\/kostenguenstige-produktion\/"},"modified":"2021-06-02T16:20:46","modified_gmt":"2021-06-02T14:20:46","slug":"kostenguenstige-produktion","status":"publish","type":"page","link":"https:\/\/www.lesjoforsab.com\/de\/services\/kostenguenstige-produktion\/","title":{"rendered":"Best Cost Production"},"content":{"rendered":"\t\t<div data-elementor-type=\"wp-page\" data-elementor-id=\"11506\" class=\"elementor elementor-11506 elementor-118\" data-elementor-post-type=\"page\">\n\t\t\t\t\t\t<section class=\"elementor-section elementor-top-section elementor-element elementor-element-dbe20f8 elementor-section-boxed elementor-section-height-default elementor-section-height-default\" data-id=\"dbe20f8\" data-element_type=\"section\" data-settings=\"{&quot;jet_parallax_layout_list&quot;:[{&quot;jet_parallax_layout_image&quot;:{&quot;url&quot;:&quot;&quot;,&quot;id&quot;:&quot;&quot;,&quot;size&quot;:&quot;&quot;},&quot;_id&quot;:&quot;d775061&quot;,&quot;jet_parallax_layout_image_tablet&quot;:{&quot;url&quot;:&quot;&quot;,&quot;id&quot;:&quot;&quot;,&quot;size&quot;:&quot;&quot;},&quot;jet_parallax_layout_image_mobile&quot;:{&quot;url&quot;:&quot;&quot;,&quot;id&quot;:&quot;&quot;,&quot;size&quot;:&quot;&quot;},&quot;jet_parallax_layout_speed&quot;:{&quot;unit&quot;:&quot;%&quot;,&quot;size&quot;:50,&quot;sizes&quot;:[]},&quot;jet_parallax_layout_type&quot;:&quot;scroll&quot;,&quot;jet_parallax_layout_direction&quot;:&quot;1&quot;,&quot;jet_parallax_layout_fx_direction&quot;:null,&quot;jet_parallax_layout_z_index&quot;:&quot;&quot;,&quot;jet_parallax_layout_bg_x&quot;:50,&quot;jet_parallax_layout_bg_x_tablet&quot;:&quot;&quot;,&quot;jet_parallax_layout_bg_x_mobile&quot;:&quot;&quot;,&quot;jet_parallax_layout_bg_y&quot;:50,&quot;jet_parallax_layout_bg_y_tablet&quot;:&quot;&quot;,&quot;jet_parallax_layout_bg_y_mobile&quot;:&quot;&quot;,&quot;jet_parallax_layout_bg_size&quot;:&quot;auto&quot;,&quot;jet_parallax_layout_bg_size_tablet&quot;:&quot;&quot;,&quot;jet_parallax_layout_bg_size_mobile&quot;:&quot;&quot;,&quot;jet_parallax_layout_animation_prop&quot;:&quot;transform&quot;,&quot;jet_parallax_layout_on&quot;:[&quot;desktop&quot;,&quot;tablet&quot;]}],&quot;background_background&quot;:&quot;classic&quot;}\">\n\t\t\t\t\t\t<div class=\"elementor-container elementor-column-gap-default\">\n\t\t\t\t\t<div class=\"elementor-column elementor-col-100 elementor-top-column elementor-element elementor-element-e024611\" data-id=\"e024611\" data-element_type=\"column\">\n\t\t\t<div class=\"elementor-widget-wrap elementor-element-populated\">\n\t\t\t\t\t\t<div class=\"elementor-element elementor-element-2f7f15e p white margin-bottom-big subtitle elementor-widget elementor-widget-text-editor\" data-id=\"2f7f15e\" data-element_type=\"widget\" data-widget_type=\"text-editor.default\">\n\t\t\t\t<div class=\"elementor-widget-container\">\n\t\t\t\t\t\t\t\t\t<p>Kosteng\u00fcnstige Produktion macht alle gl\u00fccklich \u2013 vom Kunden bis hin zur Umwelt.<\/p>\n\t\t\t\t\t\t\t\t<\/div>\n\t\t\t\t<\/div>\n\t\t\t\t\t<\/div>\n\t\t<\/div>\n\t\t\t\t\t<\/div>\n\t\t<\/section>\n\t\t\t\t<section class=\"elementor-section elementor-top-section elementor-element elementor-element-0397222 elementor-section-boxed elementor-section-height-default elementor-section-height-default\" data-id=\"0397222\" data-element_type=\"section\" data-settings=\"{&quot;jet_parallax_layout_list&quot;:[{&quot;jet_parallax_layout_image&quot;:{&quot;url&quot;:&quot;&quot;,&quot;id&quot;:&quot;&quot;,&quot;size&quot;:&quot;&quot;},&quot;_id&quot;:&quot;1ae3376&quot;,&quot;jet_parallax_layout_image_tablet&quot;:{&quot;url&quot;:&quot;&quot;,&quot;id&quot;:&quot;&quot;,&quot;size&quot;:&quot;&quot;},&quot;jet_parallax_layout_image_mobile&quot;:{&quot;url&quot;:&quot;&quot;,&quot;id&quot;:&quot;&quot;,&quot;size&quot;:&quot;&quot;},&quot;jet_parallax_layout_speed&quot;:{&quot;unit&quot;:&quot;%&quot;,&quot;size&quot;:50,&quot;sizes&quot;:[]},&quot;jet_parallax_layout_type&quot;:&quot;scroll&quot;,&quot;jet_parallax_layout_direction&quot;:&quot;1&quot;,&quot;jet_parallax_layout_fx_direction&quot;:null,&quot;jet_parallax_layout_z_index&quot;:&quot;&quot;,&quot;jet_parallax_layout_bg_x&quot;:50,&quot;jet_parallax_layout_bg_x_tablet&quot;:&quot;&quot;,&quot;jet_parallax_layout_bg_x_mobile&quot;:&quot;&quot;,&quot;jet_parallax_layout_bg_y&quot;:50,&quot;jet_parallax_layout_bg_y_tablet&quot;:&quot;&quot;,&quot;jet_parallax_layout_bg_y_mobile&quot;:&quot;&quot;,&quot;jet_parallax_layout_bg_size&quot;:&quot;auto&quot;,&quot;jet_parallax_layout_bg_size_tablet&quot;:&quot;&quot;,&quot;jet_parallax_layout_bg_size_mobile&quot;:&quot;&quot;,&quot;jet_parallax_layout_animation_prop&quot;:&quot;transform&quot;,&quot;jet_parallax_layout_on&quot;:[&quot;desktop&quot;,&quot;tablet&quot;]}]}\">\n\t\t\t\t\t\t<div class=\"elementor-container elementor-column-gap-default\">\n\t\t\t\t\t<div class=\"elementor-column elementor-col-100 elementor-top-column elementor-element elementor-element-066a767\" data-id=\"066a767\" data-element_type=\"column\">\n\t\t\t<div class=\"elementor-widget-wrap elementor-element-populated\">\n\t\t\t\t\t\t<div class=\"elementor-element elementor-element-617006c monocrumbs elementor-widget elementor-widget-breadcrumbs\" data-id=\"617006c\" data-element_type=\"widget\" data-widget_type=\"breadcrumbs.default\">\n\t\t\t\t<div class=\"elementor-widget-container\">\n\t\t\t\t\t<p id=\"breadcrumbs\"><span><span><a href=\"https:\/\/www.lesjoforsab.com\/de\/\">Home<\/a><\/span><\/span><\/p>\t\t\t\t<\/div>\n\t\t\t\t<\/div>\n\t\t\t\t\t<\/div>\n\t\t<\/div>\n\t\t\t\t\t<\/div>\n\t\t<\/section>\n\t\t\t\t<section class=\"elementor-section elementor-top-section elementor-element elementor-element-cf6ce0c elementor-section-full_width flex-column margin-top-medium elementor-section-height-default elementor-section-height-default\" data-id=\"cf6ce0c\" data-element_type=\"section\" data-settings=\"{&quot;jet_parallax_layout_list&quot;:[{&quot;jet_parallax_layout_image&quot;:{&quot;url&quot;:&quot;&quot;,&quot;id&quot;:&quot;&quot;,&quot;size&quot;:&quot;&quot;},&quot;_id&quot;:&quot;55ff6ac&quot;,&quot;jet_parallax_layout_image_tablet&quot;:{&quot;url&quot;:&quot;&quot;,&quot;id&quot;:&quot;&quot;,&quot;size&quot;:&quot;&quot;},&quot;jet_parallax_layout_image_mobile&quot;:{&quot;url&quot;:&quot;&quot;,&quot;id&quot;:&quot;&quot;,&quot;size&quot;:&quot;&quot;},&quot;jet_parallax_layout_speed&quot;:{&quot;unit&quot;:&quot;%&quot;,&quot;size&quot;:50,&quot;sizes&quot;:[]},&quot;jet_parallax_layout_type&quot;:&quot;scroll&quot;,&quot;jet_parallax_layout_direction&quot;:&quot;1&quot;,&quot;jet_parallax_layout_fx_direction&quot;:null,&quot;jet_parallax_layout_z_index&quot;:&quot;&quot;,&quot;jet_parallax_layout_bg_x&quot;:50,&quot;jet_parallax_layout_bg_x_tablet&quot;:&quot;&quot;,&quot;jet_parallax_layout_bg_x_mobile&quot;:&quot;&quot;,&quot;jet_parallax_layout_bg_y&quot;:50,&quot;jet_parallax_layout_bg_y_tablet&quot;:&quot;&quot;,&quot;jet_parallax_layout_bg_y_mobile&quot;:&quot;&quot;,&quot;jet_parallax_layout_bg_size&quot;:&quot;auto&quot;,&quot;jet_parallax_layout_bg_size_tablet&quot;:&quot;&quot;,&quot;jet_parallax_layout_bg_size_mobile&quot;:&quot;&quot;,&quot;jet_parallax_layout_animation_prop&quot;:&quot;transform&quot;,&quot;jet_parallax_layout_on&quot;:[&quot;desktop&quot;,&quot;tablet&quot;]}]}\">\n\t\t\t\t\t\t<div class=\"elementor-container elementor-column-gap-default\">\n\t\t\t\t\t<div class=\"elementor-column elementor-col-50 elementor-top-column elementor-element elementor-element-1008ce0 column-left-33-boxed\" data-id=\"1008ce0\" data-element_type=\"column\">\n\t\t\t<div class=\"elementor-widget-wrap elementor-element-populated\">\n\t\t\t\t\t\t<div class=\"elementor-element elementor-element-94ed2e9 decorated margin-top-big elementor-widget elementor-widget-heading\" data-id=\"94ed2e9\" data-element_type=\"widget\" data-widget_type=\"heading.default\">\n\t\t\t\t<div class=\"elementor-widget-container\">\n\t\t\t\t\t<h2 class=\"elementor-heading-title elementor-size-default\">Best Cost Production<\/h2>\t\t\t\t<\/div>\n\t\t\t\t<\/div>\n\t\t\t\t<div class=\"elementor-element elementor-element-4406ed8 margin-top-small elementor-widget elementor-widget-text-editor\" data-id=\"4406ed8\" data-element_type=\"widget\" data-widget_type=\"text-editor.default\">\n\t\t\t\t<div class=\"elementor-widget-container\">\n\t\t\t\t\t\t\t\t\t<p>Wir glauben an eine kosteng\u00fcnstige Produktion, sowohl in Hinblick auf unsere Kunden als auch auf die Umwelt. Gemeinsam erreichen wir die beste und kosteng\u00fcnstigste L\u00f6sung. Idealerweise d\u00fcrfen wir von Anfang an Teil Ihres Projekts sein.<\/p>\n<p>Unser Know-How in der Federtechnik umfasst die gesamte Palette von Fertigungsprozessen in der Produktion. Wir investieren kontinuierlich in unsere Maschinenparks, um h\u00f6chste Qualit\u00e4t und kosteneffiziente Produktion sowie unser Netzwerk von erstklassigen Ingenieuren und technischen Experten zu gew\u00e4hrleisten.<\/p>\n\t\t\t\t\t\t\t\t<\/div>\n\t\t\t\t<\/div>\n\t\t\t\t\t<\/div>\n\t\t<\/div>\n\t\t\t\t<div class=\"elementor-column elementor-col-50 elementor-top-column elementor-element elementor-element-a7730ae column-right-66\" data-id=\"a7730ae\" data-element_type=\"column\" data-settings=\"{&quot;background_background&quot;:&quot;classic&quot;}\">\n\t\t\t<div class=\"elementor-widget-wrap elementor-element-populated\">\n\t\t\t\t\t<div class=\"elementor-background-overlay\"><\/div>\n\t\t\t\t\t\t<div class=\"elementor-element elementor-element-e480660 image-max-height elementor-widget elementor-widget-spacer\" data-id=\"e480660\" data-element_type=\"widget\" data-widget_type=\"spacer.default\">\n\t\t\t\t<div class=\"elementor-widget-container\">\n\t\t\t\t\t\t\t<div class=\"elementor-spacer\">\n\t\t\t<div class=\"elementor-spacer-inner\"><\/div>\n\t\t<\/div>\n\t\t\t\t\t\t<\/div>\n\t\t\t\t<\/div>\n\t\t\t\t<div class=\"elementor-element elementor-element-0f3bd89 image-max-height elementor-widget elementor-widget-spacer\" data-id=\"0f3bd89\" data-element_type=\"widget\" data-widget_type=\"spacer.default\">\n\t\t\t\t<div class=\"elementor-widget-container\">\n\t\t\t\t\t\t\t<div class=\"elementor-spacer\">\n\t\t\t<div class=\"elementor-spacer-inner\"><\/div>\n\t\t<\/div>\n\t\t\t\t\t\t<\/div>\n\t\t\t\t<\/div>\n\t\t\t\t\t<\/div>\n\t\t<\/div>\n\t\t\t\t\t<\/div>\n\t\t<\/section>\n\t\t\t\t<section class=\"elementor-section elementor-top-section elementor-element elementor-element-81ecd97 margin-bottom-big margin-top-big elementor-section-boxed elementor-section-height-default elementor-section-height-default\" data-id=\"81ecd97\" data-element_type=\"section\" data-settings=\"{&quot;jet_parallax_layout_list&quot;:[{&quot;jet_parallax_layout_image&quot;:{&quot;url&quot;:&quot;&quot;,&quot;id&quot;:&quot;&quot;,&quot;size&quot;:&quot;&quot;},&quot;_id&quot;:&quot;e405048&quot;,&quot;jet_parallax_layout_image_tablet&quot;:{&quot;url&quot;:&quot;&quot;,&quot;id&quot;:&quot;&quot;,&quot;size&quot;:&quot;&quot;},&quot;jet_parallax_layout_image_mobile&quot;:{&quot;url&quot;:&quot;&quot;,&quot;id&quot;:&quot;&quot;,&quot;size&quot;:&quot;&quot;},&quot;jet_parallax_layout_speed&quot;:{&quot;unit&quot;:&quot;%&quot;,&quot;size&quot;:50,&quot;sizes&quot;:[]},&quot;jet_parallax_layout_type&quot;:&quot;scroll&quot;,&quot;jet_parallax_layout_direction&quot;:&quot;1&quot;,&quot;jet_parallax_layout_fx_direction&quot;:null,&quot;jet_parallax_layout_z_index&quot;:&quot;&quot;,&quot;jet_parallax_layout_bg_x&quot;:50,&quot;jet_parallax_layout_bg_x_tablet&quot;:&quot;&quot;,&quot;jet_parallax_layout_bg_x_mobile&quot;:&quot;&quot;,&quot;jet_parallax_layout_bg_y&quot;:50,&quot;jet_parallax_layout_bg_y_tablet&quot;:&quot;&quot;,&quot;jet_parallax_layout_bg_y_mobile&quot;:&quot;&quot;,&quot;jet_parallax_layout_bg_size&quot;:&quot;auto&quot;,&quot;jet_parallax_layout_bg_size_tablet&quot;:&quot;&quot;,&quot;jet_parallax_layout_bg_size_mobile&quot;:&quot;&quot;,&quot;jet_parallax_layout_animation_prop&quot;:&quot;transform&quot;,&quot;jet_parallax_layout_on&quot;:[&quot;desktop&quot;,&quot;tablet&quot;]}]}\">\n\t\t\t\t\t\t<div class=\"elementor-container elementor-column-gap-default\">\n\t\t\t\t\t<div class=\"elementor-column elementor-col-100 elementor-top-column elementor-element elementor-element-b2b3299\" data-id=\"b2b3299\" data-element_type=\"column\">\n\t\t\t<div class=\"elementor-widget-wrap elementor-element-populated\">\n\t\t\t\t\t\t<div class=\"elementor-element elementor-element-e34e93a special-color elementor-widget elementor-widget-heading\" data-id=\"e34e93a\" data-element_type=\"widget\" data-widget_type=\"heading.default\">\n\t\t\t\t<div class=\"elementor-widget-container\">\n\t\t\t\t\t<h3 class=\"elementor-heading-title elementor-size-default\">KONTAKTIEREN SIE IHR N\u00c4CHSTGELEGENES UNTERNEHMEN DER LESJ\u00d6FORS GRUPPE<\/h3>\t\t\t\t<\/div>\n\t\t\t\t<\/div>\n\t\t\t\t<div class=\"elementor-element elementor-element-37923ec subtitle elementor-widget elementor-widget-text-editor\" data-id=\"37923ec\" data-element_type=\"widget\" data-widget_type=\"text-editor.default\">\n\t\t\t\t<div class=\"elementor-widget-container\">\n\t\t\t\t\t\t\t\t\t<p>Wenn Sie mehr \u00fcber unsere Aktivit\u00e4ten erfahren m\u00f6chten, wenden Sie sich bitte an Ihr n\u00e4chstgelegenes Unternehmen der Lesj\u00f6fors Gruppe.<\/p>\n\t\t\t\t\t\t\t\t<\/div>\n\t\t\t\t<\/div>\n\t\t\t\t<div class=\"elementor-element elementor-element-2ba3d5f elementor-widget elementor-widget-button\" data-id=\"2ba3d5f\" data-element_type=\"widget\" data-widget_type=\"button.default\">\n\t\t\t\t<div class=\"elementor-widget-container\">\n\t\t\t\t\t\t\t\t\t<div class=\"elementor-button-wrapper\">\n\t\t\t\t\t<a class=\"elementor-button elementor-button-link elementor-size-sm\" href=\"https:\/\/www.lesjoforsab.com\/de\/kontakt\/\">\n\t\t\t\t\t\t<span class=\"elementor-button-content-wrapper\">\n\t\t\t\t\t\t\t\t\t<span class=\"elementor-button-text\">Finden Sie Ihren Ansprechpartner im Vertrieb<\/span>\n\t\t\t\t\t<\/span>\n\t\t\t\t\t<\/a>\n\t\t\t\t<\/div>\n\t\t\t\t\t\t\t\t<\/div>\n\t\t\t\t<\/div>\n\t\t\t\t\t<\/div>\n\t\t<\/div>\n\t\t\t\t\t<\/div>\n\t\t<\/section>\n\t\t\t\t<\/div>\n\t\t","protected":false},"excerpt":{"rendered":"<p>Kosteng\u00fcnstige Produktion macht alle gl\u00fccklich \u2013 vom Kunden bis hin zur Umwelt. Best Cost Production Wir glauben an eine kosteng\u00fcnstige Produktion, sowohl in Hinblick auf unsere Kunden als auch auf die Umwelt. Gemeinsam erreichen wir die beste und kosteng\u00fcnstigste L\u00f6sung. Idealerweise d\u00fcrfen wir von Anfang an Teil Ihres Projekts sein. Unser Know-How in der Federtechnik [&hellip;]<\/p>\n","protected":false},"author":3,"featured_media":0,"parent":11477,"menu_order":0,"comment_status":"closed","ping_status":"closed","template":"","meta":{"footnotes":""},"class_list":["post-11506","page","type-page","status-publish","hentry"],"yoast_head":"<!-- This site is optimized with the Yoast SEO plugin v25.6 - https:\/\/yoast.com\/wordpress\/plugins\/seo\/ -->\n<title>Kosteng\u00fcnstige Produktion basierend auf unserem Know-how der Federtechnik<\/title>\n<meta name=\"description\" content=\"Wir erreichen die optimale und kosteng\u00fcnstigste L\u00f6sung, wenn wir die M\u00f6glichkeit bekommen, von Anfang an Teil des Projekts zu sein. \u00dcberzeugen Sie sich selbst!\" \/>\n<meta name=\"robots\" content=\"index, follow, max-snippet:-1, max-image-preview:large, max-video-preview:-1\" \/>\n<link rel=\"canonical\" href=\"https:\/\/www.lesjoforsab.com\/de\/services\/kostenguenstige-produktion\/\" \/>\n<meta property=\"og:locale\" content=\"de_DE\" \/>\n<meta property=\"og:type\" content=\"article\" \/>\n<meta property=\"og:title\" content=\"Kosteng\u00fcnstige Produktion basierend auf unserem Know-how der Federtechnik\" \/>\n<meta property=\"og:description\" content=\"Wir erreichen die optimale und kosteng\u00fcnstigste L\u00f6sung, wenn wir die M\u00f6glichkeit bekommen, von Anfang an Teil des Projekts zu sein. \u00dcberzeugen Sie sich selbst!\" \/>\n<meta property=\"og:url\" content=\"https:\/\/www.lesjoforsab.com\/de\/services\/kostenguenstige-produktion\/\" \/>\n<meta property=\"og:site_name\" content=\"Lesj\u00f6fors - Industrial Springs and Pressings\" \/>\n<meta property=\"article:modified_time\" content=\"2021-06-02T14:20:46+00:00\" \/>\n<meta property=\"og:image\" content=\"https:\/\/www.lesjoforsab.com\/wp-content\/uploads\/User-Uploads\/General-Content\/All-Stage-Images\/Stagebild-CustomSprings-Spring.jpg\" \/>\n\t<meta property=\"og:image:width\" content=\"1920\" \/>\n\t<meta property=\"og:image:height\" content=\"840\" \/>\n\t<meta property=\"og:image:type\" content=\"image\/jpeg\" \/>\n<script type=\"application\/ld+json\" class=\"yoast-schema-graph\">{\"@context\":\"https:\/\/schema.org\",\"@graph\":[{\"@type\":\"WebPage\",\"@id\":\"https:\/\/www.lesjoforsab.com\/de\/services\/kostenguenstige-produktion\/\",\"url\":\"https:\/\/www.lesjoforsab.com\/de\/services\/kostenguenstige-produktion\/\",\"name\":\"Kosteng\u00fcnstige Produktion basierend auf unserem Know-how der Federtechnik\",\"isPartOf\":{\"@id\":\"https:\/\/www.lesjoforsab.com\/de\/#website\"},\"datePublished\":\"2019-08-16T14:14:33+00:00\",\"dateModified\":\"2021-06-02T14:20:46+00:00\",\"description\":\"Wir erreichen die optimale und kosteng\u00fcnstigste L\u00f6sung, wenn wir die M\u00f6glichkeit bekommen, von Anfang an Teil des Projekts zu sein. \u00dcberzeugen Sie sich selbst!\",\"breadcrumb\":{\"@id\":\"https:\/\/www.lesjoforsab.com\/de\/services\/kostenguenstige-produktion\/#breadcrumb\"},\"inLanguage\":\"de\",\"potentialAction\":[{\"@type\":\"ReadAction\",\"target\":[\"https:\/\/www.lesjoforsab.com\/de\/services\/kostenguenstige-produktion\/\"]}]},{\"@type\":\"BreadcrumbList\",\"@id\":\"https:\/\/www.lesjoforsab.com\/de\/services\/kostenguenstige-produktion\/#breadcrumb\",\"itemListElement\":[{\"@type\":\"ListItem\",\"position\":1,\"name\":\"Home\",\"item\":\"https:\/\/www.lesjoforsab.com\/de\/\"},{\"@type\":\"ListItem\",\"position\":2,\"name\":\"Service\",\"item\":\"https:\/\/www.lesjoforsab.com\/de\/tjenester\/\"},{\"@type\":\"ListItem\",\"position\":3,\"name\":\"Best Cost Production\"}]},{\"@type\":\"WebSite\",\"@id\":\"https:\/\/www.lesjoforsab.com\/de\/#website\",\"url\":\"https:\/\/www.lesjoforsab.com\/de\/\",\"name\":\"Lesj\u00f6fors - Industrial Springs and Pressings\",\"description\":\"\",\"publisher\":{\"@id\":\"https:\/\/www.lesjoforsab.com\/de\/#organization\"},\"potentialAction\":[{\"@type\":\"SearchAction\",\"target\":{\"@type\":\"EntryPoint\",\"urlTemplate\":\"https:\/\/www.lesjoforsab.com\/de\/?s={search_term_string}\"},\"query-input\":{\"@type\":\"PropertyValueSpecification\",\"valueRequired\":true,\"valueName\":\"search_term_string\"}}],\"inLanguage\":\"de\"},{\"@type\":\"Organization\",\"@id\":\"https:\/\/www.lesjoforsab.com\/de\/#organization\",\"name\":\"Lesj\u00f6fors AB\",\"url\":\"https:\/\/www.lesjoforsab.com\/de\/\",\"logo\":{\"@type\":\"ImageObject\",\"inLanguage\":\"de\",\"@id\":\"https:\/\/www.lesjoforsab.com\/de\/#\/schema\/logo\/image\/\",\"url\":\"https:\/\/www.lesjoforsab.com\/wp-content\/uploads\/User-Uploads\/Lesjoefors-Brand\/Logotypes\/lesjofors-logo-without-payoff.jpg\",\"contentUrl\":\"https:\/\/www.lesjoforsab.com\/wp-content\/uploads\/User-Uploads\/Lesjoefors-Brand\/Logotypes\/lesjofors-logo-without-payoff.jpg\",\"width\":1347,\"height\":378,\"caption\":\"Lesj\u00f6fors AB\"},\"image\":{\"@id\":\"https:\/\/www.lesjoforsab.com\/de\/#\/schema\/logo\/image\/\"},\"sameAs\":[\"https:\/\/x.com\/lesjoforsgroup\",\"https:\/\/www.linkedin.com\/company\/lesjoforsab\/\",\"https:\/\/www.youtube.com\/user\/lesjoforsab\"]}]}<\/script>\n<!-- \/ Yoast SEO plugin. -->","yoast_head_json":{"title":"Kosteng\u00fcnstige Produktion basierend auf unserem Know-how der Federtechnik","description":"Wir erreichen die optimale und kosteng\u00fcnstigste L\u00f6sung, wenn wir die M\u00f6glichkeit bekommen, von Anfang an Teil des Projekts zu sein. \u00dcberzeugen Sie sich selbst!","robots":{"index":"index","follow":"follow","max-snippet":"max-snippet:-1","max-image-preview":"max-image-preview:large","max-video-preview":"max-video-preview:-1"},"canonical":"https:\/\/www.lesjoforsab.com\/de\/services\/kostenguenstige-produktion\/","og_locale":"de_DE","og_type":"article","og_title":"Kosteng\u00fcnstige Produktion basierend auf unserem Know-how der Federtechnik","og_description":"Wir erreichen die optimale und kosteng\u00fcnstigste L\u00f6sung, wenn wir die M\u00f6glichkeit bekommen, von Anfang an Teil des Projekts zu sein. \u00dcberzeugen Sie sich selbst!","og_url":"https:\/\/www.lesjoforsab.com\/de\/services\/kostenguenstige-produktion\/","og_site_name":"Lesj\u00f6fors - Industrial Springs and Pressings","article_modified_time":"2021-06-02T14:20:46+00:00","og_image":[{"width":1920,"height":840,"url":"https:\/\/www.lesjoforsab.com\/wp-content\/uploads\/User-Uploads\/General-Content\/All-Stage-Images\/Stagebild-CustomSprings-Spring.jpg","type":"image\/jpeg"}],"schema":{"@context":"https:\/\/schema.org","@graph":[{"@type":"WebPage","@id":"https:\/\/www.lesjoforsab.com\/de\/services\/kostenguenstige-produktion\/","url":"https:\/\/www.lesjoforsab.com\/de\/services\/kostenguenstige-produktion\/","name":"Kosteng\u00fcnstige Produktion basierend auf unserem Know-how der Federtechnik","isPartOf":{"@id":"https:\/\/www.lesjoforsab.com\/de\/#website"},"datePublished":"2019-08-16T14:14:33+00:00","dateModified":"2021-06-02T14:20:46+00:00","description":"Wir erreichen die optimale und kosteng\u00fcnstigste L\u00f6sung, wenn wir die M\u00f6glichkeit bekommen, von Anfang an Teil des Projekts zu sein. \u00dcberzeugen Sie sich selbst!","breadcrumb":{"@id":"https:\/\/www.lesjoforsab.com\/de\/services\/kostenguenstige-produktion\/#breadcrumb"},"inLanguage":"de","potentialAction":[{"@type":"ReadAction","target":["https:\/\/www.lesjoforsab.com\/de\/services\/kostenguenstige-produktion\/"]}]},{"@type":"BreadcrumbList","@id":"https:\/\/www.lesjoforsab.com\/de\/services\/kostenguenstige-produktion\/#breadcrumb","itemListElement":[{"@type":"ListItem","position":1,"name":"Home","item":"https:\/\/www.lesjoforsab.com\/de\/"},{"@type":"ListItem","position":2,"name":"Service","item":"https:\/\/www.lesjoforsab.com\/de\/tjenester\/"},{"@type":"ListItem","position":3,"name":"Best Cost Production"}]},{"@type":"WebSite","@id":"https:\/\/www.lesjoforsab.com\/de\/#website","url":"https:\/\/www.lesjoforsab.com\/de\/","name":"Lesj\u00f6fors - Industrial Springs and Pressings","description":"","publisher":{"@id":"https:\/\/www.lesjoforsab.com\/de\/#organization"},"potentialAction":[{"@type":"SearchAction","target":{"@type":"EntryPoint","urlTemplate":"https:\/\/www.lesjoforsab.com\/de\/?s={search_term_string}"},"query-input":{"@type":"PropertyValueSpecification","valueRequired":true,"valueName":"search_term_string"}}],"inLanguage":"de"},{"@type":"Organization","@id":"https:\/\/www.lesjoforsab.com\/de\/#organization","name":"Lesj\u00f6fors AB","url":"https:\/\/www.lesjoforsab.com\/de\/","logo":{"@type":"ImageObject","inLanguage":"de","@id":"https:\/\/www.lesjoforsab.com\/de\/#\/schema\/logo\/image\/","url":"https:\/\/www.lesjoforsab.com\/wp-content\/uploads\/User-Uploads\/Lesjoefors-Brand\/Logotypes\/lesjofors-logo-without-payoff.jpg","contentUrl":"https:\/\/www.lesjoforsab.com\/wp-content\/uploads\/User-Uploads\/Lesjoefors-Brand\/Logotypes\/lesjofors-logo-without-payoff.jpg","width":1347,"height":378,"caption":"Lesj\u00f6fors AB"},"image":{"@id":"https:\/\/www.lesjoforsab.com\/de\/#\/schema\/logo\/image\/"},"sameAs":["https:\/\/x.com\/lesjoforsgroup","https:\/\/www.linkedin.com\/company\/lesjoforsab\/","https:\/\/www.youtube.com\/user\/lesjoforsab"]}]}},"_links":{"self":[{"href":"https:\/\/www.lesjoforsab.com\/de\/wp-json\/wp\/v2\/pages\/11506","targetHints":{"allow":["GET"]}}],"collection":[{"href":"https:\/\/www.lesjoforsab.com\/de\/wp-json\/wp\/v2\/pages"}],"about":[{"href":"https:\/\/www.lesjoforsab.com\/de\/wp-json\/wp\/v2\/types\/page"}],"author":[{"embeddable":true,"href":"https:\/\/www.lesjoforsab.com\/de\/wp-json\/wp\/v2\/users\/3"}],"replies":[{"embeddable":true,"href":"https:\/\/www.lesjoforsab.com\/de\/wp-json\/wp\/v2\/comments?post=11506"}],"version-history":[{"count":0,"href":"https:\/\/www.lesjoforsab.com\/de\/wp-json\/wp\/v2\/pages\/11506\/revisions"}],"up":[{"embeddable":true,"href":"https:\/\/www.lesjoforsab.com\/de\/wp-json\/wp\/v2\/pages\/11477"}],"wp:attachment":[{"href":"https:\/\/www.lesjoforsab.com\/de\/wp-json\/wp\/v2\/media?parent=11506"}],"curies":[{"name":"wp","href":"https:\/\/api.w.org\/{rel}","templated":true}]}}