{"id":11382,"date":"2019-11-20T14:19:32","date_gmt":"2019-11-20T13:19:32","guid":{"rendered":"https:\/\/www.lesjoforsab.com\/industrien\/maschinen-werkzeuge\/"},"modified":"2024-07-25T16:29:09","modified_gmt":"2024-07-25T14:29:09","slug":"maschinen-werkzeuge","status":"publish","type":"page","link":"https:\/\/www.lesjoforsab.com\/de\/industrien\/maschinen-werkzeuge\/","title":{"rendered":"Maschinen und Werkzeuge"},"content":{"rendered":"\t\t<div data-elementor-type=\"wp-page\" data-elementor-id=\"11382\" class=\"elementor elementor-11382 elementor-2782\" data-elementor-post-type=\"page\">\n\t\t\t\t\t\t<section class=\"elementor-section elementor-top-section elementor-element elementor-element-e7cff50 elementor-section-boxed elementor-section-height-default elementor-section-height-default\" data-id=\"e7cff50\" data-element_type=\"section\" data-settings=\"{&quot;jet_parallax_layout_list&quot;:[{&quot;jet_parallax_layout_image&quot;:{&quot;url&quot;:&quot;&quot;,&quot;id&quot;:&quot;&quot;,&quot;size&quot;:&quot;&quot;},&quot;_id&quot;:&quot;d775061&quot;,&quot;jet_parallax_layout_image_tablet&quot;:{&quot;url&quot;:&quot;&quot;,&quot;id&quot;:&quot;&quot;,&quot;size&quot;:&quot;&quot;},&quot;jet_parallax_layout_image_mobile&quot;:{&quot;url&quot;:&quot;&quot;,&quot;id&quot;:&quot;&quot;,&quot;size&quot;:&quot;&quot;},&quot;jet_parallax_layout_speed&quot;:{&quot;unit&quot;:&quot;%&quot;,&quot;size&quot;:50,&quot;sizes&quot;:[]},&quot;jet_parallax_layout_type&quot;:&quot;scroll&quot;,&quot;jet_parallax_layout_direction&quot;:&quot;1&quot;,&quot;jet_parallax_layout_fx_direction&quot;:null,&quot;jet_parallax_layout_z_index&quot;:&quot;&quot;,&quot;jet_parallax_layout_bg_x&quot;:50,&quot;jet_parallax_layout_bg_x_tablet&quot;:&quot;&quot;,&quot;jet_parallax_layout_bg_x_mobile&quot;:&quot;&quot;,&quot;jet_parallax_layout_bg_y&quot;:50,&quot;jet_parallax_layout_bg_y_tablet&quot;:&quot;&quot;,&quot;jet_parallax_layout_bg_y_mobile&quot;:&quot;&quot;,&quot;jet_parallax_layout_bg_size&quot;:&quot;auto&quot;,&quot;jet_parallax_layout_bg_size_tablet&quot;:&quot;&quot;,&quot;jet_parallax_layout_bg_size_mobile&quot;:&quot;&quot;,&quot;jet_parallax_layout_animation_prop&quot;:&quot;transform&quot;,&quot;jet_parallax_layout_on&quot;:[&quot;desktop&quot;,&quot;tablet&quot;]}],&quot;background_background&quot;:&quot;classic&quot;}\">\n\t\t\t\t\t\t<div class=\"elementor-container elementor-column-gap-default\">\n\t\t\t\t\t<div class=\"elementor-column elementor-col-100 elementor-top-column elementor-element elementor-element-71c6f8d\" data-id=\"71c6f8d\" data-element_type=\"column\">\n\t\t\t<div class=\"elementor-widget-wrap elementor-element-populated\">\n\t\t\t\t\t\t<div class=\"elementor-element elementor-element-6806794 p white margin-bottom-big subtitle elementor-widget elementor-widget-text-editor\" data-id=\"6806794\" data-element_type=\"widget\" data-widget_type=\"text-editor.default\">\n\t\t\t\t<div class=\"elementor-widget-container\">\n\t\t\t\t\t\t\t\t\t<p>Verschiedene Federn f\u00fcr die Maschinen- und Werkzeugindustrie.<\/p>\n\t\t\t\t\t\t\t\t<\/div>\n\t\t\t\t<\/div>\n\t\t\t\t\t<\/div>\n\t\t<\/div>\n\t\t\t\t\t<\/div>\n\t\t<\/section>\n\t\t\t\t<section class=\"elementor-section elementor-top-section elementor-element elementor-element-78c5654 elementor-section-boxed elementor-section-height-default elementor-section-height-default\" data-id=\"78c5654\" data-element_type=\"section\" data-settings=\"{&quot;jet_parallax_layout_list&quot;:[{&quot;jet_parallax_layout_image&quot;:{&quot;url&quot;:&quot;&quot;,&quot;id&quot;:&quot;&quot;,&quot;size&quot;:&quot;&quot;},&quot;_id&quot;:&quot;1ae3376&quot;,&quot;jet_parallax_layout_image_tablet&quot;:{&quot;url&quot;:&quot;&quot;,&quot;id&quot;:&quot;&quot;,&quot;size&quot;:&quot;&quot;},&quot;jet_parallax_layout_image_mobile&quot;:{&quot;url&quot;:&quot;&quot;,&quot;id&quot;:&quot;&quot;,&quot;size&quot;:&quot;&quot;},&quot;jet_parallax_layout_speed&quot;:{&quot;unit&quot;:&quot;%&quot;,&quot;size&quot;:50,&quot;sizes&quot;:[]},&quot;jet_parallax_layout_type&quot;:&quot;scroll&quot;,&quot;jet_parallax_layout_direction&quot;:&quot;1&quot;,&quot;jet_parallax_layout_fx_direction&quot;:null,&quot;jet_parallax_layout_z_index&quot;:&quot;&quot;,&quot;jet_parallax_layout_bg_x&quot;:50,&quot;jet_parallax_layout_bg_x_tablet&quot;:&quot;&quot;,&quot;jet_parallax_layout_bg_x_mobile&quot;:&quot;&quot;,&quot;jet_parallax_layout_bg_y&quot;:50,&quot;jet_parallax_layout_bg_y_tablet&quot;:&quot;&quot;,&quot;jet_parallax_layout_bg_y_mobile&quot;:&quot;&quot;,&quot;jet_parallax_layout_bg_size&quot;:&quot;auto&quot;,&quot;jet_parallax_layout_bg_size_tablet&quot;:&quot;&quot;,&quot;jet_parallax_layout_bg_size_mobile&quot;:&quot;&quot;,&quot;jet_parallax_layout_animation_prop&quot;:&quot;transform&quot;,&quot;jet_parallax_layout_on&quot;:[&quot;desktop&quot;,&quot;tablet&quot;]}]}\">\n\t\t\t\t\t\t<div class=\"elementor-container elementor-column-gap-default\">\n\t\t\t\t\t<div class=\"elementor-column elementor-col-100 elementor-top-column elementor-element elementor-element-d60f09f\" data-id=\"d60f09f\" data-element_type=\"column\">\n\t\t\t<div class=\"elementor-widget-wrap elementor-element-populated\">\n\t\t\t\t\t\t<div class=\"elementor-element elementor-element-a1e0461 monocrumbs elementor-widget elementor-widget-breadcrumbs\" data-id=\"a1e0461\" data-element_type=\"widget\" data-widget_type=\"breadcrumbs.default\">\n\t\t\t\t<div class=\"elementor-widget-container\">\n\t\t\t\t\t<p id=\"breadcrumbs\"><span><span><a href=\"https:\/\/www.lesjoforsab.com\/de\/\">Home<\/a><\/span><\/span><\/p>\t\t\t\t<\/div>\n\t\t\t\t<\/div>\n\t\t\t\t\t<\/div>\n\t\t<\/div>\n\t\t\t\t\t<\/div>\n\t\t<\/section>\n\t\t\t\t<section class=\"elementor-section elementor-top-section elementor-element elementor-element-84867ad margin-top-medium elementor-section-boxed elementor-section-height-default elementor-section-height-default\" data-id=\"84867ad\" data-element_type=\"section\" data-settings=\"{&quot;jet_parallax_layout_list&quot;:[{&quot;jet_parallax_layout_image&quot;:{&quot;url&quot;:&quot;&quot;,&quot;id&quot;:&quot;&quot;,&quot;size&quot;:&quot;&quot;},&quot;_id&quot;:&quot;10a5b20&quot;,&quot;jet_parallax_layout_image_tablet&quot;:{&quot;url&quot;:&quot;&quot;,&quot;id&quot;:&quot;&quot;,&quot;size&quot;:&quot;&quot;},&quot;jet_parallax_layout_image_mobile&quot;:{&quot;url&quot;:&quot;&quot;,&quot;id&quot;:&quot;&quot;,&quot;size&quot;:&quot;&quot;},&quot;jet_parallax_layout_speed&quot;:{&quot;unit&quot;:&quot;%&quot;,&quot;size&quot;:50,&quot;sizes&quot;:[]},&quot;jet_parallax_layout_type&quot;:&quot;scroll&quot;,&quot;jet_parallax_layout_direction&quot;:&quot;1&quot;,&quot;jet_parallax_layout_fx_direction&quot;:null,&quot;jet_parallax_layout_z_index&quot;:&quot;&quot;,&quot;jet_parallax_layout_bg_x&quot;:50,&quot;jet_parallax_layout_bg_x_tablet&quot;:&quot;&quot;,&quot;jet_parallax_layout_bg_x_mobile&quot;:&quot;&quot;,&quot;jet_parallax_layout_bg_y&quot;:50,&quot;jet_parallax_layout_bg_y_tablet&quot;:&quot;&quot;,&quot;jet_parallax_layout_bg_y_mobile&quot;:&quot;&quot;,&quot;jet_parallax_layout_bg_size&quot;:&quot;auto&quot;,&quot;jet_parallax_layout_bg_size_tablet&quot;:&quot;&quot;,&quot;jet_parallax_layout_bg_size_mobile&quot;:&quot;&quot;,&quot;jet_parallax_layout_animation_prop&quot;:&quot;transform&quot;,&quot;jet_parallax_layout_on&quot;:[&quot;desktop&quot;,&quot;tablet&quot;]}]}\">\n\t\t\t\t\t\t<div class=\"elementor-container elementor-column-gap-default\">\n\t\t\t\t\t<div class=\"elementor-column elementor-col-33 elementor-top-column elementor-element elementor-element-1eab1f7\" data-id=\"1eab1f7\" data-element_type=\"column\">\n\t\t\t<div class=\"elementor-widget-wrap elementor-element-populated\">\n\t\t\t\t\t\t<div class=\"elementor-element elementor-element-e22436f decorated  elementor-widget elementor-widget-heading\" data-id=\"e22436f\" data-element_type=\"widget\" data-widget_type=\"heading.default\">\n\t\t\t\t<div class=\"elementor-widget-container\">\n\t\t\t\t\t<h2 class=\"elementor-heading-title elementor-size-default\">Maschinen und Werkzeuge<\/h2>\t\t\t\t<\/div>\n\t\t\t\t<\/div>\n\t\t\t\t<div class=\"elementor-element elementor-element-14ccb3d margin-top-small elementor-widget elementor-widget-text-editor\" data-id=\"14ccb3d\" data-element_type=\"widget\" data-widget_type=\"text-editor.default\">\n\t\t\t\t<div class=\"elementor-widget-container\">\n\t\t\t\t\t\t\t\t\t<p>In der heutigen Rund-um-die-Uhr-Wirtschaft brauchen wir effiziente Ausr\u00fcstung, Werkzeuge und Maschinen.<\/p>\n<p>Lesj\u00f6fors bietet eine breite Palette von Federformen, -durchmessern, -l\u00e4ngen und Variationen der Federbelastung sowohl in Kraft als auch Gr\u00f6\u00dfe.<\/p>\n<p>Unsere Federn werden in Materialgr\u00f6\u00dfen von 0,03 &#8211; 65 Millimetern gefertigt und f\u00fcr ihre Haltbarkeit, Anpassungsf\u00e4higkeit und Variationsf\u00e4higkeit bekannt.<\/p>\n\t\t\t\t\t\t\t\t<\/div>\n\t\t\t\t<\/div>\n\t\t\t\t\t<\/div>\n\t\t<\/div>\n\t\t\t\t<div class=\"elementor-column elementor-col-66 elementor-top-column elementor-element elementor-element-ec83c63\" data-id=\"ec83c63\" data-element_type=\"column\">\n\t\t\t<div class=\"elementor-widget-wrap elementor-element-populated\">\n\t\t\t\t\t\t<div class=\"elementor-element elementor-element-5f99134 elementor-widget elementor-widget-image\" data-id=\"5f99134\" data-element_type=\"widget\" data-widget_type=\"image.default\">\n\t\t\t\t<div class=\"elementor-widget-container\">\n\t\t\t\t\t\t\t\t\t\t\t\t\t\t\t<img fetchpriority=\"high\" decoding=\"async\" width=\"721\" height=\"421\" src=\"https:\/\/www.lesjoforsab.com\/wp-content\/uploads\/User-Uploads\/General-Content\/Industry\/MachineAndTools-2.jpg\" class=\"attachment-large size-large wp-image-10201\" alt=\"Abbildung Maschinen und Werkzeuge\" srcset=\"https:\/\/www.lesjoforsab.com\/wp-content\/uploads\/User-Uploads\/General-Content\/Industry\/MachineAndTools-2.jpg 721w, https:\/\/www.lesjoforsab.com\/wp-content\/uploads\/User-Uploads\/General-Content\/Industry\/MachineAndTools-2-300x175.jpg 300w, https:\/\/www.lesjoforsab.com\/wp-content\/uploads\/User-Uploads\/General-Content\/Industry\/MachineAndTools-2-400x234.jpg 400w\" sizes=\"(max-width: 721px) 100vw, 721px\" \/>\t\t\t\t\t\t\t\t\t\t\t\t\t\t\t<\/div>\n\t\t\t\t<\/div>\n\t\t\t\t\t<\/div>\n\t\t<\/div>\n\t\t\t\t\t<\/div>\n\t\t<\/section>\n\t\t\t\t<section class=\"elementor-section elementor-top-section elementor-element elementor-element-cf9b3a6 elementor-section-boxed elementor-section-height-default elementor-section-height-default\" data-id=\"cf9b3a6\" data-element_type=\"section\" data-settings=\"{&quot;jet_parallax_layout_list&quot;:[{&quot;jet_parallax_layout_image&quot;:{&quot;url&quot;:&quot;&quot;,&quot;id&quot;:&quot;&quot;,&quot;size&quot;:&quot;&quot;},&quot;_id&quot;:&quot;11c56fd&quot;,&quot;jet_parallax_layout_image_tablet&quot;:{&quot;url&quot;:&quot;&quot;,&quot;id&quot;:&quot;&quot;,&quot;size&quot;:&quot;&quot;},&quot;jet_parallax_layout_image_mobile&quot;:{&quot;url&quot;:&quot;&quot;,&quot;id&quot;:&quot;&quot;,&quot;size&quot;:&quot;&quot;},&quot;jet_parallax_layout_speed&quot;:{&quot;unit&quot;:&quot;%&quot;,&quot;size&quot;:50,&quot;sizes&quot;:[]},&quot;jet_parallax_layout_type&quot;:&quot;scroll&quot;,&quot;jet_parallax_layout_direction&quot;:&quot;1&quot;,&quot;jet_parallax_layout_fx_direction&quot;:null,&quot;jet_parallax_layout_z_index&quot;:&quot;&quot;,&quot;jet_parallax_layout_bg_x&quot;:50,&quot;jet_parallax_layout_bg_x_tablet&quot;:&quot;&quot;,&quot;jet_parallax_layout_bg_x_mobile&quot;:&quot;&quot;,&quot;jet_parallax_layout_bg_y&quot;:50,&quot;jet_parallax_layout_bg_y_tablet&quot;:&quot;&quot;,&quot;jet_parallax_layout_bg_y_mobile&quot;:&quot;&quot;,&quot;jet_parallax_layout_bg_size&quot;:&quot;auto&quot;,&quot;jet_parallax_layout_bg_size_tablet&quot;:&quot;&quot;,&quot;jet_parallax_layout_bg_size_mobile&quot;:&quot;&quot;,&quot;jet_parallax_layout_animation_prop&quot;:&quot;transform&quot;,&quot;jet_parallax_layout_on&quot;:[&quot;desktop&quot;,&quot;tablet&quot;]}]}\">\n\t\t\t\t\t\t<div class=\"elementor-container elementor-column-gap-default\">\n\t\t\t\t\t<div class=\"elementor-column elementor-col-50 elementor-top-column elementor-element elementor-element-8d8ec7c\" data-id=\"8d8ec7c\" data-element_type=\"column\">\n\t\t\t<div class=\"elementor-widget-wrap elementor-element-populated\">\n\t\t\t\t\t\t<div class=\"elementor-element elementor-element-811f7b8 h3 margin-top-big special-color elementor-widget elementor-widget-heading\" data-id=\"811f7b8\" data-element_type=\"widget\" data-widget_type=\"heading.default\">\n\t\t\t\t<div class=\"elementor-widget-container\">\n\t\t\t\t\t<h2 class=\"elementor-heading-title elementor-size-default\">Lernen Sie uns besser kennen<\/h2>\t\t\t\t<\/div>\n\t\t\t\t<\/div>\n\t\t\t\t<div class=\"elementor-element elementor-element-4ec6868 font-weight-medium elementor-widget elementor-widget-text-editor\" data-id=\"4ec6868\" data-element_type=\"widget\" data-widget_type=\"text-editor.default\">\n\t\t\t\t<div class=\"elementor-widget-container\">\n\t\t\t\t\t\t\t\t\t<p>Kontaktieren Sie uns, um mehr \u00fcber unsere Federn und Stanzteile f\u00fcr die Maschinen- und Werkzeugindustrie zu erfahren.<\/p>\n\t\t\t\t\t\t\t\t<\/div>\n\t\t\t\t<\/div>\n\t\t\t\t<div class=\"elementor-element elementor-element-b63b2ef elementor-widget elementor-widget-text-editor\" data-id=\"b63b2ef\" data-element_type=\"widget\" data-widget_type=\"text-editor.default\">\n\t\t\t\t<div class=\"elementor-widget-container\">\n\t\t\t\t\t\t\t\t\t<p>Mit mehr als 150 Jahren als Federhersteller bei Lesj\u00f6fors sind wir stolz darauf, die weltweit umfangreichste Palette an Federn und Stanzteilen f\u00fcr eine Vielzahl von Branchen anbieten zu k\u00f6nnen.<\/p>\n<p>Wenn Ihr Unternehmen in der Maschinen- und Werkzeugindustrie t\u00e4tig ist und nach hochwertigen Produkten sucht, die Sie in Ihre Produkte integrieren k\u00f6nnen, wenden Sie sich bitte an Ihr<a href=\"https:\/\/www.lesjoforsab.com\/de\/kontakt\/\">n\u00e4chstgelegenes Unternehmen der Lesj\u00f6fors Gruppe<\/a>. Oder werfen Sie einen Blick auf unseren <a href=\"https:\/\/catalog.lesjoforsab.com\/\" target=\"_blank\" rel=\"noopener\">digitalen Standardfedern-Katalog, <\/a> in dem Sie ein umfangreiches Sortiment an Federn und Drahtformen finden. Alle Produkte stehen jederzeit zur sofortigen Lieferung zur Verf\u00fcgung.<\/p>\n\t\t\t\t\t\t\t\t<\/div>\n\t\t\t\t<\/div>\n\t\t\t\t<div class=\"elementor-element elementor-element-d153705 margin-bottom-big elementor-widget elementor-widget-button\" data-id=\"d153705\" data-element_type=\"widget\" data-widget_type=\"button.default\">\n\t\t\t\t<div class=\"elementor-widget-container\">\n\t\t\t\t\t\t\t\t\t<div class=\"elementor-button-wrapper\">\n\t\t\t\t\t<a class=\"elementor-button elementor-button-link elementor-size-sm\" href=\"https:\/\/www.lesjoforsab.com\/de\/kontakt\/\">\n\t\t\t\t\t\t<span class=\"elementor-button-content-wrapper\">\n\t\t\t\t\t\t\t\t\t<span class=\"elementor-button-text\">Finden Sie Ihren Ansprechpartner im Vertrieb<\/span>\n\t\t\t\t\t<\/span>\n\t\t\t\t\t<\/a>\n\t\t\t\t<\/div>\n\t\t\t\t\t\t\t\t<\/div>\n\t\t\t\t<\/div>\n\t\t\t\t\t<\/div>\n\t\t<\/div>\n\t\t\t\t<div class=\"elementor-column elementor-col-50 elementor-top-column elementor-element elementor-element-d1c51b6\" data-id=\"d1c51b6\" data-element_type=\"column\">\n\t\t\t<div class=\"elementor-widget-wrap\">\n\t\t\t\t\t\t\t<\/div>\n\t\t<\/div>\n\t\t\t\t\t<\/div>\n\t\t<\/section>\n\t\t\t\t<\/div>\n\t\t","protected":false},"excerpt":{"rendered":"<p>Verschiedene Federn f\u00fcr die Maschinen- und Werkzeugindustrie. Maschinen und Werkzeuge In der heutigen Rund-um-die-Uhr-Wirtschaft brauchen wir effiziente Ausr\u00fcstung, Werkzeuge und Maschinen. Lesj\u00f6fors bietet eine breite Palette von Federformen, -durchmessern, -l\u00e4ngen und Variationen der Federbelastung sowohl in Kraft als auch Gr\u00f6\u00dfe. Unsere Federn werden in Materialgr\u00f6\u00dfen von 0,03 &#8211; 65 Millimetern gefertigt und f\u00fcr ihre Haltbarkeit, [&hellip;]<\/p>\n","protected":false},"author":3,"featured_media":0,"parent":11328,"menu_order":0,"comment_status":"closed","ping_status":"closed","template":"","meta":{"footnotes":""},"class_list":["post-11382","page","type-page","status-publish","hentry"],"yoast_head":"<!-- This site is optimized with the Yoast SEO plugin v25.6 - https:\/\/yoast.com\/wordpress\/plugins\/seo\/ -->\n<title>Lesj\u00f6fors \u2013 Federn und Stanzteile f\u00fcr die Maschinen- und Werkzeugindustrie<\/title>\n<meta name=\"description\" content=\"Lesj\u00f6fors breite Palette von Federn und Stanzteilen f\u00fcr die Maschinen- und Werkzeugindustrie ist bekannt f\u00fcr ihre Haltbarkeit, Anpassungsf\u00e4higkeit und Variationsf\u00e4higkeit.\" \/>\n<meta name=\"robots\" content=\"index, follow, max-snippet:-1, max-image-preview:large, max-video-preview:-1\" \/>\n<link rel=\"canonical\" href=\"https:\/\/www.lesjoforsab.com\/de\/industrien\/maschinen-werkzeuge\/\" \/>\n<meta property=\"og:locale\" content=\"de_DE\" \/>\n<meta property=\"og:type\" content=\"article\" \/>\n<meta property=\"og:title\" content=\"Lesj\u00f6fors \u2013 Federn und Stanzteile f\u00fcr die Maschinen- und Werkzeugindustrie\" \/>\n<meta property=\"og:description\" content=\"Lesj\u00f6fors breite Palette von Federn und Stanzteilen f\u00fcr die Maschinen- und Werkzeugindustrie ist bekannt f\u00fcr ihre Haltbarkeit, Anpassungsf\u00e4higkeit und Variationsf\u00e4higkeit.\" \/>\n<meta property=\"og:url\" content=\"https:\/\/www.lesjoforsab.com\/de\/industrien\/maschinen-werkzeuge\/\" \/>\n<meta property=\"og:site_name\" content=\"Lesj\u00f6fors - Industrial Springs and Pressings\" \/>\n<meta property=\"article:modified_time\" content=\"2024-07-25T14:29:09+00:00\" \/>\n<meta property=\"og:image\" content=\"https:\/\/www.lesjoforsab.com\/wp-content\/uploads\/User-Uploads\/General-Content\/Industry\/MachineAndTools-2.jpg\" \/>\n<script type=\"application\/ld+json\" class=\"yoast-schema-graph\">{\"@context\":\"https:\/\/schema.org\",\"@graph\":[{\"@type\":\"WebPage\",\"@id\":\"https:\/\/www.lesjoforsab.com\/de\/industrien\/maschinen-werkzeuge\/\",\"url\":\"https:\/\/www.lesjoforsab.com\/de\/industrien\/maschinen-werkzeuge\/\",\"name\":\"Lesj\u00f6fors \u2013 Federn und Stanzteile f\u00fcr die Maschinen- und Werkzeugindustrie\",\"isPartOf\":{\"@id\":\"https:\/\/www.lesjoforsab.com\/de\/#website\"},\"primaryImageOfPage\":{\"@id\":\"https:\/\/www.lesjoforsab.com\/de\/industrien\/maschinen-werkzeuge\/#primaryimage\"},\"image\":{\"@id\":\"https:\/\/www.lesjoforsab.com\/de\/industrien\/maschinen-werkzeuge\/#primaryimage\"},\"thumbnailUrl\":\"https:\/\/www.lesjoforsab.com\/wp-content\/uploads\/User-Uploads\/General-Content\/Industry\/MachineAndTools-2.jpg\",\"datePublished\":\"2019-11-20T13:19:32+00:00\",\"dateModified\":\"2024-07-25T14:29:09+00:00\",\"description\":\"Lesj\u00f6fors breite Palette von Federn und Stanzteilen f\u00fcr die Maschinen- und Werkzeugindustrie ist bekannt f\u00fcr ihre Haltbarkeit, Anpassungsf\u00e4higkeit und Variationsf\u00e4higkeit.\",\"breadcrumb\":{\"@id\":\"https:\/\/www.lesjoforsab.com\/de\/industrien\/maschinen-werkzeuge\/#breadcrumb\"},\"inLanguage\":\"de\",\"potentialAction\":[{\"@type\":\"ReadAction\",\"target\":[\"https:\/\/www.lesjoforsab.com\/de\/industrien\/maschinen-werkzeuge\/\"]}]},{\"@type\":\"ImageObject\",\"inLanguage\":\"de\",\"@id\":\"https:\/\/www.lesjoforsab.com\/de\/industrien\/maschinen-werkzeuge\/#primaryimage\",\"url\":\"https:\/\/www.lesjoforsab.com\/wp-content\/uploads\/User-Uploads\/General-Content\/Industry\/MachineAndTools-2.jpg\",\"contentUrl\":\"https:\/\/www.lesjoforsab.com\/wp-content\/uploads\/User-Uploads\/General-Content\/Industry\/MachineAndTools-2.jpg\"},{\"@type\":\"BreadcrumbList\",\"@id\":\"https:\/\/www.lesjoforsab.com\/de\/industrien\/maschinen-werkzeuge\/#breadcrumb\",\"itemListElement\":[{\"@type\":\"ListItem\",\"position\":1,\"name\":\"Home\",\"item\":\"https:\/\/www.lesjoforsab.com\/de\/\"},{\"@type\":\"ListItem\",\"position\":2,\"name\":\"Branchen\",\"item\":\"https:\/\/www.lesjoforsab.com\/de\/bransjer\/\"},{\"@type\":\"ListItem\",\"position\":3,\"name\":\"Maschinen und Werkzeuge\"}]},{\"@type\":\"WebSite\",\"@id\":\"https:\/\/www.lesjoforsab.com\/de\/#website\",\"url\":\"https:\/\/www.lesjoforsab.com\/de\/\",\"name\":\"Lesj\u00f6fors - Industrial Springs and Pressings\",\"description\":\"\",\"publisher\":{\"@id\":\"https:\/\/www.lesjoforsab.com\/de\/#organization\"},\"potentialAction\":[{\"@type\":\"SearchAction\",\"target\":{\"@type\":\"EntryPoint\",\"urlTemplate\":\"https:\/\/www.lesjoforsab.com\/de\/?s={search_term_string}\"},\"query-input\":{\"@type\":\"PropertyValueSpecification\",\"valueRequired\":true,\"valueName\":\"search_term_string\"}}],\"inLanguage\":\"de\"},{\"@type\":\"Organization\",\"@id\":\"https:\/\/www.lesjoforsab.com\/de\/#organization\",\"name\":\"Lesj\u00f6fors AB\",\"url\":\"https:\/\/www.lesjoforsab.com\/de\/\",\"logo\":{\"@type\":\"ImageObject\",\"inLanguage\":\"de\",\"@id\":\"https:\/\/www.lesjoforsab.com\/de\/#\/schema\/logo\/image\/\",\"url\":\"https:\/\/www.lesjoforsab.com\/wp-content\/uploads\/User-Uploads\/Lesjoefors-Brand\/Logotypes\/lesjofors-logo-without-payoff.jpg\",\"contentUrl\":\"https:\/\/www.lesjoforsab.com\/wp-content\/uploads\/User-Uploads\/Lesjoefors-Brand\/Logotypes\/lesjofors-logo-without-payoff.jpg\",\"width\":1347,\"height\":378,\"caption\":\"Lesj\u00f6fors AB\"},\"image\":{\"@id\":\"https:\/\/www.lesjoforsab.com\/de\/#\/schema\/logo\/image\/\"},\"sameAs\":[\"https:\/\/x.com\/lesjoforsgroup\",\"https:\/\/www.linkedin.com\/company\/lesjoforsab\/\",\"https:\/\/www.youtube.com\/user\/lesjoforsab\"]}]}<\/script>\n<!-- \/ Yoast SEO plugin. -->","yoast_head_json":{"title":"Lesj\u00f6fors \u2013 Federn und Stanzteile f\u00fcr die Maschinen- und Werkzeugindustrie","description":"Lesj\u00f6fors breite Palette von Federn und Stanzteilen f\u00fcr die Maschinen- und Werkzeugindustrie ist bekannt f\u00fcr ihre Haltbarkeit, Anpassungsf\u00e4higkeit und Variationsf\u00e4higkeit.","robots":{"index":"index","follow":"follow","max-snippet":"max-snippet:-1","max-image-preview":"max-image-preview:large","max-video-preview":"max-video-preview:-1"},"canonical":"https:\/\/www.lesjoforsab.com\/de\/industrien\/maschinen-werkzeuge\/","og_locale":"de_DE","og_type":"article","og_title":"Lesj\u00f6fors \u2013 Federn und Stanzteile f\u00fcr die Maschinen- und Werkzeugindustrie","og_description":"Lesj\u00f6fors breite Palette von Federn und Stanzteilen f\u00fcr die Maschinen- und Werkzeugindustrie ist bekannt f\u00fcr ihre Haltbarkeit, Anpassungsf\u00e4higkeit und Variationsf\u00e4higkeit.","og_url":"https:\/\/www.lesjoforsab.com\/de\/industrien\/maschinen-werkzeuge\/","og_site_name":"Lesj\u00f6fors - Industrial Springs and Pressings","article_modified_time":"2024-07-25T14:29:09+00:00","og_image":[{"url":"https:\/\/www.lesjoforsab.com\/wp-content\/uploads\/User-Uploads\/General-Content\/Industry\/MachineAndTools-2.jpg","type":"","width":"","height":""}],"schema":{"@context":"https:\/\/schema.org","@graph":[{"@type":"WebPage","@id":"https:\/\/www.lesjoforsab.com\/de\/industrien\/maschinen-werkzeuge\/","url":"https:\/\/www.lesjoforsab.com\/de\/industrien\/maschinen-werkzeuge\/","name":"Lesj\u00f6fors \u2013 Federn und Stanzteile f\u00fcr die Maschinen- und Werkzeugindustrie","isPartOf":{"@id":"https:\/\/www.lesjoforsab.com\/de\/#website"},"primaryImageOfPage":{"@id":"https:\/\/www.lesjoforsab.com\/de\/industrien\/maschinen-werkzeuge\/#primaryimage"},"image":{"@id":"https:\/\/www.lesjoforsab.com\/de\/industrien\/maschinen-werkzeuge\/#primaryimage"},"thumbnailUrl":"https:\/\/www.lesjoforsab.com\/wp-content\/uploads\/User-Uploads\/General-Content\/Industry\/MachineAndTools-2.jpg","datePublished":"2019-11-20T13:19:32+00:00","dateModified":"2024-07-25T14:29:09+00:00","description":"Lesj\u00f6fors breite Palette von Federn und Stanzteilen f\u00fcr die Maschinen- und Werkzeugindustrie ist bekannt f\u00fcr ihre Haltbarkeit, Anpassungsf\u00e4higkeit und Variationsf\u00e4higkeit.","breadcrumb":{"@id":"https:\/\/www.lesjoforsab.com\/de\/industrien\/maschinen-werkzeuge\/#breadcrumb"},"inLanguage":"de","potentialAction":[{"@type":"ReadAction","target":["https:\/\/www.lesjoforsab.com\/de\/industrien\/maschinen-werkzeuge\/"]}]},{"@type":"ImageObject","inLanguage":"de","@id":"https:\/\/www.lesjoforsab.com\/de\/industrien\/maschinen-werkzeuge\/#primaryimage","url":"https:\/\/www.lesjoforsab.com\/wp-content\/uploads\/User-Uploads\/General-Content\/Industry\/MachineAndTools-2.jpg","contentUrl":"https:\/\/www.lesjoforsab.com\/wp-content\/uploads\/User-Uploads\/General-Content\/Industry\/MachineAndTools-2.jpg"},{"@type":"BreadcrumbList","@id":"https:\/\/www.lesjoforsab.com\/de\/industrien\/maschinen-werkzeuge\/#breadcrumb","itemListElement":[{"@type":"ListItem","position":1,"name":"Home","item":"https:\/\/www.lesjoforsab.com\/de\/"},{"@type":"ListItem","position":2,"name":"Branchen","item":"https:\/\/www.lesjoforsab.com\/de\/bransjer\/"},{"@type":"ListItem","position":3,"name":"Maschinen und Werkzeuge"}]},{"@type":"WebSite","@id":"https:\/\/www.lesjoforsab.com\/de\/#website","url":"https:\/\/www.lesjoforsab.com\/de\/","name":"Lesj\u00f6fors - Industrial Springs and Pressings","description":"","publisher":{"@id":"https:\/\/www.lesjoforsab.com\/de\/#organization"},"potentialAction":[{"@type":"SearchAction","target":{"@type":"EntryPoint","urlTemplate":"https:\/\/www.lesjoforsab.com\/de\/?s={search_term_string}"},"query-input":{"@type":"PropertyValueSpecification","valueRequired":true,"valueName":"search_term_string"}}],"inLanguage":"de"},{"@type":"Organization","@id":"https:\/\/www.lesjoforsab.com\/de\/#organization","name":"Lesj\u00f6fors AB","url":"https:\/\/www.lesjoforsab.com\/de\/","logo":{"@type":"ImageObject","inLanguage":"de","@id":"https:\/\/www.lesjoforsab.com\/de\/#\/schema\/logo\/image\/","url":"https:\/\/www.lesjoforsab.com\/wp-content\/uploads\/User-Uploads\/Lesjoefors-Brand\/Logotypes\/lesjofors-logo-without-payoff.jpg","contentUrl":"https:\/\/www.lesjoforsab.com\/wp-content\/uploads\/User-Uploads\/Lesjoefors-Brand\/Logotypes\/lesjofors-logo-without-payoff.jpg","width":1347,"height":378,"caption":"Lesj\u00f6fors AB"},"image":{"@id":"https:\/\/www.lesjoforsab.com\/de\/#\/schema\/logo\/image\/"},"sameAs":["https:\/\/x.com\/lesjoforsgroup","https:\/\/www.linkedin.com\/company\/lesjoforsab\/","https:\/\/www.youtube.com\/user\/lesjoforsab"]}]}},"_links":{"self":[{"href":"https:\/\/www.lesjoforsab.com\/de\/wp-json\/wp\/v2\/pages\/11382","targetHints":{"allow":["GET"]}}],"collection":[{"href":"https:\/\/www.lesjoforsab.com\/de\/wp-json\/wp\/v2\/pages"}],"about":[{"href":"https:\/\/www.lesjoforsab.com\/de\/wp-json\/wp\/v2\/types\/page"}],"author":[{"embeddable":true,"href":"https:\/\/www.lesjoforsab.com\/de\/wp-json\/wp\/v2\/users\/3"}],"replies":[{"embeddable":true,"href":"https:\/\/www.lesjoforsab.com\/de\/wp-json\/wp\/v2\/comments?post=11382"}],"version-history":[{"count":3,"href":"https:\/\/www.lesjoforsab.com\/de\/wp-json\/wp\/v2\/pages\/11382\/revisions"}],"predecessor-version":[{"id":87317,"href":"https:\/\/www.lesjoforsab.com\/de\/wp-json\/wp\/v2\/pages\/11382\/revisions\/87317"}],"up":[{"embeddable":true,"href":"https:\/\/www.lesjoforsab.com\/de\/wp-json\/wp\/v2\/pages\/11328"}],"wp:attachment":[{"href":"https:\/\/www.lesjoforsab.com\/de\/wp-json\/wp\/v2\/media?parent=11382"}],"curies":[{"name":"wp","href":"https:\/\/api.w.org\/{rel}","templated":true}]}}