{"id":25202,"date":"2019-08-16T16:31:41","date_gmt":"2019-08-16T14:31:41","guid":{"rendered":"https:\/\/www.lesjoforsab.com\/industrier\/konstruktion\/"},"modified":"2024-07-25T16:39:57","modified_gmt":"2024-07-25T14:39:57","slug":"konstruktion","status":"publish","type":"page","link":"https:\/\/www.lesjoforsab.com\/da\/industrier\/konstruktion\/","title":{"rendered":"Konstruktion"},"content":{"rendered":"\t\t<div data-elementor-type=\"wp-page\" data-elementor-id=\"25202\" class=\"elementor elementor-25202 elementor-148\" data-elementor-post-type=\"page\">\n\t\t\t\t\t\t<section class=\"elementor-section elementor-top-section elementor-element elementor-element-048f5fb elementor-section-boxed elementor-section-height-default elementor-section-height-default\" data-id=\"048f5fb\" data-element_type=\"section\" data-settings=\"{&quot;jet_parallax_layout_list&quot;:[{&quot;jet_parallax_layout_image&quot;:{&quot;url&quot;:&quot;&quot;,&quot;id&quot;:&quot;&quot;,&quot;size&quot;:&quot;&quot;},&quot;_id&quot;:&quot;d775061&quot;,&quot;jet_parallax_layout_image_tablet&quot;:{&quot;url&quot;:&quot;&quot;,&quot;id&quot;:&quot;&quot;,&quot;size&quot;:&quot;&quot;},&quot;jet_parallax_layout_image_mobile&quot;:{&quot;url&quot;:&quot;&quot;,&quot;id&quot;:&quot;&quot;,&quot;size&quot;:&quot;&quot;},&quot;jet_parallax_layout_speed&quot;:{&quot;unit&quot;:&quot;%&quot;,&quot;size&quot;:50,&quot;sizes&quot;:[]},&quot;jet_parallax_layout_type&quot;:&quot;scroll&quot;,&quot;jet_parallax_layout_direction&quot;:&quot;1&quot;,&quot;jet_parallax_layout_fx_direction&quot;:null,&quot;jet_parallax_layout_z_index&quot;:&quot;&quot;,&quot;jet_parallax_layout_bg_x&quot;:50,&quot;jet_parallax_layout_bg_x_tablet&quot;:&quot;&quot;,&quot;jet_parallax_layout_bg_x_mobile&quot;:&quot;&quot;,&quot;jet_parallax_layout_bg_y&quot;:50,&quot;jet_parallax_layout_bg_y_tablet&quot;:&quot;&quot;,&quot;jet_parallax_layout_bg_y_mobile&quot;:&quot;&quot;,&quot;jet_parallax_layout_bg_size&quot;:&quot;auto&quot;,&quot;jet_parallax_layout_bg_size_tablet&quot;:&quot;&quot;,&quot;jet_parallax_layout_bg_size_mobile&quot;:&quot;&quot;,&quot;jet_parallax_layout_animation_prop&quot;:&quot;transform&quot;,&quot;jet_parallax_layout_on&quot;:[&quot;desktop&quot;,&quot;tablet&quot;]}],&quot;background_background&quot;:&quot;classic&quot;}\">\n\t\t\t\t\t\t<div class=\"elementor-container elementor-column-gap-default\">\n\t\t\t\t\t<div class=\"elementor-column elementor-col-100 elementor-top-column elementor-element elementor-element-c857b93\" data-id=\"c857b93\" data-element_type=\"column\">\n\t\t\t<div class=\"elementor-widget-wrap elementor-element-populated\">\n\t\t\t\t\t\t<div class=\"elementor-element elementor-element-ff6ed5f p white margin-bottom-big subtitle elementor-widget elementor-widget-text-editor\" data-id=\"ff6ed5f\" data-element_type=\"widget\" data-widget_type=\"text-editor.default\">\n\t\t\t\t<div class=\"elementor-widget-container\">\n\t\t\t\t\t\t\t\t\t<p>Fra minerne til jernbanerne. Tunneler og broer. Vi skaber l\u00f8sninger til alle byggebranchen.<\/p>\n\t\t\t\t\t\t\t\t<\/div>\n\t\t\t\t<\/div>\n\t\t\t\t\t<\/div>\n\t\t<\/div>\n\t\t\t\t\t<\/div>\n\t\t<\/section>\n\t\t\t\t<section class=\"elementor-section elementor-top-section elementor-element elementor-element-13d1ab0 elementor-section-boxed elementor-section-height-default elementor-section-height-default\" data-id=\"13d1ab0\" data-element_type=\"section\" data-settings=\"{&quot;jet_parallax_layout_list&quot;:[{&quot;jet_parallax_layout_image&quot;:{&quot;url&quot;:&quot;&quot;,&quot;id&quot;:&quot;&quot;,&quot;size&quot;:&quot;&quot;},&quot;_id&quot;:&quot;1ae3376&quot;,&quot;jet_parallax_layout_image_tablet&quot;:{&quot;url&quot;:&quot;&quot;,&quot;id&quot;:&quot;&quot;,&quot;size&quot;:&quot;&quot;},&quot;jet_parallax_layout_image_mobile&quot;:{&quot;url&quot;:&quot;&quot;,&quot;id&quot;:&quot;&quot;,&quot;size&quot;:&quot;&quot;},&quot;jet_parallax_layout_speed&quot;:{&quot;unit&quot;:&quot;%&quot;,&quot;size&quot;:50,&quot;sizes&quot;:[]},&quot;jet_parallax_layout_type&quot;:&quot;scroll&quot;,&quot;jet_parallax_layout_direction&quot;:&quot;1&quot;,&quot;jet_parallax_layout_fx_direction&quot;:null,&quot;jet_parallax_layout_z_index&quot;:&quot;&quot;,&quot;jet_parallax_layout_bg_x&quot;:50,&quot;jet_parallax_layout_bg_x_tablet&quot;:&quot;&quot;,&quot;jet_parallax_layout_bg_x_mobile&quot;:&quot;&quot;,&quot;jet_parallax_layout_bg_y&quot;:50,&quot;jet_parallax_layout_bg_y_tablet&quot;:&quot;&quot;,&quot;jet_parallax_layout_bg_y_mobile&quot;:&quot;&quot;,&quot;jet_parallax_layout_bg_size&quot;:&quot;auto&quot;,&quot;jet_parallax_layout_bg_size_tablet&quot;:&quot;&quot;,&quot;jet_parallax_layout_bg_size_mobile&quot;:&quot;&quot;,&quot;jet_parallax_layout_animation_prop&quot;:&quot;transform&quot;,&quot;jet_parallax_layout_on&quot;:[&quot;desktop&quot;,&quot;tablet&quot;]}]}\">\n\t\t\t\t\t\t<div class=\"elementor-container elementor-column-gap-default\">\n\t\t\t\t\t<div class=\"elementor-column elementor-col-100 elementor-top-column elementor-element elementor-element-ff372d0\" data-id=\"ff372d0\" data-element_type=\"column\">\n\t\t\t<div class=\"elementor-widget-wrap elementor-element-populated\">\n\t\t\t\t\t\t<div class=\"elementor-element elementor-element-c1e2485 monocrumbs elementor-widget elementor-widget-breadcrumbs\" data-id=\"c1e2485\" data-element_type=\"widget\" data-widget_type=\"breadcrumbs.default\">\n\t\t\t\t<div class=\"elementor-widget-container\">\n\t\t\t\t\t<p id=\"breadcrumbs\"><span><span><a href=\"https:\/\/www.lesjoforsab.com\/da\/\">Forside<\/a><\/span><\/span><\/p>\t\t\t\t<\/div>\n\t\t\t\t<\/div>\n\t\t\t\t\t<\/div>\n\t\t<\/div>\n\t\t\t\t\t<\/div>\n\t\t<\/section>\n\t\t\t\t<section class=\"elementor-section elementor-top-section elementor-element elementor-element-422a751 margin-top-medium elementor-section-boxed elementor-section-height-default elementor-section-height-default\" data-id=\"422a751\" data-element_type=\"section\" data-settings=\"{&quot;jet_parallax_layout_list&quot;:[{&quot;jet_parallax_layout_image&quot;:{&quot;url&quot;:&quot;&quot;,&quot;id&quot;:&quot;&quot;,&quot;size&quot;:&quot;&quot;},&quot;_id&quot;:&quot;10a5b20&quot;,&quot;jet_parallax_layout_image_tablet&quot;:{&quot;url&quot;:&quot;&quot;,&quot;id&quot;:&quot;&quot;,&quot;size&quot;:&quot;&quot;},&quot;jet_parallax_layout_image_mobile&quot;:{&quot;url&quot;:&quot;&quot;,&quot;id&quot;:&quot;&quot;,&quot;size&quot;:&quot;&quot;},&quot;jet_parallax_layout_speed&quot;:{&quot;unit&quot;:&quot;%&quot;,&quot;size&quot;:50,&quot;sizes&quot;:[]},&quot;jet_parallax_layout_type&quot;:&quot;scroll&quot;,&quot;jet_parallax_layout_direction&quot;:&quot;1&quot;,&quot;jet_parallax_layout_fx_direction&quot;:null,&quot;jet_parallax_layout_z_index&quot;:&quot;&quot;,&quot;jet_parallax_layout_bg_x&quot;:50,&quot;jet_parallax_layout_bg_x_tablet&quot;:&quot;&quot;,&quot;jet_parallax_layout_bg_x_mobile&quot;:&quot;&quot;,&quot;jet_parallax_layout_bg_y&quot;:50,&quot;jet_parallax_layout_bg_y_tablet&quot;:&quot;&quot;,&quot;jet_parallax_layout_bg_y_mobile&quot;:&quot;&quot;,&quot;jet_parallax_layout_bg_size&quot;:&quot;auto&quot;,&quot;jet_parallax_layout_bg_size_tablet&quot;:&quot;&quot;,&quot;jet_parallax_layout_bg_size_mobile&quot;:&quot;&quot;,&quot;jet_parallax_layout_animation_prop&quot;:&quot;transform&quot;,&quot;jet_parallax_layout_on&quot;:[&quot;desktop&quot;,&quot;tablet&quot;]}]}\">\n\t\t\t\t\t\t<div class=\"elementor-container elementor-column-gap-default\">\n\t\t\t\t\t<div class=\"elementor-column elementor-col-33 elementor-top-column elementor-element elementor-element-8ced9fa\" data-id=\"8ced9fa\" data-element_type=\"column\">\n\t\t\t<div class=\"elementor-widget-wrap elementor-element-populated\">\n\t\t\t\t\t\t<div class=\"elementor-element elementor-element-5850ab2 decorated  elementor-widget elementor-widget-heading\" data-id=\"5850ab2\" data-element_type=\"widget\" data-widget_type=\"heading.default\">\n\t\t\t\t<div class=\"elementor-widget-container\">\n\t\t\t\t\t<h2 class=\"elementor-heading-title elementor-size-default\">Bygge- og anl\u00e6gsvirksomhed<\/h2>\t\t\t\t<\/div>\n\t\t\t\t<\/div>\n\t\t\t\t<div class=\"elementor-element elementor-element-614a7d6 margin-top-small elementor-widget elementor-widget-text-editor\" data-id=\"614a7d6\" data-element_type=\"widget\" data-widget_type=\"text-editor.default\">\n\t\t\t\t<div class=\"elementor-widget-container\">\n\t\t\t\t\t\t\t\t\t<p><span lang=\"EN-US\" style=\"mso-ansi-language: EN-US;\">Lesj\u00f6fors producerer <\/span> <span lang=\"EN-US\" style=\"mso-ansi-language: EN-US;\">fjedre til n\u00e6sten alle former for mekanisk udstyr og industrier som for eksempel:<\/span><\/p><ul><li>infrastruktur \u2013 tunge kilder i jernbanemoseier<\/li><li><a href=\"https:\/\/www.lesjoforsab.com\/da\/produkt\/power-springs\/\">power springs<\/a> i elevatorer<\/li><li><a href=\"https:\/\/www.lesjoforsab.com\/da\/produkt\/trykfjedre\/\">trykfjedre<\/a> i udstyr til stenbrud og mineindustrien<\/li><li><a href=\"https:\/\/www.lesjoforsab.com\/da\/produkter\/gasfjedre\/\">gasfjeder<\/a> i d\u00f8re og luger i entrepren\u00f8rmaskiner<\/li><\/ul>\t\t\t\t\t\t\t\t<\/div>\n\t\t\t\t<\/div>\n\t\t\t\t\t<\/div>\n\t\t<\/div>\n\t\t\t\t<div class=\"elementor-column elementor-col-66 elementor-top-column elementor-element elementor-element-416d74f\" data-id=\"416d74f\" data-element_type=\"column\">\n\t\t\t<div class=\"elementor-widget-wrap elementor-element-populated\">\n\t\t\t\t\t\t<div class=\"elementor-element elementor-element-7baa0cb elementor-widget elementor-widget-image\" data-id=\"7baa0cb\" data-element_type=\"widget\" data-widget_type=\"image.default\">\n\t\t\t\t<div class=\"elementor-widget-container\">\n\t\t\t\t\t\t\t\t\t\t\t\t\t\t\t<img fetchpriority=\"high\" decoding=\"async\" width=\"721\" height=\"421\" src=\"https:\/\/www.lesjoforsab.com\/wp-content\/uploads\/User-Uploads\/General-Content\/Industry\/Construction-2.jpg\" class=\"attachment-large size-large wp-image-25113\" alt=\"\u00d8resundsbroen illustration\" srcset=\"https:\/\/www.lesjoforsab.com\/wp-content\/uploads\/User-Uploads\/General-Content\/Industry\/Construction-2.jpg 721w, https:\/\/www.lesjoforsab.com\/wp-content\/uploads\/User-Uploads\/General-Content\/Industry\/Construction-2-300x175.jpg 300w, https:\/\/www.lesjoforsab.com\/wp-content\/uploads\/User-Uploads\/General-Content\/Industry\/Construction-2-400x234.jpg 400w\" sizes=\"(max-width: 721px) 100vw, 721px\" \/>\t\t\t\t\t\t\t\t\t\t\t\t\t\t\t<\/div>\n\t\t\t\t<\/div>\n\t\t\t\t\t<\/div>\n\t\t<\/div>\n\t\t\t\t\t<\/div>\n\t\t<\/section>\n\t\t\t\t<section class=\"elementor-section elementor-top-section elementor-element elementor-element-410cc30 elementor-section-boxed elementor-section-height-default elementor-section-height-default\" data-id=\"410cc30\" data-element_type=\"section\" data-settings=\"{&quot;jet_parallax_layout_list&quot;:[{&quot;jet_parallax_layout_image&quot;:{&quot;url&quot;:&quot;&quot;,&quot;id&quot;:&quot;&quot;,&quot;size&quot;:&quot;&quot;},&quot;_id&quot;:&quot;11c56fd&quot;,&quot;jet_parallax_layout_image_tablet&quot;:{&quot;url&quot;:&quot;&quot;,&quot;id&quot;:&quot;&quot;,&quot;size&quot;:&quot;&quot;},&quot;jet_parallax_layout_image_mobile&quot;:{&quot;url&quot;:&quot;&quot;,&quot;id&quot;:&quot;&quot;,&quot;size&quot;:&quot;&quot;},&quot;jet_parallax_layout_speed&quot;:{&quot;unit&quot;:&quot;%&quot;,&quot;size&quot;:50,&quot;sizes&quot;:[]},&quot;jet_parallax_layout_type&quot;:&quot;scroll&quot;,&quot;jet_parallax_layout_direction&quot;:&quot;1&quot;,&quot;jet_parallax_layout_fx_direction&quot;:null,&quot;jet_parallax_layout_z_index&quot;:&quot;&quot;,&quot;jet_parallax_layout_bg_x&quot;:50,&quot;jet_parallax_layout_bg_x_tablet&quot;:&quot;&quot;,&quot;jet_parallax_layout_bg_x_mobile&quot;:&quot;&quot;,&quot;jet_parallax_layout_bg_y&quot;:50,&quot;jet_parallax_layout_bg_y_tablet&quot;:&quot;&quot;,&quot;jet_parallax_layout_bg_y_mobile&quot;:&quot;&quot;,&quot;jet_parallax_layout_bg_size&quot;:&quot;auto&quot;,&quot;jet_parallax_layout_bg_size_tablet&quot;:&quot;&quot;,&quot;jet_parallax_layout_bg_size_mobile&quot;:&quot;&quot;,&quot;jet_parallax_layout_animation_prop&quot;:&quot;transform&quot;,&quot;jet_parallax_layout_on&quot;:[&quot;desktop&quot;,&quot;tablet&quot;]}]}\">\n\t\t\t\t\t\t<div class=\"elementor-container elementor-column-gap-default\">\n\t\t\t\t\t<div class=\"elementor-column elementor-col-50 elementor-top-column elementor-element elementor-element-d415ec5\" data-id=\"d415ec5\" data-element_type=\"column\">\n\t\t\t<div class=\"elementor-widget-wrap elementor-element-populated\">\n\t\t\t\t\t\t<div class=\"elementor-element elementor-element-bdf21c5 h3 margin-top-big special-color elementor-widget elementor-widget-heading\" data-id=\"bdf21c5\" data-element_type=\"widget\" data-widget_type=\"heading.default\">\n\t\t\t\t<div class=\"elementor-widget-container\">\n\t\t\t\t\t<h2 class=\"elementor-heading-title elementor-size-default\">L\u00e6r os at kende<\/h2>\t\t\t\t<\/div>\n\t\t\t\t<\/div>\n\t\t\t\t<div class=\"elementor-element elementor-element-95e999f font-weight-medium elementor-widget elementor-widget-text-editor\" data-id=\"95e999f\" data-element_type=\"widget\" data-widget_type=\"text-editor.default\">\n\t\t\t\t<div class=\"elementor-widget-container\">\n\t\t\t\t\t\t\t\t\t<p>Kontakt os for at h\u00f8re mere om vores produkter til byggebranchen.<\/p>\n\t\t\t\t\t\t\t\t<\/div>\n\t\t\t\t<\/div>\n\t\t\t\t<div class=\"elementor-element elementor-element-1324e67 elementor-widget elementor-widget-text-editor\" data-id=\"1324e67\" data-element_type=\"widget\" data-widget_type=\"text-editor.default\">\n\t\t\t\t<div class=\"elementor-widget-container\">\n\t\t\t\t\t\t\t\t\t<p>Lesj\u00f6fors har mere end 150 \u00e5rs viden og erfaring fra produktionsfjedrene. I dag er vi stolte af at kunne tilbyde det bredeste udvalg af fjedre og stansedele til hele verden til en lang r\u00e6kke industrier.<\/p><p>Hvis din virksomhed opererer inden for byggebranchen og er p\u00e5 udkig efter produkter af h\u00f8j kvalitet til at indarbejde i dig produkter, <a href=\"https:\/\/www.lesjoforsab.com\/da\/kontakt\/\">bedes du kontakte din n\u00e6rmeste Lesj\u00f6fors selskab.<\/a> Eller tag et kig p\u00e5 vores <a href=\"https:\/\/catalog.lesjoforsab.com\/\" target=\"_blank\" rel=\"noopener\">digitale stock spring katalog<\/a>, hvor du finder et omfattende udvalg af fjedre og tr\u00e5d former, der altid er tilg\u00e6ngelige for \u00f8jeblikkelig levering.<\/p>\t\t\t\t\t\t\t\t<\/div>\n\t\t\t\t<\/div>\n\t\t\t\t<div class=\"elementor-element elementor-element-7a0071f margin-bottom-big elementor-widget elementor-widget-button\" data-id=\"7a0071f\" data-element_type=\"widget\" data-widget_type=\"button.default\">\n\t\t\t\t<div class=\"elementor-widget-container\">\n\t\t\t\t\t\t\t\t\t<div class=\"elementor-button-wrapper\">\n\t\t\t\t\t<a class=\"elementor-button elementor-button-link elementor-size-sm\" href=\"https:\/\/www.lesjoforsab.com\/da\/kontakt\/\">\n\t\t\t\t\t\t<span class=\"elementor-button-content-wrapper\">\n\t\t\t\t\t\t\t\t\t<span class=\"elementor-button-text\">Find din salgskontakt<\/span>\n\t\t\t\t\t<\/span>\n\t\t\t\t\t<\/a>\n\t\t\t\t<\/div>\n\t\t\t\t\t\t\t\t<\/div>\n\t\t\t\t<\/div>\n\t\t\t\t\t<\/div>\n\t\t<\/div>\n\t\t\t\t<div class=\"elementor-column elementor-col-50 elementor-top-column elementor-element elementor-element-e0ce171\" data-id=\"e0ce171\" data-element_type=\"column\">\n\t\t\t<div class=\"elementor-widget-wrap\">\n\t\t\t\t\t\t\t<\/div>\n\t\t<\/div>\n\t\t\t\t\t<\/div>\n\t\t<\/section>\n\t\t\t\t<\/div>\n\t\t","protected":false},"excerpt":{"rendered":"<p>Fra minerne til jernbanerne. Tunneler og broer. Vi skaber l\u00f8sninger til alle byggebranchen. Bygge- og anl\u00e6gsvirksomhed Lesj\u00f6fors producerer fjedre til n\u00e6sten alle former for mekanisk udstyr og industrier som for eksempel: infrastruktur \u2013 tunge kilder i jernbanemoseier power springs i elevatorer trykfjedre i udstyr til stenbrud og mineindustrien gasfjeder i d\u00f8re og luger i entrepren\u00f8rmaskiner [&hellip;]<\/p>\n","protected":false},"author":3,"featured_media":0,"parent":25079,"menu_order":0,"comment_status":"closed","ping_status":"closed","template":"","meta":{"footnotes":""},"class_list":["post-25202","page","type-page","status-publish","hentry"],"yoast_head":"<!-- This site is optimized with the Yoast SEO plugin v25.6 - https:\/\/yoast.com\/wordpress\/plugins\/seo\/ -->\n<title>Lesj\u00f6fors - Fjedre og stansedel til byggebranchen<\/title>\n<meta name=\"description\" content=\"Lesj\u00f6fors producerer fjedre og stansedele for verdens f\u00f8rende Konstruktions og byggefirmaer. Med vores erfaring l\u00f8ser vi de mest komplicerede opgaver.\" \/>\n<meta name=\"robots\" content=\"index, follow, max-snippet:-1, max-image-preview:large, max-video-preview:-1\" \/>\n<link rel=\"canonical\" href=\"https:\/\/www.lesjoforsab.com\/da\/industrier\/konstruktion\/\" \/>\n<meta property=\"og:locale\" content=\"da_DK\" \/>\n<meta property=\"og:type\" content=\"article\" \/>\n<meta property=\"og:title\" content=\"Lesj\u00f6fors - Fjedre og stansedel til byggebranchen\" \/>\n<meta property=\"og:description\" content=\"Lesj\u00f6fors producerer fjedre og stansedele for verdens f\u00f8rende Konstruktions og byggefirmaer. Med vores erfaring l\u00f8ser vi de mest komplicerede opgaver.\" \/>\n<meta property=\"og:url\" content=\"https:\/\/www.lesjoforsab.com\/da\/industrier\/konstruktion\/\" \/>\n<meta property=\"og:site_name\" content=\"Lesj\u00f6fors - Industrial Springs and Pressings\" \/>\n<meta property=\"article:modified_time\" content=\"2024-07-25T14:39:57+00:00\" \/>\n<meta property=\"og:image\" content=\"https:\/\/www.lesjoforsab.com\/wp-content\/uploads\/User-Uploads\/General-Content\/Industry\/Construction-2.jpg\" \/>\n<script type=\"application\/ld+json\" class=\"yoast-schema-graph\">{\"@context\":\"https:\/\/schema.org\",\"@graph\":[{\"@type\":\"WebPage\",\"@id\":\"https:\/\/www.lesjoforsab.com\/da\/industrier\/konstruktion\/\",\"url\":\"https:\/\/www.lesjoforsab.com\/da\/industrier\/konstruktion\/\",\"name\":\"Lesj\u00f6fors - Fjedre og stansedel til byggebranchen\",\"isPartOf\":{\"@id\":\"https:\/\/www.lesjoforsab.com\/da\/#website\"},\"primaryImageOfPage\":{\"@id\":\"https:\/\/www.lesjoforsab.com\/da\/industrier\/konstruktion\/#primaryimage\"},\"image\":{\"@id\":\"https:\/\/www.lesjoforsab.com\/da\/industrier\/konstruktion\/#primaryimage\"},\"thumbnailUrl\":\"https:\/\/www.lesjoforsab.com\/wp-content\/uploads\/User-Uploads\/General-Content\/Industry\/Construction-2.jpg\",\"datePublished\":\"2019-08-16T14:31:41+00:00\",\"dateModified\":\"2024-07-25T14:39:57+00:00\",\"description\":\"Lesj\u00f6fors producerer fjedre og stansedele for verdens f\u00f8rende Konstruktions og byggefirmaer. Med vores erfaring l\u00f8ser vi de mest komplicerede opgaver.\",\"breadcrumb\":{\"@id\":\"https:\/\/www.lesjoforsab.com\/da\/industrier\/konstruktion\/#breadcrumb\"},\"inLanguage\":\"da-DK\",\"potentialAction\":[{\"@type\":\"ReadAction\",\"target\":[\"https:\/\/www.lesjoforsab.com\/da\/industrier\/konstruktion\/\"]}]},{\"@type\":\"ImageObject\",\"inLanguage\":\"da-DK\",\"@id\":\"https:\/\/www.lesjoforsab.com\/da\/industrier\/konstruktion\/#primaryimage\",\"url\":\"https:\/\/www.lesjoforsab.com\/wp-content\/uploads\/User-Uploads\/General-Content\/Industry\/Construction-2.jpg\",\"contentUrl\":\"https:\/\/www.lesjoforsab.com\/wp-content\/uploads\/User-Uploads\/General-Content\/Industry\/Construction-2.jpg\"},{\"@type\":\"BreadcrumbList\",\"@id\":\"https:\/\/www.lesjoforsab.com\/da\/industrier\/konstruktion\/#breadcrumb\",\"itemListElement\":[{\"@type\":\"ListItem\",\"position\":1,\"name\":\"Forside\",\"item\":\"https:\/\/www.lesjoforsab.com\/da\/\"},{\"@type\":\"ListItem\",\"position\":2,\"name\":\"Industrier\",\"item\":\"https:\/\/www.lesjoforsab.com\/da\/bransjer\/\"},{\"@type\":\"ListItem\",\"position\":3,\"name\":\"Konstruktion\"}]},{\"@type\":\"WebSite\",\"@id\":\"https:\/\/www.lesjoforsab.com\/da\/#website\",\"url\":\"https:\/\/www.lesjoforsab.com\/da\/\",\"name\":\"Lesj\u00f6fors - Industrial Springs and Pressings\",\"description\":\"\",\"publisher\":{\"@id\":\"https:\/\/www.lesjoforsab.com\/da\/#organization\"},\"potentialAction\":[{\"@type\":\"SearchAction\",\"target\":{\"@type\":\"EntryPoint\",\"urlTemplate\":\"https:\/\/www.lesjoforsab.com\/da\/?s={search_term_string}\"},\"query-input\":{\"@type\":\"PropertyValueSpecification\",\"valueRequired\":true,\"valueName\":\"search_term_string\"}}],\"inLanguage\":\"da-DK\"},{\"@type\":\"Organization\",\"@id\":\"https:\/\/www.lesjoforsab.com\/da\/#organization\",\"name\":\"Lesj\u00f6fors AB\",\"url\":\"https:\/\/www.lesjoforsab.com\/da\/\",\"logo\":{\"@type\":\"ImageObject\",\"inLanguage\":\"da-DK\",\"@id\":\"https:\/\/www.lesjoforsab.com\/da\/#\/schema\/logo\/image\/\",\"url\":\"https:\/\/www.lesjoforsab.com\/wp-content\/uploads\/User-Uploads\/Lesjoefors-Brand\/Logotypes\/lesjofors-logo-without-payoff.jpg\",\"contentUrl\":\"https:\/\/www.lesjoforsab.com\/wp-content\/uploads\/User-Uploads\/Lesjoefors-Brand\/Logotypes\/lesjofors-logo-without-payoff.jpg\",\"width\":1347,\"height\":378,\"caption\":\"Lesj\u00f6fors AB\"},\"image\":{\"@id\":\"https:\/\/www.lesjoforsab.com\/da\/#\/schema\/logo\/image\/\"},\"sameAs\":[\"https:\/\/x.com\/lesjoforsgroup\",\"https:\/\/www.linkedin.com\/company\/lesjoforsab\/\",\"https:\/\/www.youtube.com\/user\/lesjoforsab\"]}]}<\/script>\n<!-- \/ Yoast SEO plugin. -->","yoast_head_json":{"title":"Lesj\u00f6fors - Fjedre og stansedel til byggebranchen","description":"Lesj\u00f6fors producerer fjedre og stansedele for verdens f\u00f8rende Konstruktions og byggefirmaer. Med vores erfaring l\u00f8ser vi de mest komplicerede opgaver.","robots":{"index":"index","follow":"follow","max-snippet":"max-snippet:-1","max-image-preview":"max-image-preview:large","max-video-preview":"max-video-preview:-1"},"canonical":"https:\/\/www.lesjoforsab.com\/da\/industrier\/konstruktion\/","og_locale":"da_DK","og_type":"article","og_title":"Lesj\u00f6fors - Fjedre og stansedel til byggebranchen","og_description":"Lesj\u00f6fors producerer fjedre og stansedele for verdens f\u00f8rende Konstruktions og byggefirmaer. Med vores erfaring l\u00f8ser vi de mest komplicerede opgaver.","og_url":"https:\/\/www.lesjoforsab.com\/da\/industrier\/konstruktion\/","og_site_name":"Lesj\u00f6fors - Industrial Springs and Pressings","article_modified_time":"2024-07-25T14:39:57+00:00","og_image":[{"url":"https:\/\/www.lesjoforsab.com\/wp-content\/uploads\/User-Uploads\/General-Content\/Industry\/Construction-2.jpg","type":"","width":"","height":""}],"schema":{"@context":"https:\/\/schema.org","@graph":[{"@type":"WebPage","@id":"https:\/\/www.lesjoforsab.com\/da\/industrier\/konstruktion\/","url":"https:\/\/www.lesjoforsab.com\/da\/industrier\/konstruktion\/","name":"Lesj\u00f6fors - Fjedre og stansedel til byggebranchen","isPartOf":{"@id":"https:\/\/www.lesjoforsab.com\/da\/#website"},"primaryImageOfPage":{"@id":"https:\/\/www.lesjoforsab.com\/da\/industrier\/konstruktion\/#primaryimage"},"image":{"@id":"https:\/\/www.lesjoforsab.com\/da\/industrier\/konstruktion\/#primaryimage"},"thumbnailUrl":"https:\/\/www.lesjoforsab.com\/wp-content\/uploads\/User-Uploads\/General-Content\/Industry\/Construction-2.jpg","datePublished":"2019-08-16T14:31:41+00:00","dateModified":"2024-07-25T14:39:57+00:00","description":"Lesj\u00f6fors producerer fjedre og stansedele for verdens f\u00f8rende Konstruktions og byggefirmaer. Med vores erfaring l\u00f8ser vi de mest komplicerede opgaver.","breadcrumb":{"@id":"https:\/\/www.lesjoforsab.com\/da\/industrier\/konstruktion\/#breadcrumb"},"inLanguage":"da-DK","potentialAction":[{"@type":"ReadAction","target":["https:\/\/www.lesjoforsab.com\/da\/industrier\/konstruktion\/"]}]},{"@type":"ImageObject","inLanguage":"da-DK","@id":"https:\/\/www.lesjoforsab.com\/da\/industrier\/konstruktion\/#primaryimage","url":"https:\/\/www.lesjoforsab.com\/wp-content\/uploads\/User-Uploads\/General-Content\/Industry\/Construction-2.jpg","contentUrl":"https:\/\/www.lesjoforsab.com\/wp-content\/uploads\/User-Uploads\/General-Content\/Industry\/Construction-2.jpg"},{"@type":"BreadcrumbList","@id":"https:\/\/www.lesjoforsab.com\/da\/industrier\/konstruktion\/#breadcrumb","itemListElement":[{"@type":"ListItem","position":1,"name":"Forside","item":"https:\/\/www.lesjoforsab.com\/da\/"},{"@type":"ListItem","position":2,"name":"Industrier","item":"https:\/\/www.lesjoforsab.com\/da\/bransjer\/"},{"@type":"ListItem","position":3,"name":"Konstruktion"}]},{"@type":"WebSite","@id":"https:\/\/www.lesjoforsab.com\/da\/#website","url":"https:\/\/www.lesjoforsab.com\/da\/","name":"Lesj\u00f6fors - Industrial Springs and Pressings","description":"","publisher":{"@id":"https:\/\/www.lesjoforsab.com\/da\/#organization"},"potentialAction":[{"@type":"SearchAction","target":{"@type":"EntryPoint","urlTemplate":"https:\/\/www.lesjoforsab.com\/da\/?s={search_term_string}"},"query-input":{"@type":"PropertyValueSpecification","valueRequired":true,"valueName":"search_term_string"}}],"inLanguage":"da-DK"},{"@type":"Organization","@id":"https:\/\/www.lesjoforsab.com\/da\/#organization","name":"Lesj\u00f6fors AB","url":"https:\/\/www.lesjoforsab.com\/da\/","logo":{"@type":"ImageObject","inLanguage":"da-DK","@id":"https:\/\/www.lesjoforsab.com\/da\/#\/schema\/logo\/image\/","url":"https:\/\/www.lesjoforsab.com\/wp-content\/uploads\/User-Uploads\/Lesjoefors-Brand\/Logotypes\/lesjofors-logo-without-payoff.jpg","contentUrl":"https:\/\/www.lesjoforsab.com\/wp-content\/uploads\/User-Uploads\/Lesjoefors-Brand\/Logotypes\/lesjofors-logo-without-payoff.jpg","width":1347,"height":378,"caption":"Lesj\u00f6fors AB"},"image":{"@id":"https:\/\/www.lesjoforsab.com\/da\/#\/schema\/logo\/image\/"},"sameAs":["https:\/\/x.com\/lesjoforsgroup","https:\/\/www.linkedin.com\/company\/lesjoforsab\/","https:\/\/www.youtube.com\/user\/lesjoforsab"]}]}},"_links":{"self":[{"href":"https:\/\/www.lesjoforsab.com\/da\/wp-json\/wp\/v2\/pages\/25202","targetHints":{"allow":["GET"]}}],"collection":[{"href":"https:\/\/www.lesjoforsab.com\/da\/wp-json\/wp\/v2\/pages"}],"about":[{"href":"https:\/\/www.lesjoforsab.com\/da\/wp-json\/wp\/v2\/types\/page"}],"author":[{"embeddable":true,"href":"https:\/\/www.lesjoforsab.com\/da\/wp-json\/wp\/v2\/users\/3"}],"replies":[{"embeddable":true,"href":"https:\/\/www.lesjoforsab.com\/da\/wp-json\/wp\/v2\/comments?post=25202"}],"version-history":[{"count":3,"href":"https:\/\/www.lesjoforsab.com\/da\/wp-json\/wp\/v2\/pages\/25202\/revisions"}],"predecessor-version":[{"id":87382,"href":"https:\/\/www.lesjoforsab.com\/da\/wp-json\/wp\/v2\/pages\/25202\/revisions\/87382"}],"up":[{"embeddable":true,"href":"https:\/\/www.lesjoforsab.com\/da\/wp-json\/wp\/v2\/pages\/25079"}],"wp:attachment":[{"href":"https:\/\/www.lesjoforsab.com\/da\/wp-json\/wp\/v2\/media?parent=25202"}],"curies":[{"name":"wp","href":"https:\/\/api.w.org\/{rel}","templated":true}]}}